{"id":3699,"date":"2024-09-17T16:02:23","date_gmt":"2024-09-17T16:02:23","guid":{"rendered":"http:\/\/old.lifewithcatman.com\/?page_id=3699"},"modified":"2025-10-15T15:58:01","modified_gmt":"2025-10-15T15:58:01","slug":"prijavi-se","status":"publish","type":"page","link":"https:\/\/macketina.com\/en\/prijavi-se\/","title":{"rendered":"Prijavi se i budi u toku sa svim Ma\u010dketina novostima"},"content":{"rendered":"<style>.wp-block-kadence-advancedheading.kt-adv-heading3699_3f34ac-c5, .wp-block-kadence-advancedheading.kt-adv-heading3699_3f34ac-c5[data-kb-block=\"kb-adv-heading3699_3f34ac-c5\"]{text-align:center;font-style:normal;}.wp-block-kadence-advancedheading.kt-adv-heading3699_3f34ac-c5 mark.kt-highlight, .wp-block-kadence-advancedheading.kt-adv-heading3699_3f34ac-c5[data-kb-block=\"kb-adv-heading3699_3f34ac-c5\"] mark.kt-highlight{font-style:normal;color:#f76a0c;-webkit-box-decoration-break:clone;box-decoration-break:clone;padding-top:0px;padding-right:0px;padding-bottom:0px;padding-left:0px;}.wp-block-kadence-advancedheading.kt-adv-heading3699_3f34ac-c5 img.kb-inline-image, .wp-block-kadence-advancedheading.kt-adv-heading3699_3f34ac-c5[data-kb-block=\"kb-adv-heading3699_3f34ac-c5\"] img.kb-inline-image{width:150px;vertical-align:baseline;}<\/style>\n<h2 class=\"kt-adv-heading3699_3f34ac-c5 wp-block-kadence-advancedheading\" data-kb-block=\"kb-adv-heading3699_3f34ac-c5\">Prijavi se i budi u toku sa svim Ma\u010dketina novostima<\/h2>\n\n\n\n<div class=\"wp-block-columns are-vertically-aligned-center is-layout-flex wp-container-core-columns-is-layout-9d6595d7 wp-block-columns-is-layout-flex\">\n<div class=\"wp-block-column is-vertically-aligned-center is-layout-flow wp-block-column-is-layout-flow\"><div class=\"wp-block-image\">\n<figure class=\"aligncenter size-large is-resized\"><img decoding=\"async\" width=\"1024\" height=\"980\" src=\"https:\/\/macketina.com\/wp-content\/uploads\/2025\/07\/111-shape-11-1024x980.png\" alt=\"\" class=\"wp-image-8897\" style=\"width:408px;height:auto\" srcset=\"https:\/\/macketina.com\/wp-content\/uploads\/2025\/07\/111-shape-11-1024x980.png 1024w, https:\/\/macketina.com\/wp-content\/uploads\/2025\/07\/111-shape-11-600x574.png 600w, https:\/\/macketina.com\/wp-content\/uploads\/2025\/07\/111-shape-11-300x287.png 300w, https:\/\/macketina.com\/wp-content\/uploads\/2025\/07\/111-shape-11-768x735.png 768w, https:\/\/macketina.com\/wp-content\/uploads\/2025\/07\/111-shape-11-13x12.png 13w, https:\/\/macketina.com\/wp-content\/uploads\/2025\/07\/111-shape-11.png 1070w\" sizes=\"(max-width: 1024px) 100vw, 1024px\" \/><\/figure>\n<\/div><\/div>\n\n\n\n<div class=\"wp-block-column is-vertically-aligned-center is-layout-flow wp-block-column-is-layout-flow\"><script>(function() {\n\twindow.mc4wp = window.mc4wp || {\n\t\tlisteners: [],\n\t\tforms: {\n\t\t\ton: function(evt, cb) {\n\t\t\t\twindow.mc4wp.listeners.push(\n\t\t\t\t\t{\n\t\t\t\t\t\tevent   : evt,\n\t\t\t\t\t\tcallback: cb\n\t\t\t\t\t}\n\t\t\t\t);\n\t\t\t}\n\t\t}\n\t}\n})();\n<\/script><!-- Mailchimp for WordPress v4.12.2 - https:\/\/wordpress.org\/plugins\/mailchimp-for-wp\/ --><form id=\"mc4wp-form-1\" class=\"mc4wp-form mc4wp-form-3662\" method=\"post\" data-id=\"3662\" data-name=\"Popup\" ><div class=\"mc4wp-form-fields\"><p>\r\n    <label>Ime<\/label>\r\n    <input type=\"text\" name=\"FNAME\" placeholder=\"Ime\" required=\"\">\r\n<\/p>\r\n<p>\r\n\t<label>Email adresa: \r\n\t\t<input type=\"email\" name=\"EMAIL\" placeholder=\"Email adresa\" required \/>\r\n<\/label>\r\n<\/p>\r\n\r\n<p>\r\n\t<input type=\"submit\" value=\"Prijava\" \/>\r\n<\/p><\/div><label style=\"display: none !important;\">Leave this field empty if you're human: <input type=\"text\" name=\"_mc4wp_honeypot\" value=\"\" tabindex=\"-1\" autocomplete=\"off\" \/><\/label><input type=\"hidden\" name=\"_mc4wp_timestamp\" value=\"1777443552\" \/><input type=\"hidden\" name=\"_mc4wp_form_id\" value=\"3662\" \/><input type=\"hidden\" name=\"_mc4wp_form_element_id\" value=\"mc4wp-form-1\" \/><div class=\"mc4wp-response\"><\/div><\/form><!-- \/ Mailchimp for WordPress Plugin -->\n<\/div>\n<\/div>\n","protected":false},"excerpt":{"rendered":"<p>Prijavi se i budi u toku sa svim Ma\u010dketina novostima<\/p>","protected":false},"author":1,"featured_media":0,"parent":0,"menu_order":0,"comment_status":"closed","ping_status":"closed","template":"","meta":{"_kad_post_transparent":"","_kad_post_title":"","_kad_post_layout":"","_kad_post_sidebar_id":"","_kad_post_content_style":"","_kad_post_vertical_padding":"","_kad_post_feature":"","_kad_post_feature_position":"","_kad_post_header":false,"_kad_post_footer":false,"_kad_post_classname":"","footnotes":""},"class_list":["post-3699","page","type-page","status-publish","hentry"],"yoast_head":"<!-- This site is optimized with the Yoast SEO plugin v27.5 - https:\/\/yoast.com\/product\/yoast-seo-wordpress\/ -->\n<title>Prijavi se i budi u toku sa svim Ma\u010dketina novostima - Ma\u010dketina<\/title>\n<meta name=\"robots\" content=\"index, follow, max-snippet:-1, max-image-preview:large, max-video-preview:-1\" \/>\n<link rel=\"canonical\" href=\"https:\/\/macketina.com\/en\/prijavi-se\/\" \/>\n<meta property=\"og:locale\" content=\"en_US\" \/>\n<meta property=\"og:type\" content=\"article\" \/>\n<meta property=\"og:title\" content=\"Prijavi se i budi u toku sa svim Ma\u010dketina novostima - Ma\u010dketina\" \/>\n<meta property=\"og:description\" content=\"Prijavi se i budi u toku sa svim Ma\u010dketina novostima\" \/>\n<meta property=\"og:url\" content=\"https:\/\/macketina.com\/en\/prijavi-se\/\" \/>\n<meta property=\"og:site_name\" content=\"Ma\u010dketina\" \/>\n<meta property=\"article:publisher\" content=\"https:\/\/www.facebook.com\/p\/macketinashop-100089621804815\/\" \/>\n<meta property=\"article:modified_time\" content=\"2025-10-15T15:58:01+00:00\" \/>\n<meta property=\"og:image\" content=\"https:\/\/macketina.com\/wp-content\/uploads\/2025\/07\/111-shape-11.png\" \/>\n\t<meta property=\"og:image:width\" content=\"1070\" \/>\n\t<meta property=\"og:image:height\" content=\"1024\" \/>\n\t<meta property=\"og:image:type\" content=\"image\/png\" \/>\n<meta name=\"twitter:card\" content=\"summary_large_image\" \/>\n<meta name=\"twitter:label1\" content=\"Est. reading time\" \/>\n\t<meta name=\"twitter:data1\" content=\"1 minute\" \/>\n<script type=\"application\/ld+json\" class=\"yoast-schema-graph\">{\"@context\":\"https:\\\/\\\/schema.org\",\"@graph\":[{\"@type\":\"WebPage\",\"@id\":\"https:\\\/\\\/macketina.com\\\/prijavi-se\\\/\",\"url\":\"https:\\\/\\\/macketina.com\\\/prijavi-se\\\/\",\"name\":\"Prijavi se i budi u toku sa svim Ma\u010dketina novostima - Ma\u010dketina\",\"isPartOf\":{\"@id\":\"https:\\\/\\\/macketina.com\\\/#website\"},\"primaryImageOfPage\":{\"@id\":\"https:\\\/\\\/macketina.com\\\/prijavi-se\\\/#primaryimage\"},\"image\":{\"@id\":\"https:\\\/\\\/macketina.com\\\/prijavi-se\\\/#primaryimage\"},\"thumbnailUrl\":\"https:\\\/\\\/macketina.com\\\/wp-content\\\/uploads\\\/2025\\\/07\\\/111-shape-11-1024x980.png\",\"datePublished\":\"2024-09-17T16:02:23+00:00\",\"dateModified\":\"2025-10-15T15:58:01+00:00\",\"breadcrumb\":{\"@id\":\"https:\\\/\\\/macketina.com\\\/prijavi-se\\\/#breadcrumb\"},\"inLanguage\":\"en-US\",\"potentialAction\":[{\"@type\":\"ReadAction\",\"target\":[\"https:\\\/\\\/macketina.com\\\/prijavi-se\\\/\"]}]},{\"@type\":\"ImageObject\",\"inLanguage\":\"en-US\",\"@id\":\"https:\\\/\\\/macketina.com\\\/prijavi-se\\\/#primaryimage\",\"url\":\"https:\\\/\\\/macketina.com\\\/wp-content\\\/uploads\\\/2025\\\/07\\\/111-shape-11-1024x980.png\",\"contentUrl\":\"https:\\\/\\\/macketina.com\\\/wp-content\\\/uploads\\\/2025\\\/07\\\/111-shape-11-1024x980.png\"},{\"@type\":\"BreadcrumbList\",\"@id\":\"https:\\\/\\\/macketina.com\\\/prijavi-se\\\/#breadcrumb\",\"itemListElement\":[{\"@type\":\"ListItem\",\"position\":1,\"name\":\"Home\",\"item\":\"https:\\\/\\\/macketina.com\\\/\"},{\"@type\":\"ListItem\",\"position\":2,\"name\":\"Prijavi se i budi u toku sa svim Ma\u010dketina novostima\"}]},{\"@type\":\"WebSite\",\"@id\":\"https:\\\/\\\/macketina.com\\\/#website\",\"url\":\"https:\\\/\\\/macketina.com\\\/\",\"name\":\"Ma\u010dketina\",\"description\":\"Online prodavnica\",\"publisher\":{\"@id\":\"https:\\\/\\\/macketina.com\\\/#organization\"},\"alternateName\":\"Ma\u010dketina Shop\",\"potentialAction\":[{\"@type\":\"SearchAction\",\"target\":{\"@type\":\"EntryPoint\",\"urlTemplate\":\"https:\\\/\\\/macketina.com\\\/?s={search_term_string}\"},\"query-input\":{\"@type\":\"PropertyValueSpecification\",\"valueRequired\":true,\"valueName\":\"search_term_string\"}}],\"inLanguage\":\"en-US\"},{\"@type\":\"Organization\",\"@id\":\"https:\\\/\\\/macketina.com\\\/#organization\",\"name\":\"Ma\u010dketina\",\"url\":\"https:\\\/\\\/macketina.com\\\/\",\"logo\":{\"@type\":\"ImageObject\",\"inLanguage\":\"en-US\",\"@id\":\"https:\\\/\\\/macketina.com\\\/#\\\/schema\\\/logo\\\/image\\\/\",\"url\":\"https:\\\/\\\/macketina.com\\\/wp-content\\\/uploads\\\/2022\\\/11\\\/cropped-Clean-Typography-Circle-Badge-Logo.png\",\"contentUrl\":\"https:\\\/\\\/macketina.com\\\/wp-content\\\/uploads\\\/2022\\\/11\\\/cropped-Clean-Typography-Circle-Badge-Logo.png\",\"width\":512,\"height\":512,\"caption\":\"Ma\u010dketina\"},\"image\":{\"@id\":\"https:\\\/\\\/macketina.com\\\/#\\\/schema\\\/logo\\\/image\\\/\"},\"sameAs\":[\"https:\\\/\\\/www.facebook.com\\\/p\\\/macketinashop-100089621804815\\\/\",\"https:\\\/\\\/www.instagram.com\\\/macketinashop\\\/\",\"https:\\\/\\\/tiktok.com\\\/@macketinashop\",\"https:\\\/\\\/www.youtube.com\\\/@macketinashop\\\/\",\"https:\\\/\\\/www.pinterest.com\\\/macketinashop\\\/\"]}]}<\/script>\n<!-- \/ Yoast SEO plugin. -->","yoast_head_json":{"title":"Prijavi se i budi u toku sa svim Ma\u010dketina novostima - Ma\u010dketina","robots":{"index":"index","follow":"follow","max-snippet":"max-snippet:-1","max-image-preview":"max-image-preview:large","max-video-preview":"max-video-preview:-1"},"canonical":"https:\/\/macketina.com\/en\/prijavi-se\/","og_locale":"en_US","og_type":"article","og_title":"Prijavi se i budi u toku sa svim Ma\u010dketina novostima - Ma\u010dketina","og_description":"Prijavi se i budi u toku sa svim Ma\u010dketina novostima","og_url":"https:\/\/macketina.com\/en\/prijavi-se\/","og_site_name":"Ma\u010dketina","article_publisher":"https:\/\/www.facebook.com\/p\/macketinashop-100089621804815\/","article_modified_time":"2025-10-15T15:58:01+00:00","og_image":[{"width":1070,"height":1024,"url":"https:\/\/macketina.com\/wp-content\/uploads\/2025\/07\/111-shape-11.png","type":"image\/png"}],"twitter_card":"summary_large_image","twitter_misc":{"Est. reading time":"1 minute"},"schema":{"@context":"https:\/\/schema.org","@graph":[{"@type":"WebPage","@id":"https:\/\/macketina.com\/prijavi-se\/","url":"https:\/\/macketina.com\/prijavi-se\/","name":"Prijavi se i budi u toku sa svim Ma\u010dketina novostima - Ma\u010dketina","isPartOf":{"@id":"https:\/\/macketina.com\/#website"},"primaryImageOfPage":{"@id":"https:\/\/macketina.com\/prijavi-se\/#primaryimage"},"image":{"@id":"https:\/\/macketina.com\/prijavi-se\/#primaryimage"},"thumbnailUrl":"https:\/\/macketina.com\/wp-content\/uploads\/2025\/07\/111-shape-11-1024x980.png","datePublished":"2024-09-17T16:02:23+00:00","dateModified":"2025-10-15T15:58:01+00:00","breadcrumb":{"@id":"https:\/\/macketina.com\/prijavi-se\/#breadcrumb"},"inLanguage":"en-US","potentialAction":[{"@type":"ReadAction","target":["https:\/\/macketina.com\/prijavi-se\/"]}]},{"@type":"ImageObject","inLanguage":"en-US","@id":"https:\/\/macketina.com\/prijavi-se\/#primaryimage","url":"https:\/\/macketina.com\/wp-content\/uploads\/2025\/07\/111-shape-11-1024x980.png","contentUrl":"https:\/\/macketina.com\/wp-content\/uploads\/2025\/07\/111-shape-11-1024x980.png"},{"@type":"BreadcrumbList","@id":"https:\/\/macketina.com\/prijavi-se\/#breadcrumb","itemListElement":[{"@type":"ListItem","position":1,"name":"Home","item":"https:\/\/macketina.com\/"},{"@type":"ListItem","position":2,"name":"Prijavi se i budi u toku sa svim Ma\u010dketina novostima"}]},{"@type":"WebSite","@id":"https:\/\/macketina.com\/#website","url":"https:\/\/macketina.com\/","name":"Ma\u010dketina","description":"Online prodavnica","publisher":{"@id":"https:\/\/macketina.com\/#organization"},"alternateName":"Ma\u010dketina Shop","potentialAction":[{"@type":"SearchAction","target":{"@type":"EntryPoint","urlTemplate":"https:\/\/macketina.com\/?s={search_term_string}"},"query-input":{"@type":"PropertyValueSpecification","valueRequired":true,"valueName":"search_term_string"}}],"inLanguage":"en-US"},{"@type":"Organization","@id":"https:\/\/macketina.com\/#organization","name":"Ma\u010dketina","url":"https:\/\/macketina.com\/","logo":{"@type":"ImageObject","inLanguage":"en-US","@id":"https:\/\/macketina.com\/#\/schema\/logo\/image\/","url":"https:\/\/macketina.com\/wp-content\/uploads\/2022\/11\/cropped-Clean-Typography-Circle-Badge-Logo.png","contentUrl":"https:\/\/macketina.com\/wp-content\/uploads\/2022\/11\/cropped-Clean-Typography-Circle-Badge-Logo.png","width":512,"height":512,"caption":"Ma\u010dketina"},"image":{"@id":"https:\/\/macketina.com\/#\/schema\/logo\/image\/"},"sameAs":["https:\/\/www.facebook.com\/p\/macketinashop-100089621804815\/","https:\/\/www.instagram.com\/macketinashop\/","https:\/\/tiktok.com\/@macketinashop","https:\/\/www.youtube.com\/@macketinashop\/","https:\/\/www.pinterest.com\/macketinashop\/"]}]}},"_links":{"self":[{"href":"https:\/\/macketina.com\/en\/wp-json\/wp\/v2\/pages\/3699","targetHints":{"allow":["GET"]}}],"collection":[{"href":"https:\/\/macketina.com\/en\/wp-json\/wp\/v2\/pages"}],"about":[{"href":"https:\/\/macketina.com\/en\/wp-json\/wp\/v2\/types\/page"}],"author":[{"embeddable":true,"href":"https:\/\/macketina.com\/en\/wp-json\/wp\/v2\/users\/1"}],"replies":[{"embeddable":true,"href":"https:\/\/macketina.com\/en\/wp-json\/wp\/v2\/comments?post=3699"}],"version-history":[{"count":3,"href":"https:\/\/macketina.com\/en\/wp-json\/wp\/v2\/pages\/3699\/revisions"}],"predecessor-version":[{"id":9593,"href":"https:\/\/macketina.com\/en\/wp-json\/wp\/v2\/pages\/3699\/revisions\/9593"}],"wp:attachment":[{"href":"https:\/\/macketina.com\/en\/wp-json\/wp\/v2\/media?parent=3699"}],"curies":[{"name":"wp","href":"https:\/\/api.w.org\/{rel}","templated":true}]}}