{"id":3756,"date":"2024-11-21T10:10:24","date_gmt":"2024-11-21T10:10:24","guid":{"rendered":"http:\/\/old.lifewithcatman.com\/?page_id=3756"},"modified":"2025-10-15T15:58:42","modified_gmt":"2025-10-15T15:58:42","slug":"uslovi-koriscenja","status":"publish","type":"page","link":"https:\/\/macketina.com\/en\/uslovi-koriscenja\/","title":{"rendered":"Uslovi Kori\u0161\u0107enja"},"content":{"rendered":"<style>.wp-block-kadence-advancedheading.kt-adv-heading3756_b847f5-17, .wp-block-kadence-advancedheading.kt-adv-heading3756_b847f5-17[data-kb-block=\"kb-adv-heading3756_b847f5-17\"]{font-style:normal;}.wp-block-kadence-advancedheading.kt-adv-heading3756_b847f5-17 mark.kt-highlight, .wp-block-kadence-advancedheading.kt-adv-heading3756_b847f5-17[data-kb-block=\"kb-adv-heading3756_b847f5-17\"] mark.kt-highlight{font-style:normal;color:#f76a0c;-webkit-box-decoration-break:clone;box-decoration-break:clone;padding-top:0px;padding-right:0px;padding-bottom:0px;padding-left:0px;}.wp-block-kadence-advancedheading.kt-adv-heading3756_b847f5-17 img.kb-inline-image, .wp-block-kadence-advancedheading.kt-adv-heading3756_b847f5-17[data-kb-block=\"kb-adv-heading3756_b847f5-17\"] img.kb-inline-image{width:150px;vertical-align:baseline;}<\/style>\n<h2 class=\"kt-adv-heading3756_b847f5-17 wp-block-kadence-advancedheading\" data-kb-block=\"kb-adv-heading3756_b847f5-17\">Uslovi Kori\u0161\u0107enja<\/h2>\n\n\n\n<p>Ovi uslovi prodaje defini\u0161u postupak naru\u010divanja i pla\u0107anja robe ponu\u0111ene na na\u0161im stranicama.<\/p>\n\n\n\n<p>Isporu\u010dilac (Prodavac) robe je \u0110or\u0111e Vezili\u0107 Preduzetnik Ma\u010dketina Shop Beograd.<br>Kupac robe je posetilac web shopa koji odabere barem jedan proizvod, ubaci ga u korpu, i po\u0161alje narud\u017ebinu Prodavcu. Putem web shopa www.macketina.com kupcu je omogu\u0107ena kupovina svih proizvoda koji se nalaze na stranicama Prodavca.<\/p>\n\n\n\n<p>Vlasnik web stranice je \u0110or\u0111e Vezili\u0107 Preduzetnik Ma\u010dketina Shop Beograd, sa sedi\u0161tem u ulici Jablani\u010dka 184 2b prizemlje (mati\u010dni broj 67778669, PIB 114690761) i \u0161ifrom delatnosti 4791 &#8211; trgovina na malo posredstvom poste ili e-trgovine.<\/p>\n\n\n\n<p>Sva pla\u0107anja bi\u0107e izvr\u0161ena u lokalnoj valuti Republike Srbije \u2013 dinar (RSD). <\/p>\n\n\n\n<p>Hvala Vam na razumevanju.<\/p>\n\n\n<h3 class=\"wp-block-heading\" id=\"narucivanje\">NARU\u010cIVANJE<\/h3>\n\n\n<p>Proizvodi se naru\u010duju putem web stranice i neopozivi su. Ukoliko prodavac nije u mogu\u0107nosti da isporu\u010di sve naru\u010dene proizvode, isporu\u010di\u0107e raspolo\u017eive od izabranih proizvoda, a o tome \u0107e obavestiti Kupca e-mailom (telefonom) sa naznakom isporuke preostalih proizvoda. Sa isporukom tih proizvoda posla\u0107e Kupcu e-mail u predvi\u0111enom roku za isporuku preostalih proizvoda.<\/p>\n\n\n<h3 class=\"wp-block-heading\" id=\"narucivanje-i-dostava-samo-na-teritoriji-republike-srbije\">NARU\u010cIVANJE I DOSTAVA SAMO NA TERITORIJI REPUBLIKE SRBIJE<\/h3>\n\n<h3 class=\"wp-block-heading\" id=\"placanje\">PLA\u0106ANJE<\/h3>\n\n\n<p>Na\u010din pla\u0107anja<\/p>\n\n\n\n<ul class=\"wp-block-list\">\n<li>Pouze\u0107em: Prilikom isporuke, robu je mogu\u0107e platiti kuriru.<\/li>\n<\/ul>\n\n\n\n<p>Sve cene proizvoda jasno su navedene na web stranici i uklju\u010duju poreze. Tro\u0161kovi po\u0161tarine su tako\u0111e jasno prikazani. Tro\u0161ak po\u0161tarine mo\u017ee varirati u zavisnosti od te\u017eine paketa.<\/p>\n","protected":false},"excerpt":{"rendered":"<p>Uslovi Kori\u0161\u0107enja Ovi uslovi prodaje defini\u0161u postupak naru\u010divanja i pla\u0107anja robe ponu\u0111ene na na\u0161im stranicama. Isporu\u010dilac (Prodavac) robe je \u0110or\u0111e Vezili\u0107 Preduzetnik Ma\u010dketina Shop Beograd.Kupac robe je posetilac web shopa koji odabere barem jedan proizvod, ubaci ga u korpu, i po\u0161alje narud\u017ebinu Prodavcu. Putem web shopa www.macketina.com kupcu je omogu\u0107ena kupovina svih proizvoda koji se&#8230;<\/p>","protected":false},"author":1,"featured_media":0,"parent":0,"menu_order":0,"comment_status":"closed","ping_status":"closed","template":"","meta":{"_kad_post_transparent":"","_kad_post_title":"","_kad_post_layout":"","_kad_post_sidebar_id":"","_kad_post_content_style":"","_kad_post_vertical_padding":"","_kad_post_feature":"","_kad_post_feature_position":"","_kad_post_header":false,"_kad_post_footer":false,"_kad_post_classname":"","footnotes":""},"class_list":["post-3756","page","type-page","status-publish","hentry"],"yoast_head":"<!-- This site is optimized with the Yoast SEO plugin v27.3 - https:\/\/yoast.com\/product\/yoast-seo-wordpress\/ -->\n<title>Uslovi Kori\u0161\u0107enja - Ma\u010dketina<\/title>\n<meta name=\"robots\" content=\"index, follow, max-snippet:-1, max-image-preview:large, max-video-preview:-1\" \/>\n<link rel=\"canonical\" href=\"https:\/\/macketina.com\/en\/uslovi-koriscenja\/\" \/>\n<meta property=\"og:locale\" content=\"en_US\" \/>\n<meta property=\"og:type\" content=\"article\" \/>\n<meta property=\"og:title\" content=\"Uslovi Kori\u0161\u0107enja - Ma\u010dketina\" \/>\n<meta property=\"og:description\" content=\"Uslovi Kori\u0161\u0107enja Ovi uslovi prodaje defini\u0161u postupak naru\u010divanja i pla\u0107anja robe ponu\u0111ene na na\u0161im stranicama. Isporu\u010dilac (Prodavac) robe je \u0110or\u0111e Vezili\u0107 Preduzetnik Ma\u010dketina Shop Beograd.Kupac robe je posetilac web shopa koji odabere barem jedan proizvod, ubaci ga u korpu, i po\u0161alje narud\u017ebinu Prodavcu. Putem web shopa www.macketina.com kupcu je omogu\u0107ena kupovina svih proizvoda koji se...\" \/>\n<meta property=\"og:url\" content=\"https:\/\/macketina.com\/en\/uslovi-koriscenja\/\" \/>\n<meta property=\"og:site_name\" content=\"Ma\u010dketina\" \/>\n<meta property=\"article:publisher\" content=\"https:\/\/www.facebook.com\/p\/macketinashop-100089621804815\/\" \/>\n<meta property=\"article:modified_time\" content=\"2025-10-15T15:58:42+00:00\" \/>\n<meta property=\"og:image\" content=\"https:\/\/macketina.com\/wp-content\/uploads\/2025\/09\/Novo-logo-Macketina-desktop.png\" \/>\n\t<meta property=\"og:image:width\" content=\"500\" \/>\n\t<meta property=\"og:image:height\" content=\"500\" \/>\n\t<meta property=\"og:image:type\" content=\"image\/png\" \/>\n<meta name=\"twitter:card\" content=\"summary_large_image\" \/>\n<meta name=\"twitter:label1\" content=\"Est. reading time\" \/>\n\t<meta name=\"twitter:data1\" content=\"1 minute\" \/>\n<script type=\"application\/ld+json\" class=\"yoast-schema-graph\">{\"@context\":\"https:\\\/\\\/schema.org\",\"@graph\":[{\"@type\":\"WebPage\",\"@id\":\"https:\\\/\\\/macketina.com\\\/uslovi-koriscenja\\\/\",\"url\":\"https:\\\/\\\/macketina.com\\\/uslovi-koriscenja\\\/\",\"name\":\"Uslovi Kori\u0161\u0107enja - Ma\u010dketina\",\"isPartOf\":{\"@id\":\"https:\\\/\\\/macketina.com\\\/#website\"},\"datePublished\":\"2024-11-21T10:10:24+00:00\",\"dateModified\":\"2025-10-15T15:58:42+00:00\",\"breadcrumb\":{\"@id\":\"https:\\\/\\\/macketina.com\\\/uslovi-koriscenja\\\/#breadcrumb\"},\"inLanguage\":\"en-US\",\"potentialAction\":[{\"@type\":\"ReadAction\",\"target\":[\"https:\\\/\\\/macketina.com\\\/uslovi-koriscenja\\\/\"]}]},{\"@type\":\"BreadcrumbList\",\"@id\":\"https:\\\/\\\/macketina.com\\\/uslovi-koriscenja\\\/#breadcrumb\",\"itemListElement\":[{\"@type\":\"ListItem\",\"position\":1,\"name\":\"Home\",\"item\":\"https:\\\/\\\/macketina.com\\\/\"},{\"@type\":\"ListItem\",\"position\":2,\"name\":\"Uslovi Kori\u0161\u0107enja\"}]},{\"@type\":\"WebSite\",\"@id\":\"https:\\\/\\\/macketina.com\\\/#website\",\"url\":\"https:\\\/\\\/macketina.com\\\/\",\"name\":\"Ma\u010dketina\",\"description\":\"Online prodavnica\",\"publisher\":{\"@id\":\"https:\\\/\\\/macketina.com\\\/#organization\"},\"alternateName\":\"Ma\u010dketina Shop\",\"potentialAction\":[{\"@type\":\"SearchAction\",\"target\":{\"@type\":\"EntryPoint\",\"urlTemplate\":\"https:\\\/\\\/macketina.com\\\/?s={search_term_string}\"},\"query-input\":{\"@type\":\"PropertyValueSpecification\",\"valueRequired\":true,\"valueName\":\"search_term_string\"}}],\"inLanguage\":\"en-US\"},{\"@type\":\"Organization\",\"@id\":\"https:\\\/\\\/macketina.com\\\/#organization\",\"name\":\"Ma\u010dketina\",\"url\":\"https:\\\/\\\/macketina.com\\\/\",\"logo\":{\"@type\":\"ImageObject\",\"inLanguage\":\"en-US\",\"@id\":\"https:\\\/\\\/macketina.com\\\/#\\\/schema\\\/logo\\\/image\\\/\",\"url\":\"https:\\\/\\\/macketina.com\\\/wp-content\\\/uploads\\\/2022\\\/11\\\/cropped-Clean-Typography-Circle-Badge-Logo.png\",\"contentUrl\":\"https:\\\/\\\/macketina.com\\\/wp-content\\\/uploads\\\/2022\\\/11\\\/cropped-Clean-Typography-Circle-Badge-Logo.png\",\"width\":512,\"height\":512,\"caption\":\"Ma\u010dketina\"},\"image\":{\"@id\":\"https:\\\/\\\/macketina.com\\\/#\\\/schema\\\/logo\\\/image\\\/\"},\"sameAs\":[\"https:\\\/\\\/www.facebook.com\\\/p\\\/macketinashop-100089621804815\\\/\",\"https:\\\/\\\/www.instagram.com\\\/macketinashop\\\/\",\"https:\\\/\\\/tiktok.com\\\/@macketinashop\",\"https:\\\/\\\/www.youtube.com\\\/@macketinashop\\\/\",\"https:\\\/\\\/www.pinterest.com\\\/macketinashop\\\/\"]}]}<\/script>\n<!-- \/ Yoast SEO plugin. -->","yoast_head_json":{"title":"Uslovi Kori\u0161\u0107enja - Ma\u010dketina","robots":{"index":"index","follow":"follow","max-snippet":"max-snippet:-1","max-image-preview":"max-image-preview:large","max-video-preview":"max-video-preview:-1"},"canonical":"https:\/\/macketina.com\/en\/uslovi-koriscenja\/","og_locale":"en_US","og_type":"article","og_title":"Uslovi Kori\u0161\u0107enja - Ma\u010dketina","og_description":"Uslovi Kori\u0161\u0107enja Ovi uslovi prodaje defini\u0161u postupak naru\u010divanja i pla\u0107anja robe ponu\u0111ene na na\u0161im stranicama. Isporu\u010dilac (Prodavac) robe je \u0110or\u0111e Vezili\u0107 Preduzetnik Ma\u010dketina Shop Beograd.Kupac robe je posetilac web shopa koji odabere barem jedan proizvod, ubaci ga u korpu, i po\u0161alje narud\u017ebinu Prodavcu. Putem web shopa www.macketina.com kupcu je omogu\u0107ena kupovina svih proizvoda koji se...","og_url":"https:\/\/macketina.com\/en\/uslovi-koriscenja\/","og_site_name":"Ma\u010dketina","article_publisher":"https:\/\/www.facebook.com\/p\/macketinashop-100089621804815\/","article_modified_time":"2025-10-15T15:58:42+00:00","og_image":[{"width":500,"height":500,"url":"https:\/\/macketina.com\/wp-content\/uploads\/2025\/09\/Novo-logo-Macketina-desktop.png","type":"image\/png"}],"twitter_card":"summary_large_image","twitter_misc":{"Est. reading time":"1 minute"},"schema":{"@context":"https:\/\/schema.org","@graph":[{"@type":"WebPage","@id":"https:\/\/macketina.com\/uslovi-koriscenja\/","url":"https:\/\/macketina.com\/uslovi-koriscenja\/","name":"Uslovi Kori\u0161\u0107enja - Ma\u010dketina","isPartOf":{"@id":"https:\/\/macketina.com\/#website"},"datePublished":"2024-11-21T10:10:24+00:00","dateModified":"2025-10-15T15:58:42+00:00","breadcrumb":{"@id":"https:\/\/macketina.com\/uslovi-koriscenja\/#breadcrumb"},"inLanguage":"en-US","potentialAction":[{"@type":"ReadAction","target":["https:\/\/macketina.com\/uslovi-koriscenja\/"]}]},{"@type":"BreadcrumbList","@id":"https:\/\/macketina.com\/uslovi-koriscenja\/#breadcrumb","itemListElement":[{"@type":"ListItem","position":1,"name":"Home","item":"https:\/\/macketina.com\/"},{"@type":"ListItem","position":2,"name":"Uslovi Kori\u0161\u0107enja"}]},{"@type":"WebSite","@id":"https:\/\/macketina.com\/#website","url":"https:\/\/macketina.com\/","name":"Ma\u010dketina","description":"Online prodavnica","publisher":{"@id":"https:\/\/macketina.com\/#organization"},"alternateName":"Ma\u010dketina Shop","potentialAction":[{"@type":"SearchAction","target":{"@type":"EntryPoint","urlTemplate":"https:\/\/macketina.com\/?s={search_term_string}"},"query-input":{"@type":"PropertyValueSpecification","valueRequired":true,"valueName":"search_term_string"}}],"inLanguage":"en-US"},{"@type":"Organization","@id":"https:\/\/macketina.com\/#organization","name":"Ma\u010dketina","url":"https:\/\/macketina.com\/","logo":{"@type":"ImageObject","inLanguage":"en-US","@id":"https:\/\/macketina.com\/#\/schema\/logo\/image\/","url":"https:\/\/macketina.com\/wp-content\/uploads\/2022\/11\/cropped-Clean-Typography-Circle-Badge-Logo.png","contentUrl":"https:\/\/macketina.com\/wp-content\/uploads\/2022\/11\/cropped-Clean-Typography-Circle-Badge-Logo.png","width":512,"height":512,"caption":"Ma\u010dketina"},"image":{"@id":"https:\/\/macketina.com\/#\/schema\/logo\/image\/"},"sameAs":["https:\/\/www.facebook.com\/p\/macketinashop-100089621804815\/","https:\/\/www.instagram.com\/macketinashop\/","https:\/\/tiktok.com\/@macketinashop","https:\/\/www.youtube.com\/@macketinashop\/","https:\/\/www.pinterest.com\/macketinashop\/"]}]}},"_links":{"self":[{"href":"https:\/\/macketina.com\/en\/wp-json\/wp\/v2\/pages\/3756","targetHints":{"allow":["GET"]}}],"collection":[{"href":"https:\/\/macketina.com\/en\/wp-json\/wp\/v2\/pages"}],"about":[{"href":"https:\/\/macketina.com\/en\/wp-json\/wp\/v2\/types\/page"}],"author":[{"embeddable":true,"href":"https:\/\/macketina.com\/en\/wp-json\/wp\/v2\/users\/1"}],"replies":[{"embeddable":true,"href":"https:\/\/macketina.com\/en\/wp-json\/wp\/v2\/comments?post=3756"}],"version-history":[{"count":2,"href":"https:\/\/macketina.com\/en\/wp-json\/wp\/v2\/pages\/3756\/revisions"}],"predecessor-version":[{"id":9594,"href":"https:\/\/macketina.com\/en\/wp-json\/wp\/v2\/pages\/3756\/revisions\/9594"}],"wp:attachment":[{"href":"https:\/\/macketina.com\/en\/wp-json\/wp\/v2\/media?parent=3756"}],"curies":[{"name":"wp","href":"https:\/\/api.w.org\/{rel}","templated":true}]}}