{"id":3763,"date":"2024-11-21T10:47:58","date_gmt":"2024-11-21T10:47:58","guid":{"rendered":"http:\/\/old.lifewithcatman.com\/?page_id=3763"},"modified":"2026-01-05T14:00:56","modified_gmt":"2026-01-05T14:00:56","slug":"dostava","status":"publish","type":"page","link":"https:\/\/macketina.com\/en\/dostava\/","title":{"rendered":"Dostava"},"content":{"rendered":"<style>.wp-block-kadence-advancedheading.kt-adv-heading3763_90ba5a-fc, .wp-block-kadence-advancedheading.kt-adv-heading3763_90ba5a-fc[data-kb-block=\"kb-adv-heading3763_90ba5a-fc\"]{font-style:normal;}.wp-block-kadence-advancedheading.kt-adv-heading3763_90ba5a-fc mark.kt-highlight, .wp-block-kadence-advancedheading.kt-adv-heading3763_90ba5a-fc[data-kb-block=\"kb-adv-heading3763_90ba5a-fc\"] mark.kt-highlight{font-style:normal;color:#f76a0c;-webkit-box-decoration-break:clone;box-decoration-break:clone;padding-top:0px;padding-right:0px;padding-bottom:0px;padding-left:0px;}.wp-block-kadence-advancedheading.kt-adv-heading3763_90ba5a-fc img.kb-inline-image, .wp-block-kadence-advancedheading.kt-adv-heading3763_90ba5a-fc[data-kb-block=\"kb-adv-heading3763_90ba5a-fc\"] img.kb-inline-image{width:150px;vertical-align:baseline;}<\/style>\n<h2 class=\"kt-adv-heading3763_90ba5a-fc wp-block-kadence-advancedheading\" data-kb-block=\"kb-adv-heading3763_90ba5a-fc\">Dostava<\/h2>\n\n\n\n<figure class=\"wp-block-image size-full is-resized\"><img decoding=\"async\" width=\"769\" height=\"1024\" src=\"https:\/\/macketina.com\/wp-content\/uploads\/2025\/07\/39-holding-a-gift.png\" alt=\"\" class=\"wp-image-8891\" style=\"width:314px;height:auto\" srcset=\"https:\/\/macketina.com\/wp-content\/uploads\/2025\/07\/39-holding-a-gift.png 769w, https:\/\/macketina.com\/wp-content\/uploads\/2025\/07\/39-holding-a-gift-600x799.png 600w, https:\/\/macketina.com\/wp-content\/uploads\/2025\/07\/39-holding-a-gift-225x300.png 225w, https:\/\/macketina.com\/wp-content\/uploads\/2025\/07\/39-holding-a-gift-9x12.png 9w\" sizes=\"(max-width: 769px) 100vw, 769px\" \/><\/figure>\n\n\n\n<p>Nakon \u0161to izvr\u0161ite online porud\u017ebinu, na navedenu email adresu primi\u0107ete automatsku email poruku da je porud\u017ebina uspe\u0161no izvr\u0161ena.<\/p>\n\n\n\n<p>Isporuku vr\u0161imo preko kurirske slu\u017ebe <a href=\"https:\/\/www.x-express.rs\/\">X Express<\/a> a cena iznosi 324din.<\/p>\n\n\n\n<p>Po\u0161iljka sti\u017ee od 4-7 radna dana.<br>Dostava X Expressom na teritoriji cele Srbije<br>Kupac pla\u0107a po\u0161tarinu<br>Sve se pla\u0107a kuriru prilikom preuzimanja paketa<br><\/p>\n\n\n\n<p><\/p>\n","protected":false},"excerpt":{"rendered":"<p>Dostava Nakon \u0161to izvr\u0161ite online porud\u017ebinu, na navedenu email adresu primi\u0107ete automatsku email poruku da je porud\u017ebina uspe\u0161no izvr\u0161ena. Isporuku vr\u0161imo preko kurirske slu\u017ebe X Express a cena iznosi 324din. Po\u0161iljka sti\u017ee od 4-7 radna dana.Dostava X Expressom na teritoriji cele SrbijeKupac pla\u0107a po\u0161tarinuSve se pla\u0107a kuriru prilikom preuzimanja paketa<\/p>","protected":false},"author":1,"featured_media":0,"parent":0,"menu_order":0,"comment_status":"closed","ping_status":"closed","template":"","meta":{"_kad_post_transparent":"","_kad_post_title":"","_kad_post_layout":"","_kad_post_sidebar_id":"","_kad_post_content_style":"","_kad_post_vertical_padding":"","_kad_post_feature":"","_kad_post_feature_position":"","_kad_post_header":false,"_kad_post_footer":false,"_kad_post_classname":"","footnotes":""},"class_list":["post-3763","page","type-page","status-publish","hentry"],"yoast_head":"<!-- This site is optimized with the Yoast SEO plugin v27.3 - https:\/\/yoast.com\/product\/yoast-seo-wordpress\/ -->\n<title>Dostava - Ma\u010dketina<\/title>\n<meta name=\"robots\" content=\"index, follow, max-snippet:-1, max-image-preview:large, max-video-preview:-1\" \/>\n<link rel=\"canonical\" href=\"https:\/\/macketina.com\/en\/dostava\/\" \/>\n<meta property=\"og:locale\" content=\"en_US\" \/>\n<meta property=\"og:type\" content=\"article\" \/>\n<meta property=\"og:title\" content=\"Dostava - Ma\u010dketina\" \/>\n<meta property=\"og:description\" content=\"Dostava Nakon \u0161to izvr\u0161ite online porud\u017ebinu, na navedenu email adresu primi\u0107ete automatsku email poruku da je porud\u017ebina uspe\u0161no izvr\u0161ena. Isporuku vr\u0161imo preko kurirske slu\u017ebe X Express a cena iznosi 324din. Po\u0161iljka sti\u017ee od 4-7 radna dana.Dostava X Expressom na teritoriji cele SrbijeKupac pla\u0107a po\u0161tarinuSve se pla\u0107a kuriru prilikom preuzimanja paketa\" \/>\n<meta property=\"og:url\" content=\"https:\/\/macketina.com\/en\/dostava\/\" \/>\n<meta property=\"og:site_name\" content=\"Ma\u010dketina\" \/>\n<meta property=\"article:publisher\" content=\"https:\/\/www.facebook.com\/p\/macketinashop-100089621804815\/\" \/>\n<meta property=\"article:modified_time\" content=\"2026-01-05T14:00:56+00:00\" \/>\n<meta property=\"og:image\" content=\"https:\/\/macketina.com\/wp-content\/uploads\/2025\/07\/39-holding-a-gift.png\" \/>\n\t<meta property=\"og:image:width\" content=\"769\" \/>\n\t<meta property=\"og:image:height\" content=\"1024\" \/>\n\t<meta property=\"og:image:type\" content=\"image\/png\" \/>\n<meta name=\"twitter:card\" content=\"summary_large_image\" \/>\n<meta name=\"twitter:label1\" content=\"Est. reading time\" \/>\n\t<meta name=\"twitter:data1\" content=\"1 minute\" \/>\n<script type=\"application\/ld+json\" class=\"yoast-schema-graph\">{\"@context\":\"https:\\\/\\\/schema.org\",\"@graph\":[{\"@type\":\"WebPage\",\"@id\":\"https:\\\/\\\/macketina.com\\\/dostava\\\/\",\"url\":\"https:\\\/\\\/macketina.com\\\/dostava\\\/\",\"name\":\"Dostava - Ma\u010dketina\",\"isPartOf\":{\"@id\":\"https:\\\/\\\/macketina.com\\\/#website\"},\"primaryImageOfPage\":{\"@id\":\"https:\\\/\\\/macketina.com\\\/dostava\\\/#primaryimage\"},\"image\":{\"@id\":\"https:\\\/\\\/macketina.com\\\/dostava\\\/#primaryimage\"},\"thumbnailUrl\":\"https:\\\/\\\/macketina.com\\\/wp-content\\\/uploads\\\/2025\\\/07\\\/39-holding-a-gift.png\",\"datePublished\":\"2024-11-21T10:47:58+00:00\",\"dateModified\":\"2026-01-05T14:00:56+00:00\",\"breadcrumb\":{\"@id\":\"https:\\\/\\\/macketina.com\\\/dostava\\\/#breadcrumb\"},\"inLanguage\":\"en-US\",\"potentialAction\":[{\"@type\":\"ReadAction\",\"target\":[\"https:\\\/\\\/macketina.com\\\/dostava\\\/\"]}]},{\"@type\":\"ImageObject\",\"inLanguage\":\"en-US\",\"@id\":\"https:\\\/\\\/macketina.com\\\/dostava\\\/#primaryimage\",\"url\":\"https:\\\/\\\/macketina.com\\\/wp-content\\\/uploads\\\/2025\\\/07\\\/39-holding-a-gift.png\",\"contentUrl\":\"https:\\\/\\\/macketina.com\\\/wp-content\\\/uploads\\\/2025\\\/07\\\/39-holding-a-gift.png\"},{\"@type\":\"BreadcrumbList\",\"@id\":\"https:\\\/\\\/macketina.com\\\/dostava\\\/#breadcrumb\",\"itemListElement\":[{\"@type\":\"ListItem\",\"position\":1,\"name\":\"Home\",\"item\":\"https:\\\/\\\/macketina.com\\\/\"},{\"@type\":\"ListItem\",\"position\":2,\"name\":\"Dostava\"}]},{\"@type\":\"WebSite\",\"@id\":\"https:\\\/\\\/macketina.com\\\/#website\",\"url\":\"https:\\\/\\\/macketina.com\\\/\",\"name\":\"Ma\u010dketina\",\"description\":\"Online prodavnica\",\"publisher\":{\"@id\":\"https:\\\/\\\/macketina.com\\\/#organization\"},\"alternateName\":\"Ma\u010dketina Shop\",\"potentialAction\":[{\"@type\":\"SearchAction\",\"target\":{\"@type\":\"EntryPoint\",\"urlTemplate\":\"https:\\\/\\\/macketina.com\\\/?s={search_term_string}\"},\"query-input\":{\"@type\":\"PropertyValueSpecification\",\"valueRequired\":true,\"valueName\":\"search_term_string\"}}],\"inLanguage\":\"en-US\"},{\"@type\":\"Organization\",\"@id\":\"https:\\\/\\\/macketina.com\\\/#organization\",\"name\":\"Ma\u010dketina\",\"url\":\"https:\\\/\\\/macketina.com\\\/\",\"logo\":{\"@type\":\"ImageObject\",\"inLanguage\":\"en-US\",\"@id\":\"https:\\\/\\\/macketina.com\\\/#\\\/schema\\\/logo\\\/image\\\/\",\"url\":\"https:\\\/\\\/macketina.com\\\/wp-content\\\/uploads\\\/2022\\\/11\\\/cropped-Clean-Typography-Circle-Badge-Logo.png\",\"contentUrl\":\"https:\\\/\\\/macketina.com\\\/wp-content\\\/uploads\\\/2022\\\/11\\\/cropped-Clean-Typography-Circle-Badge-Logo.png\",\"width\":512,\"height\":512,\"caption\":\"Ma\u010dketina\"},\"image\":{\"@id\":\"https:\\\/\\\/macketina.com\\\/#\\\/schema\\\/logo\\\/image\\\/\"},\"sameAs\":[\"https:\\\/\\\/www.facebook.com\\\/p\\\/macketinashop-100089621804815\\\/\",\"https:\\\/\\\/www.instagram.com\\\/macketinashop\\\/\",\"https:\\\/\\\/tiktok.com\\\/@macketinashop\",\"https:\\\/\\\/www.youtube.com\\\/@macketinashop\\\/\",\"https:\\\/\\\/www.pinterest.com\\\/macketinashop\\\/\"]}]}<\/script>\n<!-- \/ Yoast SEO plugin. -->","yoast_head_json":{"title":"Dostava - Ma\u010dketina","robots":{"index":"index","follow":"follow","max-snippet":"max-snippet:-1","max-image-preview":"max-image-preview:large","max-video-preview":"max-video-preview:-1"},"canonical":"https:\/\/macketina.com\/en\/dostava\/","og_locale":"en_US","og_type":"article","og_title":"Dostava - Ma\u010dketina","og_description":"Dostava Nakon \u0161to izvr\u0161ite online porud\u017ebinu, na navedenu email adresu primi\u0107ete automatsku email poruku da je porud\u017ebina uspe\u0161no izvr\u0161ena. Isporuku vr\u0161imo preko kurirske slu\u017ebe X Express a cena iznosi 324din. Po\u0161iljka sti\u017ee od 4-7 radna dana.Dostava X Expressom na teritoriji cele SrbijeKupac pla\u0107a po\u0161tarinuSve se pla\u0107a kuriru prilikom preuzimanja paketa","og_url":"https:\/\/macketina.com\/en\/dostava\/","og_site_name":"Ma\u010dketina","article_publisher":"https:\/\/www.facebook.com\/p\/macketinashop-100089621804815\/","article_modified_time":"2026-01-05T14:00:56+00:00","og_image":[{"width":769,"height":1024,"url":"https:\/\/macketina.com\/wp-content\/uploads\/2025\/07\/39-holding-a-gift.png","type":"image\/png"}],"twitter_card":"summary_large_image","twitter_misc":{"Est. reading time":"1 minute"},"schema":{"@context":"https:\/\/schema.org","@graph":[{"@type":"WebPage","@id":"https:\/\/macketina.com\/dostava\/","url":"https:\/\/macketina.com\/dostava\/","name":"Dostava - Ma\u010dketina","isPartOf":{"@id":"https:\/\/macketina.com\/#website"},"primaryImageOfPage":{"@id":"https:\/\/macketina.com\/dostava\/#primaryimage"},"image":{"@id":"https:\/\/macketina.com\/dostava\/#primaryimage"},"thumbnailUrl":"https:\/\/macketina.com\/wp-content\/uploads\/2025\/07\/39-holding-a-gift.png","datePublished":"2024-11-21T10:47:58+00:00","dateModified":"2026-01-05T14:00:56+00:00","breadcrumb":{"@id":"https:\/\/macketina.com\/dostava\/#breadcrumb"},"inLanguage":"en-US","potentialAction":[{"@type":"ReadAction","target":["https:\/\/macketina.com\/dostava\/"]}]},{"@type":"ImageObject","inLanguage":"en-US","@id":"https:\/\/macketina.com\/dostava\/#primaryimage","url":"https:\/\/macketina.com\/wp-content\/uploads\/2025\/07\/39-holding-a-gift.png","contentUrl":"https:\/\/macketina.com\/wp-content\/uploads\/2025\/07\/39-holding-a-gift.png"},{"@type":"BreadcrumbList","@id":"https:\/\/macketina.com\/dostava\/#breadcrumb","itemListElement":[{"@type":"ListItem","position":1,"name":"Home","item":"https:\/\/macketina.com\/"},{"@type":"ListItem","position":2,"name":"Dostava"}]},{"@type":"WebSite","@id":"https:\/\/macketina.com\/#website","url":"https:\/\/macketina.com\/","name":"Ma\u010dketina","description":"Online prodavnica","publisher":{"@id":"https:\/\/macketina.com\/#organization"},"alternateName":"Ma\u010dketina Shop","potentialAction":[{"@type":"SearchAction","target":{"@type":"EntryPoint","urlTemplate":"https:\/\/macketina.com\/?s={search_term_string}"},"query-input":{"@type":"PropertyValueSpecification","valueRequired":true,"valueName":"search_term_string"}}],"inLanguage":"en-US"},{"@type":"Organization","@id":"https:\/\/macketina.com\/#organization","name":"Ma\u010dketina","url":"https:\/\/macketina.com\/","logo":{"@type":"ImageObject","inLanguage":"en-US","@id":"https:\/\/macketina.com\/#\/schema\/logo\/image\/","url":"https:\/\/macketina.com\/wp-content\/uploads\/2022\/11\/cropped-Clean-Typography-Circle-Badge-Logo.png","contentUrl":"https:\/\/macketina.com\/wp-content\/uploads\/2022\/11\/cropped-Clean-Typography-Circle-Badge-Logo.png","width":512,"height":512,"caption":"Ma\u010dketina"},"image":{"@id":"https:\/\/macketina.com\/#\/schema\/logo\/image\/"},"sameAs":["https:\/\/www.facebook.com\/p\/macketinashop-100089621804815\/","https:\/\/www.instagram.com\/macketinashop\/","https:\/\/tiktok.com\/@macketinashop","https:\/\/www.youtube.com\/@macketinashop\/","https:\/\/www.pinterest.com\/macketinashop\/"]}]}},"_links":{"self":[{"href":"https:\/\/macketina.com\/en\/wp-json\/wp\/v2\/pages\/3763","targetHints":{"allow":["GET"]}}],"collection":[{"href":"https:\/\/macketina.com\/en\/wp-json\/wp\/v2\/pages"}],"about":[{"href":"https:\/\/macketina.com\/en\/wp-json\/wp\/v2\/types\/page"}],"author":[{"embeddable":true,"href":"https:\/\/macketina.com\/en\/wp-json\/wp\/v2\/users\/1"}],"replies":[{"embeddable":true,"href":"https:\/\/macketina.com\/en\/wp-json\/wp\/v2\/comments?post=3763"}],"version-history":[{"count":5,"href":"https:\/\/macketina.com\/en\/wp-json\/wp\/v2\/pages\/3763\/revisions"}],"predecessor-version":[{"id":11284,"href":"https:\/\/macketina.com\/en\/wp-json\/wp\/v2\/pages\/3763\/revisions\/11284"}],"wp:attachment":[{"href":"https:\/\/macketina.com\/en\/wp-json\/wp\/v2\/media?parent=3763"}],"curies":[{"name":"wp","href":"https:\/\/api.w.org\/{rel}","templated":true}]}}