{"id":6,"date":"2024-11-21T10:53:17","date_gmt":"2024-11-21T10:53:17","guid":{"rendered":"http:\/\/old.lifewithcatman.com\/?page_id=6"},"modified":"2025-10-15T15:57:15","modified_gmt":"2025-10-15T15:57:15","slug":"refund_returns","status":"publish","type":"page","link":"https:\/\/macketina.com\/en\/refund_returns\/","title":{"rendered":"Povrat Robe"},"content":{"rendered":"<style>.wp-block-kadence-advancedheading.kt-adv-heading6_d92f1d-35, .wp-block-kadence-advancedheading.kt-adv-heading6_d92f1d-35[data-kb-block=\"kb-adv-heading6_d92f1d-35\"]{font-style:normal;}.wp-block-kadence-advancedheading.kt-adv-heading6_d92f1d-35 mark.kt-highlight, .wp-block-kadence-advancedheading.kt-adv-heading6_d92f1d-35[data-kb-block=\"kb-adv-heading6_d92f1d-35\"] mark.kt-highlight{font-style:normal;color:#f76a0c;-webkit-box-decoration-break:clone;box-decoration-break:clone;padding-top:0px;padding-right:0px;padding-bottom:0px;padding-left:0px;}.wp-block-kadence-advancedheading.kt-adv-heading6_d92f1d-35 img.kb-inline-image, .wp-block-kadence-advancedheading.kt-adv-heading6_d92f1d-35[data-kb-block=\"kb-adv-heading6_d92f1d-35\"] img.kb-inline-image{width:150px;vertical-align:baseline;}<\/style>\n<h2 class=\"kt-adv-heading6_d92f1d-35 wp-block-kadence-advancedheading\" data-kb-block=\"kb-adv-heading6_d92f1d-35\">Povrat Robe<\/h2>\n\n\n\n<p>Ukoliko iz bilo kog razloga niste zadovoljni svojom pristiglom Ma\u010dketina porud\u017ebinom u <strong>roku od 14 dana<\/strong> imate priliku da je vratite.<br>Molimo vas da proizvode koje \u017eelite da vratite po\u0161aljete u izvornom stanju (bez tragova no\u0161enja\/pranja ili bilo kakvih drugih o\u0161te\u0107enja) kao i u originalnoj ambala\u017ei, sa svim etiketama i deklaracijama koje ste dobili prilikom prispe\u0107a.<\/p>\n\n\n<h2 class=\"wp-block-heading\" id=\"sta-vam-je-sve-potrebno-kako-biste-vratili-narucene-proizvode\">\u0160ta vam je sve potrebno kako biste vratili naru\u010dene proizvode?<\/h2>\n\n\n<p>Da biste vratili svoju porud\u017ebinu potrebni su vam: ra\u010dun\/otpremnica (koji vam je stigao na e-mail), fiskalni ra\u010dun, kao i proizvod upakovan u originalnu ambala\u017eu i adresiran na prodavca.<br>Adresa na koju mo\u017eete poslati paket je Jablani\u010dka 184, 2b prizemlje, 11030 \u010cukarica, Beograd.<\/p>\n\n\n\n<p>Ukoliko je sa proizvodima sve u redu i poslali ste ih u izvornom stanju, originalnom pakovanju, sa svim deklaracijama i etiketama sredstva \u0107e vam biti vra\u0107ena (originalnim metodom pla\u0107anja) u \u0161to kra\u0107em mogu\u0107em roku od dana prijema vra\u0107enih proizvoda.<\/p>\n\n\n<div class=\"wp-block-image\">\n<figure class=\"aligncenter size-large is-resized\"><img decoding=\"async\" width=\"1024\" height=\"745\" src=\"https:\/\/macketina.com\/wp-content\/uploads\/2025\/07\/103-shape-3-1024x745.png\" alt=\"\" class=\"wp-image-8894\" style=\"width:555px;height:auto\" srcset=\"https:\/\/macketina.com\/wp-content\/uploads\/2025\/07\/103-shape-3-1024x745.png 1024w, https:\/\/macketina.com\/wp-content\/uploads\/2025\/07\/103-shape-3-600x437.png 600w, https:\/\/macketina.com\/wp-content\/uploads\/2025\/07\/103-shape-3-300x218.png 300w, https:\/\/macketina.com\/wp-content\/uploads\/2025\/07\/103-shape-3-768x559.png 768w, https:\/\/macketina.com\/wp-content\/uploads\/2025\/07\/103-shape-3-16x12.png 16w, https:\/\/macketina.com\/wp-content\/uploads\/2025\/07\/103-shape-3.png 1407w\" sizes=\"(max-width: 1024px) 100vw, 1024px\" \/><\/figure>\n<\/div>\n\n\n<p><\/p>\n","protected":false},"excerpt":{"rendered":"<p>Povrat Robe Ukoliko iz bilo kog razloga niste zadovoljni svojom pristiglom Ma\u010dketina porud\u017ebinom u roku od 14 dana imate priliku da je vratite.Molimo vas da proizvode koje \u017eelite da vratite po\u0161aljete u izvornom stanju (bez tragova no\u0161enja\/pranja ili bilo kakvih drugih o\u0161te\u0107enja) kao i u originalnoj ambala\u017ei, sa svim etiketama i deklaracijama koje ste dobili&#8230;<\/p>","protected":false},"author":1,"featured_media":0,"parent":0,"menu_order":0,"comment_status":"closed","ping_status":"closed","template":"","meta":{"_kad_post_transparent":"","_kad_post_title":"","_kad_post_layout":"","_kad_post_sidebar_id":"","_kad_post_content_style":"","_kad_post_vertical_padding":"","_kad_post_feature":"","_kad_post_feature_position":"","_kad_post_header":false,"_kad_post_footer":false,"_kad_post_classname":"","footnotes":""},"class_list":["post-6","page","type-page","status-publish","hentry"],"yoast_head":"<!-- This site is optimized with the Yoast SEO plugin v27.3 - https:\/\/yoast.com\/product\/yoast-seo-wordpress\/ -->\n<title>Povrat Robe - Ma\u010dketina<\/title>\n<meta name=\"robots\" content=\"index, follow, max-snippet:-1, max-image-preview:large, max-video-preview:-1\" \/>\n<link rel=\"canonical\" href=\"https:\/\/macketina.com\/en\/refund_returns\/\" \/>\n<meta property=\"og:locale\" content=\"en_US\" \/>\n<meta property=\"og:type\" content=\"article\" \/>\n<meta property=\"og:title\" content=\"Povrat Robe - Ma\u010dketina\" \/>\n<meta property=\"og:description\" content=\"Povrat Robe Ukoliko iz bilo kog razloga niste zadovoljni svojom pristiglom Ma\u010dketina porud\u017ebinom u roku od 14 dana imate priliku da je vratite.Molimo vas da proizvode koje \u017eelite da vratite po\u0161aljete u izvornom stanju (bez tragova no\u0161enja\/pranja ili bilo kakvih drugih o\u0161te\u0107enja) kao i u originalnoj ambala\u017ei, sa svim etiketama i deklaracijama koje ste dobili...\" \/>\n<meta property=\"og:url\" content=\"https:\/\/macketina.com\/en\/refund_returns\/\" \/>\n<meta property=\"og:site_name\" content=\"Ma\u010dketina\" \/>\n<meta property=\"article:publisher\" content=\"https:\/\/www.facebook.com\/p\/macketinashop-100089621804815\/\" \/>\n<meta property=\"article:modified_time\" content=\"2025-10-15T15:57:15+00:00\" \/>\n<meta property=\"og:image\" content=\"https:\/\/macketina.com\/wp-content\/uploads\/2025\/07\/103-shape-3.png\" \/>\n\t<meta property=\"og:image:width\" content=\"1407\" \/>\n\t<meta property=\"og:image:height\" content=\"1024\" \/>\n\t<meta property=\"og:image:type\" content=\"image\/png\" \/>\n<meta name=\"twitter:card\" content=\"summary_large_image\" \/>\n<meta name=\"twitter:label1\" content=\"Est. reading time\" \/>\n\t<meta name=\"twitter:data1\" content=\"1 minute\" \/>\n<script type=\"application\/ld+json\" class=\"yoast-schema-graph\">{\"@context\":\"https:\\\/\\\/schema.org\",\"@graph\":[{\"@type\":\"WebPage\",\"@id\":\"https:\\\/\\\/macketina.com\\\/refund_returns\\\/\",\"url\":\"https:\\\/\\\/macketina.com\\\/refund_returns\\\/\",\"name\":\"Povrat Robe - Ma\u010dketina\",\"isPartOf\":{\"@id\":\"https:\\\/\\\/macketina.com\\\/#website\"},\"primaryImageOfPage\":{\"@id\":\"https:\\\/\\\/macketina.com\\\/refund_returns\\\/#primaryimage\"},\"image\":{\"@id\":\"https:\\\/\\\/macketina.com\\\/refund_returns\\\/#primaryimage\"},\"thumbnailUrl\":\"https:\\\/\\\/macketina.com\\\/wp-content\\\/uploads\\\/2025\\\/07\\\/103-shape-3-1024x745.png\",\"datePublished\":\"2024-11-21T10:53:17+00:00\",\"dateModified\":\"2025-10-15T15:57:15+00:00\",\"breadcrumb\":{\"@id\":\"https:\\\/\\\/macketina.com\\\/refund_returns\\\/#breadcrumb\"},\"inLanguage\":\"en-US\",\"potentialAction\":[{\"@type\":\"ReadAction\",\"target\":[\"https:\\\/\\\/macketina.com\\\/refund_returns\\\/\"]}]},{\"@type\":\"ImageObject\",\"inLanguage\":\"en-US\",\"@id\":\"https:\\\/\\\/macketina.com\\\/refund_returns\\\/#primaryimage\",\"url\":\"https:\\\/\\\/macketina.com\\\/wp-content\\\/uploads\\\/2025\\\/07\\\/103-shape-3-1024x745.png\",\"contentUrl\":\"https:\\\/\\\/macketina.com\\\/wp-content\\\/uploads\\\/2025\\\/07\\\/103-shape-3-1024x745.png\"},{\"@type\":\"BreadcrumbList\",\"@id\":\"https:\\\/\\\/macketina.com\\\/refund_returns\\\/#breadcrumb\",\"itemListElement\":[{\"@type\":\"ListItem\",\"position\":1,\"name\":\"Home\",\"item\":\"https:\\\/\\\/macketina.com\\\/\"},{\"@type\":\"ListItem\",\"position\":2,\"name\":\"Povrat Robe\"}]},{\"@type\":\"WebSite\",\"@id\":\"https:\\\/\\\/macketina.com\\\/#website\",\"url\":\"https:\\\/\\\/macketina.com\\\/\",\"name\":\"Ma\u010dketina\",\"description\":\"Online prodavnica\",\"publisher\":{\"@id\":\"https:\\\/\\\/macketina.com\\\/#organization\"},\"alternateName\":\"Ma\u010dketina Shop\",\"potentialAction\":[{\"@type\":\"SearchAction\",\"target\":{\"@type\":\"EntryPoint\",\"urlTemplate\":\"https:\\\/\\\/macketina.com\\\/?s={search_term_string}\"},\"query-input\":{\"@type\":\"PropertyValueSpecification\",\"valueRequired\":true,\"valueName\":\"search_term_string\"}}],\"inLanguage\":\"en-US\"},{\"@type\":\"Organization\",\"@id\":\"https:\\\/\\\/macketina.com\\\/#organization\",\"name\":\"Ma\u010dketina\",\"url\":\"https:\\\/\\\/macketina.com\\\/\",\"logo\":{\"@type\":\"ImageObject\",\"inLanguage\":\"en-US\",\"@id\":\"https:\\\/\\\/macketina.com\\\/#\\\/schema\\\/logo\\\/image\\\/\",\"url\":\"https:\\\/\\\/macketina.com\\\/wp-content\\\/uploads\\\/2022\\\/11\\\/cropped-Clean-Typography-Circle-Badge-Logo.png\",\"contentUrl\":\"https:\\\/\\\/macketina.com\\\/wp-content\\\/uploads\\\/2022\\\/11\\\/cropped-Clean-Typography-Circle-Badge-Logo.png\",\"width\":512,\"height\":512,\"caption\":\"Ma\u010dketina\"},\"image\":{\"@id\":\"https:\\\/\\\/macketina.com\\\/#\\\/schema\\\/logo\\\/image\\\/\"},\"sameAs\":[\"https:\\\/\\\/www.facebook.com\\\/p\\\/macketinashop-100089621804815\\\/\",\"https:\\\/\\\/www.instagram.com\\\/macketinashop\\\/\",\"https:\\\/\\\/tiktok.com\\\/@macketinashop\",\"https:\\\/\\\/www.youtube.com\\\/@macketinashop\\\/\",\"https:\\\/\\\/www.pinterest.com\\\/macketinashop\\\/\"]}]}<\/script>\n<!-- \/ Yoast SEO plugin. -->","yoast_head_json":{"title":"Povrat Robe - Ma\u010dketina","robots":{"index":"index","follow":"follow","max-snippet":"max-snippet:-1","max-image-preview":"max-image-preview:large","max-video-preview":"max-video-preview:-1"},"canonical":"https:\/\/macketina.com\/en\/refund_returns\/","og_locale":"en_US","og_type":"article","og_title":"Povrat Robe - Ma\u010dketina","og_description":"Povrat Robe Ukoliko iz bilo kog razloga niste zadovoljni svojom pristiglom Ma\u010dketina porud\u017ebinom u roku od 14 dana imate priliku da je vratite.Molimo vas da proizvode koje \u017eelite da vratite po\u0161aljete u izvornom stanju (bez tragova no\u0161enja\/pranja ili bilo kakvih drugih o\u0161te\u0107enja) kao i u originalnoj ambala\u017ei, sa svim etiketama i deklaracijama koje ste dobili...","og_url":"https:\/\/macketina.com\/en\/refund_returns\/","og_site_name":"Ma\u010dketina","article_publisher":"https:\/\/www.facebook.com\/p\/macketinashop-100089621804815\/","article_modified_time":"2025-10-15T15:57:15+00:00","og_image":[{"width":1407,"height":1024,"url":"https:\/\/macketina.com\/wp-content\/uploads\/2025\/07\/103-shape-3.png","type":"image\/png"}],"twitter_card":"summary_large_image","twitter_misc":{"Est. reading time":"1 minute"},"schema":{"@context":"https:\/\/schema.org","@graph":[{"@type":"WebPage","@id":"https:\/\/macketina.com\/refund_returns\/","url":"https:\/\/macketina.com\/refund_returns\/","name":"Povrat Robe - Ma\u010dketina","isPartOf":{"@id":"https:\/\/macketina.com\/#website"},"primaryImageOfPage":{"@id":"https:\/\/macketina.com\/refund_returns\/#primaryimage"},"image":{"@id":"https:\/\/macketina.com\/refund_returns\/#primaryimage"},"thumbnailUrl":"https:\/\/macketina.com\/wp-content\/uploads\/2025\/07\/103-shape-3-1024x745.png","datePublished":"2024-11-21T10:53:17+00:00","dateModified":"2025-10-15T15:57:15+00:00","breadcrumb":{"@id":"https:\/\/macketina.com\/refund_returns\/#breadcrumb"},"inLanguage":"en-US","potentialAction":[{"@type":"ReadAction","target":["https:\/\/macketina.com\/refund_returns\/"]}]},{"@type":"ImageObject","inLanguage":"en-US","@id":"https:\/\/macketina.com\/refund_returns\/#primaryimage","url":"https:\/\/macketina.com\/wp-content\/uploads\/2025\/07\/103-shape-3-1024x745.png","contentUrl":"https:\/\/macketina.com\/wp-content\/uploads\/2025\/07\/103-shape-3-1024x745.png"},{"@type":"BreadcrumbList","@id":"https:\/\/macketina.com\/refund_returns\/#breadcrumb","itemListElement":[{"@type":"ListItem","position":1,"name":"Home","item":"https:\/\/macketina.com\/"},{"@type":"ListItem","position":2,"name":"Povrat Robe"}]},{"@type":"WebSite","@id":"https:\/\/macketina.com\/#website","url":"https:\/\/macketina.com\/","name":"Ma\u010dketina","description":"Online prodavnica","publisher":{"@id":"https:\/\/macketina.com\/#organization"},"alternateName":"Ma\u010dketina Shop","potentialAction":[{"@type":"SearchAction","target":{"@type":"EntryPoint","urlTemplate":"https:\/\/macketina.com\/?s={search_term_string}"},"query-input":{"@type":"PropertyValueSpecification","valueRequired":true,"valueName":"search_term_string"}}],"inLanguage":"en-US"},{"@type":"Organization","@id":"https:\/\/macketina.com\/#organization","name":"Ma\u010dketina","url":"https:\/\/macketina.com\/","logo":{"@type":"ImageObject","inLanguage":"en-US","@id":"https:\/\/macketina.com\/#\/schema\/logo\/image\/","url":"https:\/\/macketina.com\/wp-content\/uploads\/2022\/11\/cropped-Clean-Typography-Circle-Badge-Logo.png","contentUrl":"https:\/\/macketina.com\/wp-content\/uploads\/2022\/11\/cropped-Clean-Typography-Circle-Badge-Logo.png","width":512,"height":512,"caption":"Ma\u010dketina"},"image":{"@id":"https:\/\/macketina.com\/#\/schema\/logo\/image\/"},"sameAs":["https:\/\/www.facebook.com\/p\/macketinashop-100089621804815\/","https:\/\/www.instagram.com\/macketinashop\/","https:\/\/tiktok.com\/@macketinashop","https:\/\/www.youtube.com\/@macketinashop\/","https:\/\/www.pinterest.com\/macketinashop\/"]}]}},"_links":{"self":[{"href":"https:\/\/macketina.com\/en\/wp-json\/wp\/v2\/pages\/6","targetHints":{"allow":["GET"]}}],"collection":[{"href":"https:\/\/macketina.com\/en\/wp-json\/wp\/v2\/pages"}],"about":[{"href":"https:\/\/macketina.com\/en\/wp-json\/wp\/v2\/types\/page"}],"author":[{"embeddable":true,"href":"https:\/\/macketina.com\/en\/wp-json\/wp\/v2\/users\/1"}],"replies":[{"embeddable":true,"href":"https:\/\/macketina.com\/en\/wp-json\/wp\/v2\/comments?post=6"}],"version-history":[{"count":3,"href":"https:\/\/macketina.com\/en\/wp-json\/wp\/v2\/pages\/6\/revisions"}],"predecessor-version":[{"id":9592,"href":"https:\/\/macketina.com\/en\/wp-json\/wp\/v2\/pages\/6\/revisions\/9592"}],"wp:attachment":[{"href":"https:\/\/macketina.com\/en\/wp-json\/wp\/v2\/media?parent=6"}],"curies":[{"name":"wp","href":"https:\/\/api.w.org\/{rel}","templated":true}]}}