{"id":8810,"date":"2025-07-26T16:58:23","date_gmt":"2025-07-26T16:58:23","guid":{"rendered":"http:\/\/staging.macketina.com\/blog\/?page_id=8810"},"modified":"2025-10-15T15:55:44","modified_gmt":"2025-10-15T15:55:44","slug":"o-nama","status":"publish","type":"page","link":"https:\/\/macketina.com\/en\/o-nama\/","title":{"rendered":"O Nama"},"content":{"rendered":"<style>.wp-block-kadence-spacer.kt-block-spacer-8810_dd9085-f0 .kt-block-spacer{height:60px;}.wp-block-kadence-spacer.kt-block-spacer-8810_dd9085-f0 .kt-divider{border-top-width:1px;height:1px;border-top-color:#eee;width:80%;border-top-style:solid;}<\/style>\n<div class=\"wp-block-kadence-spacer aligncenter kt-block-spacer-8810_dd9085-f0\"><div class=\"kt-block-spacer kt-block-spacer-halign-center\"><hr class=\"kt-divider\"\/><\/div><\/div>\n\n\n\n<div class=\"wp-block-columns alignfull are-vertically-aligned-center has-theme-palette-1-background-color has-background is-layout-flex wp-container-core-columns-is-layout-bcbf70d9 wp-block-columns-is-layout-flex\" style=\"margin-top:0;margin-bottom:0;padding-right:var(--wp--preset--spacing--50);padding-left:var(--wp--preset--spacing--50)\">\n<div class=\"wp-block-column is-vertically-aligned-center is-layout-flow wp-block-column-is-layout-flow\" style=\"border-style:none;border-width:0px;padding-left:0\"><style>.wp-block-kadence-advancedheading.kt-adv-heading8810_eee20d-96, .wp-block-kadence-advancedheading.kt-adv-heading8810_eee20d-96[data-kb-block=\"kb-adv-heading8810_eee20d-96\"]{font-weight:400;font-style:normal;font-family:'Gloria Hallelujah';}.wp-block-kadence-advancedheading.kt-adv-heading8810_eee20d-96 mark.kt-highlight, .wp-block-kadence-advancedheading.kt-adv-heading8810_eee20d-96[data-kb-block=\"kb-adv-heading8810_eee20d-96\"] mark.kt-highlight{font-style:normal;color:#f76a0c;-webkit-box-decoration-break:clone;box-decoration-break:clone;padding-top:0px;padding-right:0px;padding-bottom:0px;padding-left:0px;}.wp-block-kadence-advancedheading.kt-adv-heading8810_eee20d-96 img.kb-inline-image, .wp-block-kadence-advancedheading.kt-adv-heading8810_eee20d-96[data-kb-block=\"kb-adv-heading8810_eee20d-96\"] img.kb-inline-image{width:150px;vertical-align:baseline;}<\/style>\n<h1 class=\"kt-adv-heading8810_eee20d-96 wp-block-kadence-advancedheading has-theme-palette-9-color has-text-color\" data-kb-block=\"kb-adv-heading8810_eee20d-96\">Dobrodo\u0161li u svet Ma\u010dketine \u2013 gde je svaka ma\u010dka kraljica, a svaki pas prijatelj.<\/h1>\n\n\n\n<p class=\"has-theme-palette-9-color has-text-color has-link-color wp-elements-e625c5c6fe0f1e4c8e1297244a3f7f03\">Na\u0161 cilj je da \u0161irimo svest o va\u017enosti brige o \u017eivotinjama, inspiri\u0161emo druge da udomljuju i vole, ali i da kroz dizajn i umetnost unesemo osmeh i radost u svakodnevnicu ljubitelja ma\u010daka.<\/p>\n\n\n\n<div class=\"wp-block-buttons is-layout-flex wp-block-buttons-is-layout-flex\">\n<div class=\"wp-block-button\"><a class=\"wp-block-button__link has-theme-palette-3-color has-theme-palette-9-background-color has-text-color has-background has-link-color wp-element-button\" href=\"https:\/\/macketina.com\/shop\/\">Online Prodavnica<\/a><\/div>\n<\/div>\n<\/div>\n\n\n\n<div class=\"wp-block-column is-vertically-aligned-center is-layout-flow wp-block-column-is-layout-flow\"><div class=\"wp-block-image\">\n<figure class=\"aligncenter size-full is-resized\"><img decoding=\"async\" width=\"994\" height=\"1024\" src=\"https:\/\/macketina.com\/wp-content\/uploads\/2025\/08\/CAO-2.png\" alt=\"\" class=\"wp-image-8964\" style=\"width:525px;height:auto\" srcset=\"https:\/\/macketina.com\/wp-content\/uploads\/2025\/08\/CAO-2.png 994w, https:\/\/macketina.com\/wp-content\/uploads\/2025\/08\/CAO-2-600x618.png 600w, https:\/\/macketina.com\/wp-content\/uploads\/2025\/08\/CAO-2-291x300.png 291w, https:\/\/macketina.com\/wp-content\/uploads\/2025\/08\/CAO-2-768x791.png 768w, https:\/\/macketina.com\/wp-content\/uploads\/2025\/08\/CAO-2-12x12.png 12w\" sizes=\"(max-width: 994px) 100vw, 994px\" \/><\/figure>\n<\/div><\/div>\n<\/div>\n\n\n\n<div style=\"height:100px\" aria-hidden=\"true\" class=\"wp-block-spacer\"><\/div>\n\n\n\n<p>Sve je po\u010delo jednog obi\u010dnog dana\u2026 ispred na\u0161e zgrade, kada se pojavila \u2014 ona. Mrzovoljna, pametna, bucmasta, ali neodoljiva. Mihaela. <\/p>\n\n\n\n<p>Nismo je tra\u017eili, ali je ona nas prona\u0161la. Udomili smo je istog dana. A zapravo\u2026 ona je udomila nas.<\/p>\n\n\n<div class=\"wp-block-image\">\n<figure class=\"aligncenter size-large is-resized\"><img decoding=\"async\" width=\"1024\" height=\"940\" src=\"https:\/\/macketina.com\/wp-content\/uploads\/2025\/08\/Mihaela-1024x940.png\" alt=\"\" class=\"wp-image-8970\" style=\"width:419px;height:auto\" srcset=\"https:\/\/macketina.com\/wp-content\/uploads\/2025\/08\/Mihaela-1024x940.png 1024w, https:\/\/macketina.com\/wp-content\/uploads\/2025\/08\/Mihaela-600x551.png 600w, https:\/\/macketina.com\/wp-content\/uploads\/2025\/08\/Mihaela-300x276.png 300w, https:\/\/macketina.com\/wp-content\/uploads\/2025\/08\/Mihaela-768x705.png 768w, https:\/\/macketina.com\/wp-content\/uploads\/2025\/08\/Mihaela-13x12.png 13w, https:\/\/macketina.com\/wp-content\/uploads\/2025\/08\/Mihaela.png 1115w\" sizes=\"(max-width: 1024px) 100vw, 1024px\" \/><\/figure>\n<\/div>\n\n\n<p>Mihaela je od prvog dana pokazala da je vi\u0161e od ma\u010dke. Ona je karakter. Bi\u0107e koje vas pogleda tako da ne znate da li vas voli ili planira da vas ignori\u0161e tri dana. Ali, njena energija je posebna. Uz nju smo nau\u010dili da su ma\u010dke tihi terapeuti, mali filozofi i veliki \u0161efovi u svakom domu.<\/p>\n\n\n<style>.wp-block-kadence-advancedheading.kt-adv-heading8810_24105e-36, .wp-block-kadence-advancedheading.kt-adv-heading8810_24105e-36[data-kb-block=\"kb-adv-heading8810_24105e-36\"]{text-align:center;font-weight:400;font-style:normal;font-family:'Gloria Hallelujah';}.wp-block-kadence-advancedheading.kt-adv-heading8810_24105e-36 mark.kt-highlight, .wp-block-kadence-advancedheading.kt-adv-heading8810_24105e-36[data-kb-block=\"kb-adv-heading8810_24105e-36\"] mark.kt-highlight{font-style:normal;color:#f76a0c;-webkit-box-decoration-break:clone;box-decoration-break:clone;padding-top:0px;padding-right:0px;padding-bottom:0px;padding-left:0px;}.wp-block-kadence-advancedheading.kt-adv-heading8810_24105e-36 img.kb-inline-image, .wp-block-kadence-advancedheading.kt-adv-heading8810_24105e-36[data-kb-block=\"kb-adv-heading8810_24105e-36\"] img.kb-inline-image{width:150px;vertical-align:baseline;}<\/style>\n<h3 class=\"kt-adv-heading8810_24105e-36 wp-block-kadence-advancedheading\" data-kb-block=\"kb-adv-heading8810_24105e-36\">Tako je nastala Ma\u010dketina \u2013 ne samo kao ime, ve\u0107 kao ideja.<\/h3>\n\n\n\n<p><\/p>\n\n\n\n<p>Po\u010deli smo da snimamo kratke video klipove o pona\u0161anju ma\u010daka, kako bismo pomogli svima koji prvi put imaju ma\u010dku da prepoznaju njihove potrebe, signale i \u010dudesne sitnice koje ih \u010dine \u2013 ma\u010dkama. I tu su ljudi prepoznali iskrenost. Ma\u010dketina je vrlo brzo postala popularna na dru\u0161tvenim mre\u017eama, ali ono \u0161to nam je va\u017enije \u2013 postala je zajednica ljubavi prema \u017eivotinjama.<\/p>\n\n\n\n<p>Pored Mihaele, na\u0161 dom deli jo\u0161 jedan fantasti\u010dan lik \u2013 pas Mungos. Iako nije ma\u010dka, on je pravi \u010dlan Ma\u010dketina ekipe. Dobar, ne\u017ean i hrabar \u2013 Mungos nas svaki dan podse\u0107a da ljubav ne zna za vrstu.<\/p>\n\n\n\n<p>Vremenom, iz na\u0161e pri\u010de izrasla je ideja: hajde da spojimo umetnost, humor i ljubav prema \u017eivotinjama. I tako su nastale Ma\u010dketina majice, \u0161olje sa ma\u010dkastim dizajnom, cegeri i drugi proizvodi koji svakodnevno \u0161ire mjau vibe.<\/p>\n\n\n<style>.wp-block-kadence-advancedheading.kt-adv-heading8810_05e8ec-d4, .wp-block-kadence-advancedheading.kt-adv-heading8810_05e8ec-d4[data-kb-block=\"kb-adv-heading8810_05e8ec-d4\"]{text-align:center;font-weight:400;font-style:normal;font-family:'Gloria Hallelujah';}.wp-block-kadence-advancedheading.kt-adv-heading8810_05e8ec-d4 mark.kt-highlight, .wp-block-kadence-advancedheading.kt-adv-heading8810_05e8ec-d4[data-kb-block=\"kb-adv-heading8810_05e8ec-d4\"] mark.kt-highlight{font-style:normal;color:#f76a0c;-webkit-box-decoration-break:clone;box-decoration-break:clone;padding-top:0px;padding-right:0px;padding-bottom:0px;padding-left:0px;}.wp-block-kadence-advancedheading.kt-adv-heading8810_05e8ec-d4 img.kb-inline-image, .wp-block-kadence-advancedheading.kt-adv-heading8810_05e8ec-d4[data-kb-block=\"kb-adv-heading8810_05e8ec-d4\"] img.kb-inline-image{width:150px;vertical-align:baseline;}<\/style>\n<h3 class=\"kt-adv-heading8810_05e8ec-d4 wp-block-kadence-advancedheading\" data-kb-block=\"kb-adv-heading8810_05e8ec-d4\">Mi ne prodajemo samo proizvode. Mi prenosimo emociju. Svaki dizajn je unikat. Svaki print ima pri\u010du. Svaka \u0161olja mo\u017ee biti poklon sa porukom.<\/h3>\n\n\n\n<p><\/p>\n\n\n\n<p>Ako ste ljubitelj ma\u010daka, znajte da ovde niste sami. A ako niste (jo\u0161), mo\u017eda vam ba\u0161 jedna Mihaela promeni \u017eivot.<\/p>\n\n\n\n<div style=\"height:100px\" aria-hidden=\"true\" class=\"wp-block-spacer\"><\/div>\n\n\n\n<div class=\"wp-block-columns are-vertically-aligned-center has-theme-palette-9-background-color has-background is-layout-flex wp-container-core-columns-is-layout-9d6595d7 wp-block-columns-is-layout-flex\">\n<div class=\"wp-block-column is-vertically-aligned-center is-layout-flow wp-block-column-is-layout-flow\">\n<figure class=\"wp-block-image size-large\"><img decoding=\"async\" width=\"1024\" height=\"1001\" src=\"https:\/\/macketina.com\/wp-content\/uploads\/2025\/08\/102-shape-2-1024x1001.png\" alt=\"\" class=\"wp-image-8974\" srcset=\"https:\/\/macketina.com\/wp-content\/uploads\/2025\/08\/102-shape-2-1024x1001.png 1024w, https:\/\/macketina.com\/wp-content\/uploads\/2025\/08\/102-shape-2-600x586.png 600w, https:\/\/macketina.com\/wp-content\/uploads\/2025\/08\/102-shape-2-300x293.png 300w, https:\/\/macketina.com\/wp-content\/uploads\/2025\/08\/102-shape-2-768x750.png 768w, https:\/\/macketina.com\/wp-content\/uploads\/2025\/08\/102-shape-2-12x12.png 12w, https:\/\/macketina.com\/wp-content\/uploads\/2025\/08\/102-shape-2-50x50.png 50w, https:\/\/macketina.com\/wp-content\/uploads\/2025\/08\/102-shape-2.png 1048w\" sizes=\"(max-width: 1024px) 100vw, 1024px\" \/><\/figure>\n<\/div>\n\n\n\n<div class=\"wp-block-column is-vertically-aligned-center is-layout-flow wp-block-column-is-layout-flow\"><style>.wp-block-kadence-advancedheading.kt-adv-heading8810_68e1c1-83, .wp-block-kadence-advancedheading.kt-adv-heading8810_68e1c1-83[data-kb-block=\"kb-adv-heading8810_68e1c1-83\"]{font-style:normal;}.wp-block-kadence-advancedheading.kt-adv-heading8810_68e1c1-83 mark.kt-highlight, .wp-block-kadence-advancedheading.kt-adv-heading8810_68e1c1-83[data-kb-block=\"kb-adv-heading8810_68e1c1-83\"] mark.kt-highlight{font-style:normal;color:#f76a0c;-webkit-box-decoration-break:clone;box-decoration-break:clone;padding-top:0px;padding-right:0px;padding-bottom:0px;padding-left:0px;}.wp-block-kadence-advancedheading.kt-adv-heading8810_68e1c1-83 img.kb-inline-image, .wp-block-kadence-advancedheading.kt-adv-heading8810_68e1c1-83[data-kb-block=\"kb-adv-heading8810_68e1c1-83\"] img.kb-inline-image{width:150px;vertical-align:baseline;}<\/style>\n<h3 class=\"kt-adv-heading8810_68e1c1-83 wp-block-kadence-advancedheading\" data-kb-block=\"kb-adv-heading8810_68e1c1-83\">Op\u0161ti Podaci<\/h3>\n\n\n\n<p><\/p>\n\n\n\n<p>\u0110OR\u0110E VEZILI\u0106 PREDUZETNIK MA\u010cKETINA SHOP BEOGRAD<br>Ulica Jablani\u010dka 184 2b prizemlje, \u010cukarica 11030 Beograd<br>MB: 67778669, PIB: 114690761,<br>Kontakt telefon: 062-8448973<br>Email: macketinashop@gmail.com<\/p>\n\n\n\n<p>NARU\u010cIVANJE I DOSTAVA SAMO NA TERITORIJI REPUBLIKE SRBIJE<\/p>\n<\/div>\n<\/div>\n\n\n\n<div class=\"wp-block-group alignfull\"><div class=\"wp-block-group__inner-container is-layout-constrained wp-block-group-is-layout-constrained\"><\/div><\/div>\n\n\n\n<p><\/p>\n","protected":false},"excerpt":{"rendered":"<p>Dobrodo\u0161li u svet Ma\u010dketine \u2013 gde je svaka ma\u010dka kraljica, a svaki pas prijatelj. Na\u0161 cilj je da \u0161irimo svest o va\u017enosti brige o \u017eivotinjama, inspiri\u0161emo druge da udomljuju i vole, ali i da kroz dizajn i umetnost unesemo osmeh i radost u svakodnevnicu ljubitelja ma\u010daka. Sve je po\u010delo jednog obi\u010dnog dana\u2026 ispred na\u0161e zgrade,&#8230;<\/p>","protected":false},"author":1,"featured_media":0,"parent":0,"menu_order":0,"comment_status":"closed","ping_status":"closed","template":"","meta":{"_kad_post_transparent":"","_kad_post_title":"","_kad_post_layout":"","_kad_post_sidebar_id":"","_kad_post_content_style":"","_kad_post_vertical_padding":"","_kad_post_feature":"","_kad_post_feature_position":"","_kad_post_header":false,"_kad_post_footer":false,"_kad_post_classname":"","footnotes":""},"class_list":["post-8810","page","type-page","status-publish","hentry"],"yoast_head":"<!-- This site is optimized with the Yoast SEO plugin v27.3 - https:\/\/yoast.com\/product\/yoast-seo-wordpress\/ -->\n<title>O Nama - Ma\u010dketina<\/title>\n<meta name=\"robots\" content=\"index, follow, max-snippet:-1, max-image-preview:large, max-video-preview:-1\" \/>\n<link rel=\"canonical\" href=\"https:\/\/macketina.com\/en\/o-nama\/\" \/>\n<meta property=\"og:locale\" content=\"en_US\" \/>\n<meta property=\"og:type\" content=\"article\" \/>\n<meta property=\"og:title\" content=\"O Nama - Ma\u010dketina\" \/>\n<meta property=\"og:description\" content=\"Dobrodo\u0161li u svet Ma\u010dketine \u2013 gde je svaka ma\u010dka kraljica, a svaki pas prijatelj. Na\u0161 cilj je da \u0161irimo svest o va\u017enosti brige o \u017eivotinjama, inspiri\u0161emo druge da udomljuju i vole, ali i da kroz dizajn i umetnost unesemo osmeh i radost u svakodnevnicu ljubitelja ma\u010daka. Sve je po\u010delo jednog obi\u010dnog dana\u2026 ispred na\u0161e zgrade,...\" \/>\n<meta property=\"og:url\" content=\"https:\/\/macketina.com\/en\/o-nama\/\" \/>\n<meta property=\"og:site_name\" content=\"Ma\u010dketina\" \/>\n<meta property=\"article:publisher\" content=\"https:\/\/www.facebook.com\/p\/macketinashop-100089621804815\/\" \/>\n<meta property=\"article:modified_time\" content=\"2025-10-15T15:55:44+00:00\" \/>\n<meta property=\"og:image\" content=\"https:\/\/macketina.com\/wp-content\/uploads\/2025\/08\/CAO-2.png\" \/>\n\t<meta property=\"og:image:width\" content=\"994\" \/>\n\t<meta property=\"og:image:height\" content=\"1024\" \/>\n\t<meta property=\"og:image:type\" content=\"image\/png\" \/>\n<meta name=\"twitter:card\" content=\"summary_large_image\" \/>\n<meta name=\"twitter:label1\" content=\"Est. reading time\" \/>\n\t<meta name=\"twitter:data1\" content=\"3 minutes\" \/>\n<script type=\"application\/ld+json\" class=\"yoast-schema-graph\">{\"@context\":\"https:\\\/\\\/schema.org\",\"@graph\":[{\"@type\":\"WebPage\",\"@id\":\"https:\\\/\\\/macketina.com\\\/o-nama\\\/\",\"url\":\"https:\\\/\\\/macketina.com\\\/o-nama\\\/\",\"name\":\"O Nama - Ma\u010dketina\",\"isPartOf\":{\"@id\":\"https:\\\/\\\/macketina.com\\\/#website\"},\"primaryImageOfPage\":{\"@id\":\"https:\\\/\\\/macketina.com\\\/o-nama\\\/#primaryimage\"},\"image\":{\"@id\":\"https:\\\/\\\/macketina.com\\\/o-nama\\\/#primaryimage\"},\"thumbnailUrl\":\"https:\\\/\\\/macketina.com\\\/wp-content\\\/uploads\\\/2025\\\/08\\\/CAO-2.png\",\"datePublished\":\"2025-07-26T16:58:23+00:00\",\"dateModified\":\"2025-10-15T15:55:44+00:00\",\"breadcrumb\":{\"@id\":\"https:\\\/\\\/macketina.com\\\/o-nama\\\/#breadcrumb\"},\"inLanguage\":\"en-US\",\"potentialAction\":[{\"@type\":\"ReadAction\",\"target\":[\"https:\\\/\\\/macketina.com\\\/o-nama\\\/\"]}]},{\"@type\":\"ImageObject\",\"inLanguage\":\"en-US\",\"@id\":\"https:\\\/\\\/macketina.com\\\/o-nama\\\/#primaryimage\",\"url\":\"https:\\\/\\\/macketina.com\\\/wp-content\\\/uploads\\\/2025\\\/08\\\/CAO-2.png\",\"contentUrl\":\"https:\\\/\\\/macketina.com\\\/wp-content\\\/uploads\\\/2025\\\/08\\\/CAO-2.png\"},{\"@type\":\"BreadcrumbList\",\"@id\":\"https:\\\/\\\/macketina.com\\\/o-nama\\\/#breadcrumb\",\"itemListElement\":[{\"@type\":\"ListItem\",\"position\":1,\"name\":\"Home\",\"item\":\"https:\\\/\\\/macketina.com\\\/\"},{\"@type\":\"ListItem\",\"position\":2,\"name\":\"O Nama\"}]},{\"@type\":\"WebSite\",\"@id\":\"https:\\\/\\\/macketina.com\\\/#website\",\"url\":\"https:\\\/\\\/macketina.com\\\/\",\"name\":\"Ma\u010dketina\",\"description\":\"Online prodavnica\",\"publisher\":{\"@id\":\"https:\\\/\\\/macketina.com\\\/#organization\"},\"alternateName\":\"Ma\u010dketina Shop\",\"potentialAction\":[{\"@type\":\"SearchAction\",\"target\":{\"@type\":\"EntryPoint\",\"urlTemplate\":\"https:\\\/\\\/macketina.com\\\/?s={search_term_string}\"},\"query-input\":{\"@type\":\"PropertyValueSpecification\",\"valueRequired\":true,\"valueName\":\"search_term_string\"}}],\"inLanguage\":\"en-US\"},{\"@type\":\"Organization\",\"@id\":\"https:\\\/\\\/macketina.com\\\/#organization\",\"name\":\"Ma\u010dketina\",\"url\":\"https:\\\/\\\/macketina.com\\\/\",\"logo\":{\"@type\":\"ImageObject\",\"inLanguage\":\"en-US\",\"@id\":\"https:\\\/\\\/macketina.com\\\/#\\\/schema\\\/logo\\\/image\\\/\",\"url\":\"https:\\\/\\\/macketina.com\\\/wp-content\\\/uploads\\\/2022\\\/11\\\/cropped-Clean-Typography-Circle-Badge-Logo.png\",\"contentUrl\":\"https:\\\/\\\/macketina.com\\\/wp-content\\\/uploads\\\/2022\\\/11\\\/cropped-Clean-Typography-Circle-Badge-Logo.png\",\"width\":512,\"height\":512,\"caption\":\"Ma\u010dketina\"},\"image\":{\"@id\":\"https:\\\/\\\/macketina.com\\\/#\\\/schema\\\/logo\\\/image\\\/\"},\"sameAs\":[\"https:\\\/\\\/www.facebook.com\\\/p\\\/macketinashop-100089621804815\\\/\",\"https:\\\/\\\/www.instagram.com\\\/macketinashop\\\/\",\"https:\\\/\\\/tiktok.com\\\/@macketinashop\",\"https:\\\/\\\/www.youtube.com\\\/@macketinashop\\\/\",\"https:\\\/\\\/www.pinterest.com\\\/macketinashop\\\/\"]}]}<\/script>\n<!-- \/ Yoast SEO plugin. -->","yoast_head_json":{"title":"O Nama - Ma\u010dketina","robots":{"index":"index","follow":"follow","max-snippet":"max-snippet:-1","max-image-preview":"max-image-preview:large","max-video-preview":"max-video-preview:-1"},"canonical":"https:\/\/macketina.com\/en\/o-nama\/","og_locale":"en_US","og_type":"article","og_title":"O Nama - Ma\u010dketina","og_description":"Dobrodo\u0161li u svet Ma\u010dketine \u2013 gde je svaka ma\u010dka kraljica, a svaki pas prijatelj. Na\u0161 cilj je da \u0161irimo svest o va\u017enosti brige o \u017eivotinjama, inspiri\u0161emo druge da udomljuju i vole, ali i da kroz dizajn i umetnost unesemo osmeh i radost u svakodnevnicu ljubitelja ma\u010daka. Sve je po\u010delo jednog obi\u010dnog dana\u2026 ispred na\u0161e zgrade,...","og_url":"https:\/\/macketina.com\/en\/o-nama\/","og_site_name":"Ma\u010dketina","article_publisher":"https:\/\/www.facebook.com\/p\/macketinashop-100089621804815\/","article_modified_time":"2025-10-15T15:55:44+00:00","og_image":[{"width":994,"height":1024,"url":"https:\/\/macketina.com\/wp-content\/uploads\/2025\/08\/CAO-2.png","type":"image\/png"}],"twitter_card":"summary_large_image","twitter_misc":{"Est. reading time":"3 minutes"},"schema":{"@context":"https:\/\/schema.org","@graph":[{"@type":"WebPage","@id":"https:\/\/macketina.com\/o-nama\/","url":"https:\/\/macketina.com\/o-nama\/","name":"O Nama - Ma\u010dketina","isPartOf":{"@id":"https:\/\/macketina.com\/#website"},"primaryImageOfPage":{"@id":"https:\/\/macketina.com\/o-nama\/#primaryimage"},"image":{"@id":"https:\/\/macketina.com\/o-nama\/#primaryimage"},"thumbnailUrl":"https:\/\/macketina.com\/wp-content\/uploads\/2025\/08\/CAO-2.png","datePublished":"2025-07-26T16:58:23+00:00","dateModified":"2025-10-15T15:55:44+00:00","breadcrumb":{"@id":"https:\/\/macketina.com\/o-nama\/#breadcrumb"},"inLanguage":"en-US","potentialAction":[{"@type":"ReadAction","target":["https:\/\/macketina.com\/o-nama\/"]}]},{"@type":"ImageObject","inLanguage":"en-US","@id":"https:\/\/macketina.com\/o-nama\/#primaryimage","url":"https:\/\/macketina.com\/wp-content\/uploads\/2025\/08\/CAO-2.png","contentUrl":"https:\/\/macketina.com\/wp-content\/uploads\/2025\/08\/CAO-2.png"},{"@type":"BreadcrumbList","@id":"https:\/\/macketina.com\/o-nama\/#breadcrumb","itemListElement":[{"@type":"ListItem","position":1,"name":"Home","item":"https:\/\/macketina.com\/"},{"@type":"ListItem","position":2,"name":"O Nama"}]},{"@type":"WebSite","@id":"https:\/\/macketina.com\/#website","url":"https:\/\/macketina.com\/","name":"Ma\u010dketina","description":"Online prodavnica","publisher":{"@id":"https:\/\/macketina.com\/#organization"},"alternateName":"Ma\u010dketina Shop","potentialAction":[{"@type":"SearchAction","target":{"@type":"EntryPoint","urlTemplate":"https:\/\/macketina.com\/?s={search_term_string}"},"query-input":{"@type":"PropertyValueSpecification","valueRequired":true,"valueName":"search_term_string"}}],"inLanguage":"en-US"},{"@type":"Organization","@id":"https:\/\/macketina.com\/#organization","name":"Ma\u010dketina","url":"https:\/\/macketina.com\/","logo":{"@type":"ImageObject","inLanguage":"en-US","@id":"https:\/\/macketina.com\/#\/schema\/logo\/image\/","url":"https:\/\/macketina.com\/wp-content\/uploads\/2022\/11\/cropped-Clean-Typography-Circle-Badge-Logo.png","contentUrl":"https:\/\/macketina.com\/wp-content\/uploads\/2022\/11\/cropped-Clean-Typography-Circle-Badge-Logo.png","width":512,"height":512,"caption":"Ma\u010dketina"},"image":{"@id":"https:\/\/macketina.com\/#\/schema\/logo\/image\/"},"sameAs":["https:\/\/www.facebook.com\/p\/macketinashop-100089621804815\/","https:\/\/www.instagram.com\/macketinashop\/","https:\/\/tiktok.com\/@macketinashop","https:\/\/www.youtube.com\/@macketinashop\/","https:\/\/www.pinterest.com\/macketinashop\/"]}]}},"_links":{"self":[{"href":"https:\/\/macketina.com\/en\/wp-json\/wp\/v2\/pages\/8810","targetHints":{"allow":["GET"]}}],"collection":[{"href":"https:\/\/macketina.com\/en\/wp-json\/wp\/v2\/pages"}],"about":[{"href":"https:\/\/macketina.com\/en\/wp-json\/wp\/v2\/types\/page"}],"author":[{"embeddable":true,"href":"https:\/\/macketina.com\/en\/wp-json\/wp\/v2\/users\/1"}],"replies":[{"embeddable":true,"href":"https:\/\/macketina.com\/en\/wp-json\/wp\/v2\/comments?post=8810"}],"version-history":[{"count":23,"href":"https:\/\/macketina.com\/en\/wp-json\/wp\/v2\/pages\/8810\/revisions"}],"predecessor-version":[{"id":9590,"href":"https:\/\/macketina.com\/en\/wp-json\/wp\/v2\/pages\/8810\/revisions\/9590"}],"wp:attachment":[{"href":"https:\/\/macketina.com\/en\/wp-json\/wp\/v2\/media?parent=8810"}],"curies":[{"name":"wp","href":"https:\/\/api.w.org\/{rel}","templated":true}]}}