{"id":10929,"date":"2025-11-28T14:47:41","date_gmt":"2025-11-28T14:47:41","guid":{"rendered":"https:\/\/macketina.com\/?post_type=product&#038;p=10929"},"modified":"2026-03-26T12:14:11","modified_gmt":"2026-03-26T12:14:11","slug":"poster-u-ramu-strazar-stolice","status":"publish","type":"product","link":"https:\/\/macketina.com\/en\/product\/poster-u-ramu-strazar-stolice\/","title":{"rendered":"Poster u ramu Stra\u017ear stolice \u2013 Idealan poklon za ljubitelje ma\u010daka"},"content":{"rendered":"<p><span style=\"font-weight: 400;\">Poster u ramu Stra\u017ear stolice &#8211; Zamislite scenu: ma\u010dka koja sedi kao pravi kralj na vrhu stare stolice, dok oko nje bezbri\u017eno skaku\u0107u pti\u010dice. Taj kontrast ne\u017enog i nesta\u0161nog \u010dini ma\u010dke jedinstvenima \u2014 i upravo ta energija je zabele\u017eena u ovom posteru <\/span><i><span style=\"font-weight: 400;\">Stra\u017ear stolice<\/span><\/i><span style=\"font-weight: 400;\">.<\/span><\/p>\n<h2><b>Poster u ramu Stra\u017ear stolice<\/b><\/h2>\n<p><span style=\"font-weight: 400;\">Crno-bela ma\u010dka sa svojim mirnim, ali budnim pogledom, postaje glavna zvezda slike. Naslon stolice u retro stilu, obojen u tirkizne tonove, zajedno sa sna\u017eno crvenom pozadinom, \u010dini ovu umetni\u010dku ilustraciju neodoljivo upe\u010datljivom. Ovo je dekor koji ne prolazi neprime\u0107eno.<\/span><\/p>\n<p><span style=\"font-weight: 400;\">Ovaj poster u ramu stvoren je za sve koji vole umetnost sa stavom \u2014 za sve koji razumeju koliko je ma\u010dka istovremeno i \u010duvar i \u0161armantni zabavlja\u010d doma.<\/span><\/p>\n<h2><b>Gde se najbolje uklapa?<\/b><\/h2>\n<p><span style=\"font-weight: 400;\">Ovaj art print odli\u010dno izgleda u:<\/span><\/p>\n<ul>\n<li style=\"font-weight: 400;\" aria-level=\"1\"><span style=\"font-weight: 400;\">Dnevnoj sobi \u2014 kao centralni dekoracioni akcenat<\/span>&nbsp;<\/li>\n<li style=\"font-weight: 400;\" aria-level=\"1\"><span style=\"font-weight: 400;\">Predsoblju \u2014 pozdravlja goste ma\u010dijom elegancijom<\/span>&nbsp;<\/li>\n<li style=\"font-weight: 400;\" aria-level=\"1\"><span style=\"font-weight: 400;\">Spava\u0107oj sobi \u2014 stvara toplu i umetni\u010dku atmosferu<\/span>&nbsp;<\/li>\n<li style=\"font-weight: 400;\" aria-level=\"1\"><span style=\"font-weight: 400;\">De\u010dijoj sobi \u2014 unosi boje i veselu energiju<\/span>&nbsp;<\/li>\n<li style=\"font-weight: 400;\" aria-level=\"1\"><span style=\"font-weight: 400;\">Radnom prostoru \u2014 daje inspiraciju uz dozu humora<\/span>&nbsp;<\/li>\n<\/ul>\n<p><span style=\"font-weight: 400;\">I naravno \u2014 savr\u0161en je za sve <\/span><b>cat ladies<\/b><span style=\"font-weight: 400;\"> i <\/span><b>cat dads<\/b><span style=\"font-weight: 400;\"> \ud83d\ude3b<\/span><\/p>\n<h2><b>Specifikacije proizvoda<\/b><\/h2>\n<p><span style=\"font-weight: 400;\">\ud83d\udccc Dimenzije u ponudi:<\/span><\/p>\n<ul>\n<li style=\"font-weight: 400;\" aria-level=\"1\"><b>21 \u00d7 30 cm<\/b><span style=\"font-weight: 400;\"> (A4 format)<\/span>&nbsp;<\/li>\n<li style=\"font-weight: 400;\" aria-level=\"1\"><b>13 \u00d7 18 cm<\/b><span style=\"font-weight: 400;\"> (manji format za police i komode)<\/span>&nbsp;<\/li>\n<\/ul>\n<p><span style=\"font-weight: 400;\">\ud83d\udccc Materijal i kvalitet:<\/span><\/p>\n<ul>\n<li style=\"font-weight: 400;\" aria-level=\"1\"><span style=\"font-weight: 400;\">Umetni\u010dki print visoke rezolucije<\/span>&nbsp;<\/li>\n<li style=\"font-weight: 400;\" aria-level=\"1\"><span style=\"font-weight: 400;\">Mat premaz za elegantan izgled<\/span>&nbsp;<\/li>\n<li style=\"font-weight: 400;\" aria-level=\"1\"><b>Ram <\/b><span style=\"font-weight: 400;\">\u00a0\u2013 minimalisti\u010dki beli ili crni dizajn, spreman za ka\u010denje<\/span>&nbsp;<\/li>\n<\/ul>\n<p><span style=\"font-weight: 400;\">\ud83d\udccc Boje:<\/span><\/p>\n<ul>\n<li style=\"font-weight: 400;\" aria-level=\"1\"><span style=\"font-weight: 400;\">Dominantna crvena pozadina za sna\u017ean vizuelni utisak<\/span>&nbsp;<\/li>\n<li style=\"font-weight: 400;\" aria-level=\"1\"><span style=\"font-weight: 400;\">Tirkizna stolica kao kontrastni element<\/span>&nbsp;<\/li>\n<li style=\"font-weight: 400;\" aria-level=\"1\"><span style=\"font-weight: 400;\">Crno-bela ma\u010dka sa prepoznatljivim obele\u017ejima<\/span>&nbsp;<\/li>\n<\/ul>\n<h2><b>Idealan poklon za posebne ljude<\/b><\/h2>\n<p><span style=\"font-weight: 400;\">Ako tra\u017eite originalan <\/span><a href=\"https:\/\/macketina.com\/en\/macke\/sta-pokloniti-osobi-koja-voli-macke\/\"><b>poklon<\/b><\/a><span style=\"font-weight: 400;\"> za ro\u0111endan, useljenje, praznik ili jednostavno \u017eelite da iznenadite nekoga ko voli ma\u010dke \u2014 ovaj poster je pun pogodak! \ud83c\udf81<\/span><span style=\"font-weight: 400;\"><br \/>\n<\/span><span style=\"font-weight: 400;\"> Nije samo dekor \u2014 ovo je pri\u010da na zidu.<\/span><\/p>\n<h3><b>Zahvalnost\u00a0<\/b><\/h3>\n<p>Hvala vam \u0161to podr\u017eavate Ma\u010dketinaShop i \u0161to zajedno \u0161irimo ljubav prema ma\u010dkama! Va\u0161a podr\u0161ka nam omogu\u0107ava da nastavimo da stvaramo jedinstvene proizvode koji spajaju kvalitet, humor i ljubav prema na\u0161im \u010detvorono\u017enim prijateljima. Pozivamo vas da zapratite na\u0161\u00a0<a href=\"https:\/\/www.instagram.com\/macketinashop\/\"><b>Instagram profil @macketinashop<\/b><\/a>, gde delimo jo\u0161 mnogo simpati\u010dnih i inspirativnih sadr\u017eaja. Kao i na\u0161\u00a0<b>YouTube kanal Macketinashop<\/b>, gde mo\u017eete prona\u0107i edukativne video klipove o ma\u010dkama. Pridru\u017eite nam se i postanite deo na\u0161e ma\u010dkoljubive zajednice!<\/p>","protected":false},"excerpt":{"rendered":"<p><span style=\"font-weight: 400;\">Poster u ramu <\/span><i><span style=\"font-weight: 400;\">Stra\u017ear stolice<\/span><\/i><span style=\"font-weight: 400;\"> prikazuje crno-belu ma\u010dku koja sedi na retro stolici okru\u017eena pti\u010dicama, na sna\u017eno crvenoj pozadini. Dostupan u dimenzijama 21\u00d730 cm i 13\u00d718 cm. Savr\u0161en <\/span><b>poklon<\/b><span style=\"font-weight: 400;\"> za ljubitelje ma\u010daka i moderan dekor za svaki dom.<\/span><\/p>","protected":false},"featured_media":10930,"comment_status":"open","ping_status":"closed","template":"","meta":{"_kad_post_transparent":"default","_kad_post_title":"","_kad_post_layout":"default","_kad_post_sidebar_id":"","_kad_post_content_style":"default","_kad_post_vertical_padding":"default","_kad_post_feature":"","_kad_post_feature_position":"","_kad_post_header":false,"_kad_post_footer":false,"_kad_post_classname":""},"product_brand":[],"product_cat":[477],"product_tag":[],"class_list":{"0":"post-10929","1":"product","2":"type-product","3":"status-publish","4":"has-post-thumbnail","6":"product_cat-poster-u-ramu","8":"first","9":"instock","10":"taxable","11":"shipping-taxable","12":"purchasable","13":"product-type-variable","14":"has-default-attributes","15":"entry","16":"content-bg","17":"loop-entry"},"yoast_head":"<!-- This site is optimized with the Yoast SEO plugin v27.5 - https:\/\/yoast.com\/product\/yoast-seo-wordpress\/ -->\n<title>Poster u ramu Stra\u017ear stolice \u2013 Idealan poklon za ljubitelje ma\u010daka - Ma\u010dketina<\/title>\n<meta name=\"description\" content=\"Poster u ramu Stra\u017ear stolice - Zamislite scenu: ma\u010dka koja sedi kao pravi kralj na vrhu stare stolice, dok oko nje bezbri\u017eno skaku\u0107u pti\u010dice.\" \/>\n<meta name=\"robots\" content=\"index, follow, max-snippet:-1, max-image-preview:large, max-video-preview:-1\" \/>\n<link rel=\"canonical\" href=\"https:\/\/macketina.com\/en\/product\/poster-u-ramu-strazar-stolice\/\" \/>\n<meta property=\"og:locale\" content=\"en_US\" \/>\n<meta property=\"og:type\" content=\"article\" \/>\n<meta property=\"og:title\" content=\"Poster u ramu Stra\u017ear stolice \u2013 Idealan poklon za ljubitelje ma\u010daka - Ma\u010dketina\" \/>\n<meta property=\"og:description\" content=\"Poster u ramu Stra\u017ear stolice - Zamislite scenu: ma\u010dka koja sedi kao pravi kralj na vrhu stare stolice, dok oko nje bezbri\u017eno skaku\u0107u pti\u010dice.\" \/>\n<meta property=\"og:url\" content=\"https:\/\/macketina.com\/en\/product\/poster-u-ramu-strazar-stolice\/\" \/>\n<meta property=\"og:site_name\" content=\"Ma\u010dketina\" \/>\n<meta property=\"article:publisher\" content=\"https:\/\/www.facebook.com\/p\/macketinashop-100089621804815\/\" \/>\n<meta property=\"article:modified_time\" content=\"2026-03-26T12:14:11+00:00\" \/>\n<meta property=\"og:image\" content=\"https:\/\/macketina.com\/wp-content\/uploads\/2025\/11\/102-4.jpg\" \/>\n\t<meta property=\"og:image:width\" content=\"1600\" \/>\n\t<meta property=\"og:image:height\" content=\"1600\" \/>\n\t<meta property=\"og:image:type\" content=\"image\/jpeg\" \/>\n<meta name=\"twitter:card\" content=\"summary_large_image\" \/>\n<meta name=\"twitter:label1\" content=\"Est. reading time\" \/>\n\t<meta name=\"twitter:data1\" content=\"2 minutes\" \/>\n<script type=\"application\/ld+json\" class=\"yoast-schema-graph\">{\"@context\":\"https:\\\/\\\/schema.org\",\"@graph\":[{\"@type\":\"WebPage\",\"@id\":\"https:\\\/\\\/macketina.com\\\/product\\\/poster-u-ramu-strazar-stolice\\\/\",\"url\":\"https:\\\/\\\/macketina.com\\\/product\\\/poster-u-ramu-strazar-stolice\\\/\",\"name\":\"Poster u ramu Stra\u017ear stolice \u2013 Idealan poklon za ljubitelje ma\u010daka - Ma\u010dketina\",\"isPartOf\":{\"@id\":\"https:\\\/\\\/macketina.com\\\/#website\"},\"primaryImageOfPage\":{\"@id\":\"https:\\\/\\\/macketina.com\\\/product\\\/poster-u-ramu-strazar-stolice\\\/#primaryimage\"},\"image\":{\"@id\":\"https:\\\/\\\/macketina.com\\\/product\\\/poster-u-ramu-strazar-stolice\\\/#primaryimage\"},\"thumbnailUrl\":\"https:\\\/\\\/macketina.com\\\/wp-content\\\/uploads\\\/2025\\\/11\\\/102-4.jpg\",\"datePublished\":\"2025-11-28T14:47:41+00:00\",\"dateModified\":\"2026-03-26T12:14:11+00:00\",\"description\":\"Poster u ramu Stra\u017ear stolice - Zamislite scenu: ma\u010dka koja sedi kao pravi kralj na vrhu stare stolice, dok oko nje bezbri\u017eno skaku\u0107u pti\u010dice.\",\"breadcrumb\":{\"@id\":\"https:\\\/\\\/macketina.com\\\/product\\\/poster-u-ramu-strazar-stolice\\\/#breadcrumb\"},\"inLanguage\":\"en-US\",\"potentialAction\":[{\"@type\":\"ReadAction\",\"target\":[\"https:\\\/\\\/macketina.com\\\/product\\\/poster-u-ramu-strazar-stolice\\\/\"]}]},{\"@type\":\"ImageObject\",\"inLanguage\":\"en-US\",\"@id\":\"https:\\\/\\\/macketina.com\\\/product\\\/poster-u-ramu-strazar-stolice\\\/#primaryimage\",\"url\":\"https:\\\/\\\/macketina.com\\\/wp-content\\\/uploads\\\/2025\\\/11\\\/102-4.jpg\",\"contentUrl\":\"https:\\\/\\\/macketina.com\\\/wp-content\\\/uploads\\\/2025\\\/11\\\/102-4.jpg\",\"width\":1600,\"height\":1600,\"caption\":\"Umetni\u010dki poster koji unosi karakter u svaki prostor.\"},{\"@type\":\"BreadcrumbList\",\"@id\":\"https:\\\/\\\/macketina.com\\\/product\\\/poster-u-ramu-strazar-stolice\\\/#breadcrumb\",\"itemListElement\":[{\"@type\":\"ListItem\",\"position\":1,\"name\":\"Home\",\"item\":\"https:\\\/\\\/macketina.com\\\/\"},{\"@type\":\"ListItem\",\"position\":2,\"name\":\"Proizvodi\",\"item\":\"https:\\\/\\\/macketina.com\\\/shop\\\/\"},{\"@type\":\"ListItem\",\"position\":3,\"name\":\"Poster u ramu Stra\u017ear stolice \u2013 Idealan poklon za ljubitelje ma\u010daka\"}]},{\"@type\":\"WebSite\",\"@id\":\"https:\\\/\\\/macketina.com\\\/#website\",\"url\":\"https:\\\/\\\/macketina.com\\\/\",\"name\":\"Ma\u010dketina\",\"description\":\"Online prodavnica\",\"publisher\":{\"@id\":\"https:\\\/\\\/macketina.com\\\/#organization\"},\"alternateName\":\"Ma\u010dketina Shop\",\"potentialAction\":[{\"@type\":\"SearchAction\",\"target\":{\"@type\":\"EntryPoint\",\"urlTemplate\":\"https:\\\/\\\/macketina.com\\\/?s={search_term_string}\"},\"query-input\":{\"@type\":\"PropertyValueSpecification\",\"valueRequired\":true,\"valueName\":\"search_term_string\"}}],\"inLanguage\":\"en-US\"},{\"@type\":\"Organization\",\"@id\":\"https:\\\/\\\/macketina.com\\\/#organization\",\"name\":\"Ma\u010dketina\",\"url\":\"https:\\\/\\\/macketina.com\\\/\",\"logo\":{\"@type\":\"ImageObject\",\"inLanguage\":\"en-US\",\"@id\":\"https:\\\/\\\/macketina.com\\\/#\\\/schema\\\/logo\\\/image\\\/\",\"url\":\"https:\\\/\\\/macketina.com\\\/wp-content\\\/uploads\\\/2022\\\/11\\\/cropped-Clean-Typography-Circle-Badge-Logo.png\",\"contentUrl\":\"https:\\\/\\\/macketina.com\\\/wp-content\\\/uploads\\\/2022\\\/11\\\/cropped-Clean-Typography-Circle-Badge-Logo.png\",\"width\":512,\"height\":512,\"caption\":\"Ma\u010dketina\"},\"image\":{\"@id\":\"https:\\\/\\\/macketina.com\\\/#\\\/schema\\\/logo\\\/image\\\/\"},\"sameAs\":[\"https:\\\/\\\/www.facebook.com\\\/p\\\/macketinashop-100089621804815\\\/\",\"https:\\\/\\\/www.instagram.com\\\/macketinashop\\\/\",\"https:\\\/\\\/tiktok.com\\\/@macketinashop\",\"https:\\\/\\\/www.youtube.com\\\/@macketinashop\\\/\",\"https:\\\/\\\/www.pinterest.com\\\/macketinashop\\\/\"]}]}<\/script>\n<!-- \/ Yoast SEO plugin. -->","yoast_head_json":{"title":"Poster u ramu Stra\u017ear stolice \u2013 Idealan poklon za ljubitelje ma\u010daka - Ma\u010dketina","description":"Poster u ramu Stra\u017ear stolice - Zamislite scenu: ma\u010dka koja sedi kao pravi kralj na vrhu stare stolice, dok oko nje bezbri\u017eno skaku\u0107u pti\u010dice.","robots":{"index":"index","follow":"follow","max-snippet":"max-snippet:-1","max-image-preview":"max-image-preview:large","max-video-preview":"max-video-preview:-1"},"canonical":"https:\/\/macketina.com\/en\/product\/poster-u-ramu-strazar-stolice\/","og_locale":"en_US","og_type":"article","og_title":"Poster u ramu Stra\u017ear stolice \u2013 Idealan poklon za ljubitelje ma\u010daka - Ma\u010dketina","og_description":"Poster u ramu Stra\u017ear stolice - Zamislite scenu: ma\u010dka koja sedi kao pravi kralj na vrhu stare stolice, dok oko nje bezbri\u017eno skaku\u0107u pti\u010dice.","og_url":"https:\/\/macketina.com\/en\/product\/poster-u-ramu-strazar-stolice\/","og_site_name":"Ma\u010dketina","article_publisher":"https:\/\/www.facebook.com\/p\/macketinashop-100089621804815\/","article_modified_time":"2026-03-26T12:14:11+00:00","og_image":[{"width":1600,"height":1600,"url":"https:\/\/macketina.com\/wp-content\/uploads\/2025\/11\/102-4.jpg","type":"image\/jpeg"}],"twitter_card":"summary_large_image","twitter_misc":{"Est. reading time":"2 minutes"},"schema":{"@context":"https:\/\/schema.org","@graph":[{"@type":"WebPage","@id":"https:\/\/macketina.com\/product\/poster-u-ramu-strazar-stolice\/","url":"https:\/\/macketina.com\/product\/poster-u-ramu-strazar-stolice\/","name":"Poster u ramu Stra\u017ear stolice \u2013 Idealan poklon za ljubitelje ma\u010daka - Ma\u010dketina","isPartOf":{"@id":"https:\/\/macketina.com\/#website"},"primaryImageOfPage":{"@id":"https:\/\/macketina.com\/product\/poster-u-ramu-strazar-stolice\/#primaryimage"},"image":{"@id":"https:\/\/macketina.com\/product\/poster-u-ramu-strazar-stolice\/#primaryimage"},"thumbnailUrl":"https:\/\/macketina.com\/wp-content\/uploads\/2025\/11\/102-4.jpg","datePublished":"2025-11-28T14:47:41+00:00","dateModified":"2026-03-26T12:14:11+00:00","description":"Poster u ramu Stra\u017ear stolice - Zamislite scenu: ma\u010dka koja sedi kao pravi kralj na vrhu stare stolice, dok oko nje bezbri\u017eno skaku\u0107u pti\u010dice.","breadcrumb":{"@id":"https:\/\/macketina.com\/product\/poster-u-ramu-strazar-stolice\/#breadcrumb"},"inLanguage":"en-US","potentialAction":[{"@type":"ReadAction","target":["https:\/\/macketina.com\/product\/poster-u-ramu-strazar-stolice\/"]}]},{"@type":"ImageObject","inLanguage":"en-US","@id":"https:\/\/macketina.com\/product\/poster-u-ramu-strazar-stolice\/#primaryimage","url":"https:\/\/macketina.com\/wp-content\/uploads\/2025\/11\/102-4.jpg","contentUrl":"https:\/\/macketina.com\/wp-content\/uploads\/2025\/11\/102-4.jpg","width":1600,"height":1600,"caption":"Umetni\u010dki poster koji unosi karakter u svaki prostor."},{"@type":"BreadcrumbList","@id":"https:\/\/macketina.com\/product\/poster-u-ramu-strazar-stolice\/#breadcrumb","itemListElement":[{"@type":"ListItem","position":1,"name":"Home","item":"https:\/\/macketina.com\/"},{"@type":"ListItem","position":2,"name":"Proizvodi","item":"https:\/\/macketina.com\/shop\/"},{"@type":"ListItem","position":3,"name":"Poster u ramu Stra\u017ear stolice \u2013 Idealan poklon za ljubitelje ma\u010daka"}]},{"@type":"WebSite","@id":"https:\/\/macketina.com\/#website","url":"https:\/\/macketina.com\/","name":"Ma\u010dketina","description":"Online prodavnica","publisher":{"@id":"https:\/\/macketina.com\/#organization"},"alternateName":"Ma\u010dketina Shop","potentialAction":[{"@type":"SearchAction","target":{"@type":"EntryPoint","urlTemplate":"https:\/\/macketina.com\/?s={search_term_string}"},"query-input":{"@type":"PropertyValueSpecification","valueRequired":true,"valueName":"search_term_string"}}],"inLanguage":"en-US"},{"@type":"Organization","@id":"https:\/\/macketina.com\/#organization","name":"Ma\u010dketina","url":"https:\/\/macketina.com\/","logo":{"@type":"ImageObject","inLanguage":"en-US","@id":"https:\/\/macketina.com\/#\/schema\/logo\/image\/","url":"https:\/\/macketina.com\/wp-content\/uploads\/2022\/11\/cropped-Clean-Typography-Circle-Badge-Logo.png","contentUrl":"https:\/\/macketina.com\/wp-content\/uploads\/2022\/11\/cropped-Clean-Typography-Circle-Badge-Logo.png","width":512,"height":512,"caption":"Ma\u010dketina"},"image":{"@id":"https:\/\/macketina.com\/#\/schema\/logo\/image\/"},"sameAs":["https:\/\/www.facebook.com\/p\/macketinashop-100089621804815\/","https:\/\/www.instagram.com\/macketinashop\/","https:\/\/tiktok.com\/@macketinashop","https:\/\/www.youtube.com\/@macketinashop\/","https:\/\/www.pinterest.com\/macketinashop\/"]}]}},"_links":{"self":[{"href":"https:\/\/macketina.com\/en\/wp-json\/wp\/v2\/product\/10929","targetHints":{"allow":["GET"]}}],"collection":[{"href":"https:\/\/macketina.com\/en\/wp-json\/wp\/v2\/product"}],"about":[{"href":"https:\/\/macketina.com\/en\/wp-json\/wp\/v2\/types\/product"}],"replies":[{"embeddable":true,"href":"https:\/\/macketina.com\/en\/wp-json\/wp\/v2\/comments?post=10929"}],"wp:featuredmedia":[{"embeddable":true,"href":"https:\/\/macketina.com\/en\/wp-json\/wp\/v2\/media\/10930"}],"wp:attachment":[{"href":"https:\/\/macketina.com\/en\/wp-json\/wp\/v2\/media?parent=10929"}],"wp:term":[{"taxonomy":"product_brand","embeddable":true,"href":"https:\/\/macketina.com\/en\/wp-json\/wp\/v2\/product_brand?post=10929"},{"taxonomy":"product_cat","embeddable":true,"href":"https:\/\/macketina.com\/en\/wp-json\/wp\/v2\/product_cat?post=10929"},{"taxonomy":"product_tag","embeddable":true,"href":"https:\/\/macketina.com\/en\/wp-json\/wp\/v2\/product_tag?post=10929"}],"curies":[{"name":"wp","href":"https:\/\/api.w.org\/{rel}","templated":true}]}}