{"id":11021,"date":"2025-12-02T18:34:43","date_gmt":"2025-12-02T18:34:43","guid":{"rendered":"https:\/\/macketina.com\/?post_type=product&#038;p=11021"},"modified":"2026-03-29T14:14:55","modified_gmt":"2026-03-29T14:14:55","slug":"bedz-nemam-planove-imam-macku","status":"publish","type":"product","link":"https:\/\/macketina.com\/en\/product\/bedz-nemam-planove-imam-macku\/","title":{"rendered":"Bed\u017e Nemam planove imam ma\u010dku \u2013 Savr\u0161en poklon za sve koji vole ma\u010dke"},"content":{"rendered":"<p><b>Bed\u017e Nemam planove imam ma\u010dku &#8211; <\/b><span style=\"font-weight: 400;\">Ako ste ikada odustali od izlaska samo zato \u0161to vam je ma\u010dka legla u krilo \u2014 onda je ovaj bed\u017e napravljen ba\u0161 za vas! <\/span><b>Bed\u017e Nemam planove imam ma\u010dku<\/b><span style=\"font-weight: 400;\"> je idealan za sve koji \u017eive \u017eivot po ma\u010dijim pravilima i ne vide ni\u0161ta lep\u0161e od ve\u010de provedenog uz predenje, ma\u017eenje i dru\u0161tvo svog krznenog prijatelja.<\/span><\/p>\n<p><span style=\"font-weight: 400;\">Na jarko roze podlozi nalazi se simpati\u010dna ilustracija ma\u010dke koja se opu\u0161teno izvalila, savr\u0161eno prikazuju\u0107i pravo stanje uma ljubitelja ma\u010daka \u2014 jednostavno, <\/span><b>planovi ne postoje kada ima\u0161 ma\u010dku<\/b><span style=\"font-weight: 400;\">. Ovaj bed\u017e jasno i duhovito poru\u010duje svima oko vas da vam je dru\u0161tvena obaveza ve\u0107 ispunjena \u2013 kod ku\u0107e vas \u010deka neko najdivniji.<\/span><\/p>\n<p><span style=\"font-weight: 400;\">Bed\u017e je dimenzije <\/span><b>58 mm<\/b><span style=\"font-weight: 400;\">, \u0161to ga \u010dini dovoljno upe\u010datljivim da se poruka odmah primeti, dok i dalje ostaje elegantan detalj na ode\u0107i ili aksesoarima. <\/span><b>Plastificirana za\u0161tita<\/b><span style=\"font-weight: 400;\"> obezbe\u0111uje otpornost na ogrebotine i du\u017ei vek trajanja, dok <\/span><b>\u0161tampa vrhunskog kvaliteta<\/b><span style=\"font-weight: 400;\"> \u010duva intenzitet boja i o\u0161trinu ilustracije \u010dak i nakon redovne upotrebe. Savr\u0161en je za torbe, majice, jakne, cegere ili ran\u010deve \u2014 i uvek \u0107e vas podsetiti na to koliko je lepo biti ma\u010dkoljubac.<\/span><\/p>\n<p><span style=\"font-weight: 400;\">Ono \u0161to ovaj bed\u017e \u010dini posebno zanimljivim jeste univerzalna poruka koju svaki vlasnik ma\u010dke razume \u2014 kada imate ma\u010dku, va\u0161i planovi se podrazumevaju. Ve\u017eba predenja, guranje glavice, \u201cpri\u010da\u201d u pola gluve no\u0107i, toplina dok spava tik uz vas\u2026 ma\u010dke uvek imaju plan, a va\u0161 jedini zadatak je da ih sledite.<\/span><\/p>\n<p><span style=\"font-weight: 400;\">Ovaj bed\u017e je <\/span><b>savr\u0161en poklon za svakog ko voli ma\u010dke<\/b><span style=\"font-weight: 400;\"> \u2014 za najbolju drugaricu, de\u010dka, sestru, koleginicu, ili sebe samog! Poklonite ga kao slatki znak pa\u017enje za ro\u0111endan, praznike, kao deo poklon paketi\u0107a ili jednostavno kada \u017eelite da obradujete ljubitelja ma\u010daka ne\u010dim originalnim i zabavnim.<\/span><\/p>\n<h3><b>Za\u0161to su bed\u017eevi toliko popularni?<\/b><\/h3>\n<p><span style=\"font-weight: 400;\">Bed\u017eevi su postali jedan od najomiljenijih na\u010dina da izrazimo svoj stil i li\u010dnost. Mali su, laki za no\u0161enje i menjanje, a opet mogu mnogo poru\u010diti. Kod ma\u010dkoljubaca je ljubav prema ovakvim detaljima jo\u0161 ja\u010da \u2014 jer svaki bed\u017e predstavlja mali oma\u017e njihovom omiljenom bi\u0107u i stil \u017eivota koji se ne mo\u017ee opisati re\u010dima, ve\u0107 samo predenjem.<\/span><\/p>\n<p><span style=\"font-weight: 400;\">Bed\u017e Nemam planove, imam ma\u010dku daje vam mogu\u0107nost da se istaknete, nasmejete druge i suptilno stavite do znanja da je va\u0161 prioritet \u2014 ma\u010dji \u017eivotni stil.<\/span><\/p>\n<h3><b>Zahvalnost \u2013\u00a0<\/b><b>Bed\u017e Nemam Planove Imam Ma\u010dku<\/b><\/h3>\n<p>Hvala vam \u0161to podr\u017eavate Ma\u010dketinaShop i \u0161to zajedno \u0161irimo ljubav prema ma\u010dkama! Va\u0161a podr\u0161ka nam omogu\u0107ava da nastavimo da stvaramo jedinstvene proizvode koji spajaju kvalitet, humor i ljubav prema na\u0161im \u010detvorono\u017enim prijateljima. Pozivamo vas da zapratite na\u0161\u00a0<a href=\"https:\/\/www.instagram.com\/macketinashop\/\"><b>Instagram profil @macketinashop<\/b><\/a>, gde delimo jo\u0161 mnogo simpati\u010dnih i inspirativnih sadr\u017eaja. Kao i na\u0161\u00a0<b>YouTube kanal Macketinashop<\/b>, gde mo\u017eete prona\u0107i edukativne video klipove o ma\u010dkama. Pridru\u017eite nam se i postanite deo na\u0161e ma\u010dkoljubive zajednice!<\/p>","protected":false},"excerpt":{"rendered":"<p><span style=\"font-weight: 400;\">Bed\u017e Nemam planove, imam ma\u010dku \u2013 58 mm, plastificiran i vrhunskog kvaliteta. Savr\u0161en poklon za ma\u010dkoljupce koji znaju da su ma\u010dke najbitniji plan u \u017eivotu!<\/span><\/p>","protected":false},"featured_media":11022,"comment_status":"open","ping_status":"closed","template":"","meta":{"_kad_post_transparent":"default","_kad_post_title":"","_kad_post_layout":"default","_kad_post_sidebar_id":"","_kad_post_content_style":"default","_kad_post_vertical_padding":"default","_kad_post_feature":"","_kad_post_feature_position":"","_kad_post_header":false,"_kad_post_footer":false,"_kad_post_classname":""},"product_brand":[],"product_cat":[480,483,484],"product_tag":[],"class_list":{"0":"post-11021","1":"product","2":"type-product","3":"status-publish","4":"has-post-thumbnail","6":"product_cat-bedzevi","7":"product_cat-cat-lady","8":"product_cat-najprodavanije","10":"first","11":"instock","12":"taxable","13":"shipping-taxable","14":"purchasable","15":"product-type-simple","16":"entry","17":"content-bg","18":"loop-entry"},"yoast_head":"<!-- This site is optimized with the Yoast SEO plugin v27.3 - https:\/\/yoast.com\/product\/yoast-seo-wordpress\/ -->\n<title>Bed\u017e Nemam planove imam ma\u010dku \u2013 Savr\u0161en poklon za sve koji vole ma\u010dke - Ma\u010dketina<\/title>\n<meta name=\"description\" content=\"Bed\u017e Nemam planove, imam ma\u010dku \u2013 plastificiran 58 mm bed\u017e vrhunskog kvaliteta. Idealan poklon za sve koji vole ma\u010dke i \u017eive \u017eivot po ma\u010dijim pravilima.\" \/>\n<meta name=\"robots\" content=\"index, follow, max-snippet:-1, max-image-preview:large, max-video-preview:-1\" \/>\n<link rel=\"canonical\" href=\"https:\/\/macketina.com\/en\/product\/bedz-nemam-planove-imam-macku\/\" \/>\n<meta property=\"og:locale\" content=\"en_US\" \/>\n<meta property=\"og:type\" content=\"article\" \/>\n<meta property=\"og:title\" content=\"Bed\u017e Nemam planove imam ma\u010dku \u2013 Savr\u0161en poklon za sve koji vole ma\u010dke - Ma\u010dketina\" \/>\n<meta property=\"og:description\" content=\"Bed\u017e Nemam planove, imam ma\u010dku \u2013 plastificiran 58 mm bed\u017e vrhunskog kvaliteta. Idealan poklon za sve koji vole ma\u010dke i \u017eive \u017eivot po ma\u010dijim pravilima.\" \/>\n<meta property=\"og:url\" content=\"https:\/\/macketina.com\/en\/product\/bedz-nemam-planove-imam-macku\/\" \/>\n<meta property=\"og:site_name\" content=\"Ma\u010dketina\" \/>\n<meta property=\"article:publisher\" content=\"https:\/\/www.facebook.com\/p\/macketinashop-100089621804815\/\" \/>\n<meta property=\"article:modified_time\" content=\"2026-03-29T14:14:55+00:00\" \/>\n<meta property=\"og:image\" content=\"https:\/\/macketina.com\/wp-content\/uploads\/2025\/12\/bedz-nemam-planove-imam-macku.jpg\" \/>\n\t<meta property=\"og:image:width\" content=\"1600\" \/>\n\t<meta property=\"og:image:height\" content=\"1600\" \/>\n\t<meta property=\"og:image:type\" content=\"image\/jpeg\" \/>\n<meta name=\"twitter:card\" content=\"summary_large_image\" \/>\n<meta name=\"twitter:label1\" content=\"Est. reading time\" \/>\n\t<meta name=\"twitter:data1\" content=\"3 minutes\" \/>\n<script type=\"application\/ld+json\" class=\"yoast-schema-graph\">{\"@context\":\"https:\\\/\\\/schema.org\",\"@graph\":[{\"@type\":\"WebPage\",\"@id\":\"https:\\\/\\\/macketina.com\\\/product\\\/bedz-nemam-planove-imam-macku\\\/\",\"url\":\"https:\\\/\\\/macketina.com\\\/product\\\/bedz-nemam-planove-imam-macku\\\/\",\"name\":\"Bed\u017e Nemam planove imam ma\u010dku \u2013 Savr\u0161en poklon za sve koji vole ma\u010dke - Ma\u010dketina\",\"isPartOf\":{\"@id\":\"https:\\\/\\\/macketina.com\\\/#website\"},\"primaryImageOfPage\":{\"@id\":\"https:\\\/\\\/macketina.com\\\/product\\\/bedz-nemam-planove-imam-macku\\\/#primaryimage\"},\"image\":{\"@id\":\"https:\\\/\\\/macketina.com\\\/product\\\/bedz-nemam-planove-imam-macku\\\/#primaryimage\"},\"thumbnailUrl\":\"https:\\\/\\\/macketina.com\\\/wp-content\\\/uploads\\\/2025\\\/12\\\/bedz-nemam-planove-imam-macku.jpg\",\"datePublished\":\"2025-12-02T18:34:43+00:00\",\"dateModified\":\"2026-03-29T14:14:55+00:00\",\"description\":\"Bed\u017e Nemam planove, imam ma\u010dku \u2013 plastificiran 58 mm bed\u017e vrhunskog kvaliteta. Idealan poklon za sve koji vole ma\u010dke i \u017eive \u017eivot po ma\u010dijim pravilima.\",\"breadcrumb\":{\"@id\":\"https:\\\/\\\/macketina.com\\\/product\\\/bedz-nemam-planove-imam-macku\\\/#breadcrumb\"},\"inLanguage\":\"en-US\",\"potentialAction\":[{\"@type\":\"ReadAction\",\"target\":[\"https:\\\/\\\/macketina.com\\\/product\\\/bedz-nemam-planove-imam-macku\\\/\"]}]},{\"@type\":\"ImageObject\",\"inLanguage\":\"en-US\",\"@id\":\"https:\\\/\\\/macketina.com\\\/product\\\/bedz-nemam-planove-imam-macku\\\/#primaryimage\",\"url\":\"https:\\\/\\\/macketina.com\\\/wp-content\\\/uploads\\\/2025\\\/12\\\/bedz-nemam-planove-imam-macku.jpg\",\"contentUrl\":\"https:\\\/\\\/macketina.com\\\/wp-content\\\/uploads\\\/2025\\\/12\\\/bedz-nemam-planove-imam-macku.jpg\",\"width\":1600,\"height\":1600,\"caption\":\"Bed\u017e Nemam planove imam ma\u010dku \u2013 Savr\u0161en poklon za sve koji vole ma\u010dke\"},{\"@type\":\"BreadcrumbList\",\"@id\":\"https:\\\/\\\/macketina.com\\\/product\\\/bedz-nemam-planove-imam-macku\\\/#breadcrumb\",\"itemListElement\":[{\"@type\":\"ListItem\",\"position\":1,\"name\":\"Home\",\"item\":\"https:\\\/\\\/macketina.com\\\/\"},{\"@type\":\"ListItem\",\"position\":2,\"name\":\"Proizvodi\",\"item\":\"https:\\\/\\\/macketina.com\\\/shop\\\/\"},{\"@type\":\"ListItem\",\"position\":3,\"name\":\"Bed\u017e Nemam planove imam ma\u010dku \u2013 Savr\u0161en poklon za sve koji vole ma\u010dke\"}]},{\"@type\":\"WebSite\",\"@id\":\"https:\\\/\\\/macketina.com\\\/#website\",\"url\":\"https:\\\/\\\/macketina.com\\\/\",\"name\":\"Ma\u010dketina\",\"description\":\"Online prodavnica\",\"publisher\":{\"@id\":\"https:\\\/\\\/macketina.com\\\/#organization\"},\"alternateName\":\"Ma\u010dketina Shop\",\"potentialAction\":[{\"@type\":\"SearchAction\",\"target\":{\"@type\":\"EntryPoint\",\"urlTemplate\":\"https:\\\/\\\/macketina.com\\\/?s={search_term_string}\"},\"query-input\":{\"@type\":\"PropertyValueSpecification\",\"valueRequired\":true,\"valueName\":\"search_term_string\"}}],\"inLanguage\":\"en-US\"},{\"@type\":\"Organization\",\"@id\":\"https:\\\/\\\/macketina.com\\\/#organization\",\"name\":\"Ma\u010dketina\",\"url\":\"https:\\\/\\\/macketina.com\\\/\",\"logo\":{\"@type\":\"ImageObject\",\"inLanguage\":\"en-US\",\"@id\":\"https:\\\/\\\/macketina.com\\\/#\\\/schema\\\/logo\\\/image\\\/\",\"url\":\"https:\\\/\\\/macketina.com\\\/wp-content\\\/uploads\\\/2022\\\/11\\\/cropped-Clean-Typography-Circle-Badge-Logo.png\",\"contentUrl\":\"https:\\\/\\\/macketina.com\\\/wp-content\\\/uploads\\\/2022\\\/11\\\/cropped-Clean-Typography-Circle-Badge-Logo.png\",\"width\":512,\"height\":512,\"caption\":\"Ma\u010dketina\"},\"image\":{\"@id\":\"https:\\\/\\\/macketina.com\\\/#\\\/schema\\\/logo\\\/image\\\/\"},\"sameAs\":[\"https:\\\/\\\/www.facebook.com\\\/p\\\/macketinashop-100089621804815\\\/\",\"https:\\\/\\\/www.instagram.com\\\/macketinashop\\\/\",\"https:\\\/\\\/tiktok.com\\\/@macketinashop\",\"https:\\\/\\\/www.youtube.com\\\/@macketinashop\\\/\",\"https:\\\/\\\/www.pinterest.com\\\/macketinashop\\\/\"]}]}<\/script>\n<!-- \/ Yoast SEO plugin. -->","yoast_head_json":{"title":"Bed\u017e Nemam planove imam ma\u010dku \u2013 Savr\u0161en poklon za sve koji vole ma\u010dke - Ma\u010dketina","description":"Bed\u017e Nemam planove, imam ma\u010dku \u2013 plastificiran 58 mm bed\u017e vrhunskog kvaliteta. Idealan poklon za sve koji vole ma\u010dke i \u017eive \u017eivot po ma\u010dijim pravilima.","robots":{"index":"index","follow":"follow","max-snippet":"max-snippet:-1","max-image-preview":"max-image-preview:large","max-video-preview":"max-video-preview:-1"},"canonical":"https:\/\/macketina.com\/en\/product\/bedz-nemam-planove-imam-macku\/","og_locale":"en_US","og_type":"article","og_title":"Bed\u017e Nemam planove imam ma\u010dku \u2013 Savr\u0161en poklon za sve koji vole ma\u010dke - Ma\u010dketina","og_description":"Bed\u017e Nemam planove, imam ma\u010dku \u2013 plastificiran 58 mm bed\u017e vrhunskog kvaliteta. Idealan poklon za sve koji vole ma\u010dke i \u017eive \u017eivot po ma\u010dijim pravilima.","og_url":"https:\/\/macketina.com\/en\/product\/bedz-nemam-planove-imam-macku\/","og_site_name":"Ma\u010dketina","article_publisher":"https:\/\/www.facebook.com\/p\/macketinashop-100089621804815\/","article_modified_time":"2026-03-29T14:14:55+00:00","og_image":[{"width":1600,"height":1600,"url":"https:\/\/macketina.com\/wp-content\/uploads\/2025\/12\/bedz-nemam-planove-imam-macku.jpg","type":"image\/jpeg"}],"twitter_card":"summary_large_image","twitter_misc":{"Est. reading time":"3 minutes"},"schema":{"@context":"https:\/\/schema.org","@graph":[{"@type":"WebPage","@id":"https:\/\/macketina.com\/product\/bedz-nemam-planove-imam-macku\/","url":"https:\/\/macketina.com\/product\/bedz-nemam-planove-imam-macku\/","name":"Bed\u017e Nemam planove imam ma\u010dku \u2013 Savr\u0161en poklon za sve koji vole ma\u010dke - Ma\u010dketina","isPartOf":{"@id":"https:\/\/macketina.com\/#website"},"primaryImageOfPage":{"@id":"https:\/\/macketina.com\/product\/bedz-nemam-planove-imam-macku\/#primaryimage"},"image":{"@id":"https:\/\/macketina.com\/product\/bedz-nemam-planove-imam-macku\/#primaryimage"},"thumbnailUrl":"https:\/\/macketina.com\/wp-content\/uploads\/2025\/12\/bedz-nemam-planove-imam-macku.jpg","datePublished":"2025-12-02T18:34:43+00:00","dateModified":"2026-03-29T14:14:55+00:00","description":"Bed\u017e Nemam planove, imam ma\u010dku \u2013 plastificiran 58 mm bed\u017e vrhunskog kvaliteta. Idealan poklon za sve koji vole ma\u010dke i \u017eive \u017eivot po ma\u010dijim pravilima.","breadcrumb":{"@id":"https:\/\/macketina.com\/product\/bedz-nemam-planove-imam-macku\/#breadcrumb"},"inLanguage":"en-US","potentialAction":[{"@type":"ReadAction","target":["https:\/\/macketina.com\/product\/bedz-nemam-planove-imam-macku\/"]}]},{"@type":"ImageObject","inLanguage":"en-US","@id":"https:\/\/macketina.com\/product\/bedz-nemam-planove-imam-macku\/#primaryimage","url":"https:\/\/macketina.com\/wp-content\/uploads\/2025\/12\/bedz-nemam-planove-imam-macku.jpg","contentUrl":"https:\/\/macketina.com\/wp-content\/uploads\/2025\/12\/bedz-nemam-planove-imam-macku.jpg","width":1600,"height":1600,"caption":"Bed\u017e Nemam planove imam ma\u010dku \u2013 Savr\u0161en poklon za sve koji vole ma\u010dke"},{"@type":"BreadcrumbList","@id":"https:\/\/macketina.com\/product\/bedz-nemam-planove-imam-macku\/#breadcrumb","itemListElement":[{"@type":"ListItem","position":1,"name":"Home","item":"https:\/\/macketina.com\/"},{"@type":"ListItem","position":2,"name":"Proizvodi","item":"https:\/\/macketina.com\/shop\/"},{"@type":"ListItem","position":3,"name":"Bed\u017e Nemam planove imam ma\u010dku \u2013 Savr\u0161en poklon za sve koji vole ma\u010dke"}]},{"@type":"WebSite","@id":"https:\/\/macketina.com\/#website","url":"https:\/\/macketina.com\/","name":"Ma\u010dketina","description":"Online prodavnica","publisher":{"@id":"https:\/\/macketina.com\/#organization"},"alternateName":"Ma\u010dketina Shop","potentialAction":[{"@type":"SearchAction","target":{"@type":"EntryPoint","urlTemplate":"https:\/\/macketina.com\/?s={search_term_string}"},"query-input":{"@type":"PropertyValueSpecification","valueRequired":true,"valueName":"search_term_string"}}],"inLanguage":"en-US"},{"@type":"Organization","@id":"https:\/\/macketina.com\/#organization","name":"Ma\u010dketina","url":"https:\/\/macketina.com\/","logo":{"@type":"ImageObject","inLanguage":"en-US","@id":"https:\/\/macketina.com\/#\/schema\/logo\/image\/","url":"https:\/\/macketina.com\/wp-content\/uploads\/2022\/11\/cropped-Clean-Typography-Circle-Badge-Logo.png","contentUrl":"https:\/\/macketina.com\/wp-content\/uploads\/2022\/11\/cropped-Clean-Typography-Circle-Badge-Logo.png","width":512,"height":512,"caption":"Ma\u010dketina"},"image":{"@id":"https:\/\/macketina.com\/#\/schema\/logo\/image\/"},"sameAs":["https:\/\/www.facebook.com\/p\/macketinashop-100089621804815\/","https:\/\/www.instagram.com\/macketinashop\/","https:\/\/tiktok.com\/@macketinashop","https:\/\/www.youtube.com\/@macketinashop\/","https:\/\/www.pinterest.com\/macketinashop\/"]}]}},"_links":{"self":[{"href":"https:\/\/macketina.com\/en\/wp-json\/wp\/v2\/product\/11021","targetHints":{"allow":["GET"]}}],"collection":[{"href":"https:\/\/macketina.com\/en\/wp-json\/wp\/v2\/product"}],"about":[{"href":"https:\/\/macketina.com\/en\/wp-json\/wp\/v2\/types\/product"}],"replies":[{"embeddable":true,"href":"https:\/\/macketina.com\/en\/wp-json\/wp\/v2\/comments?post=11021"}],"wp:featuredmedia":[{"embeddable":true,"href":"https:\/\/macketina.com\/en\/wp-json\/wp\/v2\/media\/11022"}],"wp:attachment":[{"href":"https:\/\/macketina.com\/en\/wp-json\/wp\/v2\/media?parent=11021"}],"wp:term":[{"taxonomy":"product_brand","embeddable":true,"href":"https:\/\/macketina.com\/en\/wp-json\/wp\/v2\/product_brand?post=11021"},{"taxonomy":"product_cat","embeddable":true,"href":"https:\/\/macketina.com\/en\/wp-json\/wp\/v2\/product_cat?post=11021"},{"taxonomy":"product_tag","embeddable":true,"href":"https:\/\/macketina.com\/en\/wp-json\/wp\/v2\/product_tag?post=11021"}],"curies":[{"name":"wp","href":"https:\/\/api.w.org\/{rel}","templated":true}]}}