{"id":11024,"date":"2025-12-02T18:39:56","date_gmt":"2025-12-02T18:39:56","guid":{"rendered":"https:\/\/macketina.com\/?post_type=product&#038;p=11024"},"modified":"2025-12-02T18:56:28","modified_gmt":"2025-12-02T18:56:28","slug":"bedz-macka-zna-najbolje","status":"publish","type":"product","link":"https:\/\/macketina.com\/en\/product\/bedz-macka-zna-najbolje\/","title":{"rendered":"Bed\u017e Ma\u010dka zna najbolje \u2013 Savr\u0161en poklon za sve koji vole ma\u010dke"},"content":{"rendered":"<p><span style=\"font-weight: 400;\">Bed\u017e Ma\u010dka zna najbolje &#8211; Ako postoji jedno univerzalno pravilo u \u017eivotu svih ma\u010dkoljubaca, onda je to: <\/span><b>ma\u010dka uvek zna najbolje!<\/b><span style=\"font-weight: 400;\"> A sada tu mudrost mo\u017eete ponosno nositi u vidu ovog jedinstvenog bed\u017ea. Bed\u017e Ma\u010dka zna najbolje je idealan modni dodatak za sve koji znaju da su ma\u010dke neprikosnoveni stru\u010dnjaci za \u017eivot \u2014 od savr\u0161enog odabira mesta za dremku, preko strategija za osvajanje pa\u017enje, pa sve do ume\u0107a da nas nau\u010de da u\u017eivamo u svakom trenutku.<\/span><\/p>\n<p><span style=\"font-weight: 400;\">Dizajn bed\u017ea kombinuje popularni pop-art stil sa retro efektom na ma\u010djem licu. Ma\u010dka nosi nao\u010dare i izgleda pametno, odlu\u010dno i pomalo strogo \u2014 ba\u0161 kao pravi ku\u0107ni filozof! Pozadina u ne\u017enom prelazu zeleno-plavih tonova \u010dini bed\u017e vizuelno prijatnim i lako uklopivim uz svaku kombinaciju, dok natpis \u201eMa\u010dka zna najbolje\u201c \u0161alje jasnu i zabavnu poruku koju svi ljubitelji ma\u010daka dobro razumeju.<\/span><\/p>\n<p><span style=\"font-weight: 400;\">Bed\u017e pre\u010dnika <\/span><b>58 mm<\/b><span style=\"font-weight: 400;\"> je dovoljno veliki da njegov originalan dizajn bude prime\u0107en, a opet taman da se lako uklopi bilo gde \u2014 na jaknu, ranac, torbu, duksericu, majicu, kaput ili \u010dak na ku\u0107nu oglavinu za klju\u010deve. <\/span><b>Plastificirana povr\u0161ina<\/b><span style=\"font-weight: 400;\"> pru\u017ea za\u0161titu i dugotrajnost \u2014 otporan je na ogrebotine i habanje, a <\/span><b>\u0161tampa vrhunskog kvaliteta<\/b><span style=\"font-weight: 400;\"> osigurava da boje i detalji ostanu besprekorni i posle mnogo no\u0161enja.<\/span><\/p>\n<p><span style=\"font-weight: 400;\">Ovaj bed\u017e je idealan za sve koji obo\u017eavaju ma\u010dke i vole da kroz modu poka\u017eu svoj ma\u010dji duh. <\/span><a href=\"https:\/\/macketina.com\/en\/macke\/sta-pokloniti-osobi-koja-voli-macke\/\"><b>Savr\u0161en poklon za svakog ko voli ma\u010dke<\/b><\/a><span style=\"font-weight: 400;\">, bilo da je u pitanju ro\u0111endan, praznik, mala iznena\u0111uju\u0107a pa\u017enja, ili poklon samom sebi, jer \u2014 ako neko zna najbolje, onda ste to vi i va\u0161a ma\u010dka!<\/span><\/p>\n<h3><b>Za\u0161to su bed\u017eevi toliko popularni?<\/b><\/h3>\n<p><span style=\"font-weight: 400;\">Bed\u017eevi su mali, ali mo\u0107ni dodaci koji nam omogu\u0107avaju da izrazimo svoj karakter, humor, interesovanja i stavove na najjednostavniji na\u010din. Posebno kod ljubitelja ma\u010daka, bed\u017eevi postaju svojevrsni statusni simbol: sa njima svuda nosimo svoju ljubav prema ma\u010dkama i poruke koje nas defini\u0161u. Bilo da ih menjamo svakog dana ili pravimo kolekciju, bed\u017eevi su savr\u0161en na\u010din da svaki outfit dobije dozu \u0161arma, identiteta i ma\u010dije mudrosti.<\/span><\/p>\n<p><span style=\"font-weight: 400;\">Bed\u017e Ma\u010dka zna najbolje istovremeno je i zabavan i elegantan \u2014 idealan za sve koji veruju da ma\u010dke imaju odgovor na svako pitanje. A realno\u2026 imaju!<\/span><\/p>\n<h3><b>Zahvalnost \u2013\u00a0<\/b><b>Bed\u017e Ma\u010dka Zna Najbolje<\/b><\/h3>\n<p>Hvala vam \u0161to podr\u017eavate Ma\u010dketinaShop i \u0161to zajedno \u0161irimo ljubav prema ma\u010dkama! Va\u0161a podr\u0161ka nam omogu\u0107ava da nastavimo da stvaramo jedinstvene proizvode koji spajaju kvalitet, humor i ljubav prema na\u0161im \u010detvorono\u017enim prijateljima. Pozivamo vas da zapratite na\u0161\u00a0<a href=\"https:\/\/www.instagram.com\/macketinashop\/\"><b>Instagram profil @macketinashop<\/b><\/a>, gde delimo jo\u0161 mnogo simpati\u010dnih i inspirativnih sadr\u017eaja. Kao i na\u0161\u00a0<b>YouTube kanal Macketinashop<\/b>, gde mo\u017eete prona\u0107i edukativne video klipove o ma\u010dkama. Pridru\u017eite nam se i postanite deo na\u0161e ma\u010dkoljubive zajednice!<\/p>","protected":false},"excerpt":{"rendered":"<p><span style=\"font-weight: 400;\">Bed\u017e Ma\u010dka zna najbolje \u2013 58 mm plastificiran bed\u017e vrhunskog kvaliteta, stvoren za sve koji veruju u ma\u010dju mudrost. Savr\u0161en poklon za ma\u010dkoljupce!<\/span><\/p>","protected":false},"featured_media":11025,"comment_status":"open","ping_status":"closed","template":"","meta":{"_kad_post_transparent":"default","_kad_post_title":"","_kad_post_layout":"default","_kad_post_sidebar_id":"","_kad_post_content_style":"default","_kad_post_vertical_padding":"default","_kad_post_feature":"","_kad_post_feature_position":"","_kad_post_header":false,"_kad_post_footer":false,"_kad_post_classname":""},"product_brand":[],"product_cat":[480],"product_tag":[],"class_list":{"0":"post-11024","1":"product","2":"type-product","3":"status-publish","4":"has-post-thumbnail","6":"product_cat-bedzevi","8":"first","9":"instock","10":"taxable","11":"shipping-taxable","12":"purchasable","13":"product-type-simple","14":"entry","15":"content-bg","16":"loop-entry"},"yoast_head":"<!-- This site is optimized with the Yoast SEO plugin v27.4 - https:\/\/yoast.com\/product\/yoast-seo-wordpress\/ -->\n<title>Bed\u017e Ma\u010dka zna najbolje \u2013 Savr\u0161en poklon za sve koji vole ma\u010dke - Ma\u010dketina<\/title>\n<meta name=\"description\" content=\"Bed\u017e Ma\u010dka zna najbolje \u2013 kvalitetan 58 mm plastificiran bed\u017e sa pop-art ma\u010dkom u nao\u010darima. Idealan poklon za sve ljubitelje ma\u010daka koji znaju da ma\u010dka uvek zna najbolje!\" \/>\n<meta name=\"robots\" content=\"index, follow, max-snippet:-1, max-image-preview:large, max-video-preview:-1\" \/>\n<link rel=\"canonical\" href=\"https:\/\/macketina.com\/en\/product\/bedz-macka-zna-najbolje\/\" \/>\n<meta property=\"og:locale\" content=\"en_US\" \/>\n<meta property=\"og:type\" content=\"article\" \/>\n<meta property=\"og:title\" content=\"Bed\u017e Ma\u010dka zna najbolje \u2013 Savr\u0161en poklon za sve koji vole ma\u010dke - Ma\u010dketina\" \/>\n<meta property=\"og:description\" content=\"Bed\u017e Ma\u010dka zna najbolje \u2013 kvalitetan 58 mm plastificiran bed\u017e sa pop-art ma\u010dkom u nao\u010darima. Idealan poklon za sve ljubitelje ma\u010daka koji znaju da ma\u010dka uvek zna najbolje!\" \/>\n<meta property=\"og:url\" content=\"https:\/\/macketina.com\/en\/product\/bedz-macka-zna-najbolje\/\" \/>\n<meta property=\"og:site_name\" content=\"Ma\u010dketina\" \/>\n<meta property=\"article:publisher\" content=\"https:\/\/www.facebook.com\/p\/macketinashop-100089621804815\/\" \/>\n<meta property=\"article:modified_time\" content=\"2025-12-02T18:56:28+00:00\" \/>\n<meta property=\"og:image\" content=\"https:\/\/macketina.com\/wp-content\/uploads\/2025\/12\/bedz-macka-zna-najbolje.jpg\" \/>\n\t<meta property=\"og:image:width\" content=\"1600\" \/>\n\t<meta property=\"og:image:height\" content=\"1600\" \/>\n\t<meta property=\"og:image:type\" content=\"image\/jpeg\" \/>\n<meta name=\"twitter:card\" content=\"summary_large_image\" \/>\n<meta name=\"twitter:label1\" content=\"Est. reading time\" \/>\n\t<meta name=\"twitter:data1\" content=\"3 minutes\" \/>\n<script type=\"application\/ld+json\" class=\"yoast-schema-graph\">{\"@context\":\"https:\\\/\\\/schema.org\",\"@graph\":[{\"@type\":\"WebPage\",\"@id\":\"https:\\\/\\\/macketina.com\\\/product\\\/bedz-macka-zna-najbolje\\\/\",\"url\":\"https:\\\/\\\/macketina.com\\\/product\\\/bedz-macka-zna-najbolje\\\/\",\"name\":\"Bed\u017e Ma\u010dka zna najbolje \u2013 Savr\u0161en poklon za sve koji vole ma\u010dke - Ma\u010dketina\",\"isPartOf\":{\"@id\":\"https:\\\/\\\/macketina.com\\\/#website\"},\"primaryImageOfPage\":{\"@id\":\"https:\\\/\\\/macketina.com\\\/product\\\/bedz-macka-zna-najbolje\\\/#primaryimage\"},\"image\":{\"@id\":\"https:\\\/\\\/macketina.com\\\/product\\\/bedz-macka-zna-najbolje\\\/#primaryimage\"},\"thumbnailUrl\":\"https:\\\/\\\/macketina.com\\\/wp-content\\\/uploads\\\/2025\\\/12\\\/bedz-macka-zna-najbolje.jpg\",\"datePublished\":\"2025-12-02T18:39:56+00:00\",\"dateModified\":\"2025-12-02T18:56:28+00:00\",\"description\":\"Bed\u017e Ma\u010dka zna najbolje \u2013 kvalitetan 58 mm plastificiran bed\u017e sa pop-art ma\u010dkom u nao\u010darima. Idealan poklon za sve ljubitelje ma\u010daka koji znaju da ma\u010dka uvek zna najbolje!\",\"breadcrumb\":{\"@id\":\"https:\\\/\\\/macketina.com\\\/product\\\/bedz-macka-zna-najbolje\\\/#breadcrumb\"},\"inLanguage\":\"en-US\",\"potentialAction\":[{\"@type\":\"ReadAction\",\"target\":[\"https:\\\/\\\/macketina.com\\\/product\\\/bedz-macka-zna-najbolje\\\/\"]}]},{\"@type\":\"ImageObject\",\"inLanguage\":\"en-US\",\"@id\":\"https:\\\/\\\/macketina.com\\\/product\\\/bedz-macka-zna-najbolje\\\/#primaryimage\",\"url\":\"https:\\\/\\\/macketina.com\\\/wp-content\\\/uploads\\\/2025\\\/12\\\/bedz-macka-zna-najbolje.jpg\",\"contentUrl\":\"https:\\\/\\\/macketina.com\\\/wp-content\\\/uploads\\\/2025\\\/12\\\/bedz-macka-zna-najbolje.jpg\",\"width\":1600,\"height\":1600,\"caption\":\"Bed\u017e Ma\u010dka zna najbolje \u2013 Savr\u0161en poklon za sve koji vole ma\u010dke\"},{\"@type\":\"BreadcrumbList\",\"@id\":\"https:\\\/\\\/macketina.com\\\/product\\\/bedz-macka-zna-najbolje\\\/#breadcrumb\",\"itemListElement\":[{\"@type\":\"ListItem\",\"position\":1,\"name\":\"Home\",\"item\":\"https:\\\/\\\/macketina.com\\\/\"},{\"@type\":\"ListItem\",\"position\":2,\"name\":\"Proizvodi\",\"item\":\"https:\\\/\\\/macketina.com\\\/shop\\\/\"},{\"@type\":\"ListItem\",\"position\":3,\"name\":\"Bed\u017e Ma\u010dka zna najbolje \u2013 Savr\u0161en poklon za sve koji vole ma\u010dke\"}]},{\"@type\":\"WebSite\",\"@id\":\"https:\\\/\\\/macketina.com\\\/#website\",\"url\":\"https:\\\/\\\/macketina.com\\\/\",\"name\":\"Ma\u010dketina\",\"description\":\"Online prodavnica\",\"publisher\":{\"@id\":\"https:\\\/\\\/macketina.com\\\/#organization\"},\"alternateName\":\"Ma\u010dketina Shop\",\"potentialAction\":[{\"@type\":\"SearchAction\",\"target\":{\"@type\":\"EntryPoint\",\"urlTemplate\":\"https:\\\/\\\/macketina.com\\\/?s={search_term_string}\"},\"query-input\":{\"@type\":\"PropertyValueSpecification\",\"valueRequired\":true,\"valueName\":\"search_term_string\"}}],\"inLanguage\":\"en-US\"},{\"@type\":\"Organization\",\"@id\":\"https:\\\/\\\/macketina.com\\\/#organization\",\"name\":\"Ma\u010dketina\",\"url\":\"https:\\\/\\\/macketina.com\\\/\",\"logo\":{\"@type\":\"ImageObject\",\"inLanguage\":\"en-US\",\"@id\":\"https:\\\/\\\/macketina.com\\\/#\\\/schema\\\/logo\\\/image\\\/\",\"url\":\"https:\\\/\\\/macketina.com\\\/wp-content\\\/uploads\\\/2022\\\/11\\\/cropped-Clean-Typography-Circle-Badge-Logo.png\",\"contentUrl\":\"https:\\\/\\\/macketina.com\\\/wp-content\\\/uploads\\\/2022\\\/11\\\/cropped-Clean-Typography-Circle-Badge-Logo.png\",\"width\":512,\"height\":512,\"caption\":\"Ma\u010dketina\"},\"image\":{\"@id\":\"https:\\\/\\\/macketina.com\\\/#\\\/schema\\\/logo\\\/image\\\/\"},\"sameAs\":[\"https:\\\/\\\/www.facebook.com\\\/p\\\/macketinashop-100089621804815\\\/\",\"https:\\\/\\\/www.instagram.com\\\/macketinashop\\\/\",\"https:\\\/\\\/tiktok.com\\\/@macketinashop\",\"https:\\\/\\\/www.youtube.com\\\/@macketinashop\\\/\",\"https:\\\/\\\/www.pinterest.com\\\/macketinashop\\\/\"]}]}<\/script>\n<!-- \/ Yoast SEO plugin. -->","yoast_head_json":{"title":"Bed\u017e Ma\u010dka zna najbolje \u2013 Savr\u0161en poklon za sve koji vole ma\u010dke - Ma\u010dketina","description":"Bed\u017e Ma\u010dka zna najbolje \u2013 kvalitetan 58 mm plastificiran bed\u017e sa pop-art ma\u010dkom u nao\u010darima. Idealan poklon za sve ljubitelje ma\u010daka koji znaju da ma\u010dka uvek zna najbolje!","robots":{"index":"index","follow":"follow","max-snippet":"max-snippet:-1","max-image-preview":"max-image-preview:large","max-video-preview":"max-video-preview:-1"},"canonical":"https:\/\/macketina.com\/en\/product\/bedz-macka-zna-najbolje\/","og_locale":"en_US","og_type":"article","og_title":"Bed\u017e Ma\u010dka zna najbolje \u2013 Savr\u0161en poklon za sve koji vole ma\u010dke - Ma\u010dketina","og_description":"Bed\u017e Ma\u010dka zna najbolje \u2013 kvalitetan 58 mm plastificiran bed\u017e sa pop-art ma\u010dkom u nao\u010darima. Idealan poklon za sve ljubitelje ma\u010daka koji znaju da ma\u010dka uvek zna najbolje!","og_url":"https:\/\/macketina.com\/en\/product\/bedz-macka-zna-najbolje\/","og_site_name":"Ma\u010dketina","article_publisher":"https:\/\/www.facebook.com\/p\/macketinashop-100089621804815\/","article_modified_time":"2025-12-02T18:56:28+00:00","og_image":[{"width":1600,"height":1600,"url":"https:\/\/macketina.com\/wp-content\/uploads\/2025\/12\/bedz-macka-zna-najbolje.jpg","type":"image\/jpeg"}],"twitter_card":"summary_large_image","twitter_misc":{"Est. reading time":"3 minutes"},"schema":{"@context":"https:\/\/schema.org","@graph":[{"@type":"WebPage","@id":"https:\/\/macketina.com\/product\/bedz-macka-zna-najbolje\/","url":"https:\/\/macketina.com\/product\/bedz-macka-zna-najbolje\/","name":"Bed\u017e Ma\u010dka zna najbolje \u2013 Savr\u0161en poklon za sve koji vole ma\u010dke - Ma\u010dketina","isPartOf":{"@id":"https:\/\/macketina.com\/#website"},"primaryImageOfPage":{"@id":"https:\/\/macketina.com\/product\/bedz-macka-zna-najbolje\/#primaryimage"},"image":{"@id":"https:\/\/macketina.com\/product\/bedz-macka-zna-najbolje\/#primaryimage"},"thumbnailUrl":"https:\/\/macketina.com\/wp-content\/uploads\/2025\/12\/bedz-macka-zna-najbolje.jpg","datePublished":"2025-12-02T18:39:56+00:00","dateModified":"2025-12-02T18:56:28+00:00","description":"Bed\u017e Ma\u010dka zna najbolje \u2013 kvalitetan 58 mm plastificiran bed\u017e sa pop-art ma\u010dkom u nao\u010darima. Idealan poklon za sve ljubitelje ma\u010daka koji znaju da ma\u010dka uvek zna najbolje!","breadcrumb":{"@id":"https:\/\/macketina.com\/product\/bedz-macka-zna-najbolje\/#breadcrumb"},"inLanguage":"en-US","potentialAction":[{"@type":"ReadAction","target":["https:\/\/macketina.com\/product\/bedz-macka-zna-najbolje\/"]}]},{"@type":"ImageObject","inLanguage":"en-US","@id":"https:\/\/macketina.com\/product\/bedz-macka-zna-najbolje\/#primaryimage","url":"https:\/\/macketina.com\/wp-content\/uploads\/2025\/12\/bedz-macka-zna-najbolje.jpg","contentUrl":"https:\/\/macketina.com\/wp-content\/uploads\/2025\/12\/bedz-macka-zna-najbolje.jpg","width":1600,"height":1600,"caption":"Bed\u017e Ma\u010dka zna najbolje \u2013 Savr\u0161en poklon za sve koji vole ma\u010dke"},{"@type":"BreadcrumbList","@id":"https:\/\/macketina.com\/product\/bedz-macka-zna-najbolje\/#breadcrumb","itemListElement":[{"@type":"ListItem","position":1,"name":"Home","item":"https:\/\/macketina.com\/"},{"@type":"ListItem","position":2,"name":"Proizvodi","item":"https:\/\/macketina.com\/shop\/"},{"@type":"ListItem","position":3,"name":"Bed\u017e Ma\u010dka zna najbolje \u2013 Savr\u0161en poklon za sve koji vole ma\u010dke"}]},{"@type":"WebSite","@id":"https:\/\/macketina.com\/#website","url":"https:\/\/macketina.com\/","name":"Ma\u010dketina","description":"Online prodavnica","publisher":{"@id":"https:\/\/macketina.com\/#organization"},"alternateName":"Ma\u010dketina Shop","potentialAction":[{"@type":"SearchAction","target":{"@type":"EntryPoint","urlTemplate":"https:\/\/macketina.com\/?s={search_term_string}"},"query-input":{"@type":"PropertyValueSpecification","valueRequired":true,"valueName":"search_term_string"}}],"inLanguage":"en-US"},{"@type":"Organization","@id":"https:\/\/macketina.com\/#organization","name":"Ma\u010dketina","url":"https:\/\/macketina.com\/","logo":{"@type":"ImageObject","inLanguage":"en-US","@id":"https:\/\/macketina.com\/#\/schema\/logo\/image\/","url":"https:\/\/macketina.com\/wp-content\/uploads\/2022\/11\/cropped-Clean-Typography-Circle-Badge-Logo.png","contentUrl":"https:\/\/macketina.com\/wp-content\/uploads\/2022\/11\/cropped-Clean-Typography-Circle-Badge-Logo.png","width":512,"height":512,"caption":"Ma\u010dketina"},"image":{"@id":"https:\/\/macketina.com\/#\/schema\/logo\/image\/"},"sameAs":["https:\/\/www.facebook.com\/p\/macketinashop-100089621804815\/","https:\/\/www.instagram.com\/macketinashop\/","https:\/\/tiktok.com\/@macketinashop","https:\/\/www.youtube.com\/@macketinashop\/","https:\/\/www.pinterest.com\/macketinashop\/"]}]}},"_links":{"self":[{"href":"https:\/\/macketina.com\/en\/wp-json\/wp\/v2\/product\/11024","targetHints":{"allow":["GET"]}}],"collection":[{"href":"https:\/\/macketina.com\/en\/wp-json\/wp\/v2\/product"}],"about":[{"href":"https:\/\/macketina.com\/en\/wp-json\/wp\/v2\/types\/product"}],"replies":[{"embeddable":true,"href":"https:\/\/macketina.com\/en\/wp-json\/wp\/v2\/comments?post=11024"}],"wp:featuredmedia":[{"embeddable":true,"href":"https:\/\/macketina.com\/en\/wp-json\/wp\/v2\/media\/11025"}],"wp:attachment":[{"href":"https:\/\/macketina.com\/en\/wp-json\/wp\/v2\/media?parent=11024"}],"wp:term":[{"taxonomy":"product_brand","embeddable":true,"href":"https:\/\/macketina.com\/en\/wp-json\/wp\/v2\/product_brand?post=11024"},{"taxonomy":"product_cat","embeddable":true,"href":"https:\/\/macketina.com\/en\/wp-json\/wp\/v2\/product_cat?post=11024"},{"taxonomy":"product_tag","embeddable":true,"href":"https:\/\/macketina.com\/en\/wp-json\/wp\/v2\/product_tag?post=11024"}],"curies":[{"name":"wp","href":"https:\/\/api.w.org\/{rel}","templated":true}]}}