{"id":11028,"date":"2025-12-02T18:51:00","date_gmt":"2025-12-02T18:51:00","guid":{"rendered":"https:\/\/macketina.com\/?post_type=product&#038;p=11028"},"modified":"2025-12-02T18:55:02","modified_gmt":"2025-12-02T18:55:02","slug":"bedz-sta-gledas-mjau","status":"publish","type":"product","link":"https:\/\/macketina.com\/en\/product\/bedz-sta-gledas-mjau\/","title":{"rendered":"Bed\u017e \u0160ta gleda\u0161 mjau \u2013 Savr\u0161en poklon za sve koji vole ma\u010dke"},"content":{"rendered":"<p><span style=\"font-weight: 400;\">Za sve ma\u010dkoljubce koji vole humor i malo nesta\u0161nog ma\u010djeg stava, <\/span><b>Bed\u017e \u0160ta gleda\u0161 mjau<\/b><span style=\"font-weight: 400;\"> je modni detalj koji \u0107e sigurno izmamiti osmeh svakome ko ga vidi. Ovaj bed\u017e donosi kombinaciju duhovite poruke i simpati\u010dne ilustracije radoznale ma\u010dke koja ba\u0161 kao da proviruje iza ivice \u2014 spremna da vas zapita: \u201e\u0160ta gleda\u0161, mjau?\u201c Na jarko \u017eutoj pozadini ovaj dizajn je i vizuelno upe\u010datljiv i savr\u0161eno \u0161aljiv.<\/span><\/p>\n<p><span style=\"font-weight: 400;\">Bed\u017e pre\u010dnika <\/span><b>58 mm<\/b><span style=\"font-weight: 400;\"> savr\u0161ene je veli\u010dine da se primeti na svakom komadu ode\u0107e ili dodatka kao \u0161to su rancevi, cegeri, jakne i torbe. <\/span><b>Plastificirani zavr\u0161ni sloj<\/b><span style=\"font-weight: 400;\"> \u0161titi ga od o\u0161te\u0107enja, a <\/span><b>\u0161tampa vrhunskog kvaliteta<\/b><span style=\"font-weight: 400;\"> garantuje da \u0107e boje ostati \u017eive i jasne \u010dak i nakon dugog no\u0161enja. Ovaj bed\u017e je idealan detalj za sve ma\u010dkoljupce koji kroz stil vole da poka\u017eu karakter \u2014 pomalo buntovan, uvek znati\u017eeljan i \u0161armantno pomalo drzak, ba\u0161 kao ma\u010dka.<\/span><\/p>\n<p><span style=\"font-weight: 400;\">Ono \u0161to \u010dini ovaj bed\u017e posebnim jeste pristupa\u010dan na\u010din izra\u017eavanja ljubavi prema ma\u010dkama. Bez ijedne re\u010di obja\u0161njenja, svi \u0107e odmah znati da ste osoba kojoj se ma\u010dke ne samo dopadaju \u2014 ve\u0107 su stil \u017eivota. A ako volite da se izdvajate originalnim detaljima, ovaj bed\u017e \u0107e savr\u0161eno upotpuniti va\u0161u modu, bilo da je nosite u \u0161etnji, na poslu, kroz grad ili na dru\u017eenjima. Gde god da se pojavi, privla\u010di pa\u017enju i vra\u0107a dobro raspolo\u017eenje.<\/span><\/p>\n<p><span style=\"font-weight: 400;\">Naravno, ovo je i <\/span><b>savr\u0161en poklon za svakog ko voli ma\u010dke<\/b><span style=\"font-weight: 400;\">:<\/span><span style=\"font-weight: 400;\"><br \/>\n<\/span><span style=\"font-weight: 400;\"> \u2013 za najbolju drugaricu koja je zaljubljena u ma\u010dke,<\/span><span style=\"font-weight: 400;\"><br \/>\n<\/span><span style=\"font-weight: 400;\"> \u2013 za kolegu koji stalno gleda ma\u010dje videe,<\/span><span style=\"font-weight: 400;\"><br \/>\n<\/span><span style=\"font-weight: 400;\"> \u2013 za \u010dlana porodice koji zna svaki ma\u010dji pogled,<\/span><span style=\"font-weight: 400;\"><br \/>\n<\/span><span style=\"font-weight: 400;\"> \u2013 ili kao sjajan dodatak poklon paketu za ma\u010dkoljupce.<\/span><\/p>\n<h3><b>Za\u0161to su bed\u017eevi toliko popularni?<\/b><\/h3>\n<p><span style=\"font-weight: 400;\">Bed\u017eevi su savr\u0161ena kombinacija mode i li\u010dnog izraza. Mali, laki za kombinovanje i uvek spremni da prenesu poruku o onome \u0161to volimo i ko smo. Ljubitelji ma\u010daka posebno u\u017eivaju u ovim detaljima, jer predstavljaju simpati\u010dan na\u010din da poka\u017eu svoju strast, a pritom nasmeju okolinu. Kolekcionari bed\u017eeva znaju da svaki bed\u017e nosi mali deo li\u010dnosti \u2014 a ovaj nosi ogroman ma\u010dji \u0161arm!<\/span><\/p>\n<p><span style=\"font-weight: 400;\">Bed\u017e \u0160ta gleda\u0161, mjau? je idealan izbor za sve koji vole duhovite, minimalisti\u010dke, ali izrazito upe\u010datljive dizajne \u2014 i naravno, za one \u010diji je \u017eivot zauvek obojen ma\u010djom energijom i neodoljivim pogledom koji sve ka\u017ee.<\/span><\/p>\n<h3><b>Zahvalnost \u2013\u00a0<\/b><b>Bed\u017e \u0160ta gleda\u0161 mjau<\/b><\/h3>\n<p>Hvala vam \u0161to podr\u017eavate Ma\u010dketinaShop i \u0161to zajedno \u0161irimo ljubav prema ma\u010dkama! Va\u0161a podr\u0161ka nam omogu\u0107ava da nastavimo da stvaramo jedinstvene proizvode koji spajaju kvalitet, humor i ljubav prema na\u0161im \u010detvorono\u017enim prijateljima. Pozivamo vas da zapratite na\u0161\u00a0<a href=\"https:\/\/www.instagram.com\/macketinashop\/\"><b>Instagram profil @macketinashop<\/b><\/a>, gde delimo jo\u0161 mnogo simpati\u010dnih i inspirativnih sadr\u017eaja. Kao i na\u0161\u00a0<b>YouTube kanal Macketinashop<\/b>, gde mo\u017eete prona\u0107i edukativne video klipove o ma\u010dkama. Pridru\u017eite nam se i postanite deo na\u0161e ma\u010dkoljubive zajednice!<\/p>","protected":false},"excerpt":{"rendered":"<p><span style=\"font-weight: 400;\">Bed\u017e \u0160ta gleda\u0161, mjau? \u2013 58 mm, plastificiran i vrhunskog kvaliteta. Duhovit i \u0161armantan detalj, savr\u0161en poklon za sve ljubitelje ma\u010daka.<\/span><\/p>","protected":false},"featured_media":11029,"comment_status":"open","ping_status":"closed","template":"","meta":{"_kad_post_transparent":"default","_kad_post_title":"","_kad_post_layout":"default","_kad_post_sidebar_id":"","_kad_post_content_style":"default","_kad_post_vertical_padding":"default","_kad_post_feature":"","_kad_post_feature_position":"","_kad_post_header":false,"_kad_post_footer":false,"_kad_post_classname":""},"product_brand":[],"product_cat":[480],"product_tag":[],"class_list":{"0":"post-11028","1":"product","2":"type-product","3":"status-publish","4":"has-post-thumbnail","6":"product_cat-bedzevi","8":"first","9":"instock","10":"taxable","11":"shipping-taxable","12":"purchasable","13":"product-type-simple","14":"entry","15":"content-bg","16":"loop-entry"},"yoast_head":"<!-- This site is optimized with the Yoast SEO plugin v27.5 - https:\/\/yoast.com\/product\/yoast-seo-wordpress\/ -->\n<title>Bed\u017e \u0160ta gleda\u0161 mjau \u2013 Savr\u0161en poklon za sve koji vole ma\u010dke - Ma\u010dketina<\/title>\n<meta name=\"description\" content=\"Bed\u017e \u0160ta gleda\u0161, mjau? \u2013 plastificiran 58 mm bed\u017e vrhunskog kvaliteta. Idealan poklon za ma\u010dkoljupce koji vole humor i simpati\u010dne ma\u010dje ilustracije.\" \/>\n<meta name=\"robots\" content=\"index, follow, max-snippet:-1, max-image-preview:large, max-video-preview:-1\" \/>\n<link rel=\"canonical\" href=\"https:\/\/macketina.com\/en\/product\/bedz-sta-gledas-mjau\/\" \/>\n<meta property=\"og:locale\" content=\"en_US\" \/>\n<meta property=\"og:type\" content=\"article\" \/>\n<meta property=\"og:title\" content=\"Bed\u017e \u0160ta gleda\u0161 mjau \u2013 Savr\u0161en poklon za sve koji vole ma\u010dke - Ma\u010dketina\" \/>\n<meta property=\"og:description\" content=\"Bed\u017e \u0160ta gleda\u0161, mjau? \u2013 plastificiran 58 mm bed\u017e vrhunskog kvaliteta. Idealan poklon za ma\u010dkoljupce koji vole humor i simpati\u010dne ma\u010dje ilustracije.\" \/>\n<meta property=\"og:url\" content=\"https:\/\/macketina.com\/en\/product\/bedz-sta-gledas-mjau\/\" \/>\n<meta property=\"og:site_name\" content=\"Ma\u010dketina\" \/>\n<meta property=\"article:publisher\" content=\"https:\/\/www.facebook.com\/p\/macketinashop-100089621804815\/\" \/>\n<meta property=\"article:modified_time\" content=\"2025-12-02T18:55:02+00:00\" \/>\n<meta property=\"og:image\" content=\"https:\/\/macketina.com\/wp-content\/uploads\/2025\/12\/bedz-sta-gledas-mjau.jpg\" \/>\n\t<meta property=\"og:image:width\" content=\"1600\" \/>\n\t<meta property=\"og:image:height\" content=\"1600\" \/>\n\t<meta property=\"og:image:type\" content=\"image\/jpeg\" \/>\n<meta name=\"twitter:card\" content=\"summary_large_image\" \/>\n<meta name=\"twitter:label1\" content=\"Est. reading time\" \/>\n\t<meta name=\"twitter:data1\" content=\"3 minutes\" \/>\n<script type=\"application\/ld+json\" class=\"yoast-schema-graph\">{\"@context\":\"https:\\\/\\\/schema.org\",\"@graph\":[{\"@type\":\"WebPage\",\"@id\":\"https:\\\/\\\/macketina.com\\\/product\\\/bedz-sta-gledas-mjau\\\/\",\"url\":\"https:\\\/\\\/macketina.com\\\/product\\\/bedz-sta-gledas-mjau\\\/\",\"name\":\"Bed\u017e \u0160ta gleda\u0161 mjau \u2013 Savr\u0161en poklon za sve koji vole ma\u010dke - Ma\u010dketina\",\"isPartOf\":{\"@id\":\"https:\\\/\\\/macketina.com\\\/#website\"},\"primaryImageOfPage\":{\"@id\":\"https:\\\/\\\/macketina.com\\\/product\\\/bedz-sta-gledas-mjau\\\/#primaryimage\"},\"image\":{\"@id\":\"https:\\\/\\\/macketina.com\\\/product\\\/bedz-sta-gledas-mjau\\\/#primaryimage\"},\"thumbnailUrl\":\"https:\\\/\\\/macketina.com\\\/wp-content\\\/uploads\\\/2025\\\/12\\\/bedz-sta-gledas-mjau.jpg\",\"datePublished\":\"2025-12-02T18:51:00+00:00\",\"dateModified\":\"2025-12-02T18:55:02+00:00\",\"description\":\"Bed\u017e \u0160ta gleda\u0161, mjau? \u2013 plastificiran 58 mm bed\u017e vrhunskog kvaliteta. Idealan poklon za ma\u010dkoljupce koji vole humor i simpati\u010dne ma\u010dje ilustracije.\",\"breadcrumb\":{\"@id\":\"https:\\\/\\\/macketina.com\\\/product\\\/bedz-sta-gledas-mjau\\\/#breadcrumb\"},\"inLanguage\":\"en-US\",\"potentialAction\":[{\"@type\":\"ReadAction\",\"target\":[\"https:\\\/\\\/macketina.com\\\/product\\\/bedz-sta-gledas-mjau\\\/\"]}]},{\"@type\":\"ImageObject\",\"inLanguage\":\"en-US\",\"@id\":\"https:\\\/\\\/macketina.com\\\/product\\\/bedz-sta-gledas-mjau\\\/#primaryimage\",\"url\":\"https:\\\/\\\/macketina.com\\\/wp-content\\\/uploads\\\/2025\\\/12\\\/bedz-sta-gledas-mjau.jpg\",\"contentUrl\":\"https:\\\/\\\/macketina.com\\\/wp-content\\\/uploads\\\/2025\\\/12\\\/bedz-sta-gledas-mjau.jpg\",\"width\":1600,\"height\":1600,\"caption\":\"Bed\u017e \u0160ta gleda\u0161 mjau \u2013 Savr\u0161en poklon za sve koji vole ma\u010dke\"},{\"@type\":\"BreadcrumbList\",\"@id\":\"https:\\\/\\\/macketina.com\\\/product\\\/bedz-sta-gledas-mjau\\\/#breadcrumb\",\"itemListElement\":[{\"@type\":\"ListItem\",\"position\":1,\"name\":\"Home\",\"item\":\"https:\\\/\\\/macketina.com\\\/\"},{\"@type\":\"ListItem\",\"position\":2,\"name\":\"Proizvodi\",\"item\":\"https:\\\/\\\/macketina.com\\\/shop\\\/\"},{\"@type\":\"ListItem\",\"position\":3,\"name\":\"Bed\u017e \u0160ta gleda\u0161 mjau \u2013 Savr\u0161en poklon za sve koji vole ma\u010dke\"}]},{\"@type\":\"WebSite\",\"@id\":\"https:\\\/\\\/macketina.com\\\/#website\",\"url\":\"https:\\\/\\\/macketina.com\\\/\",\"name\":\"Ma\u010dketina\",\"description\":\"Online prodavnica\",\"publisher\":{\"@id\":\"https:\\\/\\\/macketina.com\\\/#organization\"},\"alternateName\":\"Ma\u010dketina Shop\",\"potentialAction\":[{\"@type\":\"SearchAction\",\"target\":{\"@type\":\"EntryPoint\",\"urlTemplate\":\"https:\\\/\\\/macketina.com\\\/?s={search_term_string}\"},\"query-input\":{\"@type\":\"PropertyValueSpecification\",\"valueRequired\":true,\"valueName\":\"search_term_string\"}}],\"inLanguage\":\"en-US\"},{\"@type\":\"Organization\",\"@id\":\"https:\\\/\\\/macketina.com\\\/#organization\",\"name\":\"Ma\u010dketina\",\"url\":\"https:\\\/\\\/macketina.com\\\/\",\"logo\":{\"@type\":\"ImageObject\",\"inLanguage\":\"en-US\",\"@id\":\"https:\\\/\\\/macketina.com\\\/#\\\/schema\\\/logo\\\/image\\\/\",\"url\":\"https:\\\/\\\/macketina.com\\\/wp-content\\\/uploads\\\/2022\\\/11\\\/cropped-Clean-Typography-Circle-Badge-Logo.png\",\"contentUrl\":\"https:\\\/\\\/macketina.com\\\/wp-content\\\/uploads\\\/2022\\\/11\\\/cropped-Clean-Typography-Circle-Badge-Logo.png\",\"width\":512,\"height\":512,\"caption\":\"Ma\u010dketina\"},\"image\":{\"@id\":\"https:\\\/\\\/macketina.com\\\/#\\\/schema\\\/logo\\\/image\\\/\"},\"sameAs\":[\"https:\\\/\\\/www.facebook.com\\\/p\\\/macketinashop-100089621804815\\\/\",\"https:\\\/\\\/www.instagram.com\\\/macketinashop\\\/\",\"https:\\\/\\\/tiktok.com\\\/@macketinashop\",\"https:\\\/\\\/www.youtube.com\\\/@macketinashop\\\/\",\"https:\\\/\\\/www.pinterest.com\\\/macketinashop\\\/\"]}]}<\/script>\n<!-- \/ Yoast SEO plugin. -->","yoast_head_json":{"title":"Bed\u017e \u0160ta gleda\u0161 mjau \u2013 Savr\u0161en poklon za sve koji vole ma\u010dke - Ma\u010dketina","description":"Bed\u017e \u0160ta gleda\u0161, mjau? \u2013 plastificiran 58 mm bed\u017e vrhunskog kvaliteta. Idealan poklon za ma\u010dkoljupce koji vole humor i simpati\u010dne ma\u010dje ilustracije.","robots":{"index":"index","follow":"follow","max-snippet":"max-snippet:-1","max-image-preview":"max-image-preview:large","max-video-preview":"max-video-preview:-1"},"canonical":"https:\/\/macketina.com\/en\/product\/bedz-sta-gledas-mjau\/","og_locale":"en_US","og_type":"article","og_title":"Bed\u017e \u0160ta gleda\u0161 mjau \u2013 Savr\u0161en poklon za sve koji vole ma\u010dke - Ma\u010dketina","og_description":"Bed\u017e \u0160ta gleda\u0161, mjau? \u2013 plastificiran 58 mm bed\u017e vrhunskog kvaliteta. Idealan poklon za ma\u010dkoljupce koji vole humor i simpati\u010dne ma\u010dje ilustracije.","og_url":"https:\/\/macketina.com\/en\/product\/bedz-sta-gledas-mjau\/","og_site_name":"Ma\u010dketina","article_publisher":"https:\/\/www.facebook.com\/p\/macketinashop-100089621804815\/","article_modified_time":"2025-12-02T18:55:02+00:00","og_image":[{"width":1600,"height":1600,"url":"https:\/\/macketina.com\/wp-content\/uploads\/2025\/12\/bedz-sta-gledas-mjau.jpg","type":"image\/jpeg"}],"twitter_card":"summary_large_image","twitter_misc":{"Est. reading time":"3 minutes"},"schema":{"@context":"https:\/\/schema.org","@graph":[{"@type":"WebPage","@id":"https:\/\/macketina.com\/product\/bedz-sta-gledas-mjau\/","url":"https:\/\/macketina.com\/product\/bedz-sta-gledas-mjau\/","name":"Bed\u017e \u0160ta gleda\u0161 mjau \u2013 Savr\u0161en poklon za sve koji vole ma\u010dke - Ma\u010dketina","isPartOf":{"@id":"https:\/\/macketina.com\/#website"},"primaryImageOfPage":{"@id":"https:\/\/macketina.com\/product\/bedz-sta-gledas-mjau\/#primaryimage"},"image":{"@id":"https:\/\/macketina.com\/product\/bedz-sta-gledas-mjau\/#primaryimage"},"thumbnailUrl":"https:\/\/macketina.com\/wp-content\/uploads\/2025\/12\/bedz-sta-gledas-mjau.jpg","datePublished":"2025-12-02T18:51:00+00:00","dateModified":"2025-12-02T18:55:02+00:00","description":"Bed\u017e \u0160ta gleda\u0161, mjau? \u2013 plastificiran 58 mm bed\u017e vrhunskog kvaliteta. Idealan poklon za ma\u010dkoljupce koji vole humor i simpati\u010dne ma\u010dje ilustracije.","breadcrumb":{"@id":"https:\/\/macketina.com\/product\/bedz-sta-gledas-mjau\/#breadcrumb"},"inLanguage":"en-US","potentialAction":[{"@type":"ReadAction","target":["https:\/\/macketina.com\/product\/bedz-sta-gledas-mjau\/"]}]},{"@type":"ImageObject","inLanguage":"en-US","@id":"https:\/\/macketina.com\/product\/bedz-sta-gledas-mjau\/#primaryimage","url":"https:\/\/macketina.com\/wp-content\/uploads\/2025\/12\/bedz-sta-gledas-mjau.jpg","contentUrl":"https:\/\/macketina.com\/wp-content\/uploads\/2025\/12\/bedz-sta-gledas-mjau.jpg","width":1600,"height":1600,"caption":"Bed\u017e \u0160ta gleda\u0161 mjau \u2013 Savr\u0161en poklon za sve koji vole ma\u010dke"},{"@type":"BreadcrumbList","@id":"https:\/\/macketina.com\/product\/bedz-sta-gledas-mjau\/#breadcrumb","itemListElement":[{"@type":"ListItem","position":1,"name":"Home","item":"https:\/\/macketina.com\/"},{"@type":"ListItem","position":2,"name":"Proizvodi","item":"https:\/\/macketina.com\/shop\/"},{"@type":"ListItem","position":3,"name":"Bed\u017e \u0160ta gleda\u0161 mjau \u2013 Savr\u0161en poklon za sve koji vole ma\u010dke"}]},{"@type":"WebSite","@id":"https:\/\/macketina.com\/#website","url":"https:\/\/macketina.com\/","name":"Ma\u010dketina","description":"Online prodavnica","publisher":{"@id":"https:\/\/macketina.com\/#organization"},"alternateName":"Ma\u010dketina Shop","potentialAction":[{"@type":"SearchAction","target":{"@type":"EntryPoint","urlTemplate":"https:\/\/macketina.com\/?s={search_term_string}"},"query-input":{"@type":"PropertyValueSpecification","valueRequired":true,"valueName":"search_term_string"}}],"inLanguage":"en-US"},{"@type":"Organization","@id":"https:\/\/macketina.com\/#organization","name":"Ma\u010dketina","url":"https:\/\/macketina.com\/","logo":{"@type":"ImageObject","inLanguage":"en-US","@id":"https:\/\/macketina.com\/#\/schema\/logo\/image\/","url":"https:\/\/macketina.com\/wp-content\/uploads\/2022\/11\/cropped-Clean-Typography-Circle-Badge-Logo.png","contentUrl":"https:\/\/macketina.com\/wp-content\/uploads\/2022\/11\/cropped-Clean-Typography-Circle-Badge-Logo.png","width":512,"height":512,"caption":"Ma\u010dketina"},"image":{"@id":"https:\/\/macketina.com\/#\/schema\/logo\/image\/"},"sameAs":["https:\/\/www.facebook.com\/p\/macketinashop-100089621804815\/","https:\/\/www.instagram.com\/macketinashop\/","https:\/\/tiktok.com\/@macketinashop","https:\/\/www.youtube.com\/@macketinashop\/","https:\/\/www.pinterest.com\/macketinashop\/"]}]}},"_links":{"self":[{"href":"https:\/\/macketina.com\/en\/wp-json\/wp\/v2\/product\/11028","targetHints":{"allow":["GET"]}}],"collection":[{"href":"https:\/\/macketina.com\/en\/wp-json\/wp\/v2\/product"}],"about":[{"href":"https:\/\/macketina.com\/en\/wp-json\/wp\/v2\/types\/product"}],"replies":[{"embeddable":true,"href":"https:\/\/macketina.com\/en\/wp-json\/wp\/v2\/comments?post=11028"}],"wp:featuredmedia":[{"embeddable":true,"href":"https:\/\/macketina.com\/en\/wp-json\/wp\/v2\/media\/11029"}],"wp:attachment":[{"href":"https:\/\/macketina.com\/en\/wp-json\/wp\/v2\/media?parent=11028"}],"wp:term":[{"taxonomy":"product_brand","embeddable":true,"href":"https:\/\/macketina.com\/en\/wp-json\/wp\/v2\/product_brand?post=11028"},{"taxonomy":"product_cat","embeddable":true,"href":"https:\/\/macketina.com\/en\/wp-json\/wp\/v2\/product_cat?post=11028"},{"taxonomy":"product_tag","embeddable":true,"href":"https:\/\/macketina.com\/en\/wp-json\/wp\/v2\/product_tag?post=11028"}],"curies":[{"name":"wp","href":"https:\/\/api.w.org\/{rel}","templated":true}]}}