{"id":11055,"date":"2025-12-02T20:25:21","date_gmt":"2025-12-02T20:25:21","guid":{"rendered":"https:\/\/macketina.com\/?post_type=product&#038;p=11055"},"modified":"2025-12-02T20:25:22","modified_gmt":"2025-12-02T20:25:22","slug":"bedz-adopt-dont-shop","status":"publish","type":"product","link":"https:\/\/macketina.com\/en\/product\/bedz-adopt-dont-shop\/","title":{"rendered":"Bed\u017e Adopt Don\u2019t Shop \u2013 Savr\u0161en poklon za sve koji vole ma\u010dke"},"content":{"rendered":"<p><span style=\"font-weight: 400;\">Ako verujete da svaka ma\u010dka zaslu\u017euje dom pun ljubavi, onda je <\/span><b>Bed\u017e Adopt Don\u2019t Shop<\/b><span style=\"font-weight: 400;\"> savr\u0161en na\u010din da svoju poruku podelite sa svetom. Ovaj bed\u017e sna\u017eno promovi\u0161e ideju usvajanja i pru\u017eanja \u0161anse ma\u010dkama koje \u010dekaju svoje ljude u prihvatili\u0161tima i na ulicama. Sa upe\u010datljivom crvenom pozadinom, simpati\u010dnim ma\u010djim likovima i jasnom porukom, postaje mali, ali veoma sna\u017ean simbol humanosti i ljubavi prema \u017eivotinjama.<\/span><\/p>\n<p><span style=\"font-weight: 400;\">Bed\u017e je pre\u010dnika <\/span><b>58 mm<\/b><span style=\"font-weight: 400;\">, idealan da se poruka vidi iz daljine, a da i dalje izgleda moderno i diskretno na ode\u0107i ili aksesoarima. Plastificirana povr\u0161ina \u010duva \u0161tampu i boje, obezbe\u0111uju\u0107i dugotrajnost i odli\u010dan vizuelni kvalitet. <\/span><b>\u0160tampa vrhunskog kvaliteta<\/b><span style=\"font-weight: 400;\"> isti\u010de svaki detalj, od simpati\u010dnih ilustracija do sna\u017enog tipografskog prikaza poruke \u201eAdopt Don\u2019t Shop\u201d.<\/span><\/p>\n<p><span style=\"font-weight: 400;\">Ovaj bed\u017e je <\/span><a href=\"https:\/\/macketina.com\/en\/macke\/sta-pokloniti-osobi-koja-voli-macke\/\"><b>savr\u0161en poklon za svakog ko voli ma\u010dke<\/b><\/a><span style=\"font-weight: 400;\">, ali i za sve koji podr\u017eavaju odgovorno vlasni\u0161tvo i \u017eele da podsete ljude na va\u017enost usvajanja umesto kupovine. Mo\u017eete ga zaka\u010diti na jaknu, ranac, torbu, majicu ili ceger \u2014 i svuda gde se pojavi, prenosi\u0107e zna\u010dajnu poruku i podsticati pozitivne promene.<\/span><\/p>\n<p><span style=\"font-weight: 400;\">Jedan mali bed\u017e mo\u017ee mnogo da ka\u017ee \u2014 o va\u0161em karakteru, vrednostima i ljubavi prema \u017eivotinjama. A kada ga poklonite dragoj osobi, darujete joj priliku da i sama \u0161iri svest o ovoj va\u017enoj temi. Zato je Bed\u017e Adopt Don\u2019t Shop idealan poklon za ro\u0111endane, praznike, dru\u017eenja ljubitelja ma\u010daka, volontere iz udru\u017eenja i sve koji se bore za bolji \u017eivot napu\u0161tenih \u017eivotinja.<\/span><\/p>\n<h3><b>Za\u0161to su bed\u017eevi toliko popularni?<\/b><\/h3>\n<p><span style=\"font-weight: 400;\">Bed\u017eevi su jedni od najzabavnijih i najjednostavnijih na\u010dina da izrazimo svoje stavove, stil i interesovanja. Maleni, ali efektni, omogu\u0107avaju nam da u jednom pogledu poka\u017eemo svetu \u0161ta volimo, u \u0161ta verujemo i kakvu poruku \u017eelimo da prenesemo. Nije iznena\u0111enje \u0161to su ponovo veliki trend \u2014 lako se kombinuju, menjaju i skupljaju. Posebno me\u0111u ma\u010dkoljupcima, koji svojim bed\u017eevima ponosno isti\u010du ljubav prema krznatim prijateljima.<\/span><\/p>\n<p><span style=\"font-weight: 400;\">Bed\u017e Adopt Don\u2019t Shop spoj je mode, aktivizma i ljubavi prema ma\u010dkama \u2014 detalj koji nosi va\u017eno zna\u010denje i inspiraciju da svaka maca dobije \u0161ansu za bolji \u017eivot.<\/span><\/p>\n<h3><b>Zahvalnost \u2013\u00a0<\/b><b>Bed\u017e Adopt Don&#8217;t Shop<\/b><\/h3>\n<p>Hvala vam \u0161to podr\u017eavate Ma\u010dketinaShop i \u0161to zajedno \u0161irimo ljubav prema ma\u010dkama! Va\u0161a podr\u0161ka nam omogu\u0107ava da nastavimo da stvaramo jedinstvene proizvode koji spajaju kvalitet, humor i ljubav prema na\u0161im \u010detvorono\u017enim prijateljima. Pozivamo vas da zapratite na\u0161\u00a0<a href=\"https:\/\/www.instagram.com\/macketinashop\/\"><b>Instagram profil @macketinashop<\/b><\/a>, gde delimo jo\u0161 mnogo simpati\u010dnih i inspirativnih sadr\u017eaja. Kao i na\u0161\u00a0<b>YouTube kanal Macketinashop<\/b>, gde mo\u017eete prona\u0107i edukativne video klipove o ma\u010dkama. Pridru\u017eite nam se i postanite deo na\u0161e ma\u010dkoljubive zajednice!<\/p>","protected":false},"excerpt":{"rendered":"<p><span style=\"font-weight: 400;\">Bed\u017e Adopt Don\u2019t Shop \u2013 58 mm plastificiran bed\u017e sa vrhunskom \u0161tampom. Idealan poklon za sve koji vole ma\u010dke i podr\u017eavaju usvajanje \u017eivotinja.<\/span><\/p>","protected":false},"featured_media":11056,"comment_status":"open","ping_status":"closed","template":"","meta":{"_kad_post_transparent":"default","_kad_post_title":"","_kad_post_layout":"default","_kad_post_sidebar_id":"","_kad_post_content_style":"default","_kad_post_vertical_padding":"default","_kad_post_feature":"","_kad_post_feature_position":"","_kad_post_header":false,"_kad_post_footer":false,"_kad_post_classname":""},"product_brand":[],"product_cat":[480],"product_tag":[],"class_list":{"0":"post-11055","1":"product","2":"type-product","3":"status-publish","4":"has-post-thumbnail","6":"product_cat-bedzevi","8":"first","9":"instock","10":"taxable","11":"shipping-taxable","12":"purchasable","13":"product-type-simple","14":"entry","15":"content-bg","16":"loop-entry"},"yoast_head":"<!-- This site is optimized with the Yoast SEO plugin v27.4 - https:\/\/yoast.com\/product\/yoast-seo-wordpress\/ -->\n<title>Bed\u017e Adopt Don\u2019t Shop \u2013 Savr\u0161en poklon za sve koji vole ma\u010dke - Ma\u010dketina<\/title>\n<meta name=\"description\" content=\"Bed\u017e Adopt Don\u2019t Shop \u2013 plastificiran 58 mm bed\u017e vrhunskog kvaliteta. Savr\u0161en poklon za ma\u010dkoljupce i sve koji podr\u017eavaju usvajanje ma\u010daka.\" \/>\n<meta name=\"robots\" content=\"index, follow, max-snippet:-1, max-image-preview:large, max-video-preview:-1\" \/>\n<link rel=\"canonical\" href=\"https:\/\/macketina.com\/en\/product\/bedz-adopt-dont-shop\/\" \/>\n<meta property=\"og:locale\" content=\"en_US\" \/>\n<meta property=\"og:type\" content=\"article\" \/>\n<meta property=\"og:title\" content=\"Bed\u017e Adopt Don\u2019t Shop \u2013 Savr\u0161en poklon za sve koji vole ma\u010dke - Ma\u010dketina\" \/>\n<meta property=\"og:description\" content=\"Bed\u017e Adopt Don\u2019t Shop \u2013 plastificiran 58 mm bed\u017e vrhunskog kvaliteta. Savr\u0161en poklon za ma\u010dkoljupce i sve koji podr\u017eavaju usvajanje ma\u010daka.\" \/>\n<meta property=\"og:url\" content=\"https:\/\/macketina.com\/en\/product\/bedz-adopt-dont-shop\/\" \/>\n<meta property=\"og:site_name\" content=\"Ma\u010dketina\" \/>\n<meta property=\"article:publisher\" content=\"https:\/\/www.facebook.com\/p\/macketinashop-100089621804815\/\" \/>\n<meta property=\"article:modified_time\" content=\"2025-12-02T20:25:22+00:00\" \/>\n<meta property=\"og:image\" content=\"https:\/\/macketina.com\/wp-content\/uploads\/2025\/12\/bedz-adopt-dont-shop.jpg\" \/>\n\t<meta property=\"og:image:width\" content=\"1600\" \/>\n\t<meta property=\"og:image:height\" content=\"1600\" \/>\n\t<meta property=\"og:image:type\" content=\"image\/jpeg\" \/>\n<meta name=\"twitter:card\" content=\"summary_large_image\" \/>\n<meta name=\"twitter:label1\" content=\"Est. reading time\" \/>\n\t<meta name=\"twitter:data1\" content=\"2 minutes\" \/>\n<script type=\"application\/ld+json\" class=\"yoast-schema-graph\">{\"@context\":\"https:\\\/\\\/schema.org\",\"@graph\":[{\"@type\":\"WebPage\",\"@id\":\"https:\\\/\\\/macketina.com\\\/product\\\/bedz-adopt-dont-shop\\\/\",\"url\":\"https:\\\/\\\/macketina.com\\\/product\\\/bedz-adopt-dont-shop\\\/\",\"name\":\"Bed\u017e Adopt Don\u2019t Shop \u2013 Savr\u0161en poklon za sve koji vole ma\u010dke - Ma\u010dketina\",\"isPartOf\":{\"@id\":\"https:\\\/\\\/macketina.com\\\/#website\"},\"primaryImageOfPage\":{\"@id\":\"https:\\\/\\\/macketina.com\\\/product\\\/bedz-adopt-dont-shop\\\/#primaryimage\"},\"image\":{\"@id\":\"https:\\\/\\\/macketina.com\\\/product\\\/bedz-adopt-dont-shop\\\/#primaryimage\"},\"thumbnailUrl\":\"https:\\\/\\\/macketina.com\\\/wp-content\\\/uploads\\\/2025\\\/12\\\/bedz-adopt-dont-shop.jpg\",\"datePublished\":\"2025-12-02T20:25:21+00:00\",\"dateModified\":\"2025-12-02T20:25:22+00:00\",\"description\":\"Bed\u017e Adopt Don\u2019t Shop \u2013 plastificiran 58 mm bed\u017e vrhunskog kvaliteta. Savr\u0161en poklon za ma\u010dkoljupce i sve koji podr\u017eavaju usvajanje ma\u010daka.\",\"breadcrumb\":{\"@id\":\"https:\\\/\\\/macketina.com\\\/product\\\/bedz-adopt-dont-shop\\\/#breadcrumb\"},\"inLanguage\":\"en-US\",\"potentialAction\":[{\"@type\":\"ReadAction\",\"target\":[\"https:\\\/\\\/macketina.com\\\/product\\\/bedz-adopt-dont-shop\\\/\"]}]},{\"@type\":\"ImageObject\",\"inLanguage\":\"en-US\",\"@id\":\"https:\\\/\\\/macketina.com\\\/product\\\/bedz-adopt-dont-shop\\\/#primaryimage\",\"url\":\"https:\\\/\\\/macketina.com\\\/wp-content\\\/uploads\\\/2025\\\/12\\\/bedz-adopt-dont-shop.jpg\",\"contentUrl\":\"https:\\\/\\\/macketina.com\\\/wp-content\\\/uploads\\\/2025\\\/12\\\/bedz-adopt-dont-shop.jpg\",\"width\":1600,\"height\":1600,\"caption\":\"Bed\u017e Adopt Don\u2019t Shop \u2013 Savr\u0161en poklon za sve koji vole ma\u010dke\"},{\"@type\":\"BreadcrumbList\",\"@id\":\"https:\\\/\\\/macketina.com\\\/product\\\/bedz-adopt-dont-shop\\\/#breadcrumb\",\"itemListElement\":[{\"@type\":\"ListItem\",\"position\":1,\"name\":\"Home\",\"item\":\"https:\\\/\\\/macketina.com\\\/\"},{\"@type\":\"ListItem\",\"position\":2,\"name\":\"Proizvodi\",\"item\":\"https:\\\/\\\/macketina.com\\\/shop\\\/\"},{\"@type\":\"ListItem\",\"position\":3,\"name\":\"Bed\u017e Adopt Don\u2019t Shop \u2013 Savr\u0161en poklon za sve koji vole ma\u010dke\"}]},{\"@type\":\"WebSite\",\"@id\":\"https:\\\/\\\/macketina.com\\\/#website\",\"url\":\"https:\\\/\\\/macketina.com\\\/\",\"name\":\"Ma\u010dketina\",\"description\":\"Online prodavnica\",\"publisher\":{\"@id\":\"https:\\\/\\\/macketina.com\\\/#organization\"},\"alternateName\":\"Ma\u010dketina Shop\",\"potentialAction\":[{\"@type\":\"SearchAction\",\"target\":{\"@type\":\"EntryPoint\",\"urlTemplate\":\"https:\\\/\\\/macketina.com\\\/?s={search_term_string}\"},\"query-input\":{\"@type\":\"PropertyValueSpecification\",\"valueRequired\":true,\"valueName\":\"search_term_string\"}}],\"inLanguage\":\"en-US\"},{\"@type\":\"Organization\",\"@id\":\"https:\\\/\\\/macketina.com\\\/#organization\",\"name\":\"Ma\u010dketina\",\"url\":\"https:\\\/\\\/macketina.com\\\/\",\"logo\":{\"@type\":\"ImageObject\",\"inLanguage\":\"en-US\",\"@id\":\"https:\\\/\\\/macketina.com\\\/#\\\/schema\\\/logo\\\/image\\\/\",\"url\":\"https:\\\/\\\/macketina.com\\\/wp-content\\\/uploads\\\/2022\\\/11\\\/cropped-Clean-Typography-Circle-Badge-Logo.png\",\"contentUrl\":\"https:\\\/\\\/macketina.com\\\/wp-content\\\/uploads\\\/2022\\\/11\\\/cropped-Clean-Typography-Circle-Badge-Logo.png\",\"width\":512,\"height\":512,\"caption\":\"Ma\u010dketina\"},\"image\":{\"@id\":\"https:\\\/\\\/macketina.com\\\/#\\\/schema\\\/logo\\\/image\\\/\"},\"sameAs\":[\"https:\\\/\\\/www.facebook.com\\\/p\\\/macketinashop-100089621804815\\\/\",\"https:\\\/\\\/www.instagram.com\\\/macketinashop\\\/\",\"https:\\\/\\\/tiktok.com\\\/@macketinashop\",\"https:\\\/\\\/www.youtube.com\\\/@macketinashop\\\/\",\"https:\\\/\\\/www.pinterest.com\\\/macketinashop\\\/\"]}]}<\/script>\n<!-- \/ Yoast SEO plugin. -->","yoast_head_json":{"title":"Bed\u017e Adopt Don\u2019t Shop \u2013 Savr\u0161en poklon za sve koji vole ma\u010dke - Ma\u010dketina","description":"Bed\u017e Adopt Don\u2019t Shop \u2013 plastificiran 58 mm bed\u017e vrhunskog kvaliteta. Savr\u0161en poklon za ma\u010dkoljupce i sve koji podr\u017eavaju usvajanje ma\u010daka.","robots":{"index":"index","follow":"follow","max-snippet":"max-snippet:-1","max-image-preview":"max-image-preview:large","max-video-preview":"max-video-preview:-1"},"canonical":"https:\/\/macketina.com\/en\/product\/bedz-adopt-dont-shop\/","og_locale":"en_US","og_type":"article","og_title":"Bed\u017e Adopt Don\u2019t Shop \u2013 Savr\u0161en poklon za sve koji vole ma\u010dke - Ma\u010dketina","og_description":"Bed\u017e Adopt Don\u2019t Shop \u2013 plastificiran 58 mm bed\u017e vrhunskog kvaliteta. Savr\u0161en poklon za ma\u010dkoljupce i sve koji podr\u017eavaju usvajanje ma\u010daka.","og_url":"https:\/\/macketina.com\/en\/product\/bedz-adopt-dont-shop\/","og_site_name":"Ma\u010dketina","article_publisher":"https:\/\/www.facebook.com\/p\/macketinashop-100089621804815\/","article_modified_time":"2025-12-02T20:25:22+00:00","og_image":[{"width":1600,"height":1600,"url":"https:\/\/macketina.com\/wp-content\/uploads\/2025\/12\/bedz-adopt-dont-shop.jpg","type":"image\/jpeg"}],"twitter_card":"summary_large_image","twitter_misc":{"Est. reading time":"2 minutes"},"schema":{"@context":"https:\/\/schema.org","@graph":[{"@type":"WebPage","@id":"https:\/\/macketina.com\/product\/bedz-adopt-dont-shop\/","url":"https:\/\/macketina.com\/product\/bedz-adopt-dont-shop\/","name":"Bed\u017e Adopt Don\u2019t Shop \u2013 Savr\u0161en poklon za sve koji vole ma\u010dke - Ma\u010dketina","isPartOf":{"@id":"https:\/\/macketina.com\/#website"},"primaryImageOfPage":{"@id":"https:\/\/macketina.com\/product\/bedz-adopt-dont-shop\/#primaryimage"},"image":{"@id":"https:\/\/macketina.com\/product\/bedz-adopt-dont-shop\/#primaryimage"},"thumbnailUrl":"https:\/\/macketina.com\/wp-content\/uploads\/2025\/12\/bedz-adopt-dont-shop.jpg","datePublished":"2025-12-02T20:25:21+00:00","dateModified":"2025-12-02T20:25:22+00:00","description":"Bed\u017e Adopt Don\u2019t Shop \u2013 plastificiran 58 mm bed\u017e vrhunskog kvaliteta. Savr\u0161en poklon za ma\u010dkoljupce i sve koji podr\u017eavaju usvajanje ma\u010daka.","breadcrumb":{"@id":"https:\/\/macketina.com\/product\/bedz-adopt-dont-shop\/#breadcrumb"},"inLanguage":"en-US","potentialAction":[{"@type":"ReadAction","target":["https:\/\/macketina.com\/product\/bedz-adopt-dont-shop\/"]}]},{"@type":"ImageObject","inLanguage":"en-US","@id":"https:\/\/macketina.com\/product\/bedz-adopt-dont-shop\/#primaryimage","url":"https:\/\/macketina.com\/wp-content\/uploads\/2025\/12\/bedz-adopt-dont-shop.jpg","contentUrl":"https:\/\/macketina.com\/wp-content\/uploads\/2025\/12\/bedz-adopt-dont-shop.jpg","width":1600,"height":1600,"caption":"Bed\u017e Adopt Don\u2019t Shop \u2013 Savr\u0161en poklon za sve koji vole ma\u010dke"},{"@type":"BreadcrumbList","@id":"https:\/\/macketina.com\/product\/bedz-adopt-dont-shop\/#breadcrumb","itemListElement":[{"@type":"ListItem","position":1,"name":"Home","item":"https:\/\/macketina.com\/"},{"@type":"ListItem","position":2,"name":"Proizvodi","item":"https:\/\/macketina.com\/shop\/"},{"@type":"ListItem","position":3,"name":"Bed\u017e Adopt Don\u2019t Shop \u2013 Savr\u0161en poklon za sve koji vole ma\u010dke"}]},{"@type":"WebSite","@id":"https:\/\/macketina.com\/#website","url":"https:\/\/macketina.com\/","name":"Ma\u010dketina","description":"Online prodavnica","publisher":{"@id":"https:\/\/macketina.com\/#organization"},"alternateName":"Ma\u010dketina Shop","potentialAction":[{"@type":"SearchAction","target":{"@type":"EntryPoint","urlTemplate":"https:\/\/macketina.com\/?s={search_term_string}"},"query-input":{"@type":"PropertyValueSpecification","valueRequired":true,"valueName":"search_term_string"}}],"inLanguage":"en-US"},{"@type":"Organization","@id":"https:\/\/macketina.com\/#organization","name":"Ma\u010dketina","url":"https:\/\/macketina.com\/","logo":{"@type":"ImageObject","inLanguage":"en-US","@id":"https:\/\/macketina.com\/#\/schema\/logo\/image\/","url":"https:\/\/macketina.com\/wp-content\/uploads\/2022\/11\/cropped-Clean-Typography-Circle-Badge-Logo.png","contentUrl":"https:\/\/macketina.com\/wp-content\/uploads\/2022\/11\/cropped-Clean-Typography-Circle-Badge-Logo.png","width":512,"height":512,"caption":"Ma\u010dketina"},"image":{"@id":"https:\/\/macketina.com\/#\/schema\/logo\/image\/"},"sameAs":["https:\/\/www.facebook.com\/p\/macketinashop-100089621804815\/","https:\/\/www.instagram.com\/macketinashop\/","https:\/\/tiktok.com\/@macketinashop","https:\/\/www.youtube.com\/@macketinashop\/","https:\/\/www.pinterest.com\/macketinashop\/"]}]}},"_links":{"self":[{"href":"https:\/\/macketina.com\/en\/wp-json\/wp\/v2\/product\/11055","targetHints":{"allow":["GET"]}}],"collection":[{"href":"https:\/\/macketina.com\/en\/wp-json\/wp\/v2\/product"}],"about":[{"href":"https:\/\/macketina.com\/en\/wp-json\/wp\/v2\/types\/product"}],"replies":[{"embeddable":true,"href":"https:\/\/macketina.com\/en\/wp-json\/wp\/v2\/comments?post=11055"}],"wp:featuredmedia":[{"embeddable":true,"href":"https:\/\/macketina.com\/en\/wp-json\/wp\/v2\/media\/11056"}],"wp:attachment":[{"href":"https:\/\/macketina.com\/en\/wp-json\/wp\/v2\/media?parent=11055"}],"wp:term":[{"taxonomy":"product_brand","embeddable":true,"href":"https:\/\/macketina.com\/en\/wp-json\/wp\/v2\/product_brand?post=11055"},{"taxonomy":"product_cat","embeddable":true,"href":"https:\/\/macketina.com\/en\/wp-json\/wp\/v2\/product_cat?post=11055"},{"taxonomy":"product_tag","embeddable":true,"href":"https:\/\/macketina.com\/en\/wp-json\/wp\/v2\/product_tag?post=11055"}],"curies":[{"name":"wp","href":"https:\/\/api.w.org\/{rel}","templated":true}]}}