{"id":11057,"date":"2025-12-02T20:29:45","date_gmt":"2025-12-02T20:29:45","guid":{"rendered":"https:\/\/macketina.com\/?post_type=product&#038;p=11057"},"modified":"2026-03-01T18:53:46","modified_gmt":"2026-03-01T18:53:46","slug":"bedz-macka-sam-u-dusi","status":"publish","type":"product","link":"https:\/\/macketina.com\/en\/product\/bedz-macka-sam-u-dusi\/","title":{"rendered":"Bed\u017e Ma\u010dka sam u du\u0161i \u2013 idealan poklon za svakog ma\u010dkoljupca"},"content":{"rendered":"<p><span style=\"font-weight: 400;\">Bed\u017e Ma\u010dka sam u du\u0161i predstavlja savr\u0161enu kombinaciju humora, stila i ljubavi prema ma\u010dkama. Dizajn inspirisan urbanim ma\u010dkoljupcima prikazuje cool ma\u010dku sa nao\u010darima i zanimljivom porukom koja jasno stavlja do znanja da ste ma\u010dka u du\u0161i \u2014 i ponosni na to! Ovaj bed\u017e je idealan odabir za sve koji \u017eele da poka\u017eu svoju ma\u010dkasti\u010dnu stranu i istaknu svoj jedinstveni karakter.<\/span><\/p>\n<p><span style=\"font-weight: 400;\">Bed\u017e je izra\u0111en u dimenziji <\/span><b>58 mm<\/b><span style=\"font-weight: 400;\">, \u0161to je savr\u0161ena veli\u010dina da se jasno vidi na rancu, majici, jakni, torbi ili kapi. Plastificiran je radi dodatne za\u0161tite, \u0161to osigurava da boje ostanu \u017eive i jarke, bez gubljenja kvaliteta vremenom. <\/span><b>\u0160tampa vrhunskog kvaliteta<\/b><span style=\"font-weight: 400;\"> omogu\u0107ava da se svaki detalj ilustracije jasno vidi, a robustan metalni mehanizam obezbe\u0111uje da bed\u017e dugo traje, bez bojazni da \u0107e se lako otka\u010diti ili o\u0161tetiti.<\/span><\/p>\n<h3><b>Za\u0161to su bed\u017eevi toliko popularni?<\/b><\/h3>\n<p><span style=\"font-weight: 400;\">Bed\u017eevi su savr\u0161en na\u010din da izrazite svoj stav, raspolo\u017eenje i stil \u2014 jednim malim detaljem. Bilo da \u017eelite da se izdvojite iz mase, dodate li\u010dni pe\u010dat svom outfitu ili podr\u017eite ne\u0161to \u0161to volite, bed\u017e je uvek pravi izbor. Zato su posebno voljeni me\u0111u ljubiteljima ma\u010daka: lako i simpati\u010dno prenose poruku o tome koliko vam ma\u010dke zna\u010de u \u017eivotu. Plus, bed\u017eevi su pristupa\u010dni, prakti\u010dni i savr\u0161eni za sakupljanje \u2014 svaki novi dizajn donosi novu pri\u010du!<\/span><\/p>\n<p><span style=\"font-weight: 400;\">Na\u0161 bed\u017e Ma\u010dka sam u du\u0161i idealan je dodatak svakom ma\u010dkoljupcu koji voli originalne sitnice. Namenjen je svima koji \u017eele da poka\u017eu svoju povezanost sa ma\u010dkama, bilo da su vlasnici predivnog bucka ili jednostavno obo\u017eavaju ma\u010dkastu energiju.<\/span><\/p>\n<p><span style=\"font-weight: 400;\">Mo\u017eete ga pokloniti i drugima \u2014 jer <\/span><a href=\"https:\/\/macketina.com\/en\/macke\/sta-pokloniti-osobi-koja-voli-macke\/\"><b>ovo je savr\u0161en poklon za svakog ko voli ma\u010dke<\/b><\/a><span style=\"font-weight: 400;\">, za ro\u0111endane, praznike, sitna iznena\u0111enja ili kao dodatak uz druge poklone iz na\u0161e Ma\u010dketina kolekcije. Potpuno je prakti\u010dan i trajan, pa \u0107e uvek podse\u0107ati na mali znak pa\u017enje.<\/span><\/p>\n<p><span style=\"font-weight: 400;\">Ulep\u0161ajte svoj stil, poka\u017eite svoj stav i ponesite sa sobom malo ma\u010dje energije gde god da krenete! Ma\u010dka sam u du\u0161i \u2014 a vi?<\/span><\/p>\n<h3><b>Zahvalnost \u2013\u00a0<\/b><b>Bed\u017e Ma\u010dka Sam u Du\u0161i<\/b><\/h3>\n<p>Hvala vam \u0161to podr\u017eavate Ma\u010dketinaShop i \u0161to zajedno \u0161irimo ljubav prema ma\u010dkama! Va\u0161a podr\u0161ka nam omogu\u0107ava da nastavimo da stvaramo jedinstvene proizvode koji spajaju kvalitet, humor i ljubav prema na\u0161im \u010detvorono\u017enim prijateljima. Pozivamo vas da zapratite na\u0161\u00a0<a href=\"https:\/\/www.instagram.com\/macketinashop\/\"><b>Instagram profil @macketinashop<\/b><\/a>, gde delimo jo\u0161 mnogo simpati\u010dnih i inspirativnih sadr\u017eaja. Kao i na\u0161\u00a0<b>YouTube kanal Macketinashop<\/b>, gde mo\u017eete prona\u0107i edukativne video klipove o ma\u010dkama. Pridru\u017eite nam se i postanite deo na\u0161e ma\u010dkoljubive zajednice!<\/p>","protected":false},"excerpt":{"rendered":"<p><span style=\"font-weight: 400;\">Bed\u017e Ma\u010dka sam u du\u0161i \u2013 58 mm, plastificiran, vrhunskog kvaliteta, idealan poklon za svakog ma\u010dkoljupca.<\/span><\/p>","protected":false},"featured_media":11058,"comment_status":"open","ping_status":"closed","template":"","meta":{"_kad_post_transparent":"default","_kad_post_title":"","_kad_post_layout":"default","_kad_post_sidebar_id":"","_kad_post_content_style":"default","_kad_post_vertical_padding":"default","_kad_post_feature":"","_kad_post_feature_position":"","_kad_post_header":false,"_kad_post_footer":false,"_kad_post_classname":""},"product_brand":[],"product_cat":[480,483],"product_tag":[],"class_list":{"0":"post-11057","1":"product","2":"type-product","3":"status-publish","4":"has-post-thumbnail","6":"product_cat-bedzevi","7":"product_cat-cat-lady","9":"first","10":"instock","11":"taxable","12":"shipping-taxable","13":"purchasable","14":"product-type-simple","15":"entry","16":"content-bg","17":"loop-entry"},"yoast_head":"<!-- This site is optimized with the Yoast SEO plugin v27.3 - https:\/\/yoast.com\/product\/yoast-seo-wordpress\/ -->\n<title>Bed\u017e Ma\u010dka sam u du\u0161i \u2013 idealan poklon za svakog ma\u010dkoljupca - Ma\u010dketina<\/title>\n<meta name=\"description\" content=\"Bed\u017e Ma\u010dka sam u du\u0161i \u2013 plastificirani bed\u017e 58 mm vrhunskog kvaliteta. Savr\u0161en poklon za svakog ko voli ma\u010dke! Dodajte stilu ma\u010dji karakter.\" \/>\n<meta name=\"robots\" content=\"index, follow, max-snippet:-1, max-image-preview:large, max-video-preview:-1\" \/>\n<link rel=\"canonical\" href=\"https:\/\/macketina.com\/en\/product\/bedz-macka-sam-u-dusi\/\" \/>\n<meta property=\"og:locale\" content=\"en_US\" \/>\n<meta property=\"og:type\" content=\"article\" \/>\n<meta property=\"og:title\" content=\"Bed\u017e Ma\u010dka sam u du\u0161i \u2013 idealan poklon za svakog ma\u010dkoljupca - Ma\u010dketina\" \/>\n<meta property=\"og:description\" content=\"Bed\u017e Ma\u010dka sam u du\u0161i \u2013 plastificirani bed\u017e 58 mm vrhunskog kvaliteta. Savr\u0161en poklon za svakog ko voli ma\u010dke! Dodajte stilu ma\u010dji karakter.\" \/>\n<meta property=\"og:url\" content=\"https:\/\/macketina.com\/en\/product\/bedz-macka-sam-u-dusi\/\" \/>\n<meta property=\"og:site_name\" content=\"Ma\u010dketina\" \/>\n<meta property=\"article:publisher\" content=\"https:\/\/www.facebook.com\/p\/macketinashop-100089621804815\/\" \/>\n<meta property=\"article:modified_time\" content=\"2026-03-01T18:53:46+00:00\" \/>\n<meta property=\"og:image\" content=\"https:\/\/macketina.com\/wp-content\/uploads\/2025\/12\/bedz-macka-sam-u-dusi.jpg\" \/>\n\t<meta property=\"og:image:width\" content=\"1600\" \/>\n\t<meta property=\"og:image:height\" content=\"1600\" \/>\n\t<meta property=\"og:image:type\" content=\"image\/jpeg\" \/>\n<meta name=\"twitter:card\" content=\"summary_large_image\" \/>\n<meta name=\"twitter:label1\" content=\"Est. reading time\" \/>\n\t<meta name=\"twitter:data1\" content=\"2 minutes\" \/>\n<script type=\"application\/ld+json\" class=\"yoast-schema-graph\">{\"@context\":\"https:\\\/\\\/schema.org\",\"@graph\":[{\"@type\":\"WebPage\",\"@id\":\"https:\\\/\\\/macketina.com\\\/product\\\/bedz-macka-sam-u-dusi\\\/\",\"url\":\"https:\\\/\\\/macketina.com\\\/product\\\/bedz-macka-sam-u-dusi\\\/\",\"name\":\"Bed\u017e Ma\u010dka sam u du\u0161i \u2013 idealan poklon za svakog ma\u010dkoljupca - Ma\u010dketina\",\"isPartOf\":{\"@id\":\"https:\\\/\\\/macketina.com\\\/#website\"},\"primaryImageOfPage\":{\"@id\":\"https:\\\/\\\/macketina.com\\\/product\\\/bedz-macka-sam-u-dusi\\\/#primaryimage\"},\"image\":{\"@id\":\"https:\\\/\\\/macketina.com\\\/product\\\/bedz-macka-sam-u-dusi\\\/#primaryimage\"},\"thumbnailUrl\":\"https:\\\/\\\/macketina.com\\\/wp-content\\\/uploads\\\/2025\\\/12\\\/bedz-macka-sam-u-dusi.jpg\",\"datePublished\":\"2025-12-02T20:29:45+00:00\",\"dateModified\":\"2026-03-01T18:53:46+00:00\",\"description\":\"Bed\u017e Ma\u010dka sam u du\u0161i \u2013 plastificirani bed\u017e 58 mm vrhunskog kvaliteta. Savr\u0161en poklon za svakog ko voli ma\u010dke! Dodajte stilu ma\u010dji karakter.\",\"breadcrumb\":{\"@id\":\"https:\\\/\\\/macketina.com\\\/product\\\/bedz-macka-sam-u-dusi\\\/#breadcrumb\"},\"inLanguage\":\"en-US\",\"potentialAction\":[{\"@type\":\"ReadAction\",\"target\":[\"https:\\\/\\\/macketina.com\\\/product\\\/bedz-macka-sam-u-dusi\\\/\"]}]},{\"@type\":\"ImageObject\",\"inLanguage\":\"en-US\",\"@id\":\"https:\\\/\\\/macketina.com\\\/product\\\/bedz-macka-sam-u-dusi\\\/#primaryimage\",\"url\":\"https:\\\/\\\/macketina.com\\\/wp-content\\\/uploads\\\/2025\\\/12\\\/bedz-macka-sam-u-dusi.jpg\",\"contentUrl\":\"https:\\\/\\\/macketina.com\\\/wp-content\\\/uploads\\\/2025\\\/12\\\/bedz-macka-sam-u-dusi.jpg\",\"width\":1600,\"height\":1600,\"caption\":\"Bed\u017e Ma\u010dka sam u du\u0161i \u2013 idealan poklon za svakog ma\u010dkoljupca\"},{\"@type\":\"BreadcrumbList\",\"@id\":\"https:\\\/\\\/macketina.com\\\/product\\\/bedz-macka-sam-u-dusi\\\/#breadcrumb\",\"itemListElement\":[{\"@type\":\"ListItem\",\"position\":1,\"name\":\"Home\",\"item\":\"https:\\\/\\\/macketina.com\\\/\"},{\"@type\":\"ListItem\",\"position\":2,\"name\":\"Proizvodi\",\"item\":\"https:\\\/\\\/macketina.com\\\/shop\\\/\"},{\"@type\":\"ListItem\",\"position\":3,\"name\":\"Bed\u017e Ma\u010dka sam u du\u0161i \u2013 idealan poklon za svakog ma\u010dkoljupca\"}]},{\"@type\":\"WebSite\",\"@id\":\"https:\\\/\\\/macketina.com\\\/#website\",\"url\":\"https:\\\/\\\/macketina.com\\\/\",\"name\":\"Ma\u010dketina\",\"description\":\"Online prodavnica\",\"publisher\":{\"@id\":\"https:\\\/\\\/macketina.com\\\/#organization\"},\"alternateName\":\"Ma\u010dketina Shop\",\"potentialAction\":[{\"@type\":\"SearchAction\",\"target\":{\"@type\":\"EntryPoint\",\"urlTemplate\":\"https:\\\/\\\/macketina.com\\\/?s={search_term_string}\"},\"query-input\":{\"@type\":\"PropertyValueSpecification\",\"valueRequired\":true,\"valueName\":\"search_term_string\"}}],\"inLanguage\":\"en-US\"},{\"@type\":\"Organization\",\"@id\":\"https:\\\/\\\/macketina.com\\\/#organization\",\"name\":\"Ma\u010dketina\",\"url\":\"https:\\\/\\\/macketina.com\\\/\",\"logo\":{\"@type\":\"ImageObject\",\"inLanguage\":\"en-US\",\"@id\":\"https:\\\/\\\/macketina.com\\\/#\\\/schema\\\/logo\\\/image\\\/\",\"url\":\"https:\\\/\\\/macketina.com\\\/wp-content\\\/uploads\\\/2022\\\/11\\\/cropped-Clean-Typography-Circle-Badge-Logo.png\",\"contentUrl\":\"https:\\\/\\\/macketina.com\\\/wp-content\\\/uploads\\\/2022\\\/11\\\/cropped-Clean-Typography-Circle-Badge-Logo.png\",\"width\":512,\"height\":512,\"caption\":\"Ma\u010dketina\"},\"image\":{\"@id\":\"https:\\\/\\\/macketina.com\\\/#\\\/schema\\\/logo\\\/image\\\/\"},\"sameAs\":[\"https:\\\/\\\/www.facebook.com\\\/p\\\/macketinashop-100089621804815\\\/\",\"https:\\\/\\\/www.instagram.com\\\/macketinashop\\\/\",\"https:\\\/\\\/tiktok.com\\\/@macketinashop\",\"https:\\\/\\\/www.youtube.com\\\/@macketinashop\\\/\",\"https:\\\/\\\/www.pinterest.com\\\/macketinashop\\\/\"]}]}<\/script>\n<!-- \/ Yoast SEO plugin. -->","yoast_head_json":{"title":"Bed\u017e Ma\u010dka sam u du\u0161i \u2013 idealan poklon za svakog ma\u010dkoljupca - Ma\u010dketina","description":"Bed\u017e Ma\u010dka sam u du\u0161i \u2013 plastificirani bed\u017e 58 mm vrhunskog kvaliteta. Savr\u0161en poklon za svakog ko voli ma\u010dke! Dodajte stilu ma\u010dji karakter.","robots":{"index":"index","follow":"follow","max-snippet":"max-snippet:-1","max-image-preview":"max-image-preview:large","max-video-preview":"max-video-preview:-1"},"canonical":"https:\/\/macketina.com\/en\/product\/bedz-macka-sam-u-dusi\/","og_locale":"en_US","og_type":"article","og_title":"Bed\u017e Ma\u010dka sam u du\u0161i \u2013 idealan poklon za svakog ma\u010dkoljupca - Ma\u010dketina","og_description":"Bed\u017e Ma\u010dka sam u du\u0161i \u2013 plastificirani bed\u017e 58 mm vrhunskog kvaliteta. Savr\u0161en poklon za svakog ko voli ma\u010dke! Dodajte stilu ma\u010dji karakter.","og_url":"https:\/\/macketina.com\/en\/product\/bedz-macka-sam-u-dusi\/","og_site_name":"Ma\u010dketina","article_publisher":"https:\/\/www.facebook.com\/p\/macketinashop-100089621804815\/","article_modified_time":"2026-03-01T18:53:46+00:00","og_image":[{"width":1600,"height":1600,"url":"https:\/\/macketina.com\/wp-content\/uploads\/2025\/12\/bedz-macka-sam-u-dusi.jpg","type":"image\/jpeg"}],"twitter_card":"summary_large_image","twitter_misc":{"Est. reading time":"2 minutes"},"schema":{"@context":"https:\/\/schema.org","@graph":[{"@type":"WebPage","@id":"https:\/\/macketina.com\/product\/bedz-macka-sam-u-dusi\/","url":"https:\/\/macketina.com\/product\/bedz-macka-sam-u-dusi\/","name":"Bed\u017e Ma\u010dka sam u du\u0161i \u2013 idealan poklon za svakog ma\u010dkoljupca - Ma\u010dketina","isPartOf":{"@id":"https:\/\/macketina.com\/#website"},"primaryImageOfPage":{"@id":"https:\/\/macketina.com\/product\/bedz-macka-sam-u-dusi\/#primaryimage"},"image":{"@id":"https:\/\/macketina.com\/product\/bedz-macka-sam-u-dusi\/#primaryimage"},"thumbnailUrl":"https:\/\/macketina.com\/wp-content\/uploads\/2025\/12\/bedz-macka-sam-u-dusi.jpg","datePublished":"2025-12-02T20:29:45+00:00","dateModified":"2026-03-01T18:53:46+00:00","description":"Bed\u017e Ma\u010dka sam u du\u0161i \u2013 plastificirani bed\u017e 58 mm vrhunskog kvaliteta. Savr\u0161en poklon za svakog ko voli ma\u010dke! Dodajte stilu ma\u010dji karakter.","breadcrumb":{"@id":"https:\/\/macketina.com\/product\/bedz-macka-sam-u-dusi\/#breadcrumb"},"inLanguage":"en-US","potentialAction":[{"@type":"ReadAction","target":["https:\/\/macketina.com\/product\/bedz-macka-sam-u-dusi\/"]}]},{"@type":"ImageObject","inLanguage":"en-US","@id":"https:\/\/macketina.com\/product\/bedz-macka-sam-u-dusi\/#primaryimage","url":"https:\/\/macketina.com\/wp-content\/uploads\/2025\/12\/bedz-macka-sam-u-dusi.jpg","contentUrl":"https:\/\/macketina.com\/wp-content\/uploads\/2025\/12\/bedz-macka-sam-u-dusi.jpg","width":1600,"height":1600,"caption":"Bed\u017e Ma\u010dka sam u du\u0161i \u2013 idealan poklon za svakog ma\u010dkoljupca"},{"@type":"BreadcrumbList","@id":"https:\/\/macketina.com\/product\/bedz-macka-sam-u-dusi\/#breadcrumb","itemListElement":[{"@type":"ListItem","position":1,"name":"Home","item":"https:\/\/macketina.com\/"},{"@type":"ListItem","position":2,"name":"Proizvodi","item":"https:\/\/macketina.com\/shop\/"},{"@type":"ListItem","position":3,"name":"Bed\u017e Ma\u010dka sam u du\u0161i \u2013 idealan poklon za svakog ma\u010dkoljupca"}]},{"@type":"WebSite","@id":"https:\/\/macketina.com\/#website","url":"https:\/\/macketina.com\/","name":"Ma\u010dketina","description":"Online prodavnica","publisher":{"@id":"https:\/\/macketina.com\/#organization"},"alternateName":"Ma\u010dketina Shop","potentialAction":[{"@type":"SearchAction","target":{"@type":"EntryPoint","urlTemplate":"https:\/\/macketina.com\/?s={search_term_string}"},"query-input":{"@type":"PropertyValueSpecification","valueRequired":true,"valueName":"search_term_string"}}],"inLanguage":"en-US"},{"@type":"Organization","@id":"https:\/\/macketina.com\/#organization","name":"Ma\u010dketina","url":"https:\/\/macketina.com\/","logo":{"@type":"ImageObject","inLanguage":"en-US","@id":"https:\/\/macketina.com\/#\/schema\/logo\/image\/","url":"https:\/\/macketina.com\/wp-content\/uploads\/2022\/11\/cropped-Clean-Typography-Circle-Badge-Logo.png","contentUrl":"https:\/\/macketina.com\/wp-content\/uploads\/2022\/11\/cropped-Clean-Typography-Circle-Badge-Logo.png","width":512,"height":512,"caption":"Ma\u010dketina"},"image":{"@id":"https:\/\/macketina.com\/#\/schema\/logo\/image\/"},"sameAs":["https:\/\/www.facebook.com\/p\/macketinashop-100089621804815\/","https:\/\/www.instagram.com\/macketinashop\/","https:\/\/tiktok.com\/@macketinashop","https:\/\/www.youtube.com\/@macketinashop\/","https:\/\/www.pinterest.com\/macketinashop\/"]}]}},"_links":{"self":[{"href":"https:\/\/macketina.com\/en\/wp-json\/wp\/v2\/product\/11057","targetHints":{"allow":["GET"]}}],"collection":[{"href":"https:\/\/macketina.com\/en\/wp-json\/wp\/v2\/product"}],"about":[{"href":"https:\/\/macketina.com\/en\/wp-json\/wp\/v2\/types\/product"}],"replies":[{"embeddable":true,"href":"https:\/\/macketina.com\/en\/wp-json\/wp\/v2\/comments?post=11057"}],"wp:featuredmedia":[{"embeddable":true,"href":"https:\/\/macketina.com\/en\/wp-json\/wp\/v2\/media\/11058"}],"wp:attachment":[{"href":"https:\/\/macketina.com\/en\/wp-json\/wp\/v2\/media?parent=11057"}],"wp:term":[{"taxonomy":"product_brand","embeddable":true,"href":"https:\/\/macketina.com\/en\/wp-json\/wp\/v2\/product_brand?post=11057"},{"taxonomy":"product_cat","embeddable":true,"href":"https:\/\/macketina.com\/en\/wp-json\/wp\/v2\/product_cat?post=11057"},{"taxonomy":"product_tag","embeddable":true,"href":"https:\/\/macketina.com\/en\/wp-json\/wp\/v2\/product_tag?post=11057"}],"curies":[{"name":"wp","href":"https:\/\/api.w.org\/{rel}","templated":true}]}}