{"id":5444,"date":"2024-11-25T20:05:40","date_gmt":"2024-11-25T20:05:40","guid":{"rendered":"http:\/\/staging.macketina.com\/blog\/?post_type=product&#038;p=5444"},"modified":"2026-03-26T14:13:08","modified_gmt":"2026-03-26T14:13:08","slug":"majica-macka-sa-stilom","status":"publish","type":"product","link":"https:\/\/macketina.com\/en\/product\/majica-macka-sa-stilom\/","title":{"rendered":"Majica Ma\u010dka sa Stilom"},"content":{"rendered":"<p>Majica \u201eMa\u010dka sa stilom\u201c je prava poslastica za ljubitelje ma\u010daka i mode, donose\u0107i spoj elegancije, umetnosti i jedinstvenog \u0161arma. Ovaj prepoznatljivi Ma\u010dketina dizajn oslikava gracioznu ma\u010dku u \u0161arenoj haljini, ukra\u0161enoj modernim geometrijskim uzorcima, sa koktelom u ruci i stilskim \u0161e\u0161irom na glavi. Njen stav odi\u0161e sofisticirano\u0161\u0107u i istan\u010danim ukusom, \u010dine\u0107i ovu majicu savr\u0161enim izborom za one koji vole da unesu da\u0161ak umetni\u010dke elegancije u svoj izgled.<\/p>\n<p>Na\u0161e majice su izra\u0111ene od 100% pamuka, garantuju\u0107i udobnost i vrhunski kvalitet. Materijal je izuzetno prijatan na ko\u017ei, prozra\u010dan i izdr\u017eljiv, \u0161to ih \u010dini pogodnim za no\u0161enje u svim prilikama. \u0160tampa je vrhunskog kvaliteta, sa postojanim i vibrantnim bojama koje zadr\u017eavaju svoj intenzitet \u010dak i nakon brojnih pranja.<\/p>\n<p>\u201eMa\u010dka sa stilom\u201c nije samo garderoba \u2013 to je umetni\u010dki izraz koji vam omogu\u0107ava da nosite svoju ljubav prema ma\u010dkama sa ponosom. Savr\u0161eno se uklapa u svakodnevne le\u017eerne kombinacije, ali mo\u017ee biti i upe\u010datljiv detalj u elegantnijem outfitu. Bez obzira da li se spremate za \u0161etnju gradom, kafu sa prijateljima ili opu\u0161teno ve\u010de, ova majica \u0107e privu\u0107i pa\u017enju i izazvati odu\u0161evljenje.<\/p>\n<p>Tako\u0111e, majica \u201eMa\u010dka sa stilom\u201c je idealan <a href=\"https:\/\/macketina.com\/macke\/najbolji-pokloni-za-mackoljupce\/\">poklon za sve ljubitelje ma\u010daka<\/a>. Originalna i upe\u010datljiva, savr\u0161en je na\u010din da obradujete dragu osobu koja deli va\u0161u ljubav prema ovim predivnim stvorenjima.<br \/>\nPostanite deo Ma\u010dketina zajednice uz ovu jedinstvenu majicu koja kombinuje stil, umetnost i kvalitet. \u201eMa\u010dka sa stilom\u201c je vi\u0161e od majice \u2013 to je va\u0161 stav, va\u0161a pri\u010da i va\u0161a ljubav prema ma\u010dkama!<\/p>\n<h2>Majica ma\u010dka sa stilom<\/h2>\n<div class=\"flex-1 overflow-hidden @container\/thread\">\n<div class=\"h-full\">\n<div class=\"react-scroll-to-bottom--css-gzgkd-79elbk h-full\">\n<div class=\"react-scroll-to-bottom--css-gzgkd-1n7m0yu\">\n<div class=\"flex flex-col text-sm md:pb-9\">\n<article class=\"w-full scroll-mb-[var(--thread-trailing-height,150px)] text-token-text-primary focus-visible:outline-2 focus-visible:outline-offset-[-4px]\" dir=\"auto\" data-testid=\"conversation-turn-79\" data-scroll-anchor=\"true\">\n<div class=\"m-auto text-base py-[18px] px-3 md:px-4 w-full md:px-5 lg:px-4 xl:px-5\">\n<div class=\"mx-auto flex flex-1 gap-4 text-base md:gap-5 lg:gap-6 md:max-w-3xl lg:max-w-[40rem] xl:max-w-[48rem]\">\n<div class=\"group\/conversation-turn relative flex w-full min-w-0 flex-col agent-turn\">\n<div class=\"flex-col gap-1 md:gap-3\">\n<div class=\"flex max-w-full flex-col flex-grow\">\n<div class=\"min-h-8 text-message flex w-full flex-col items-end gap-2 whitespace-normal break-words text-start [.text-message+&amp;]:mt-5\" dir=\"auto\" data-message-author-role=\"assistant\" data-message-id=\"d9559661-3b10-4822-8b34-718552146f02\" data-message-model-slug=\"gpt-4o\">\n<div class=\"flex w-full flex-col gap-1 empty:hidden first:pt-[3px]\">\n<div class=\"markdown prose w-full break-words dark:prose-invert light\">\n<p>Majica \u201eMa\u010dka sa Stilom\u201c donosi spoj elegancije, umetnosti i ljubavi prema ma\u010dkama. Sa svojim jedinstvenim dizajnom, stvorena je za one koji \u017eele da se izdvoje i poka\u017eu svoj nepogre\u0161iv stil. Udobna i moderna, savr\u0161ena je za svaku priliku \u2013 od le\u017eernih \u0161etnji do posebnih trenutaka.<\/p>\n<p>Zapratite nas na dru\u0161tvenim mre\u017eama <a href=\"https:\/\/www.instagram.com\/macketinashop\/\">@macketinashop<\/a> i podelite slike svojih omiljenih majica uz #macketinashop. Mo\u017eda ba\u0161 va\u0161a fotografija postane inspiracija za slede\u0107i dizajn!<\/p>\n<p>Hvala vam \u0161to podr\u017eavate na\u0161u kreativnu pri\u010du i omogu\u0107avate nam da \u0161irimo ljubav prema ma\u010dkama kroz jedinstvene, kvalitetne i moderne proizvode. Va\u0161a podr\u0161ka nam zna\u010di sve!<\/p>\n<\/div>\n<\/div>\n<\/div>\n<\/div>\n<div class=\"mb-2 flex gap-3 empty:hidden -ml-2\">\n<div class=\"items-center justify-start rounded-xl p-1 flex\">\n<div class=\"flex items-center\">\n<div class=\"flex\"><\/div>\n<\/div>\n<\/div>\n<\/div>\n<div class=\"pr-2 lg:pr-0\"><\/div>\n<div class=\"mt-3 w-full empty:hidden\">\n<div class=\"text-center\"><\/div>\n<\/div>\n<\/div>\n<div class=\"absolute\">\n<div class=\"flex items-center justify-center\"><\/div>\n<\/div>\n<\/div>\n<\/div>\n<\/div>\n<\/article>\n<\/div>\n<\/div>\n<\/div>\n<\/div>\n<\/div>\n<div class=\"md:pt-0 dark:border-white\/20 md:border-transparent md:dark:border-transparent w-full\">\n<div>\n<div class=\"m-auto text-base px-3 md:px-4 w-full md:px-5 lg:px-4 xl:px-5\">\n<div class=\"mx-auto flex flex-1 gap-4 text-base md:gap-5 lg:gap-6 md:max-w-3xl lg:max-w-[40rem] xl:max-w-[48rem]\">\n<div class=\"flex justify-center\"><\/div>\n<\/div>\n<\/div>\n<\/div>\n<\/div>\n","protected":false},"excerpt":{"rendered":"<p>Majica \u201eMa\u010dka sa stilom\u201c donosi jedinstveni Ma\u010dketina dizajn, koji oslikava elegantnu i sofisticiranu ma\u010dku sa \u0161arenim geometrijskim uzorcima. Izra\u0111ena od 100% pamuka, pru\u017ea vrhunsku udobnost i kvalitet, idealnu za sve ljubitelje ma\u010daka. Savr\u0161en izbor za svakodnevni stil ili kao poklon za prave ma\u010dkoljupce!<\/p>","protected":false},"featured_media":10406,"comment_status":"open","ping_status":"closed","template":"","meta":{"_kad_post_transparent":"default","_kad_post_title":"","_kad_post_layout":"default","_kad_post_sidebar_id":"","_kad_post_content_style":"default","_kad_post_vertical_padding":"default","_kad_post_feature":"","_kad_post_feature_position":"","_kad_post_header":false,"_kad_post_footer":false,"_kad_post_classname":""},"product_brand":[],"product_cat":[140,16],"product_tag":[137,118,121,116,117,146,122,133,147,138],"class_list":{"0":"post-5444","1":"product","2":"type-product","3":"status-publish","4":"has-post-thumbnail","6":"product_cat-majica-sa-mackama","7":"product_cat-zenske-majice","8":"product_tag-letnja-majica","9":"product_tag-macka-na-majici","10":"product_tag-macke-na-majici","11":"product_tag-majica","12":"product_tag-majica-sa-mackom","13":"product_tag-majica-zenska","14":"product_tag-majice-sa-mackama","15":"product_tag-pamucna-majica","16":"product_tag-zenska-majica","17":"product_tag-zimska-majica","19":"first","20":"instock","21":"taxable","22":"shipping-taxable","23":"purchasable","24":"product-type-variable","25":"has-default-attributes","26":"entry","27":"content-bg","28":"loop-entry"},"yoast_head":"<!-- This site is optimized with the Yoast SEO plugin v27.3 - https:\/\/yoast.com\/product\/yoast-seo-wordpress\/ -->\n<title>Majica Ma\u010dka sa Stilom - Ma\u010dketina<\/title>\n<meta name=\"description\" content=\"Majica \u201eMa\u010dka sa stilom\u201c je prava poslastica za ljubitelje ma\u010daka i mode, donose\u0107i spoj elegancije, umetnosti i jedinstvenog \u0161arma. 100% pamuk\" \/>\n<meta name=\"robots\" content=\"index, follow, max-snippet:-1, max-image-preview:large, max-video-preview:-1\" \/>\n<link rel=\"canonical\" href=\"https:\/\/macketina.com\/en\/product\/majica-macka-sa-stilom\/\" \/>\n<meta property=\"og:locale\" content=\"en_US\" \/>\n<meta property=\"og:type\" content=\"article\" \/>\n<meta property=\"og:title\" content=\"Majica Ma\u010dka sa Stilom - Ma\u010dketina\" \/>\n<meta property=\"og:description\" content=\"Majica \u201eMa\u010dka sa stilom\u201c je prava poslastica za ljubitelje ma\u010daka i mode, donose\u0107i spoj elegancije, umetnosti i jedinstvenog \u0161arma. 100% pamuk\" \/>\n<meta property=\"og:url\" content=\"https:\/\/macketina.com\/en\/product\/majica-macka-sa-stilom\/\" \/>\n<meta property=\"og:site_name\" content=\"Ma\u010dketina\" \/>\n<meta property=\"article:publisher\" content=\"https:\/\/www.facebook.com\/p\/macketinashop-100089621804815\/\" \/>\n<meta property=\"article:modified_time\" content=\"2026-03-26T14:13:08+00:00\" \/>\n<meta property=\"og:image\" content=\"https:\/\/macketina.com\/wp-content\/uploads\/2024\/11\/bela-zenska-majica-macka-sa-stilom-1.jpg\" \/>\n\t<meta property=\"og:image:width\" content=\"1600\" \/>\n\t<meta property=\"og:image:height\" content=\"1600\" \/>\n\t<meta property=\"og:image:type\" content=\"image\/jpeg\" \/>\n<meta name=\"twitter:card\" content=\"summary_large_image\" \/>\n<meta name=\"twitter:label1\" content=\"Est. reading time\" \/>\n\t<meta name=\"twitter:data1\" content=\"2 minutes\" \/>\n<script type=\"application\/ld+json\" class=\"yoast-schema-graph\">{\"@context\":\"https:\\\/\\\/schema.org\",\"@graph\":[{\"@type\":\"WebPage\",\"@id\":\"https:\\\/\\\/macketina.com\\\/product\\\/majica-macka-sa-stilom\\\/\",\"url\":\"https:\\\/\\\/macketina.com\\\/product\\\/majica-macka-sa-stilom\\\/\",\"name\":\"Majica Ma\u010dka sa Stilom - Ma\u010dketina\",\"isPartOf\":{\"@id\":\"https:\\\/\\\/macketina.com\\\/#website\"},\"primaryImageOfPage\":{\"@id\":\"https:\\\/\\\/macketina.com\\\/product\\\/majica-macka-sa-stilom\\\/#primaryimage\"},\"image\":{\"@id\":\"https:\\\/\\\/macketina.com\\\/product\\\/majica-macka-sa-stilom\\\/#primaryimage\"},\"thumbnailUrl\":\"https:\\\/\\\/macketina.com\\\/wp-content\\\/uploads\\\/2024\\\/11\\\/bela-zenska-majica-macka-sa-stilom-1.jpg\",\"datePublished\":\"2024-11-25T20:05:40+00:00\",\"dateModified\":\"2026-03-26T14:13:08+00:00\",\"description\":\"Majica \u201eMa\u010dka sa stilom\u201c je prava poslastica za ljubitelje ma\u010daka i mode, donose\u0107i spoj elegancije, umetnosti i jedinstvenog \u0161arma. 100% pamuk\",\"breadcrumb\":{\"@id\":\"https:\\\/\\\/macketina.com\\\/product\\\/majica-macka-sa-stilom\\\/#breadcrumb\"},\"inLanguage\":\"en-US\",\"potentialAction\":[{\"@type\":\"ReadAction\",\"target\":[\"https:\\\/\\\/macketina.com\\\/product\\\/majica-macka-sa-stilom\\\/\"]}]},{\"@type\":\"ImageObject\",\"inLanguage\":\"en-US\",\"@id\":\"https:\\\/\\\/macketina.com\\\/product\\\/majica-macka-sa-stilom\\\/#primaryimage\",\"url\":\"https:\\\/\\\/macketina.com\\\/wp-content\\\/uploads\\\/2024\\\/11\\\/bela-zenska-majica-macka-sa-stilom-1.jpg\",\"contentUrl\":\"https:\\\/\\\/macketina.com\\\/wp-content\\\/uploads\\\/2024\\\/11\\\/bela-zenska-majica-macka-sa-stilom-1.jpg\",\"width\":1600,\"height\":1600,\"caption\":\"bela \u017eenska majica ma\u010dka sa stilom\"},{\"@type\":\"BreadcrumbList\",\"@id\":\"https:\\\/\\\/macketina.com\\\/product\\\/majica-macka-sa-stilom\\\/#breadcrumb\",\"itemListElement\":[{\"@type\":\"ListItem\",\"position\":1,\"name\":\"Home\",\"item\":\"https:\\\/\\\/macketina.com\\\/\"},{\"@type\":\"ListItem\",\"position\":2,\"name\":\"Proizvodi\",\"item\":\"https:\\\/\\\/macketina.com\\\/shop\\\/\"},{\"@type\":\"ListItem\",\"position\":3,\"name\":\"Majica Ma\u010dka sa Stilom\"}]},{\"@type\":\"WebSite\",\"@id\":\"https:\\\/\\\/macketina.com\\\/#website\",\"url\":\"https:\\\/\\\/macketina.com\\\/\",\"name\":\"Ma\u010dketina\",\"description\":\"Online prodavnica\",\"publisher\":{\"@id\":\"https:\\\/\\\/macketina.com\\\/#organization\"},\"alternateName\":\"Ma\u010dketina Shop\",\"potentialAction\":[{\"@type\":\"SearchAction\",\"target\":{\"@type\":\"EntryPoint\",\"urlTemplate\":\"https:\\\/\\\/macketina.com\\\/?s={search_term_string}\"},\"query-input\":{\"@type\":\"PropertyValueSpecification\",\"valueRequired\":true,\"valueName\":\"search_term_string\"}}],\"inLanguage\":\"en-US\"},{\"@type\":\"Organization\",\"@id\":\"https:\\\/\\\/macketina.com\\\/#organization\",\"name\":\"Ma\u010dketina\",\"url\":\"https:\\\/\\\/macketina.com\\\/\",\"logo\":{\"@type\":\"ImageObject\",\"inLanguage\":\"en-US\",\"@id\":\"https:\\\/\\\/macketina.com\\\/#\\\/schema\\\/logo\\\/image\\\/\",\"url\":\"https:\\\/\\\/macketina.com\\\/wp-content\\\/uploads\\\/2022\\\/11\\\/cropped-Clean-Typography-Circle-Badge-Logo.png\",\"contentUrl\":\"https:\\\/\\\/macketina.com\\\/wp-content\\\/uploads\\\/2022\\\/11\\\/cropped-Clean-Typography-Circle-Badge-Logo.png\",\"width\":512,\"height\":512,\"caption\":\"Ma\u010dketina\"},\"image\":{\"@id\":\"https:\\\/\\\/macketina.com\\\/#\\\/schema\\\/logo\\\/image\\\/\"},\"sameAs\":[\"https:\\\/\\\/www.facebook.com\\\/p\\\/macketinashop-100089621804815\\\/\",\"https:\\\/\\\/www.instagram.com\\\/macketinashop\\\/\",\"https:\\\/\\\/tiktok.com\\\/@macketinashop\",\"https:\\\/\\\/www.youtube.com\\\/@macketinashop\\\/\",\"https:\\\/\\\/www.pinterest.com\\\/macketinashop\\\/\"]}]}<\/script>\n<!-- \/ Yoast SEO plugin. -->","yoast_head_json":{"title":"Majica Ma\u010dka sa Stilom - Ma\u010dketina","description":"Majica \u201eMa\u010dka sa stilom\u201c je prava poslastica za ljubitelje ma\u010daka i mode, donose\u0107i spoj elegancije, umetnosti i jedinstvenog \u0161arma. 100% pamuk","robots":{"index":"index","follow":"follow","max-snippet":"max-snippet:-1","max-image-preview":"max-image-preview:large","max-video-preview":"max-video-preview:-1"},"canonical":"https:\/\/macketina.com\/en\/product\/majica-macka-sa-stilom\/","og_locale":"en_US","og_type":"article","og_title":"Majica Ma\u010dka sa Stilom - Ma\u010dketina","og_description":"Majica \u201eMa\u010dka sa stilom\u201c je prava poslastica za ljubitelje ma\u010daka i mode, donose\u0107i spoj elegancije, umetnosti i jedinstvenog \u0161arma. 100% pamuk","og_url":"https:\/\/macketina.com\/en\/product\/majica-macka-sa-stilom\/","og_site_name":"Ma\u010dketina","article_publisher":"https:\/\/www.facebook.com\/p\/macketinashop-100089621804815\/","article_modified_time":"2026-03-26T14:13:08+00:00","og_image":[{"width":1600,"height":1600,"url":"https:\/\/macketina.com\/wp-content\/uploads\/2024\/11\/bela-zenska-majica-macka-sa-stilom-1.jpg","type":"image\/jpeg"}],"twitter_card":"summary_large_image","twitter_misc":{"Est. reading time":"2 minutes"},"schema":{"@context":"https:\/\/schema.org","@graph":[{"@type":"WebPage","@id":"https:\/\/macketina.com\/product\/majica-macka-sa-stilom\/","url":"https:\/\/macketina.com\/product\/majica-macka-sa-stilom\/","name":"Majica Ma\u010dka sa Stilom - Ma\u010dketina","isPartOf":{"@id":"https:\/\/macketina.com\/#website"},"primaryImageOfPage":{"@id":"https:\/\/macketina.com\/product\/majica-macka-sa-stilom\/#primaryimage"},"image":{"@id":"https:\/\/macketina.com\/product\/majica-macka-sa-stilom\/#primaryimage"},"thumbnailUrl":"https:\/\/macketina.com\/wp-content\/uploads\/2024\/11\/bela-zenska-majica-macka-sa-stilom-1.jpg","datePublished":"2024-11-25T20:05:40+00:00","dateModified":"2026-03-26T14:13:08+00:00","description":"Majica \u201eMa\u010dka sa stilom\u201c je prava poslastica za ljubitelje ma\u010daka i mode, donose\u0107i spoj elegancije, umetnosti i jedinstvenog \u0161arma. 100% pamuk","breadcrumb":{"@id":"https:\/\/macketina.com\/product\/majica-macka-sa-stilom\/#breadcrumb"},"inLanguage":"en-US","potentialAction":[{"@type":"ReadAction","target":["https:\/\/macketina.com\/product\/majica-macka-sa-stilom\/"]}]},{"@type":"ImageObject","inLanguage":"en-US","@id":"https:\/\/macketina.com\/product\/majica-macka-sa-stilom\/#primaryimage","url":"https:\/\/macketina.com\/wp-content\/uploads\/2024\/11\/bela-zenska-majica-macka-sa-stilom-1.jpg","contentUrl":"https:\/\/macketina.com\/wp-content\/uploads\/2024\/11\/bela-zenska-majica-macka-sa-stilom-1.jpg","width":1600,"height":1600,"caption":"bela \u017eenska majica ma\u010dka sa stilom"},{"@type":"BreadcrumbList","@id":"https:\/\/macketina.com\/product\/majica-macka-sa-stilom\/#breadcrumb","itemListElement":[{"@type":"ListItem","position":1,"name":"Home","item":"https:\/\/macketina.com\/"},{"@type":"ListItem","position":2,"name":"Proizvodi","item":"https:\/\/macketina.com\/shop\/"},{"@type":"ListItem","position":3,"name":"Majica Ma\u010dka sa Stilom"}]},{"@type":"WebSite","@id":"https:\/\/macketina.com\/#website","url":"https:\/\/macketina.com\/","name":"Ma\u010dketina","description":"Online prodavnica","publisher":{"@id":"https:\/\/macketina.com\/#organization"},"alternateName":"Ma\u010dketina Shop","potentialAction":[{"@type":"SearchAction","target":{"@type":"EntryPoint","urlTemplate":"https:\/\/macketina.com\/?s={search_term_string}"},"query-input":{"@type":"PropertyValueSpecification","valueRequired":true,"valueName":"search_term_string"}}],"inLanguage":"en-US"},{"@type":"Organization","@id":"https:\/\/macketina.com\/#organization","name":"Ma\u010dketina","url":"https:\/\/macketina.com\/","logo":{"@type":"ImageObject","inLanguage":"en-US","@id":"https:\/\/macketina.com\/#\/schema\/logo\/image\/","url":"https:\/\/macketina.com\/wp-content\/uploads\/2022\/11\/cropped-Clean-Typography-Circle-Badge-Logo.png","contentUrl":"https:\/\/macketina.com\/wp-content\/uploads\/2022\/11\/cropped-Clean-Typography-Circle-Badge-Logo.png","width":512,"height":512,"caption":"Ma\u010dketina"},"image":{"@id":"https:\/\/macketina.com\/#\/schema\/logo\/image\/"},"sameAs":["https:\/\/www.facebook.com\/p\/macketinashop-100089621804815\/","https:\/\/www.instagram.com\/macketinashop\/","https:\/\/tiktok.com\/@macketinashop","https:\/\/www.youtube.com\/@macketinashop\/","https:\/\/www.pinterest.com\/macketinashop\/"]}]}},"_links":{"self":[{"href":"https:\/\/macketina.com\/en\/wp-json\/wp\/v2\/product\/5444","targetHints":{"allow":["GET"]}}],"collection":[{"href":"https:\/\/macketina.com\/en\/wp-json\/wp\/v2\/product"}],"about":[{"href":"https:\/\/macketina.com\/en\/wp-json\/wp\/v2\/types\/product"}],"replies":[{"embeddable":true,"href":"https:\/\/macketina.com\/en\/wp-json\/wp\/v2\/comments?post=5444"}],"wp:featuredmedia":[{"embeddable":true,"href":"https:\/\/macketina.com\/en\/wp-json\/wp\/v2\/media\/10406"}],"wp:attachment":[{"href":"https:\/\/macketina.com\/en\/wp-json\/wp\/v2\/media?parent=5444"}],"wp:term":[{"taxonomy":"product_brand","embeddable":true,"href":"https:\/\/macketina.com\/en\/wp-json\/wp\/v2\/product_brand?post=5444"},{"taxonomy":"product_cat","embeddable":true,"href":"https:\/\/macketina.com\/en\/wp-json\/wp\/v2\/product_cat?post=5444"},{"taxonomy":"product_tag","embeddable":true,"href":"https:\/\/macketina.com\/en\/wp-json\/wp\/v2\/product_tag?post=5444"}],"curies":[{"name":"wp","href":"https:\/\/api.w.org\/{rel}","templated":true}]}}