{"id":5456,"date":"2024-11-06T20:09:33","date_gmt":"2024-11-06T20:09:33","guid":{"rendered":"http:\/\/staging.macketina.com\/blog\/?post_type=product&#038;p=5456"},"modified":"2026-03-26T14:39:06","modified_gmt":"2026-03-26T14:39:06","slug":"majica-biznis-macka","status":"publish","type":"product","link":"https:\/\/macketina.com\/en\/product\/majica-biznis-macka\/","title":{"rendered":"Majica Biznis Ma\u010dka"},"content":{"rendered":"<p>Majica Biznis ma\u010dka donosi savr\u0161en spoj elegancije, dinamike i umetni\u010dkog izraza, idealna za sve koji \u017eele da iska\u017eu ljubav prema ma\u010dkama na jedinstven na\u010din. Ovaj Ma\u010dketina dizajn oslikava stilizovanu ma\u010dku u poslovnom odelu, koja odi\u0161e samopouzdanjem, profesionalizmom i urbanim duhom. Njena gracioznost i stav \u0161alju poruku da je mogu\u0107e kombinovati sofisticiranost i \u0161arm, a pritom biti veran ljubitelj ma\u010daka.<\/p>\n<p>Na\u0161a Biznis Ma\u010dka majica je izra\u0111ena od 100% pamuka, \u0161to garantuje visok nivo udobnosti i dugotrajnost. Materijal je prijatan na dodir, savr\u0161en za svakodnevno no\u0161enje, dok je \u0161tampa vrhunskog kvaliteta \u2013 postojana i detaljna, sa bojama koje ne blede ni nakon brojnih pranja. Ovaj premium kvalitet obezbe\u0111uje da dizajn ostane upe\u010datljiv i dugotrajan, \u0161to \u010dini ovu majicu savr\u0161enim dodatkom va\u0161em garderoberu.<\/p>\n<p>\u201eBiznis ma\u010dka\u201c nije samo ode\u0107a, ve\u0107 umetni\u010dki izraz i simbol moderne \u017eene sa stilom, koja voli ma\u010dke i ne boji se da to poka\u017ee. Savr\u0161ena je za sve prilike \u2013 od neformalnih susreta do opu\u0161tenih poslovnih sastanaka, kao i za svakodnevno no\u0161enje uz farmerke ili elegantnije kombinacije.<\/p>\n<p>Ova majica je tako\u0111e <a href=\"https:\/\/macketina.com\/macke\/najbolji-pokloni-za-mackoljupce\/\">idealan poklon za sve ljubitelje ma\u010daka<\/a> \u2013 originalna, kreativna i upe\u010datljiva. Bilo da \u017eelite da obradujete sebe ili nekoga posebnog, \u201eBiznis ma\u010dka\u201c je izbor koji \u0107e sigurno privu\u0107i pa\u017enju i izazvati osmeh.<\/p>\n<p>Postanite deo Ma\u010dketina zajednice i poka\u017eite svetu koliko volite ma\u010dke sa ovim jedinstvenim dizajnom. \u201eBiznis ma\u010dka\u201c je vi\u0161e od majice \u2013 to je stil, stav i umetnost!<\/p>\n<div class=\"flex-1 overflow-hidden @container\/thread\">\n<div class=\"h-full\">\n<div class=\"react-scroll-to-bottom--css-gzgkd-79elbk h-full\">\n<div class=\"react-scroll-to-bottom--css-gzgkd-1n7m0yu\">\n<div class=\"flex flex-col text-sm md:pb-9\">\n<article class=\"w-full scroll-mb-[var(--thread-trailing-height,150px)] text-token-text-primary focus-visible:outline-2 focus-visible:outline-offset-[-4px]\" dir=\"auto\" data-testid=\"conversation-turn-23\" data-scroll-anchor=\"true\">\n<div class=\"m-auto text-base py-[18px] px-3 md:px-4 w-full md:px-5 lg:px-4 xl:px-5\">\n<div class=\"mx-auto flex flex-1 gap-4 text-base md:gap-5 lg:gap-6 md:max-w-3xl lg:max-w-[40rem] xl:max-w-[48rem]\">\n<div class=\"group\/conversation-turn relative flex w-full min-w-0 flex-col agent-turn\">\n<div class=\"flex-col gap-1 md:gap-3\">\n<div class=\"flex max-w-full flex-col flex-grow\">\n<div class=\"min-h-8 text-message flex w-full flex-col items-end gap-2 whitespace-normal break-words text-start [.text-message+&amp;]:mt-5\" dir=\"auto\" data-message-author-role=\"assistant\" data-message-id=\"3b32981d-9fbe-496a-93ce-7baaa5770afd\" data-message-model-slug=\"gpt-4o\">\n<div class=\"flex w-full flex-col gap-1 empty:hidden first:pt-[3px]\">\n<div class=\"markdown prose w-full break-words dark:prose-invert light\">\n<h2>Zahvalnost &#8211; Majica biznis ma\u010dka<\/h2>\n<p>Hvala vam \u0161to ste deo na\u0161e Ma\u010dketina zajednice! Va\u0161a podr\u0161ka, poverenje i ljubav prema ma\u010dkama motivi\u0161u nas da svakodnevno stvaramo unikatne i kreativne proizvode. Zahvaljuju\u0107i vama, majice poput \u201eBuznis ma\u010dka\u201c i \u201eGradska ma\u010dka\u201c postale su simboli ljubavi prema ma\u010dkama i urbanom stilu. Svaka va\u0161a narud\u017ebina, komentar i podeljena fotografija su inspiracija koja nas podsti\u010de da budemo jo\u0161 bolji. Posebno cenimo va\u0161u vernost i radujemo se \u0161to zajedno \u0161irimo svet ma\u010dkoljupaca. Hvala vam \u0161to birate Ma\u010dketina shop i \u0161to sa nama delite strast prema na\u0161im krznenim prijateljima! Zapratite nas i na dru\u0161tvenim mre\u017eama <a href=\"https:\/\/www.instagram.com\/macketinashop\/\">@macketinashop<\/a><\/p>\n<\/div>\n<\/div>\n<\/div>\n<\/div>\n<div class=\"mb-2 flex gap-3 empty:hidden -ml-2\">\n<div class=\"items-center justify-start rounded-xl p-1 flex\">\n<div class=\"flex items-center\">\n<div class=\"flex\"><\/div>\n<\/div>\n<\/div>\n<\/div>\n<div class=\"pr-2 lg:pr-0\"><\/div>\n<div class=\"mt-3 w-full empty:hidden\">\n<div class=\"text-center\"><\/div>\n<\/div>\n<\/div>\n<div class=\"absolute\">\n<div class=\"flex items-center justify-center\"><\/div>\n<\/div>\n<\/div>\n<\/div>\n<\/div>\n<\/article>\n<\/div>\n<\/div>\n<\/div>\n<\/div>\n<\/div>\n<div class=\"md:pt-0 dark:border-white\/20 md:border-transparent md:dark:border-transparent w-full\">\n<div>\n<div class=\"m-auto text-base px-3 md:px-4 w-full md:px-5 lg:px-4 xl:px-5\">\n<div class=\"mx-auto flex flex-1 gap-4 text-base md:gap-5 lg:gap-6 md:max-w-3xl lg:max-w-[40rem] xl:max-w-[48rem]\">\n<div class=\"flex justify-center\"><\/div>\n<\/div>\n<\/div>\n<\/div>\n<\/div>\n","protected":false},"excerpt":{"rendered":"<p>Majica \u201eBiznis ma\u010dka\u201c donosi jedinstveni Ma\u010dketina dizajn sa ma\u010dkom u poslovnom odelu, koja odi\u0161e stilom i samopouzdanjem. Izra\u0111ena od 100% pamuka, pru\u017ea vrhunsku udobnost i postojan kvalitet \u0161tampe. Idealna je za sve ma\u010dkoljupce ili kao savr\u0161en poklon za ljubitelje ma\u010daka!<\/p>","protected":false},"featured_media":10391,"comment_status":"open","ping_status":"closed","template":"","meta":{"_kad_post_transparent":"default","_kad_post_title":"","_kad_post_layout":"default","_kad_post_sidebar_id":"","_kad_post_content_style":"default","_kad_post_vertical_padding":"default","_kad_post_feature":"","_kad_post_feature_position":"","_kad_post_header":false,"_kad_post_footer":false,"_kad_post_classname":""},"product_brand":[],"product_cat":[140,16],"product_tag":[],"class_list":{"0":"post-5456","1":"product","2":"type-product","3":"status-publish","4":"has-post-thumbnail","6":"product_cat-majica-sa-mackama","7":"product_cat-zenske-majice","9":"first","10":"instock","11":"taxable","12":"shipping-taxable","13":"purchasable","14":"product-type-variable","15":"has-default-attributes","16":"entry","17":"content-bg","18":"loop-entry"},"yoast_head":"<!-- This site is optimized with the Yoast SEO plugin v27.6 - https:\/\/yoast.com\/product\/yoast-seo-wordpress\/ -->\n<title>Majica Biznis Ma\u010dka - Ma\u010dketina<\/title>\n<meta name=\"description\" content=\"Na\u0161a majica Biznis Ma\u010dka je izra\u0111ena od 100% pamuka, \u0161to garantuje visok nivo udobnosti i dugotrajnost i je savr\u0161ena za sve prilike.\" \/>\n<meta name=\"robots\" content=\"index, follow, max-snippet:-1, max-image-preview:large, max-video-preview:-1\" \/>\n<link rel=\"canonical\" href=\"https:\/\/macketina.com\/en\/product\/majica-biznis-macka\/\" \/>\n<meta property=\"og:locale\" content=\"en_US\" \/>\n<meta property=\"og:type\" content=\"article\" \/>\n<meta property=\"og:title\" content=\"Majica Biznis Ma\u010dka - Ma\u010dketina\" \/>\n<meta property=\"og:description\" content=\"Na\u0161a majica Biznis Ma\u010dka je izra\u0111ena od 100% pamuka, \u0161to garantuje visok nivo udobnosti i dugotrajnost i je savr\u0161ena za sve prilike.\" \/>\n<meta property=\"og:url\" content=\"https:\/\/macketina.com\/en\/product\/majica-biznis-macka\/\" \/>\n<meta property=\"og:site_name\" content=\"Ma\u010dketina\" \/>\n<meta property=\"article:publisher\" content=\"https:\/\/www.facebook.com\/p\/macketinashop-100089621804815\/\" \/>\n<meta property=\"article:modified_time\" content=\"2026-03-26T14:39:06+00:00\" \/>\n<meta property=\"og:image\" content=\"https:\/\/macketina.com\/wp-content\/uploads\/2024\/11\/bela-zenska-majica-biznis-macka.jpg\" \/>\n\t<meta property=\"og:image:width\" content=\"1600\" \/>\n\t<meta property=\"og:image:height\" content=\"1600\" \/>\n\t<meta property=\"og:image:type\" content=\"image\/jpeg\" \/>\n<meta name=\"twitter:card\" content=\"summary_large_image\" \/>\n<meta name=\"twitter:label1\" content=\"Est. reading time\" \/>\n\t<meta name=\"twitter:data1\" content=\"2 minutes\" \/>\n<script type=\"application\/ld+json\" class=\"yoast-schema-graph\">{\"@context\":\"https:\\\/\\\/schema.org\",\"@graph\":[{\"@type\":\"WebPage\",\"@id\":\"https:\\\/\\\/macketina.com\\\/product\\\/majica-biznis-macka\\\/\",\"url\":\"https:\\\/\\\/macketina.com\\\/product\\\/majica-biznis-macka\\\/\",\"name\":\"Majica Biznis Ma\u010dka - Ma\u010dketina\",\"isPartOf\":{\"@id\":\"https:\\\/\\\/macketina.com\\\/#website\"},\"primaryImageOfPage\":{\"@id\":\"https:\\\/\\\/macketina.com\\\/product\\\/majica-biznis-macka\\\/#primaryimage\"},\"image\":{\"@id\":\"https:\\\/\\\/macketina.com\\\/product\\\/majica-biznis-macka\\\/#primaryimage\"},\"thumbnailUrl\":\"https:\\\/\\\/macketina.com\\\/wp-content\\\/uploads\\\/2024\\\/11\\\/bela-zenska-majica-biznis-macka.jpg\",\"datePublished\":\"2024-11-06T20:09:33+00:00\",\"dateModified\":\"2026-03-26T14:39:06+00:00\",\"description\":\"Na\u0161a majica Biznis Ma\u010dka je izra\u0111ena od 100% pamuka, \u0161to garantuje visok nivo udobnosti i dugotrajnost i je savr\u0161ena za sve prilike.\",\"breadcrumb\":{\"@id\":\"https:\\\/\\\/macketina.com\\\/product\\\/majica-biznis-macka\\\/#breadcrumb\"},\"inLanguage\":\"en-US\",\"potentialAction\":[{\"@type\":\"ReadAction\",\"target\":[\"https:\\\/\\\/macketina.com\\\/product\\\/majica-biznis-macka\\\/\"]}]},{\"@type\":\"ImageObject\",\"inLanguage\":\"en-US\",\"@id\":\"https:\\\/\\\/macketina.com\\\/product\\\/majica-biznis-macka\\\/#primaryimage\",\"url\":\"https:\\\/\\\/macketina.com\\\/wp-content\\\/uploads\\\/2024\\\/11\\\/bela-zenska-majica-biznis-macka.jpg\",\"contentUrl\":\"https:\\\/\\\/macketina.com\\\/wp-content\\\/uploads\\\/2024\\\/11\\\/bela-zenska-majica-biznis-macka.jpg\",\"width\":1600,\"height\":1600,\"caption\":\"bela \u017eenska majica biznis ma\u010dka\"},{\"@type\":\"BreadcrumbList\",\"@id\":\"https:\\\/\\\/macketina.com\\\/product\\\/majica-biznis-macka\\\/#breadcrumb\",\"itemListElement\":[{\"@type\":\"ListItem\",\"position\":1,\"name\":\"Home\",\"item\":\"https:\\\/\\\/macketina.com\\\/\"},{\"@type\":\"ListItem\",\"position\":2,\"name\":\"Proizvodi\",\"item\":\"https:\\\/\\\/macketina.com\\\/shop\\\/\"},{\"@type\":\"ListItem\",\"position\":3,\"name\":\"Majica Biznis Ma\u010dka\"}]},{\"@type\":\"WebSite\",\"@id\":\"https:\\\/\\\/macketina.com\\\/#website\",\"url\":\"https:\\\/\\\/macketina.com\\\/\",\"name\":\"Ma\u010dketina\",\"description\":\"Online prodavnica\",\"publisher\":{\"@id\":\"https:\\\/\\\/macketina.com\\\/#organization\"},\"alternateName\":\"Ma\u010dketina Shop\",\"potentialAction\":[{\"@type\":\"SearchAction\",\"target\":{\"@type\":\"EntryPoint\",\"urlTemplate\":\"https:\\\/\\\/macketina.com\\\/?s={search_term_string}\"},\"query-input\":{\"@type\":\"PropertyValueSpecification\",\"valueRequired\":true,\"valueName\":\"search_term_string\"}}],\"inLanguage\":\"en-US\"},{\"@type\":\"Organization\",\"@id\":\"https:\\\/\\\/macketina.com\\\/#organization\",\"name\":\"Ma\u010dketina\",\"url\":\"https:\\\/\\\/macketina.com\\\/\",\"logo\":{\"@type\":\"ImageObject\",\"inLanguage\":\"en-US\",\"@id\":\"https:\\\/\\\/macketina.com\\\/#\\\/schema\\\/logo\\\/image\\\/\",\"url\":\"https:\\\/\\\/macketina.com\\\/wp-content\\\/uploads\\\/2022\\\/11\\\/cropped-Clean-Typography-Circle-Badge-Logo.png\",\"contentUrl\":\"https:\\\/\\\/macketina.com\\\/wp-content\\\/uploads\\\/2022\\\/11\\\/cropped-Clean-Typography-Circle-Badge-Logo.png\",\"width\":512,\"height\":512,\"caption\":\"Ma\u010dketina\"},\"image\":{\"@id\":\"https:\\\/\\\/macketina.com\\\/#\\\/schema\\\/logo\\\/image\\\/\"},\"sameAs\":[\"https:\\\/\\\/www.facebook.com\\\/p\\\/macketinashop-100089621804815\\\/\",\"https:\\\/\\\/www.instagram.com\\\/macketinashop\\\/\",\"https:\\\/\\\/tiktok.com\\\/@macketinashop\",\"https:\\\/\\\/www.youtube.com\\\/@macketinashop\\\/\",\"https:\\\/\\\/www.pinterest.com\\\/macketinashop\\\/\"]}]}<\/script>\n<!-- \/ Yoast SEO plugin. -->","yoast_head_json":{"title":"Majica Biznis Ma\u010dka - Ma\u010dketina","description":"Na\u0161a majica Biznis Ma\u010dka je izra\u0111ena od 100% pamuka, \u0161to garantuje visok nivo udobnosti i dugotrajnost i je savr\u0161ena za sve prilike.","robots":{"index":"index","follow":"follow","max-snippet":"max-snippet:-1","max-image-preview":"max-image-preview:large","max-video-preview":"max-video-preview:-1"},"canonical":"https:\/\/macketina.com\/en\/product\/majica-biznis-macka\/","og_locale":"en_US","og_type":"article","og_title":"Majica Biznis Ma\u010dka - Ma\u010dketina","og_description":"Na\u0161a majica Biznis Ma\u010dka je izra\u0111ena od 100% pamuka, \u0161to garantuje visok nivo udobnosti i dugotrajnost i je savr\u0161ena za sve prilike.","og_url":"https:\/\/macketina.com\/en\/product\/majica-biznis-macka\/","og_site_name":"Ma\u010dketina","article_publisher":"https:\/\/www.facebook.com\/p\/macketinashop-100089621804815\/","article_modified_time":"2026-03-26T14:39:06+00:00","og_image":[{"width":1600,"height":1600,"url":"https:\/\/macketina.com\/wp-content\/uploads\/2024\/11\/bela-zenska-majica-biznis-macka.jpg","type":"image\/jpeg"}],"twitter_card":"summary_large_image","twitter_misc":{"Est. reading time":"2 minutes"},"schema":{"@context":"https:\/\/schema.org","@graph":[{"@type":"WebPage","@id":"https:\/\/macketina.com\/product\/majica-biznis-macka\/","url":"https:\/\/macketina.com\/product\/majica-biznis-macka\/","name":"Majica Biznis Ma\u010dka - Ma\u010dketina","isPartOf":{"@id":"https:\/\/macketina.com\/#website"},"primaryImageOfPage":{"@id":"https:\/\/macketina.com\/product\/majica-biznis-macka\/#primaryimage"},"image":{"@id":"https:\/\/macketina.com\/product\/majica-biznis-macka\/#primaryimage"},"thumbnailUrl":"https:\/\/macketina.com\/wp-content\/uploads\/2024\/11\/bela-zenska-majica-biznis-macka.jpg","datePublished":"2024-11-06T20:09:33+00:00","dateModified":"2026-03-26T14:39:06+00:00","description":"Na\u0161a majica Biznis Ma\u010dka je izra\u0111ena od 100% pamuka, \u0161to garantuje visok nivo udobnosti i dugotrajnost i je savr\u0161ena za sve prilike.","breadcrumb":{"@id":"https:\/\/macketina.com\/product\/majica-biznis-macka\/#breadcrumb"},"inLanguage":"en-US","potentialAction":[{"@type":"ReadAction","target":["https:\/\/macketina.com\/product\/majica-biznis-macka\/"]}]},{"@type":"ImageObject","inLanguage":"en-US","@id":"https:\/\/macketina.com\/product\/majica-biznis-macka\/#primaryimage","url":"https:\/\/macketina.com\/wp-content\/uploads\/2024\/11\/bela-zenska-majica-biznis-macka.jpg","contentUrl":"https:\/\/macketina.com\/wp-content\/uploads\/2024\/11\/bela-zenska-majica-biznis-macka.jpg","width":1600,"height":1600,"caption":"bela \u017eenska majica biznis ma\u010dka"},{"@type":"BreadcrumbList","@id":"https:\/\/macketina.com\/product\/majica-biznis-macka\/#breadcrumb","itemListElement":[{"@type":"ListItem","position":1,"name":"Home","item":"https:\/\/macketina.com\/"},{"@type":"ListItem","position":2,"name":"Proizvodi","item":"https:\/\/macketina.com\/shop\/"},{"@type":"ListItem","position":3,"name":"Majica Biznis Ma\u010dka"}]},{"@type":"WebSite","@id":"https:\/\/macketina.com\/#website","url":"https:\/\/macketina.com\/","name":"Ma\u010dketina","description":"Online prodavnica","publisher":{"@id":"https:\/\/macketina.com\/#organization"},"alternateName":"Ma\u010dketina Shop","potentialAction":[{"@type":"SearchAction","target":{"@type":"EntryPoint","urlTemplate":"https:\/\/macketina.com\/?s={search_term_string}"},"query-input":{"@type":"PropertyValueSpecification","valueRequired":true,"valueName":"search_term_string"}}],"inLanguage":"en-US"},{"@type":"Organization","@id":"https:\/\/macketina.com\/#organization","name":"Ma\u010dketina","url":"https:\/\/macketina.com\/","logo":{"@type":"ImageObject","inLanguage":"en-US","@id":"https:\/\/macketina.com\/#\/schema\/logo\/image\/","url":"https:\/\/macketina.com\/wp-content\/uploads\/2022\/11\/cropped-Clean-Typography-Circle-Badge-Logo.png","contentUrl":"https:\/\/macketina.com\/wp-content\/uploads\/2022\/11\/cropped-Clean-Typography-Circle-Badge-Logo.png","width":512,"height":512,"caption":"Ma\u010dketina"},"image":{"@id":"https:\/\/macketina.com\/#\/schema\/logo\/image\/"},"sameAs":["https:\/\/www.facebook.com\/p\/macketinashop-100089621804815\/","https:\/\/www.instagram.com\/macketinashop\/","https:\/\/tiktok.com\/@macketinashop","https:\/\/www.youtube.com\/@macketinashop\/","https:\/\/www.pinterest.com\/macketinashop\/"]}]}},"_links":{"self":[{"href":"https:\/\/macketina.com\/en\/wp-json\/wp\/v2\/product\/5456","targetHints":{"allow":["GET"]}}],"collection":[{"href":"https:\/\/macketina.com\/en\/wp-json\/wp\/v2\/product"}],"about":[{"href":"https:\/\/macketina.com\/en\/wp-json\/wp\/v2\/types\/product"}],"replies":[{"embeddable":true,"href":"https:\/\/macketina.com\/en\/wp-json\/wp\/v2\/comments?post=5456"}],"wp:featuredmedia":[{"embeddable":true,"href":"https:\/\/macketina.com\/en\/wp-json\/wp\/v2\/media\/10391"}],"wp:attachment":[{"href":"https:\/\/macketina.com\/en\/wp-json\/wp\/v2\/media?parent=5456"}],"wp:term":[{"taxonomy":"product_brand","embeddable":true,"href":"https:\/\/macketina.com\/en\/wp-json\/wp\/v2\/product_brand?post=5456"},{"taxonomy":"product_cat","embeddable":true,"href":"https:\/\/macketina.com\/en\/wp-json\/wp\/v2\/product_cat?post=5456"},{"taxonomy":"product_tag","embeddable":true,"href":"https:\/\/macketina.com\/en\/wp-json\/wp\/v2\/product_tag?post=5456"}],"curies":[{"name":"wp","href":"https:\/\/api.w.org\/{rel}","templated":true}]}}