{"id":6049,"date":"2024-11-25T11:40:57","date_gmt":"2024-11-25T11:40:57","guid":{"rendered":"http:\/\/staging.macketina.com\/blog\/?post_type=product&#038;p=6049"},"modified":"2026-03-04T14:36:00","modified_gmt":"2026-03-04T14:36:00","slug":"magicna-solja-sest-mjau-musketara","status":"publish","type":"product","link":"https:\/\/macketina.com\/en\/product\/magicna-solja-sest-mjau-musketara\/","title":{"rendered":"Magi\u010dna \u0160olja \u0160est Mjau Musketara"},"content":{"rendered":"<p>Magi\u010dna \u0161olja \u201e\u0160est mjau musketara\u201c donosi savr\u0161enu kombinaciju umetni\u010dkog stila i <a href=\"https:\/\/macketina.com\/en\/vlasnici-macaka\/jeste-li-pravi-mackoljubac\/\">ljubavi prema ma\u010dkama<\/a>. Napravljena od fine keramike vrhunskog kvaliteta, ova \u0161olja menja dizajn kada se napuni toplim napitkom, otkrivaju\u0107i simpati\u010dnu grupu \u0161est crnih ma\u010daka sa zelenim o\u010dima i jedinstvenim karakterima. Njihov sme\u0161an i elegantan izgled sa detaljima bele boje unosi dozu \u0161arma u svaki trenutak opu\u0161tanja uz omiljeni napitak.<\/p>\n<p>Jedinstveni Ma\u010dketina dizajn, poznat po kreativnosti i pa\u017enji prema detaljima, \u010dini ovu \u0161olju pravim umetni\u010dkim delom koje je savr\u0161eno za sve ljubitelje ma\u010daka. Vrhunska \u0161tampa garantuje postojanost boja i dugotrajnu upotrebu, dok je \u0161olja sama po sebi izuzetno prakti\u010dna i pogodna za svakodnevnu upotrebu.<\/p>\n<p>Ova \u0161olja je idealan poklon za ma\u010dkoljupce svih generacija ili savr\u0161en dodatak va\u0161oj kolekciji predmeta inspirisanih ma\u010dkama. U\u017eivajte u svakom gutljaju kafe, \u010daja ili toplog mleka dok vas prati ekipa ma\u010djih musketara \u2013 jer svaki ljubitelj ma\u010daka zna da je \u017eivot sa ma\u010dkama pun stila i avanture!<\/p>\n<h2>Magi\u010dna \u0161olja \u0161est mjau musketara<\/h2>\n<p>Magi\u010dna \u0161olja \u201e\u0160est Mjau Musketara\u201c unosi dozu zabave i zajedni\u0161tva u svaki gutljaj omiljenog napitka. Savr\u0161ena je za sve ljubitelje ma\u010daka koji veruju da se najbolje avanture de\u0161avaju u dobrom dru\u0161tvu. Ova \u0161olja menja dizajn kada se sipa topli napitak, donose\u0107i osmeh svakog jutra!<\/p>\n<p>Zapratite nas na dru\u0161tvenim mre\u017eama <a href=\"https:\/\/www.instagram.com\/macketinashop\/\">@macketinashop<\/a> i podelite slike svojih \u0161olja uz #macketinashop. Mo\u017eda ba\u0161 va\u0161a fotografija postane inspiracija za slede\u0107i dizajn!<\/p>\n<p>Hvala vam \u0161to podr\u017eavate na\u0161u kreativnu misiju i poma\u017eete nam da \u0161irimo ljubav prema ma\u010dkama kroz jedinstvene i zabavne proizvode. Va\u0161a podr\u0161ka nam zna\u010di sve!<\/p>","protected":false},"excerpt":{"rendered":"<p>Magi\u010dna \u0161olja \u201e\u0160est mjau musketara\u201c odu\u0161evljava svojim jedinstvenim Ma\u010dketina dizajnom i simpati\u010dnim likovima \u0161est crnih ma\u010daka sa zelenim o\u010dima. Napravljena od fine keramike vrhunskog kvaliteta, ova \u0161olja menja izgled sa svakim toplim napitkom, donose\u0107i dozu \u0161arma u va\u0161 dan. Savr\u0161en izbor za ljubitelje ma\u010daka ili kao poklon koji \u0107e izmamiti osmeh!<\/p>","protected":false},"featured_media":9975,"comment_status":"open","ping_status":"closed","template":"","meta":{"_kad_post_transparent":"default","_kad_post_title":"","_kad_post_layout":"default","_kad_post_sidebar_id":"","_kad_post_content_style":"default","_kad_post_vertical_padding":"default","_kad_post_feature":"","_kad_post_feature_position":"","_kad_post_header":false,"_kad_post_footer":false,"_kad_post_classname":""},"product_brand":[],"product_cat":[79],"product_tag":[98,88,96,148,93,85,91,109,99,87,92,108],"class_list":{"0":"post-6049","1":"product","2":"type-product","3":"status-publish","4":"has-post-thumbnail","6":"product_cat-magicne-solje","7":"product_tag-mace-i-solje","8":"product_tag-macka-na-solji","9":"product_tag-macka-solja","10":"product_tag-magicna-solja","11":"product_tag-solja-i-macka","12":"product_tag-solja-sa-mackama","13":"product_tag-solja-sa-mackom","14":"product_tag-solja-sa-motivom-macka","15":"product_tag-solja-sa-slikom-macke","16":"product_tag-solje-sa-macama","17":"product_tag-solje-sa-mackama","18":"product_tag-tvoja-macka-na-solji","20":"first","21":"instock","22":"taxable","23":"shipping-taxable","24":"purchasable","25":"product-type-simple","26":"entry","27":"content-bg","28":"loop-entry"},"yoast_head":"<!-- This site is optimized with the Yoast SEO plugin v27.3 - https:\/\/yoast.com\/product\/yoast-seo-wordpress\/ -->\n<title>Magi\u010dna \u0160olja \u0160est Mjau Musketara - Ma\u010dketina<\/title>\n<meta name=\"description\" content=\"Magi\u010dna \u0161olja \u201e\u0160est mjau musketara\u201c donosi savr\u0161enu kombinaciju umetni\u010dkog stila i ljubavi prema ma\u010dkama. Napravljena od fine keramike.\" \/>\n<meta name=\"robots\" content=\"index, follow, max-snippet:-1, max-image-preview:large, max-video-preview:-1\" \/>\n<link rel=\"canonical\" href=\"https:\/\/macketina.com\/en\/product\/magicna-solja-sest-mjau-musketara\/\" \/>\n<meta property=\"og:locale\" content=\"en_US\" \/>\n<meta property=\"og:type\" content=\"article\" \/>\n<meta property=\"og:title\" content=\"Magi\u010dna \u0160olja \u0160est Mjau Musketara - Ma\u010dketina\" \/>\n<meta property=\"og:description\" content=\"Magi\u010dna \u0161olja \u201e\u0160est mjau musketara\u201c donosi savr\u0161enu kombinaciju umetni\u010dkog stila i ljubavi prema ma\u010dkama. Napravljena od fine keramike.\" \/>\n<meta property=\"og:url\" content=\"https:\/\/macketina.com\/en\/product\/magicna-solja-sest-mjau-musketara\/\" \/>\n<meta property=\"og:site_name\" content=\"Ma\u010dketina\" \/>\n<meta property=\"article:publisher\" content=\"https:\/\/www.facebook.com\/p\/macketinashop-100089621804815\/\" \/>\n<meta property=\"article:modified_time\" content=\"2026-03-04T14:36:00+00:00\" \/>\n<meta property=\"og:image\" content=\"https:\/\/macketina.com\/wp-content\/uploads\/2024\/11\/magicna-solja-sest-mjausketara.jpg\" \/>\n\t<meta property=\"og:image:width\" content=\"1600\" \/>\n\t<meta property=\"og:image:height\" content=\"1600\" \/>\n\t<meta property=\"og:image:type\" content=\"image\/jpeg\" \/>\n<meta name=\"twitter:card\" content=\"summary_large_image\" \/>\n<meta name=\"twitter:label1\" content=\"Est. reading time\" \/>\n\t<meta name=\"twitter:data1\" content=\"2 minutes\" \/>\n<script type=\"application\/ld+json\" class=\"yoast-schema-graph\">{\"@context\":\"https:\\\/\\\/schema.org\",\"@graph\":[{\"@type\":\"WebPage\",\"@id\":\"https:\\\/\\\/macketina.com\\\/product\\\/magicna-solja-sest-mjau-musketara\\\/\",\"url\":\"https:\\\/\\\/macketina.com\\\/product\\\/magicna-solja-sest-mjau-musketara\\\/\",\"name\":\"Magi\u010dna \u0160olja \u0160est Mjau Musketara - Ma\u010dketina\",\"isPartOf\":{\"@id\":\"https:\\\/\\\/macketina.com\\\/#website\"},\"primaryImageOfPage\":{\"@id\":\"https:\\\/\\\/macketina.com\\\/product\\\/magicna-solja-sest-mjau-musketara\\\/#primaryimage\"},\"image\":{\"@id\":\"https:\\\/\\\/macketina.com\\\/product\\\/magicna-solja-sest-mjau-musketara\\\/#primaryimage\"},\"thumbnailUrl\":\"https:\\\/\\\/macketina.com\\\/wp-content\\\/uploads\\\/2024\\\/11\\\/magicna-solja-sest-mjausketara.jpg\",\"datePublished\":\"2024-11-25T11:40:57+00:00\",\"dateModified\":\"2026-03-04T14:36:00+00:00\",\"description\":\"Magi\u010dna \u0161olja \u201e\u0160est mjau musketara\u201c donosi savr\u0161enu kombinaciju umetni\u010dkog stila i ljubavi prema ma\u010dkama. Napravljena od fine keramike.\",\"breadcrumb\":{\"@id\":\"https:\\\/\\\/macketina.com\\\/product\\\/magicna-solja-sest-mjau-musketara\\\/#breadcrumb\"},\"inLanguage\":\"en-US\",\"potentialAction\":[{\"@type\":\"ReadAction\",\"target\":[\"https:\\\/\\\/macketina.com\\\/product\\\/magicna-solja-sest-mjau-musketara\\\/\"]}]},{\"@type\":\"ImageObject\",\"inLanguage\":\"en-US\",\"@id\":\"https:\\\/\\\/macketina.com\\\/product\\\/magicna-solja-sest-mjau-musketara\\\/#primaryimage\",\"url\":\"https:\\\/\\\/macketina.com\\\/wp-content\\\/uploads\\\/2024\\\/11\\\/magicna-solja-sest-mjausketara.jpg\",\"contentUrl\":\"https:\\\/\\\/macketina.com\\\/wp-content\\\/uploads\\\/2024\\\/11\\\/magicna-solja-sest-mjausketara.jpg\",\"width\":1600,\"height\":1600},{\"@type\":\"BreadcrumbList\",\"@id\":\"https:\\\/\\\/macketina.com\\\/product\\\/magicna-solja-sest-mjau-musketara\\\/#breadcrumb\",\"itemListElement\":[{\"@type\":\"ListItem\",\"position\":1,\"name\":\"Home\",\"item\":\"https:\\\/\\\/macketina.com\\\/\"},{\"@type\":\"ListItem\",\"position\":2,\"name\":\"Proizvodi\",\"item\":\"https:\\\/\\\/macketina.com\\\/shop\\\/\"},{\"@type\":\"ListItem\",\"position\":3,\"name\":\"Magi\u010dna \u0160olja \u0160est Mjau Musketara\"}]},{\"@type\":\"WebSite\",\"@id\":\"https:\\\/\\\/macketina.com\\\/#website\",\"url\":\"https:\\\/\\\/macketina.com\\\/\",\"name\":\"Ma\u010dketina\",\"description\":\"Online prodavnica\",\"publisher\":{\"@id\":\"https:\\\/\\\/macketina.com\\\/#organization\"},\"alternateName\":\"Ma\u010dketina Shop\",\"potentialAction\":[{\"@type\":\"SearchAction\",\"target\":{\"@type\":\"EntryPoint\",\"urlTemplate\":\"https:\\\/\\\/macketina.com\\\/?s={search_term_string}\"},\"query-input\":{\"@type\":\"PropertyValueSpecification\",\"valueRequired\":true,\"valueName\":\"search_term_string\"}}],\"inLanguage\":\"en-US\"},{\"@type\":\"Organization\",\"@id\":\"https:\\\/\\\/macketina.com\\\/#organization\",\"name\":\"Ma\u010dketina\",\"url\":\"https:\\\/\\\/macketina.com\\\/\",\"logo\":{\"@type\":\"ImageObject\",\"inLanguage\":\"en-US\",\"@id\":\"https:\\\/\\\/macketina.com\\\/#\\\/schema\\\/logo\\\/image\\\/\",\"url\":\"https:\\\/\\\/macketina.com\\\/wp-content\\\/uploads\\\/2022\\\/11\\\/cropped-Clean-Typography-Circle-Badge-Logo.png\",\"contentUrl\":\"https:\\\/\\\/macketina.com\\\/wp-content\\\/uploads\\\/2022\\\/11\\\/cropped-Clean-Typography-Circle-Badge-Logo.png\",\"width\":512,\"height\":512,\"caption\":\"Ma\u010dketina\"},\"image\":{\"@id\":\"https:\\\/\\\/macketina.com\\\/#\\\/schema\\\/logo\\\/image\\\/\"},\"sameAs\":[\"https:\\\/\\\/www.facebook.com\\\/p\\\/macketinashop-100089621804815\\\/\",\"https:\\\/\\\/www.instagram.com\\\/macketinashop\\\/\",\"https:\\\/\\\/tiktok.com\\\/@macketinashop\",\"https:\\\/\\\/www.youtube.com\\\/@macketinashop\\\/\",\"https:\\\/\\\/www.pinterest.com\\\/macketinashop\\\/\"]}]}<\/script>\n<!-- \/ Yoast SEO plugin. -->","yoast_head_json":{"title":"Magi\u010dna \u0160olja \u0160est Mjau Musketara - Ma\u010dketina","description":"Magi\u010dna \u0161olja \u201e\u0160est mjau musketara\u201c donosi savr\u0161enu kombinaciju umetni\u010dkog stila i ljubavi prema ma\u010dkama. Napravljena od fine keramike.","robots":{"index":"index","follow":"follow","max-snippet":"max-snippet:-1","max-image-preview":"max-image-preview:large","max-video-preview":"max-video-preview:-1"},"canonical":"https:\/\/macketina.com\/en\/product\/magicna-solja-sest-mjau-musketara\/","og_locale":"en_US","og_type":"article","og_title":"Magi\u010dna \u0160olja \u0160est Mjau Musketara - Ma\u010dketina","og_description":"Magi\u010dna \u0161olja \u201e\u0160est mjau musketara\u201c donosi savr\u0161enu kombinaciju umetni\u010dkog stila i ljubavi prema ma\u010dkama. Napravljena od fine keramike.","og_url":"https:\/\/macketina.com\/en\/product\/magicna-solja-sest-mjau-musketara\/","og_site_name":"Ma\u010dketina","article_publisher":"https:\/\/www.facebook.com\/p\/macketinashop-100089621804815\/","article_modified_time":"2026-03-04T14:36:00+00:00","og_image":[{"width":1600,"height":1600,"url":"https:\/\/macketina.com\/wp-content\/uploads\/2024\/11\/magicna-solja-sest-mjausketara.jpg","type":"image\/jpeg"}],"twitter_card":"summary_large_image","twitter_misc":{"Est. reading time":"2 minutes"},"schema":{"@context":"https:\/\/schema.org","@graph":[{"@type":"WebPage","@id":"https:\/\/macketina.com\/product\/magicna-solja-sest-mjau-musketara\/","url":"https:\/\/macketina.com\/product\/magicna-solja-sest-mjau-musketara\/","name":"Magi\u010dna \u0160olja \u0160est Mjau Musketara - Ma\u010dketina","isPartOf":{"@id":"https:\/\/macketina.com\/#website"},"primaryImageOfPage":{"@id":"https:\/\/macketina.com\/product\/magicna-solja-sest-mjau-musketara\/#primaryimage"},"image":{"@id":"https:\/\/macketina.com\/product\/magicna-solja-sest-mjau-musketara\/#primaryimage"},"thumbnailUrl":"https:\/\/macketina.com\/wp-content\/uploads\/2024\/11\/magicna-solja-sest-mjausketara.jpg","datePublished":"2024-11-25T11:40:57+00:00","dateModified":"2026-03-04T14:36:00+00:00","description":"Magi\u010dna \u0161olja \u201e\u0160est mjau musketara\u201c donosi savr\u0161enu kombinaciju umetni\u010dkog stila i ljubavi prema ma\u010dkama. Napravljena od fine keramike.","breadcrumb":{"@id":"https:\/\/macketina.com\/product\/magicna-solja-sest-mjau-musketara\/#breadcrumb"},"inLanguage":"en-US","potentialAction":[{"@type":"ReadAction","target":["https:\/\/macketina.com\/product\/magicna-solja-sest-mjau-musketara\/"]}]},{"@type":"ImageObject","inLanguage":"en-US","@id":"https:\/\/macketina.com\/product\/magicna-solja-sest-mjau-musketara\/#primaryimage","url":"https:\/\/macketina.com\/wp-content\/uploads\/2024\/11\/magicna-solja-sest-mjausketara.jpg","contentUrl":"https:\/\/macketina.com\/wp-content\/uploads\/2024\/11\/magicna-solja-sest-mjausketara.jpg","width":1600,"height":1600},{"@type":"BreadcrumbList","@id":"https:\/\/macketina.com\/product\/magicna-solja-sest-mjau-musketara\/#breadcrumb","itemListElement":[{"@type":"ListItem","position":1,"name":"Home","item":"https:\/\/macketina.com\/"},{"@type":"ListItem","position":2,"name":"Proizvodi","item":"https:\/\/macketina.com\/shop\/"},{"@type":"ListItem","position":3,"name":"Magi\u010dna \u0160olja \u0160est Mjau Musketara"}]},{"@type":"WebSite","@id":"https:\/\/macketina.com\/#website","url":"https:\/\/macketina.com\/","name":"Ma\u010dketina","description":"Online prodavnica","publisher":{"@id":"https:\/\/macketina.com\/#organization"},"alternateName":"Ma\u010dketina Shop","potentialAction":[{"@type":"SearchAction","target":{"@type":"EntryPoint","urlTemplate":"https:\/\/macketina.com\/?s={search_term_string}"},"query-input":{"@type":"PropertyValueSpecification","valueRequired":true,"valueName":"search_term_string"}}],"inLanguage":"en-US"},{"@type":"Organization","@id":"https:\/\/macketina.com\/#organization","name":"Ma\u010dketina","url":"https:\/\/macketina.com\/","logo":{"@type":"ImageObject","inLanguage":"en-US","@id":"https:\/\/macketina.com\/#\/schema\/logo\/image\/","url":"https:\/\/macketina.com\/wp-content\/uploads\/2022\/11\/cropped-Clean-Typography-Circle-Badge-Logo.png","contentUrl":"https:\/\/macketina.com\/wp-content\/uploads\/2022\/11\/cropped-Clean-Typography-Circle-Badge-Logo.png","width":512,"height":512,"caption":"Ma\u010dketina"},"image":{"@id":"https:\/\/macketina.com\/#\/schema\/logo\/image\/"},"sameAs":["https:\/\/www.facebook.com\/p\/macketinashop-100089621804815\/","https:\/\/www.instagram.com\/macketinashop\/","https:\/\/tiktok.com\/@macketinashop","https:\/\/www.youtube.com\/@macketinashop\/","https:\/\/www.pinterest.com\/macketinashop\/"]}]}},"_links":{"self":[{"href":"https:\/\/macketina.com\/en\/wp-json\/wp\/v2\/product\/6049","targetHints":{"allow":["GET"]}}],"collection":[{"href":"https:\/\/macketina.com\/en\/wp-json\/wp\/v2\/product"}],"about":[{"href":"https:\/\/macketina.com\/en\/wp-json\/wp\/v2\/types\/product"}],"replies":[{"embeddable":true,"href":"https:\/\/macketina.com\/en\/wp-json\/wp\/v2\/comments?post=6049"}],"wp:featuredmedia":[{"embeddable":true,"href":"https:\/\/macketina.com\/en\/wp-json\/wp\/v2\/media\/9975"}],"wp:attachment":[{"href":"https:\/\/macketina.com\/en\/wp-json\/wp\/v2\/media?parent=6049"}],"wp:term":[{"taxonomy":"product_brand","embeddable":true,"href":"https:\/\/macketina.com\/en\/wp-json\/wp\/v2\/product_brand?post=6049"},{"taxonomy":"product_cat","embeddable":true,"href":"https:\/\/macketina.com\/en\/wp-json\/wp\/v2\/product_cat?post=6049"},{"taxonomy":"product_tag","embeddable":true,"href":"https:\/\/macketina.com\/en\/wp-json\/wp\/v2\/product_tag?post=6049"}],"curies":[{"name":"wp","href":"https:\/\/api.w.org\/{rel}","templated":true}]}}