{"id":6334,"date":"2024-12-11T20:18:07","date_gmt":"2024-12-11T20:18:07","guid":{"rendered":"http:\/\/staging.macketina.com\/blog\/?post_type=product&#038;p=6334"},"modified":"2025-11-02T09:35:03","modified_gmt":"2025-11-02T09:35:03","slug":"personalizovana-solja","status":"publish","type":"product","link":"https:\/\/macketina.com\/en\/product\/personalizovana-solja\/","title":{"rendered":"Personalizovana \u0160olja &#8211; \u0160olja sa slikom ljubimca"},"content":{"rendered":"<p>Personalizovana \u0160olja &#8211; Prona\u0111ite savr\u0161en spoj prakti\u010dnosti i emocija uz Ma\u010dketina personalizovanu \u0161olju! Na\u0161e \u0161olje izra\u0111ene su od fine keramike, pa\u017eljivo birane da pru\u017ei ose\u0107aj elegancije i dugotrajnosti. Svaki komad odi\u0161e kvalitetom i izra\u0111en je sa ljubavlju prema svim ljubiteljima \u017eivotinja.<\/p>\n<h2>Personalizovana \u0160olja &#8211; \u0160olja sa slikom ljubimca<\/h2>\n<p>\u0160olja je ukra\u0161ena jedinstvenim Ma\u010dketina dizajnom, prilago\u0111enim posebno za vas! Dovoljno je da nas kontaktirate putem dru\u0161tvenih mre\u017ea i da nam po\u0161aljete sliku svog voljenog ljubimca &#8211; bilo da je to va\u0161a ma\u010dka, pas ili neki drugi \u00a0&#8211; i mi \u0107emo je pretvoriti u vrhunsku umetnost koja \u0107e krasiti va\u0161u \u0161olju. Naravno da postoji i mogu\u0107nost da napi\u0161emo ime ljubimca na \u0161olji ili neku lepu, kratku poruku. Na\u0161a \u0161tampa je visokog kvaliteta, sa jasnim bojama i dugotrajno\u0161\u0107u, osiguravaju\u0107i da va\u0161 dizajn ostane postojan i nakon brojnih pranja.<\/p>\n<p>Ove \u0161olje nisu samo predmet, ve\u0107 i pri\u010da \u2013 idealan na\u010din da proslavite ljubav prema svom ljubimcu ili obradujete nekog posebnog. Bez obzira da li u\u017eivate u jutarnjoj kafi, toploj \u010dokoladi ili \u010daju, ova \u0161olja u\u010dini\u0107e svaki trenutak jo\u0161 posebnijim.<\/p>\n<p>Personalizovana \u0161olja je odli\u010dan poklon za:<br \/>\nLjubitelje \u017eivotinja<br \/>\nPrijatelje i porodicu<br \/>\nPosebne prilike poput ro\u0111endana, praznika ili jednostavno kao znak pa\u017enje.<br \/>\nPoka\u017eite svetu koliko volite svog ljubimca i svakog dana u\u017eivajte u uspomeni koja greje srce. Izaberite Ma\u010dketina personalizovanu \u0161olju i unesite poseban duh u svoje svakodnevne rituale! Ovo je idealan poklon za svakog <a href=\"https:\/\/macketina.com\/en\/macke\/najbolji-pokloni-za-mackoljupce\/\">ma\u010dkoljupca<\/a>!<\/p>\n<p>Ne dozvolite da va\u0161i najlep\u0161i trenuci sa ljubimcima ostanu samo uspomena \u2013 pretvorite ih u jedinstveni komad umetnosti uz Ma\u010dketina personalizovane \u0161olje! Na\u0161a misija je da va\u0161 dom ispunimo toplinom, a svaki napitak posebnim u\u017eitkom.<\/p>\n<p>Kontaktirajte nas putem na\u0161ih dru\u0161tvenih mre\u017ea <a href=\"https:\/\/www.instagram.com\/macketinashop\/\">@macketinashop<\/a> na Instagramu i Facebooku! Po\u0161aljite nam omiljenu sliku svog ljubimca \u2013 ma\u010dke, psa ili drugog krznenog prijatelja \u2013 i mi \u0107emo je pretvoriti u originalan dizajn koji \u0107e krasiti va\u0161u \u0161olju.<\/p>\n<p>Neka va\u0161a pri\u010da postane deo Ma\u010dketina kolekcije! Pratite nas, budite deo na\u0161e zajednice ljubitelja \u017eivotinja i podelite sa nama svoje nezaboravne trenutke. Radujemo se \u0161to \u0107emo zajedno stvarati uspomene koje \u0107e trajati zauvek!<\/p>","protected":false},"excerpt":{"rendered":"<p>Unesite toplinu u svakodnevne trenutke uz Ma\u010dketina personalizovanu \u0161olju! Napravljena od fine keramike i ukra\u0161ena unikatnim dizajnom va\u0161eg ljubimca, ova \u0161olja je savr\u0161en spoj kvaliteta i emocija. Po\u0161aljite nam sliku svog ma\u010dijeg ili pse\u0107eg prijatelja, a mi \u0107emo je pretvoriti u umetnost na \u0161olji. Idealan poklon za ljubitelje \u017eivotinja koji \u017eele da svaki gutljaj kafe ili \u010daja bude poseban!<\/p>","protected":false},"featured_media":9969,"comment_status":"open","ping_status":"closed","template":"","meta":{"_kad_post_transparent":"default","_kad_post_title":"","_kad_post_layout":"default","_kad_post_sidebar_id":"","_kad_post_content_style":"default","_kad_post_vertical_padding":"default","_kad_post_feature":"","_kad_post_feature_position":"","_kad_post_header":false,"_kad_post_footer":false,"_kad_post_classname":""},"product_brand":[],"product_cat":[17,191],"product_tag":[98,107,85,91,109,108],"class_list":{"0":"post-6334","1":"product","2":"type-product","3":"status-publish","4":"has-post-thumbnail","6":"product_cat-personalizovane-solje","7":"product_cat-personalizovani-proizvodi","8":"product_tag-mace-i-solje","9":"product_tag-personalizovana-solja","10":"product_tag-solja-sa-mackama","11":"product_tag-solja-sa-mackom","12":"product_tag-solja-sa-motivom-macka","13":"product_tag-tvoja-macka-na-solji","15":"first","16":"instock","17":"taxable","18":"shipping-taxable","19":"purchasable","20":"product-type-simple","21":"entry","22":"content-bg","23":"loop-entry"},"yoast_head":"<!-- This site is optimized with the Yoast SEO plugin v27.5 - https:\/\/yoast.com\/product\/yoast-seo-wordpress\/ -->\n<title>Personalizovana \u0160olja - \u0160olja sa slikom ljubimca - Ma\u010dketina<\/title>\n<meta name=\"description\" content=\"Personalizovana \u0160olja - Prona\u0111ite savr\u0161en spoj prakti\u010dnosti i emocija uz Ma\u010dketina personalizovanu \u0161olju! Na\u0161e \u0161olje izra\u0111ene su od fine keramike\" \/>\n<meta name=\"robots\" content=\"index, follow, max-snippet:-1, max-image-preview:large, max-video-preview:-1\" \/>\n<link rel=\"canonical\" href=\"https:\/\/macketina.com\/en\/product\/personalizovana-solja\/\" \/>\n<meta property=\"og:locale\" content=\"en_US\" \/>\n<meta property=\"og:type\" content=\"article\" \/>\n<meta property=\"og:title\" content=\"Personalizovana \u0160olja - \u0160olja sa slikom ljubimca - Ma\u010dketina\" \/>\n<meta property=\"og:description\" content=\"Personalizovana \u0160olja - Prona\u0111ite savr\u0161en spoj prakti\u010dnosti i emocija uz Ma\u010dketina personalizovanu \u0161olju! Na\u0161e \u0161olje izra\u0111ene su od fine keramike\" \/>\n<meta property=\"og:url\" content=\"https:\/\/macketina.com\/en\/product\/personalizovana-solja\/\" \/>\n<meta property=\"og:site_name\" content=\"Ma\u010dketina\" \/>\n<meta property=\"article:publisher\" content=\"https:\/\/www.facebook.com\/p\/macketinashop-100089621804815\/\" \/>\n<meta property=\"article:modified_time\" content=\"2025-11-02T09:35:03+00:00\" \/>\n<meta property=\"og:image\" content=\"https:\/\/macketina.com\/wp-content\/uploads\/2024\/12\/personalizovana-solja-1.jpg\" \/>\n\t<meta property=\"og:image:width\" content=\"1600\" \/>\n\t<meta property=\"og:image:height\" content=\"1600\" \/>\n\t<meta property=\"og:image:type\" content=\"image\/jpeg\" \/>\n<meta name=\"twitter:card\" content=\"summary_large_image\" \/>\n<meta name=\"twitter:label1\" content=\"Est. reading time\" \/>\n\t<meta name=\"twitter:data1\" content=\"2 minutes\" \/>\n<script type=\"application\/ld+json\" class=\"yoast-schema-graph\">{\"@context\":\"https:\\\/\\\/schema.org\",\"@graph\":[{\"@type\":\"WebPage\",\"@id\":\"https:\\\/\\\/macketina.com\\\/product\\\/personalizovana-solja\\\/\",\"url\":\"https:\\\/\\\/macketina.com\\\/product\\\/personalizovana-solja\\\/\",\"name\":\"Personalizovana \u0160olja - \u0160olja sa slikom ljubimca - Ma\u010dketina\",\"isPartOf\":{\"@id\":\"https:\\\/\\\/macketina.com\\\/#website\"},\"primaryImageOfPage\":{\"@id\":\"https:\\\/\\\/macketina.com\\\/product\\\/personalizovana-solja\\\/#primaryimage\"},\"image\":{\"@id\":\"https:\\\/\\\/macketina.com\\\/product\\\/personalizovana-solja\\\/#primaryimage\"},\"thumbnailUrl\":\"https:\\\/\\\/macketina.com\\\/wp-content\\\/uploads\\\/2024\\\/12\\\/personalizovana-solja-1.jpg\",\"datePublished\":\"2024-12-11T20:18:07+00:00\",\"dateModified\":\"2025-11-02T09:35:03+00:00\",\"description\":\"Personalizovana \u0160olja - Prona\u0111ite savr\u0161en spoj prakti\u010dnosti i emocija uz Ma\u010dketina personalizovanu \u0161olju! Na\u0161e \u0161olje izra\u0111ene su od fine keramike\",\"breadcrumb\":{\"@id\":\"https:\\\/\\\/macketina.com\\\/product\\\/personalizovana-solja\\\/#breadcrumb\"},\"inLanguage\":\"en-US\",\"potentialAction\":[{\"@type\":\"ReadAction\",\"target\":[\"https:\\\/\\\/macketina.com\\\/product\\\/personalizovana-solja\\\/\"]}]},{\"@type\":\"ImageObject\",\"inLanguage\":\"en-US\",\"@id\":\"https:\\\/\\\/macketina.com\\\/product\\\/personalizovana-solja\\\/#primaryimage\",\"url\":\"https:\\\/\\\/macketina.com\\\/wp-content\\\/uploads\\\/2024\\\/12\\\/personalizovana-solja-1.jpg\",\"contentUrl\":\"https:\\\/\\\/macketina.com\\\/wp-content\\\/uploads\\\/2024\\\/12\\\/personalizovana-solja-1.jpg\",\"width\":1600,\"height\":1600,\"caption\":\"Personalizovana \u0161olja sa slikom va\u0161eg ljubimca \u2013 savr\u0161en poklon za svakog ma\u010dkoljupca i ljubitelja pasa.\"},{\"@type\":\"BreadcrumbList\",\"@id\":\"https:\\\/\\\/macketina.com\\\/product\\\/personalizovana-solja\\\/#breadcrumb\",\"itemListElement\":[{\"@type\":\"ListItem\",\"position\":1,\"name\":\"Home\",\"item\":\"https:\\\/\\\/macketina.com\\\/\"},{\"@type\":\"ListItem\",\"position\":2,\"name\":\"Proizvodi\",\"item\":\"https:\\\/\\\/macketina.com\\\/shop\\\/\"},{\"@type\":\"ListItem\",\"position\":3,\"name\":\"Personalizovana \u0160olja &#8211; \u0160olja sa slikom ljubimca\"}]},{\"@type\":\"WebSite\",\"@id\":\"https:\\\/\\\/macketina.com\\\/#website\",\"url\":\"https:\\\/\\\/macketina.com\\\/\",\"name\":\"Ma\u010dketina\",\"description\":\"Online prodavnica\",\"publisher\":{\"@id\":\"https:\\\/\\\/macketina.com\\\/#organization\"},\"alternateName\":\"Ma\u010dketina Shop\",\"potentialAction\":[{\"@type\":\"SearchAction\",\"target\":{\"@type\":\"EntryPoint\",\"urlTemplate\":\"https:\\\/\\\/macketina.com\\\/?s={search_term_string}\"},\"query-input\":{\"@type\":\"PropertyValueSpecification\",\"valueRequired\":true,\"valueName\":\"search_term_string\"}}],\"inLanguage\":\"en-US\"},{\"@type\":\"Organization\",\"@id\":\"https:\\\/\\\/macketina.com\\\/#organization\",\"name\":\"Ma\u010dketina\",\"url\":\"https:\\\/\\\/macketina.com\\\/\",\"logo\":{\"@type\":\"ImageObject\",\"inLanguage\":\"en-US\",\"@id\":\"https:\\\/\\\/macketina.com\\\/#\\\/schema\\\/logo\\\/image\\\/\",\"url\":\"https:\\\/\\\/macketina.com\\\/wp-content\\\/uploads\\\/2022\\\/11\\\/cropped-Clean-Typography-Circle-Badge-Logo.png\",\"contentUrl\":\"https:\\\/\\\/macketina.com\\\/wp-content\\\/uploads\\\/2022\\\/11\\\/cropped-Clean-Typography-Circle-Badge-Logo.png\",\"width\":512,\"height\":512,\"caption\":\"Ma\u010dketina\"},\"image\":{\"@id\":\"https:\\\/\\\/macketina.com\\\/#\\\/schema\\\/logo\\\/image\\\/\"},\"sameAs\":[\"https:\\\/\\\/www.facebook.com\\\/p\\\/macketinashop-100089621804815\\\/\",\"https:\\\/\\\/www.instagram.com\\\/macketinashop\\\/\",\"https:\\\/\\\/tiktok.com\\\/@macketinashop\",\"https:\\\/\\\/www.youtube.com\\\/@macketinashop\\\/\",\"https:\\\/\\\/www.pinterest.com\\\/macketinashop\\\/\"]}]}<\/script>\n<!-- \/ Yoast SEO plugin. -->","yoast_head_json":{"title":"Personalizovana \u0160olja - \u0160olja sa slikom ljubimca - Ma\u010dketina","description":"Personalizovana \u0160olja - Prona\u0111ite savr\u0161en spoj prakti\u010dnosti i emocija uz Ma\u010dketina personalizovanu \u0161olju! Na\u0161e \u0161olje izra\u0111ene su od fine keramike","robots":{"index":"index","follow":"follow","max-snippet":"max-snippet:-1","max-image-preview":"max-image-preview:large","max-video-preview":"max-video-preview:-1"},"canonical":"https:\/\/macketina.com\/en\/product\/personalizovana-solja\/","og_locale":"en_US","og_type":"article","og_title":"Personalizovana \u0160olja - \u0160olja sa slikom ljubimca - Ma\u010dketina","og_description":"Personalizovana \u0160olja - Prona\u0111ite savr\u0161en spoj prakti\u010dnosti i emocija uz Ma\u010dketina personalizovanu \u0161olju! Na\u0161e \u0161olje izra\u0111ene su od fine keramike","og_url":"https:\/\/macketina.com\/en\/product\/personalizovana-solja\/","og_site_name":"Ma\u010dketina","article_publisher":"https:\/\/www.facebook.com\/p\/macketinashop-100089621804815\/","article_modified_time":"2025-11-02T09:35:03+00:00","og_image":[{"width":1600,"height":1600,"url":"https:\/\/macketina.com\/wp-content\/uploads\/2024\/12\/personalizovana-solja-1.jpg","type":"image\/jpeg"}],"twitter_card":"summary_large_image","twitter_misc":{"Est. reading time":"2 minutes"},"schema":{"@context":"https:\/\/schema.org","@graph":[{"@type":"WebPage","@id":"https:\/\/macketina.com\/product\/personalizovana-solja\/","url":"https:\/\/macketina.com\/product\/personalizovana-solja\/","name":"Personalizovana \u0160olja - \u0160olja sa slikom ljubimca - Ma\u010dketina","isPartOf":{"@id":"https:\/\/macketina.com\/#website"},"primaryImageOfPage":{"@id":"https:\/\/macketina.com\/product\/personalizovana-solja\/#primaryimage"},"image":{"@id":"https:\/\/macketina.com\/product\/personalizovana-solja\/#primaryimage"},"thumbnailUrl":"https:\/\/macketina.com\/wp-content\/uploads\/2024\/12\/personalizovana-solja-1.jpg","datePublished":"2024-12-11T20:18:07+00:00","dateModified":"2025-11-02T09:35:03+00:00","description":"Personalizovana \u0160olja - Prona\u0111ite savr\u0161en spoj prakti\u010dnosti i emocija uz Ma\u010dketina personalizovanu \u0161olju! Na\u0161e \u0161olje izra\u0111ene su od fine keramike","breadcrumb":{"@id":"https:\/\/macketina.com\/product\/personalizovana-solja\/#breadcrumb"},"inLanguage":"en-US","potentialAction":[{"@type":"ReadAction","target":["https:\/\/macketina.com\/product\/personalizovana-solja\/"]}]},{"@type":"ImageObject","inLanguage":"en-US","@id":"https:\/\/macketina.com\/product\/personalizovana-solja\/#primaryimage","url":"https:\/\/macketina.com\/wp-content\/uploads\/2024\/12\/personalizovana-solja-1.jpg","contentUrl":"https:\/\/macketina.com\/wp-content\/uploads\/2024\/12\/personalizovana-solja-1.jpg","width":1600,"height":1600,"caption":"Personalizovana \u0161olja sa slikom va\u0161eg ljubimca \u2013 savr\u0161en poklon za svakog ma\u010dkoljupca i ljubitelja pasa."},{"@type":"BreadcrumbList","@id":"https:\/\/macketina.com\/product\/personalizovana-solja\/#breadcrumb","itemListElement":[{"@type":"ListItem","position":1,"name":"Home","item":"https:\/\/macketina.com\/"},{"@type":"ListItem","position":2,"name":"Proizvodi","item":"https:\/\/macketina.com\/shop\/"},{"@type":"ListItem","position":3,"name":"Personalizovana \u0160olja &#8211; \u0160olja sa slikom ljubimca"}]},{"@type":"WebSite","@id":"https:\/\/macketina.com\/#website","url":"https:\/\/macketina.com\/","name":"Ma\u010dketina","description":"Online prodavnica","publisher":{"@id":"https:\/\/macketina.com\/#organization"},"alternateName":"Ma\u010dketina Shop","potentialAction":[{"@type":"SearchAction","target":{"@type":"EntryPoint","urlTemplate":"https:\/\/macketina.com\/?s={search_term_string}"},"query-input":{"@type":"PropertyValueSpecification","valueRequired":true,"valueName":"search_term_string"}}],"inLanguage":"en-US"},{"@type":"Organization","@id":"https:\/\/macketina.com\/#organization","name":"Ma\u010dketina","url":"https:\/\/macketina.com\/","logo":{"@type":"ImageObject","inLanguage":"en-US","@id":"https:\/\/macketina.com\/#\/schema\/logo\/image\/","url":"https:\/\/macketina.com\/wp-content\/uploads\/2022\/11\/cropped-Clean-Typography-Circle-Badge-Logo.png","contentUrl":"https:\/\/macketina.com\/wp-content\/uploads\/2022\/11\/cropped-Clean-Typography-Circle-Badge-Logo.png","width":512,"height":512,"caption":"Ma\u010dketina"},"image":{"@id":"https:\/\/macketina.com\/#\/schema\/logo\/image\/"},"sameAs":["https:\/\/www.facebook.com\/p\/macketinashop-100089621804815\/","https:\/\/www.instagram.com\/macketinashop\/","https:\/\/tiktok.com\/@macketinashop","https:\/\/www.youtube.com\/@macketinashop\/","https:\/\/www.pinterest.com\/macketinashop\/"]}]}},"_links":{"self":[{"href":"https:\/\/macketina.com\/en\/wp-json\/wp\/v2\/product\/6334","targetHints":{"allow":["GET"]}}],"collection":[{"href":"https:\/\/macketina.com\/en\/wp-json\/wp\/v2\/product"}],"about":[{"href":"https:\/\/macketina.com\/en\/wp-json\/wp\/v2\/types\/product"}],"replies":[{"embeddable":true,"href":"https:\/\/macketina.com\/en\/wp-json\/wp\/v2\/comments?post=6334"}],"wp:featuredmedia":[{"embeddable":true,"href":"https:\/\/macketina.com\/en\/wp-json\/wp\/v2\/media\/9969"}],"wp:attachment":[{"href":"https:\/\/macketina.com\/en\/wp-json\/wp\/v2\/media?parent=6334"}],"wp:term":[{"taxonomy":"product_brand","embeddable":true,"href":"https:\/\/macketina.com\/en\/wp-json\/wp\/v2\/product_brand?post=6334"},{"taxonomy":"product_cat","embeddable":true,"href":"https:\/\/macketina.com\/en\/wp-json\/wp\/v2\/product_cat?post=6334"},{"taxonomy":"product_tag","embeddable":true,"href":"https:\/\/macketina.com\/en\/wp-json\/wp\/v2\/product_tag?post=6334"}],"curies":[{"name":"wp","href":"https:\/\/api.w.org\/{rel}","templated":true}]}}