{"id":6355,"date":"2024-12-13T14:33:51","date_gmt":"2024-12-13T14:33:51","guid":{"rendered":"http:\/\/staging.macketina.com\/blog\/?post_type=product&#038;p=6355"},"modified":"2026-03-04T09:10:43","modified_gmt":"2026-03-04T09:10:43","slug":"novogodisnja-solja-sa-mackom","status":"publish","type":"product","link":"https:\/\/macketina.com\/en\/product\/novogodisnja-solja-sa-mackom\/","title":{"rendered":"Novogodi\u0161nja \u0161olja sa ma\u010dkom &#8211; Ne gledaj u moj tanjir!"},"content":{"rendered":"<p>Novogodi\u0161nja \u0161olja sa ma\u010dkom &#8211; Ne gledaj u moj tanjir! Dodajte dozu humora i prazni\u010dne \u010darolije u svoj dan uz ovu jedinstvenu novogodi\u0161nju \u0161olju iz Ma\u010dketina dizajna! Ova \u0161olja, izra\u0111ena od najkvalitetnije keramike, savr\u0161eno kombinuje funkcionalnost i \u0161armantan dizajn. Prikazuje simpati\u010dnu, ali odlu\u010dnu ma\u010dku sa kapicom Deda Mraza i \u0161alom, koja u\u017eiva u tanjiru \u0161pageta dok \u0161alje jasnu poruku: &#8222;Ne gledaj u moj tanjir! Gledaj u svoj!&#8220;.<\/p>\n<p>Ovaj duhoviti motiv osmi\u0161ljen je da unese osmeh i radost u va\u0161u svakodnevicu. Zahvaljuju\u0107i vrhunskoj \u0161tampi, boje su \u017eivopisne i postojane, \u010dak i nakon brojnih pranja. Dizajn je originalan i savr\u0161eno oslikava duh praznika sa dozom humoristi\u010dnog stava koji \u0107e osvojiti svakoga.<\/p>\n<h3>Za\u0161to odabrati ovu \u0161olju?<\/h3>\n<ul>\n<li>Kvalitetna keramika: \u0160olja je izra\u0111ena od fine keramike koja obezbe\u0111uje dugotrajnost i prijatan ose\u0107aj prilikom svakog kori\u0161\u0107enja.<\/li>\n<li>Jedinstveni dizajn: Originalan Ma\u010dketina dizajn donosi neodoljivu kombinaciju ma\u010dije simpatije i prazni\u010dne \u010darolije.<\/li>\n<li>Vrhunska \u0161tampa: \u017divopisni detalji su dugotrajni i otporni na habanje.<\/li>\n<li>Idealan poklon: <a href=\"https:\/\/macketina.com\/macke\/najbolji-pokloni-za-mackoljupce\/\">Savr\u0161en izbor za ljubitelje ma\u010daka<\/a> i prazni\u010dne atmosfere, bilo da se radi o prijateljima, porodici ili vama samima.<\/li>\n<\/ul>\n<p>Ova \u0161olja je idealna za sve tople napitke \u2013 od kafe i \u010daja do tople \u010dokolade, \u010dine\u0107i svaki gutljaj jo\u0161 sla\u0111im. Unesite toplinu praznika u svoj dom ili poklonite ovu \u0161olju nekome ko voli jedinstvene i zabavne poklone. Sa njom, svaki dan mo\u017ee zapo\u010deti osmehom i dobrom dozom kofeina!<\/p>\n<h2><span style=\"font-weight: 400;\">Novogodi\u0161nja \u0161olja sa ma\u010dkom &#8211; <\/span><i><span style=\"font-weight: 400;\">Ne gledaj u moj tanjir!<\/span><\/i><\/h2>\n<div class=\"flex-1 overflow-hidden @container\/thread\">\n<div class=\"h-full\">\n<div class=\"react-scroll-to-bottom--css-gzgkd-79elbk h-full\">\n<div class=\"react-scroll-to-bottom--css-gzgkd-1n7m0yu\">\n<div class=\"flex flex-col text-sm md:pb-9\">\n<article class=\"w-full scroll-mb-[var(--thread-trailing-height,150px)] text-token-text-primary focus-visible:outline-2 focus-visible:outline-offset-[-4px]\" dir=\"auto\" data-testid=\"conversation-turn-85\" data-scroll-anchor=\"true\">\n<div class=\"m-auto text-base py-[18px] px-3 md:px-4 w-full md:px-5 lg:px-4 xl:px-5\">\n<div class=\"mx-auto flex flex-1 gap-4 text-base md:gap-5 lg:gap-6 md:max-w-3xl lg:max-w-[40rem] xl:max-w-[48rem]\">\n<div class=\"group\/conversation-turn relative flex w-full min-w-0 flex-col agent-turn\">\n<div class=\"flex-col gap-1 md:gap-3\">\n<div class=\"flex max-w-full flex-col flex-grow\">\n<div class=\"min-h-8 text-message flex w-full flex-col items-end gap-2 whitespace-normal break-words text-start [.text-message+&amp;]:mt-5\" dir=\"auto\" data-message-author-role=\"assistant\" data-message-id=\"6c7d53f1-60b9-4269-ad81-8422340d0713\" data-message-model-slug=\"gpt-4o\">\n<div class=\"flex w-full flex-col gap-1 empty:hidden first:pt-[3px]\">\n<div class=\"markdown prose w-full break-words dark:prose-invert light\">\n<p>Novogodi\u0161nja \u0161olja sa ma\u010dkom unosi toplinu i radost u svaki zimski dan. Njena jedinstvena ilustracija savr\u0161eno do\u010darava prazni\u010dni duh i ljubav prema ma\u010dkama. U\u017eivajte u omiljenom napitku dok se grejete pored jelke ili poklonite nekome ko deli va\u0161u strast prema krznenim prijateljima.<\/p>\n<p>Zapratite nas na dru\u0161tvenim mre\u017eama<a href=\"https:\/\/www.instagram.com\/macketinashop\/\"> @macketinashop<\/a> i podelite slike svojih prazni\u010dnih trenutaka uz #macketinashop. Mo\u017eda ba\u0161 va\u0161a fotografija postane inspiracija za slede\u0107i dizajn!<\/p>\n<p>Hvala vam \u0161to birate na\u0161e proizvode i omogu\u0107avate nam da \u0161irimo prazni\u010dnu \u010daroliju i ljubav prema ma\u010dkama. Va\u0161a podr\u0161ka nas inspiri\u0161e svakog dana!<\/p>\n<\/div>\n<\/div>\n<\/div>\n<\/div>\n<div class=\"mb-2 flex gap-3 empty:hidden -ml-2\">\n<div class=\"items-center justify-start rounded-xl p-1 flex\">\n<div class=\"flex items-center\">\n<div class=\"flex\"><\/div>\n<\/div>\n<\/div>\n<\/div>\n<div class=\"pr-2 lg:pr-0\"><\/div>\n<div class=\"mt-3 w-full empty:hidden\">\n<div class=\"text-center\"><\/div>\n<\/div>\n<\/div>\n<div class=\"absolute\">\n<div class=\"flex items-center justify-center\"><\/div>\n<\/div>\n<\/div>\n<\/div>\n<\/div>\n<\/article>\n<\/div>\n<\/div>\n<\/div>\n<\/div>\n<\/div>\n<div class=\"md:pt-0 dark:border-white\/20 md:border-transparent md:dark:border-transparent w-full\">\n<div>\n<div class=\"m-auto text-base px-3 md:px-4 w-full md:px-5 lg:px-4 xl:px-5\">\n<div class=\"mx-auto flex flex-1 gap-4 text-base md:gap-5 lg:gap-6 md:max-w-3xl lg:max-w-[40rem] xl:max-w-[48rem]\">\n<div class=\"flex justify-center\"><\/div>\n<\/div>\n<\/div>\n<\/div>\n<\/div>\n","protected":false},"excerpt":{"rendered":"<p><span style=\"font-weight: 400;\">Vesela novogodi\u0161nja \u0161olja iz <\/span><i><span style=\"font-weight: 400;\">Ma\u010dketina dizajna<\/span><\/i><span style=\"font-weight: 400;\"> izra\u0111ena od fine keramike sa duhovitim motivom ma\u010dke i porukom <\/span><i><span style=\"font-weight: 400;\">&#8222;Ne gledaj u moj tanjir!&#8220;<\/span><\/i><span style=\"font-weight: 400;\">. Savr\u0161en poklon za ljubitelje ma\u010daka i prazni\u010dne \u010darolije! <\/span><\/p>","protected":false},"featured_media":6356,"comment_status":"open","ping_status":"closed","template":"","meta":{"_kad_post_transparent":"default","_kad_post_title":"","_kad_post_layout":"default","_kad_post_sidebar_id":"","_kad_post_content_style":"default","_kad_post_vertical_padding":"default","_kad_post_feature":"","_kad_post_feature_position":"","_kad_post_header":false,"_kad_post_footer":false,"_kad_post_classname":""},"product_brand":[],"product_cat":[190,83],"product_tag":[98,88,96,148,95,94,84,97,90,107,149,93,85,91,99,87,92,108],"class_list":{"0":"post-6355","1":"product","2":"type-product","3":"status-publish","4":"has-post-thumbnail","6":"product_cat-novogodisnji-pokloni","7":"product_cat-solje-sa-mackama","8":"product_tag-mace-i-solje","9":"product_tag-macka-na-solji","10":"product_tag-macka-solja","11":"product_tag-magicna-solja","12":"product_tag-ne-gledaj-u-moj-tanjir","13":"product_tag-nova-godina-solja","14":"product_tag-novogodisnja-solja","15":"product_tag-novogodisnja-solja-sa-mackom","16":"product_tag-novogodisnje-solje","17":"product_tag-personalizovana-solja","18":"product_tag-sa-sa-motivom-macka","19":"product_tag-solja-i-macka","20":"product_tag-solja-sa-mackama","21":"product_tag-solja-sa-mackom","22":"product_tag-solja-sa-slikom-macke","23":"product_tag-solje-sa-macama","24":"product_tag-solje-sa-mackama","25":"product_tag-tvoja-macka-na-solji","27":"first","28":"instock","29":"taxable","30":"shipping-taxable","31":"purchasable","32":"product-type-simple","33":"entry","34":"content-bg","35":"loop-entry"},"yoast_head":"<!-- This site is optimized with the Yoast SEO plugin v27.5 - https:\/\/yoast.com\/product\/yoast-seo-wordpress\/ -->\n<title>Novogodi\u0161nja \u0161olja sa ma\u010dkom - Ne gledaj u moj tanjir! - Ma\u010dketina<\/title>\n<meta name=\"description\" content=\"Novogodi\u0161nja \u0161olja sa ma\u010dkom - Ne gledaj u moj tanjir! Dodajte dozu humora i prazni\u010dne \u010darolije u svoj dan uz ovu jedinstvenu novogodi\u0161nju \u0161olju\" \/>\n<meta name=\"robots\" content=\"index, follow, max-snippet:-1, max-image-preview:large, max-video-preview:-1\" \/>\n<link rel=\"canonical\" href=\"https:\/\/macketina.com\/en\/product\/novogodisnja-solja-sa-mackom\/\" \/>\n<meta property=\"og:locale\" content=\"en_US\" \/>\n<meta property=\"og:type\" content=\"article\" \/>\n<meta property=\"og:title\" content=\"Novogodi\u0161nja \u0161olja sa ma\u010dkom - Ne gledaj u moj tanjir! - Ma\u010dketina\" \/>\n<meta property=\"og:description\" content=\"Novogodi\u0161nja \u0161olja sa ma\u010dkom - Ne gledaj u moj tanjir! Dodajte dozu humora i prazni\u010dne \u010darolije u svoj dan uz ovu jedinstvenu novogodi\u0161nju \u0161olju\" \/>\n<meta property=\"og:url\" content=\"https:\/\/macketina.com\/en\/product\/novogodisnja-solja-sa-mackom\/\" \/>\n<meta property=\"og:site_name\" content=\"Ma\u010dketina\" \/>\n<meta property=\"article:publisher\" content=\"https:\/\/www.facebook.com\/p\/macketinashop-100089621804815\/\" \/>\n<meta property=\"article:modified_time\" content=\"2026-03-04T09:10:43+00:00\" \/>\n<meta property=\"og:image\" content=\"https:\/\/macketina.com\/wp-content\/uploads\/2024\/12\/ne-gledaj.jpg\" \/>\n\t<meta property=\"og:image:width\" content=\"1920\" \/>\n\t<meta property=\"og:image:height\" content=\"1280\" \/>\n\t<meta property=\"og:image:type\" content=\"image\/jpeg\" \/>\n<meta name=\"twitter:card\" content=\"summary_large_image\" \/>\n<meta name=\"twitter:label1\" content=\"Est. reading time\" \/>\n\t<meta name=\"twitter:data1\" content=\"2 minutes\" \/>\n<script type=\"application\/ld+json\" class=\"yoast-schema-graph\">{\"@context\":\"https:\\\/\\\/schema.org\",\"@graph\":[{\"@type\":\"WebPage\",\"@id\":\"https:\\\/\\\/macketina.com\\\/product\\\/novogodisnja-solja-sa-mackom\\\/\",\"url\":\"https:\\\/\\\/macketina.com\\\/product\\\/novogodisnja-solja-sa-mackom\\\/\",\"name\":\"Novogodi\u0161nja \u0161olja sa ma\u010dkom - Ne gledaj u moj tanjir! - Ma\u010dketina\",\"isPartOf\":{\"@id\":\"https:\\\/\\\/macketina.com\\\/#website\"},\"primaryImageOfPage\":{\"@id\":\"https:\\\/\\\/macketina.com\\\/product\\\/novogodisnja-solja-sa-mackom\\\/#primaryimage\"},\"image\":{\"@id\":\"https:\\\/\\\/macketina.com\\\/product\\\/novogodisnja-solja-sa-mackom\\\/#primaryimage\"},\"thumbnailUrl\":\"https:\\\/\\\/macketina.com\\\/wp-content\\\/uploads\\\/2024\\\/12\\\/ne-gledaj.jpg\",\"datePublished\":\"2024-12-13T14:33:51+00:00\",\"dateModified\":\"2026-03-04T09:10:43+00:00\",\"description\":\"Novogodi\u0161nja \u0161olja sa ma\u010dkom - Ne gledaj u moj tanjir! Dodajte dozu humora i prazni\u010dne \u010darolije u svoj dan uz ovu jedinstvenu novogodi\u0161nju \u0161olju\",\"breadcrumb\":{\"@id\":\"https:\\\/\\\/macketina.com\\\/product\\\/novogodisnja-solja-sa-mackom\\\/#breadcrumb\"},\"inLanguage\":\"en-US\",\"potentialAction\":[{\"@type\":\"ReadAction\",\"target\":[\"https:\\\/\\\/macketina.com\\\/product\\\/novogodisnja-solja-sa-mackom\\\/\"]}]},{\"@type\":\"ImageObject\",\"inLanguage\":\"en-US\",\"@id\":\"https:\\\/\\\/macketina.com\\\/product\\\/novogodisnja-solja-sa-mackom\\\/#primaryimage\",\"url\":\"https:\\\/\\\/macketina.com\\\/wp-content\\\/uploads\\\/2024\\\/12\\\/ne-gledaj.jpg\",\"contentUrl\":\"https:\\\/\\\/macketina.com\\\/wp-content\\\/uploads\\\/2024\\\/12\\\/ne-gledaj.jpg\",\"width\":1920,\"height\":1280,\"caption\":\"Novogodi\u0161nja \u0161olja sa ma\u010dkom - Ne gledaj u moj tanjir!\"},{\"@type\":\"BreadcrumbList\",\"@id\":\"https:\\\/\\\/macketina.com\\\/product\\\/novogodisnja-solja-sa-mackom\\\/#breadcrumb\",\"itemListElement\":[{\"@type\":\"ListItem\",\"position\":1,\"name\":\"Home\",\"item\":\"https:\\\/\\\/macketina.com\\\/\"},{\"@type\":\"ListItem\",\"position\":2,\"name\":\"Proizvodi\",\"item\":\"https:\\\/\\\/macketina.com\\\/shop\\\/\"},{\"@type\":\"ListItem\",\"position\":3,\"name\":\"Novogodi\u0161nja \u0161olja sa ma\u010dkom &#8211; Ne gledaj u moj tanjir!\"}]},{\"@type\":\"WebSite\",\"@id\":\"https:\\\/\\\/macketina.com\\\/#website\",\"url\":\"https:\\\/\\\/macketina.com\\\/\",\"name\":\"Ma\u010dketina\",\"description\":\"Online prodavnica\",\"publisher\":{\"@id\":\"https:\\\/\\\/macketina.com\\\/#organization\"},\"alternateName\":\"Ma\u010dketina Shop\",\"potentialAction\":[{\"@type\":\"SearchAction\",\"target\":{\"@type\":\"EntryPoint\",\"urlTemplate\":\"https:\\\/\\\/macketina.com\\\/?s={search_term_string}\"},\"query-input\":{\"@type\":\"PropertyValueSpecification\",\"valueRequired\":true,\"valueName\":\"search_term_string\"}}],\"inLanguage\":\"en-US\"},{\"@type\":\"Organization\",\"@id\":\"https:\\\/\\\/macketina.com\\\/#organization\",\"name\":\"Ma\u010dketina\",\"url\":\"https:\\\/\\\/macketina.com\\\/\",\"logo\":{\"@type\":\"ImageObject\",\"inLanguage\":\"en-US\",\"@id\":\"https:\\\/\\\/macketina.com\\\/#\\\/schema\\\/logo\\\/image\\\/\",\"url\":\"https:\\\/\\\/macketina.com\\\/wp-content\\\/uploads\\\/2022\\\/11\\\/cropped-Clean-Typography-Circle-Badge-Logo.png\",\"contentUrl\":\"https:\\\/\\\/macketina.com\\\/wp-content\\\/uploads\\\/2022\\\/11\\\/cropped-Clean-Typography-Circle-Badge-Logo.png\",\"width\":512,\"height\":512,\"caption\":\"Ma\u010dketina\"},\"image\":{\"@id\":\"https:\\\/\\\/macketina.com\\\/#\\\/schema\\\/logo\\\/image\\\/\"},\"sameAs\":[\"https:\\\/\\\/www.facebook.com\\\/p\\\/macketinashop-100089621804815\\\/\",\"https:\\\/\\\/www.instagram.com\\\/macketinashop\\\/\",\"https:\\\/\\\/tiktok.com\\\/@macketinashop\",\"https:\\\/\\\/www.youtube.com\\\/@macketinashop\\\/\",\"https:\\\/\\\/www.pinterest.com\\\/macketinashop\\\/\"]}]}<\/script>\n<!-- \/ Yoast SEO plugin. -->","yoast_head_json":{"title":"Novogodi\u0161nja \u0161olja sa ma\u010dkom - Ne gledaj u moj tanjir! - Ma\u010dketina","description":"Novogodi\u0161nja \u0161olja sa ma\u010dkom - Ne gledaj u moj tanjir! Dodajte dozu humora i prazni\u010dne \u010darolije u svoj dan uz ovu jedinstvenu novogodi\u0161nju \u0161olju","robots":{"index":"index","follow":"follow","max-snippet":"max-snippet:-1","max-image-preview":"max-image-preview:large","max-video-preview":"max-video-preview:-1"},"canonical":"https:\/\/macketina.com\/en\/product\/novogodisnja-solja-sa-mackom\/","og_locale":"en_US","og_type":"article","og_title":"Novogodi\u0161nja \u0161olja sa ma\u010dkom - Ne gledaj u moj tanjir! - Ma\u010dketina","og_description":"Novogodi\u0161nja \u0161olja sa ma\u010dkom - Ne gledaj u moj tanjir! Dodajte dozu humora i prazni\u010dne \u010darolije u svoj dan uz ovu jedinstvenu novogodi\u0161nju \u0161olju","og_url":"https:\/\/macketina.com\/en\/product\/novogodisnja-solja-sa-mackom\/","og_site_name":"Ma\u010dketina","article_publisher":"https:\/\/www.facebook.com\/p\/macketinashop-100089621804815\/","article_modified_time":"2026-03-04T09:10:43+00:00","og_image":[{"width":1920,"height":1280,"url":"https:\/\/macketina.com\/wp-content\/uploads\/2024\/12\/ne-gledaj.jpg","type":"image\/jpeg"}],"twitter_card":"summary_large_image","twitter_misc":{"Est. reading time":"2 minutes"},"schema":{"@context":"https:\/\/schema.org","@graph":[{"@type":"WebPage","@id":"https:\/\/macketina.com\/product\/novogodisnja-solja-sa-mackom\/","url":"https:\/\/macketina.com\/product\/novogodisnja-solja-sa-mackom\/","name":"Novogodi\u0161nja \u0161olja sa ma\u010dkom - Ne gledaj u moj tanjir! - Ma\u010dketina","isPartOf":{"@id":"https:\/\/macketina.com\/#website"},"primaryImageOfPage":{"@id":"https:\/\/macketina.com\/product\/novogodisnja-solja-sa-mackom\/#primaryimage"},"image":{"@id":"https:\/\/macketina.com\/product\/novogodisnja-solja-sa-mackom\/#primaryimage"},"thumbnailUrl":"https:\/\/macketina.com\/wp-content\/uploads\/2024\/12\/ne-gledaj.jpg","datePublished":"2024-12-13T14:33:51+00:00","dateModified":"2026-03-04T09:10:43+00:00","description":"Novogodi\u0161nja \u0161olja sa ma\u010dkom - Ne gledaj u moj tanjir! Dodajte dozu humora i prazni\u010dne \u010darolije u svoj dan uz ovu jedinstvenu novogodi\u0161nju \u0161olju","breadcrumb":{"@id":"https:\/\/macketina.com\/product\/novogodisnja-solja-sa-mackom\/#breadcrumb"},"inLanguage":"en-US","potentialAction":[{"@type":"ReadAction","target":["https:\/\/macketina.com\/product\/novogodisnja-solja-sa-mackom\/"]}]},{"@type":"ImageObject","inLanguage":"en-US","@id":"https:\/\/macketina.com\/product\/novogodisnja-solja-sa-mackom\/#primaryimage","url":"https:\/\/macketina.com\/wp-content\/uploads\/2024\/12\/ne-gledaj.jpg","contentUrl":"https:\/\/macketina.com\/wp-content\/uploads\/2024\/12\/ne-gledaj.jpg","width":1920,"height":1280,"caption":"Novogodi\u0161nja \u0161olja sa ma\u010dkom - Ne gledaj u moj tanjir!"},{"@type":"BreadcrumbList","@id":"https:\/\/macketina.com\/product\/novogodisnja-solja-sa-mackom\/#breadcrumb","itemListElement":[{"@type":"ListItem","position":1,"name":"Home","item":"https:\/\/macketina.com\/"},{"@type":"ListItem","position":2,"name":"Proizvodi","item":"https:\/\/macketina.com\/shop\/"},{"@type":"ListItem","position":3,"name":"Novogodi\u0161nja \u0161olja sa ma\u010dkom &#8211; Ne gledaj u moj tanjir!"}]},{"@type":"WebSite","@id":"https:\/\/macketina.com\/#website","url":"https:\/\/macketina.com\/","name":"Ma\u010dketina","description":"Online prodavnica","publisher":{"@id":"https:\/\/macketina.com\/#organization"},"alternateName":"Ma\u010dketina Shop","potentialAction":[{"@type":"SearchAction","target":{"@type":"EntryPoint","urlTemplate":"https:\/\/macketina.com\/?s={search_term_string}"},"query-input":{"@type":"PropertyValueSpecification","valueRequired":true,"valueName":"search_term_string"}}],"inLanguage":"en-US"},{"@type":"Organization","@id":"https:\/\/macketina.com\/#organization","name":"Ma\u010dketina","url":"https:\/\/macketina.com\/","logo":{"@type":"ImageObject","inLanguage":"en-US","@id":"https:\/\/macketina.com\/#\/schema\/logo\/image\/","url":"https:\/\/macketina.com\/wp-content\/uploads\/2022\/11\/cropped-Clean-Typography-Circle-Badge-Logo.png","contentUrl":"https:\/\/macketina.com\/wp-content\/uploads\/2022\/11\/cropped-Clean-Typography-Circle-Badge-Logo.png","width":512,"height":512,"caption":"Ma\u010dketina"},"image":{"@id":"https:\/\/macketina.com\/#\/schema\/logo\/image\/"},"sameAs":["https:\/\/www.facebook.com\/p\/macketinashop-100089621804815\/","https:\/\/www.instagram.com\/macketinashop\/","https:\/\/tiktok.com\/@macketinashop","https:\/\/www.youtube.com\/@macketinashop\/","https:\/\/www.pinterest.com\/macketinashop\/"]}]}},"_links":{"self":[{"href":"https:\/\/macketina.com\/en\/wp-json\/wp\/v2\/product\/6355","targetHints":{"allow":["GET"]}}],"collection":[{"href":"https:\/\/macketina.com\/en\/wp-json\/wp\/v2\/product"}],"about":[{"href":"https:\/\/macketina.com\/en\/wp-json\/wp\/v2\/types\/product"}],"replies":[{"embeddable":true,"href":"https:\/\/macketina.com\/en\/wp-json\/wp\/v2\/comments?post=6355"}],"wp:featuredmedia":[{"embeddable":true,"href":"https:\/\/macketina.com\/en\/wp-json\/wp\/v2\/media\/6356"}],"wp:attachment":[{"href":"https:\/\/macketina.com\/en\/wp-json\/wp\/v2\/media?parent=6355"}],"wp:term":[{"taxonomy":"product_brand","embeddable":true,"href":"https:\/\/macketina.com\/en\/wp-json\/wp\/v2\/product_brand?post=6355"},{"taxonomy":"product_cat","embeddable":true,"href":"https:\/\/macketina.com\/en\/wp-json\/wp\/v2\/product_cat?post=6355"},{"taxonomy":"product_tag","embeddable":true,"href":"https:\/\/macketina.com\/en\/wp-json\/wp\/v2\/product_tag?post=6355"}],"curies":[{"name":"wp","href":"https:\/\/api.w.org\/{rel}","templated":true}]}}