{"id":7073,"date":"2025-01-22T15:56:49","date_gmt":"2025-01-22T15:56:49","guid":{"rendered":"http:\/\/staging.macketina.com\/blog\/?post_type=product&#038;p=7073"},"modified":"2026-03-26T14:03:21","modified_gmt":"2026-03-26T14:03:21","slug":"majica-maca-i-buket-srca","status":"publish","type":"product","link":"https:\/\/macketina.com\/en\/product\/majica-maca-i-buket-srca\/","title":{"rendered":"Majica maca i buket srca"},"content":{"rendered":"<p><span style=\"font-weight: 400;\">Majica maca i buket srca &#8211; Proslavite Dan zaljubljenih na poseban na\u010din uz na\u0161u \u017eenstvenu i unikatnu majicu maca i buket srca, idealnu za sve ljubitelje \u017eivotinja! Ova majica je izra\u0111ena od 100% pamuka premium kvaliteta, koji pru\u017ea maksimalnu udobnost i dugotrajnost. Njena meka i prijatna tekstura \u010dini je savr\u0161enim izborom za svakodnevno no\u0161enje, dok moderan kroj savr\u0161eno pristaje svim tipovima gra\u0111e.<\/span><\/p>\n<h2><strong>Majica maca i buket srca<\/strong><\/h2>\n<p><span style=\"font-weight: 400;\">Centralni motiv ove majice je jedinstveni <\/span><i><span style=\"font-weight: 400;\">Ma\u010dketina dizajn<\/span><\/i><span style=\"font-weight: 400;\"> \u2013 simpati\u010dna maca koja u \u0161apicama dr\u017ei buket srca. Dizajn odi\u0161e ljubavlju, ne\u017eno\u0161\u0107u i pozitivnom energijom, \u0161to ga \u010dini savr\u0161enim simbolom za Dan zaljubljenih. \u0160tampa je vrhunskog kvaliteta, izra\u0111ena najmodernijim tehnikama koje garantuju dugotrajnost boja i postojanost dizajna, \u010dak i nakon \u010destog pranja.<\/span><\/p>\n<p><span style=\"font-weight: 400;\">Ova majica je savr\u0161en izbor za sve \u017eene koje vole \u017eivotinje i \u017eele da poka\u017eu svoju ljubav na originalan na\u010din. Bilo da je poklanjate nekome posebnom ili je birate za sebe, njena poruka ljubavi i topline sigurno \u0107e razveseliti svaku zaljubljenu du\u0161u. Idealan je<a href=\"https:\/\/macketina.com\/en\/macke\/poklon-za-dan-zaljubljenih\/\"> poklon za dan zaljubljenih<\/a>, za prijateljicu ili \u010dak za va\u0161u mamu, jer je univerzalna i savr\u0161ena za svaku priliku.<\/span><\/p>\n<p><span style=\"font-weight: 400;\">Nosite je uz farmerke, suknju ili \u010dak udobne helanke \u2013 ova majica \u0107e uneti dozu \u0161arma i radosti u svaki va\u0161 stajling. Sa ovim prelepim dizajnom, ne samo da \u0107ete izgledati sjajno, ve\u0107 \u0107ete \u0161iriti ljubav gde god da krenete. Prava prilika da poka\u017eete da stil i emocija idu ruku pod ruku!<\/span><\/p>\n<h3>Zahvalnost<\/h3>\n<p>Hvala vam \u0161to podr\u017eavate Ma\u010dketinaShop i \u0161to zajedno \u0161irimo ljubav prema ma\u010dkama! Va\u0161a podr\u0161ka nam omogu\u0107ava da nastavimo da stvaramo jedinstvene proizvode koji spajaju kvalitet, humor i ljubav prema na\u0161im \u010detvorono\u017enim prijateljima. Pozivamo vas da zapratite na\u0161\u00a0<a href=\"https:\/\/www.instagram.com\/macketinashop\/\"><b>Instagram profil @macketinashop<\/b><\/a>, gde delimo jo\u0161 mnogo simpati\u010dnih i inspirativnih sadr\u017eaja, kao i na\u0161\u00a0<b>YouTube kanal Macketinashop<\/b>, gde mo\u017eete prona\u0107i edukativne video klipove o ma\u010dkama. Pridru\u017eite nam se i postanite deo na\u0161e ma\u010dkoljubive zajednice!<\/p>","protected":false},"excerpt":{"rendered":"<p><span style=\"font-weight: 400;\">\u017denska majica maca i buket srca od 100% pamuka sa <\/span><i><span style=\"font-weight: 400;\">Ma\u010dketina dizajnom<\/span><\/i><span style=\"font-weight: 400;\"> \u2013 maca sa buketom srca. Udobna, kvalitetna i savr\u0161ena za Dan zaljubljenih i sve ljubitelje \u017eivotinja!<\/span><\/p>","protected":false},"featured_media":10371,"comment_status":"open","ping_status":"closed","template":"","meta":{"_kad_post_transparent":"default","_kad_post_title":"","_kad_post_layout":"default","_kad_post_sidebar_id":"","_kad_post_content_style":"default","_kad_post_vertical_padding":"default","_kad_post_feature":"","_kad_post_feature_position":"","_kad_post_header":false,"_kad_post_footer":false,"_kad_post_classname":""},"product_brand":[],"product_cat":[140,189,16],"product_tag":[161,195,137,155,153,118,121,117,174,156,194,196,172,122,154,197,198],"class_list":{"0":"post-7073","1":"product","2":"type-product","3":"status-publish","4":"has-post-thumbnail","6":"product_cat-majica-sa-mackama","7":"product_cat-pokloni-za-dan-zaljubljenih","8":"product_cat-zenske-majice","9":"product_tag-bela-majica","10":"product_tag-dan-zaljubljenih-majica","11":"product_tag-letnja-majica","12":"product_tag-maca-na-majici","13":"product_tag-macka-majica-poklon","14":"product_tag-macka-na-majici","15":"product_tag-macke-na-majici","16":"product_tag-majica-sa-mackom","17":"product_tag-majica-sa-macom","18":"product_tag-majica-sa-slikom-macke","19":"product_tag-majica-za-dan-zaljubljenih","20":"product_tag-majica-za-valentinovo","21":"product_tag-majice","22":"product_tag-majice-sa-mackama","23":"product_tag-poklon-majica","24":"product_tag-poklon-za-valentinovo","25":"product_tag-valentinovo-majica","27":"first","28":"instock","29":"taxable","30":"shipping-taxable","31":"purchasable","32":"product-type-variable","33":"has-default-attributes","34":"entry","35":"content-bg","36":"loop-entry"},"yoast_head":"<!-- This site is optimized with the Yoast SEO plugin v27.5 - https:\/\/yoast.com\/product\/yoast-seo-wordpress\/ -->\n<title>Majica maca i buket srca - Ma\u010dketina<\/title>\n<meta name=\"description\" content=\"Majica maca i buket srca - Proslavite Dan zaljubljenih na poseban na\u010din uz na\u0161u \u017eenstvenu i unikatnu majicu maca i buket srca, idealnu za sve ma\u010dkoljupce\" \/>\n<meta name=\"robots\" content=\"index, follow, max-snippet:-1, max-image-preview:large, max-video-preview:-1\" \/>\n<link rel=\"canonical\" href=\"https:\/\/macketina.com\/en\/product\/majica-maca-i-buket-srca\/\" \/>\n<meta property=\"og:locale\" content=\"en_US\" \/>\n<meta property=\"og:type\" content=\"article\" \/>\n<meta property=\"og:title\" content=\"Majica maca i buket srca - Ma\u010dketina\" \/>\n<meta property=\"og:description\" content=\"Majica maca i buket srca - Proslavite Dan zaljubljenih na poseban na\u010din uz na\u0161u \u017eenstvenu i unikatnu majicu maca i buket srca, idealnu za sve ma\u010dkoljupce\" \/>\n<meta property=\"og:url\" content=\"https:\/\/macketina.com\/en\/product\/majica-maca-i-buket-srca\/\" \/>\n<meta property=\"og:site_name\" content=\"Ma\u010dketina\" \/>\n<meta property=\"article:publisher\" content=\"https:\/\/www.facebook.com\/p\/macketinashop-100089621804815\/\" \/>\n<meta property=\"article:modified_time\" content=\"2026-03-26T14:03:21+00:00\" \/>\n<meta property=\"og:image\" content=\"https:\/\/macketina.com\/wp-content\/uploads\/2025\/01\/bela-zenska-majica-maca-i-buket-srca-1.jpg\" \/>\n\t<meta property=\"og:image:width\" content=\"1600\" \/>\n\t<meta property=\"og:image:height\" content=\"1600\" \/>\n\t<meta property=\"og:image:type\" content=\"image\/jpeg\" \/>\n<meta name=\"twitter:card\" content=\"summary_large_image\" \/>\n<meta name=\"twitter:label1\" content=\"Est. reading time\" \/>\n\t<meta name=\"twitter:data1\" content=\"2 minutes\" \/>\n<script type=\"application\/ld+json\" class=\"yoast-schema-graph\">{\"@context\":\"https:\\\/\\\/schema.org\",\"@graph\":[{\"@type\":\"WebPage\",\"@id\":\"https:\\\/\\\/macketina.com\\\/product\\\/majica-maca-i-buket-srca\\\/\",\"url\":\"https:\\\/\\\/macketina.com\\\/product\\\/majica-maca-i-buket-srca\\\/\",\"name\":\"Majica maca i buket srca - Ma\u010dketina\",\"isPartOf\":{\"@id\":\"https:\\\/\\\/macketina.com\\\/#website\"},\"primaryImageOfPage\":{\"@id\":\"https:\\\/\\\/macketina.com\\\/product\\\/majica-maca-i-buket-srca\\\/#primaryimage\"},\"image\":{\"@id\":\"https:\\\/\\\/macketina.com\\\/product\\\/majica-maca-i-buket-srca\\\/#primaryimage\"},\"thumbnailUrl\":\"https:\\\/\\\/macketina.com\\\/wp-content\\\/uploads\\\/2025\\\/01\\\/bela-zenska-majica-maca-i-buket-srca-1.jpg\",\"datePublished\":\"2025-01-22T15:56:49+00:00\",\"dateModified\":\"2026-03-26T14:03:21+00:00\",\"description\":\"Majica maca i buket srca - Proslavite Dan zaljubljenih na poseban na\u010din uz na\u0161u \u017eenstvenu i unikatnu majicu maca i buket srca, idealnu za sve ma\u010dkoljupce\",\"breadcrumb\":{\"@id\":\"https:\\\/\\\/macketina.com\\\/product\\\/majica-maca-i-buket-srca\\\/#breadcrumb\"},\"inLanguage\":\"en-US\",\"potentialAction\":[{\"@type\":\"ReadAction\",\"target\":[\"https:\\\/\\\/macketina.com\\\/product\\\/majica-maca-i-buket-srca\\\/\"]}]},{\"@type\":\"ImageObject\",\"inLanguage\":\"en-US\",\"@id\":\"https:\\\/\\\/macketina.com\\\/product\\\/majica-maca-i-buket-srca\\\/#primaryimage\",\"url\":\"https:\\\/\\\/macketina.com\\\/wp-content\\\/uploads\\\/2025\\\/01\\\/bela-zenska-majica-maca-i-buket-srca-1.jpg\",\"contentUrl\":\"https:\\\/\\\/macketina.com\\\/wp-content\\\/uploads\\\/2025\\\/01\\\/bela-zenska-majica-maca-i-buket-srca-1.jpg\",\"width\":1600,\"height\":1600,\"caption\":\"bela \u017eenska majica maca i buket srca\"},{\"@type\":\"BreadcrumbList\",\"@id\":\"https:\\\/\\\/macketina.com\\\/product\\\/majica-maca-i-buket-srca\\\/#breadcrumb\",\"itemListElement\":[{\"@type\":\"ListItem\",\"position\":1,\"name\":\"Home\",\"item\":\"https:\\\/\\\/macketina.com\\\/\"},{\"@type\":\"ListItem\",\"position\":2,\"name\":\"Proizvodi\",\"item\":\"https:\\\/\\\/macketina.com\\\/shop\\\/\"},{\"@type\":\"ListItem\",\"position\":3,\"name\":\"Majica maca i buket srca\"}]},{\"@type\":\"WebSite\",\"@id\":\"https:\\\/\\\/macketina.com\\\/#website\",\"url\":\"https:\\\/\\\/macketina.com\\\/\",\"name\":\"Ma\u010dketina\",\"description\":\"Online prodavnica\",\"publisher\":{\"@id\":\"https:\\\/\\\/macketina.com\\\/#organization\"},\"alternateName\":\"Ma\u010dketina Shop\",\"potentialAction\":[{\"@type\":\"SearchAction\",\"target\":{\"@type\":\"EntryPoint\",\"urlTemplate\":\"https:\\\/\\\/macketina.com\\\/?s={search_term_string}\"},\"query-input\":{\"@type\":\"PropertyValueSpecification\",\"valueRequired\":true,\"valueName\":\"search_term_string\"}}],\"inLanguage\":\"en-US\"},{\"@type\":\"Organization\",\"@id\":\"https:\\\/\\\/macketina.com\\\/#organization\",\"name\":\"Ma\u010dketina\",\"url\":\"https:\\\/\\\/macketina.com\\\/\",\"logo\":{\"@type\":\"ImageObject\",\"inLanguage\":\"en-US\",\"@id\":\"https:\\\/\\\/macketina.com\\\/#\\\/schema\\\/logo\\\/image\\\/\",\"url\":\"https:\\\/\\\/macketina.com\\\/wp-content\\\/uploads\\\/2022\\\/11\\\/cropped-Clean-Typography-Circle-Badge-Logo.png\",\"contentUrl\":\"https:\\\/\\\/macketina.com\\\/wp-content\\\/uploads\\\/2022\\\/11\\\/cropped-Clean-Typography-Circle-Badge-Logo.png\",\"width\":512,\"height\":512,\"caption\":\"Ma\u010dketina\"},\"image\":{\"@id\":\"https:\\\/\\\/macketina.com\\\/#\\\/schema\\\/logo\\\/image\\\/\"},\"sameAs\":[\"https:\\\/\\\/www.facebook.com\\\/p\\\/macketinashop-100089621804815\\\/\",\"https:\\\/\\\/www.instagram.com\\\/macketinashop\\\/\",\"https:\\\/\\\/tiktok.com\\\/@macketinashop\",\"https:\\\/\\\/www.youtube.com\\\/@macketinashop\\\/\",\"https:\\\/\\\/www.pinterest.com\\\/macketinashop\\\/\"]}]}<\/script>\n<!-- \/ Yoast SEO plugin. -->","yoast_head_json":{"title":"Majica maca i buket srca - Ma\u010dketina","description":"Majica maca i buket srca - Proslavite Dan zaljubljenih na poseban na\u010din uz na\u0161u \u017eenstvenu i unikatnu majicu maca i buket srca, idealnu za sve ma\u010dkoljupce","robots":{"index":"index","follow":"follow","max-snippet":"max-snippet:-1","max-image-preview":"max-image-preview:large","max-video-preview":"max-video-preview:-1"},"canonical":"https:\/\/macketina.com\/en\/product\/majica-maca-i-buket-srca\/","og_locale":"en_US","og_type":"article","og_title":"Majica maca i buket srca - Ma\u010dketina","og_description":"Majica maca i buket srca - Proslavite Dan zaljubljenih na poseban na\u010din uz na\u0161u \u017eenstvenu i unikatnu majicu maca i buket srca, idealnu za sve ma\u010dkoljupce","og_url":"https:\/\/macketina.com\/en\/product\/majica-maca-i-buket-srca\/","og_site_name":"Ma\u010dketina","article_publisher":"https:\/\/www.facebook.com\/p\/macketinashop-100089621804815\/","article_modified_time":"2026-03-26T14:03:21+00:00","og_image":[{"width":1600,"height":1600,"url":"https:\/\/macketina.com\/wp-content\/uploads\/2025\/01\/bela-zenska-majica-maca-i-buket-srca-1.jpg","type":"image\/jpeg"}],"twitter_card":"summary_large_image","twitter_misc":{"Est. reading time":"2 minutes"},"schema":{"@context":"https:\/\/schema.org","@graph":[{"@type":"WebPage","@id":"https:\/\/macketina.com\/product\/majica-maca-i-buket-srca\/","url":"https:\/\/macketina.com\/product\/majica-maca-i-buket-srca\/","name":"Majica maca i buket srca - Ma\u010dketina","isPartOf":{"@id":"https:\/\/macketina.com\/#website"},"primaryImageOfPage":{"@id":"https:\/\/macketina.com\/product\/majica-maca-i-buket-srca\/#primaryimage"},"image":{"@id":"https:\/\/macketina.com\/product\/majica-maca-i-buket-srca\/#primaryimage"},"thumbnailUrl":"https:\/\/macketina.com\/wp-content\/uploads\/2025\/01\/bela-zenska-majica-maca-i-buket-srca-1.jpg","datePublished":"2025-01-22T15:56:49+00:00","dateModified":"2026-03-26T14:03:21+00:00","description":"Majica maca i buket srca - Proslavite Dan zaljubljenih na poseban na\u010din uz na\u0161u \u017eenstvenu i unikatnu majicu maca i buket srca, idealnu za sve ma\u010dkoljupce","breadcrumb":{"@id":"https:\/\/macketina.com\/product\/majica-maca-i-buket-srca\/#breadcrumb"},"inLanguage":"en-US","potentialAction":[{"@type":"ReadAction","target":["https:\/\/macketina.com\/product\/majica-maca-i-buket-srca\/"]}]},{"@type":"ImageObject","inLanguage":"en-US","@id":"https:\/\/macketina.com\/product\/majica-maca-i-buket-srca\/#primaryimage","url":"https:\/\/macketina.com\/wp-content\/uploads\/2025\/01\/bela-zenska-majica-maca-i-buket-srca-1.jpg","contentUrl":"https:\/\/macketina.com\/wp-content\/uploads\/2025\/01\/bela-zenska-majica-maca-i-buket-srca-1.jpg","width":1600,"height":1600,"caption":"bela \u017eenska majica maca i buket srca"},{"@type":"BreadcrumbList","@id":"https:\/\/macketina.com\/product\/majica-maca-i-buket-srca\/#breadcrumb","itemListElement":[{"@type":"ListItem","position":1,"name":"Home","item":"https:\/\/macketina.com\/"},{"@type":"ListItem","position":2,"name":"Proizvodi","item":"https:\/\/macketina.com\/shop\/"},{"@type":"ListItem","position":3,"name":"Majica maca i buket srca"}]},{"@type":"WebSite","@id":"https:\/\/macketina.com\/#website","url":"https:\/\/macketina.com\/","name":"Ma\u010dketina","description":"Online prodavnica","publisher":{"@id":"https:\/\/macketina.com\/#organization"},"alternateName":"Ma\u010dketina Shop","potentialAction":[{"@type":"SearchAction","target":{"@type":"EntryPoint","urlTemplate":"https:\/\/macketina.com\/?s={search_term_string}"},"query-input":{"@type":"PropertyValueSpecification","valueRequired":true,"valueName":"search_term_string"}}],"inLanguage":"en-US"},{"@type":"Organization","@id":"https:\/\/macketina.com\/#organization","name":"Ma\u010dketina","url":"https:\/\/macketina.com\/","logo":{"@type":"ImageObject","inLanguage":"en-US","@id":"https:\/\/macketina.com\/#\/schema\/logo\/image\/","url":"https:\/\/macketina.com\/wp-content\/uploads\/2022\/11\/cropped-Clean-Typography-Circle-Badge-Logo.png","contentUrl":"https:\/\/macketina.com\/wp-content\/uploads\/2022\/11\/cropped-Clean-Typography-Circle-Badge-Logo.png","width":512,"height":512,"caption":"Ma\u010dketina"},"image":{"@id":"https:\/\/macketina.com\/#\/schema\/logo\/image\/"},"sameAs":["https:\/\/www.facebook.com\/p\/macketinashop-100089621804815\/","https:\/\/www.instagram.com\/macketinashop\/","https:\/\/tiktok.com\/@macketinashop","https:\/\/www.youtube.com\/@macketinashop\/","https:\/\/www.pinterest.com\/macketinashop\/"]}]}},"_links":{"self":[{"href":"https:\/\/macketina.com\/en\/wp-json\/wp\/v2\/product\/7073","targetHints":{"allow":["GET"]}}],"collection":[{"href":"https:\/\/macketina.com\/en\/wp-json\/wp\/v2\/product"}],"about":[{"href":"https:\/\/macketina.com\/en\/wp-json\/wp\/v2\/types\/product"}],"replies":[{"embeddable":true,"href":"https:\/\/macketina.com\/en\/wp-json\/wp\/v2\/comments?post=7073"}],"wp:featuredmedia":[{"embeddable":true,"href":"https:\/\/macketina.com\/en\/wp-json\/wp\/v2\/media\/10371"}],"wp:attachment":[{"href":"https:\/\/macketina.com\/en\/wp-json\/wp\/v2\/media?parent=7073"}],"wp:term":[{"taxonomy":"product_brand","embeddable":true,"href":"https:\/\/macketina.com\/en\/wp-json\/wp\/v2\/product_brand?post=7073"},{"taxonomy":"product_cat","embeddable":true,"href":"https:\/\/macketina.com\/en\/wp-json\/wp\/v2\/product_cat?post=7073"},{"taxonomy":"product_tag","embeddable":true,"href":"https:\/\/macketina.com\/en\/wp-json\/wp\/v2\/product_tag?post=7073"}],"curies":[{"name":"wp","href":"https:\/\/api.w.org\/{rel}","templated":true}]}}