{"id":7158,"date":"2025-01-27T12:07:31","date_gmt":"2025-01-27T12:07:31","guid":{"rendered":"http:\/\/staging.macketina.com\/blog\/?post_type=product&#038;p=7158"},"modified":"2026-01-23T10:53:39","modified_gmt":"2026-01-23T10:53:39","slug":"solja-macija-simfonija","status":"publish","type":"product","link":"https:\/\/macketina.com\/en\/product\/solja-macija-simfonija\/","title":{"rendered":"\u0160olja ma\u010dija simfonija"},"content":{"rendered":"<p><span style=\"font-weight: 400;\">\u0160olja <\/span><i><span style=\"font-weight: 400;\">Ma\u010dija simfonija<\/span><\/i><span style=\"font-weight: 400;\"> je savr\u0161en izbor za sve ljubitelje ma\u010daka i umetnosti! Izra\u0111ena od najfinije keramike, ova \u0161olja pru\u017ea ose\u0107aj luksuza uz svaki gutljaj va\u0161eg omiljenog napitka. Svojim jedinstvenim dizajnom iz Ma\u010dketina kolekcije, unosi dozu radosti i kreativnosti u va\u0161u svakodnevicu.<\/span><\/p>\n<h2><strong>\u0160olja <i>Ma\u010dija simfonija<\/i> <\/strong><\/h2>\n<p><span style=\"font-weight: 400;\">Na \u0161olji je prikazana prelepa scena ma\u010dje muzi\u010dke harmonije \u2013 siva ma\u010dka svira violinu, okru\u017eena razigranim, \u0161arenim notama koje simbolizuju veselu melodiju \u017eivota. Ovaj dizajn je pa\u017eljivo osmi\u0161ljen kako bi spojio ljubav prema ma\u010dkama sa estetikom i umetni\u010dkim izra\u017eajem. \u0160tampa je vrhunskog kvaliteta, dugotrajna i postojana \u010dak i nakon vi\u0161e pranja, \u010dine\u0107i ovu \u0161olju idealnom za svakodnevnu upotrebu.<\/span><\/p>\n<p><span style=\"font-weight: 400;\">\u0160olja <\/span><i><span style=\"font-weight: 400;\">Ma\u010dija simfonija<\/span><\/i><span style=\"font-weight: 400;\"> nije samo prakti\u010dan predmet, <a href=\"https:\/\/macketina.com\/en\/macke\/poklon-za-dan-zaljubljenih\/\">ve\u0107 i savr\u0161en poklon za svaku priliku<\/a>. Bilo da \u017eelite da obradujete prijatelja, \u010dlana porodice ili sami sebe, ova \u0161olja \u0107e odu\u0161eviti svakog ljubitelja ma\u010daka i muzike. Posebno je pogodna za Dan zaljubljenih \u2013 uz nju mo\u017eete poslati poruku ljubavi i umetnosti na poseban na\u010din.<\/span><\/p>\n<p><span style=\"font-weight: 400;\">Njen elegantni dizajn savr\u0161eno se uklapa u svaku kuhinju, kancelariju ili kutak za opu\u0161tanje. Kombinacija kvaliteta i estetike \u010dini je nezamenjivim detaljem u va\u0161em domu. Tako\u0111e, ova \u0161olja je ekolo\u0161ki prihvatljiva, \u0161to je \u010dini savr\u0161enim izborom za sve koji \u017eele da pove\u017eu stil i odgovornost prema prirodi.<\/span><\/p>\n<p><span style=\"font-weight: 400;\">Poru\u010dite \u0161olju <\/span><i><span style=\"font-weight: 400;\">Ma\u010dija simfonija<\/span><\/i><span style=\"font-weight: 400;\"> jo\u0161 danas i unesite u svoj dan da\u0161ak umetni\u010dke \u010darolije uz prefinjenost keramike i jedinstvenost Ma\u010dketina dizajna!<\/span><\/p>\n<h3><b>Zahvalnost<\/b><\/h3>\n<p>Hvala vam \u0161to podr\u017eavate Ma\u010dketinaShop i \u0161to zajedno \u0161irimo ljubav prema ma\u010dkama! Va\u0161a podr\u0161ka nam omogu\u0107ava da nastavimo da stvaramo jedinstvene proizvode koji spajaju kvalitet, humor i ljubav prema na\u0161im \u010detvorono\u017enim prijateljima. Pozivamo vas da zapratite na\u0161\u00a0<a href=\"https:\/\/www.instagram.com\/macketinashop\/\"><b>Instagram profil @macketinashop<\/b><\/a>, gde delimo jo\u0161 mnogo simpati\u010dnih i inspirativnih sadr\u017eaja, kao i na\u0161\u00a0<b>YouTube kanal Macketinashop<\/b>, gde mo\u017eete prona\u0107i edukativne video klipove o ma\u010dkama. Pridru\u017eite nam se i postanite deo na\u0161e ma\u010dkoljubive zajednice!<\/p>\n<p>Ma\u010dkoljupci, posetite na\u0161u online prodavnicu i otkrijte proizvode inspirisane ma\u010dkama! Prona\u0111ite majice sa ma\u010dkama, \u0161olje, cegere, postere, puzzle, podmeta\u010de\u00a0 sa jedinstvenim Ma\u010dketina dizajnom. Idealno za poklon ili u\u017eivanje, svi proizvodi su vrhunskog kvaliteta i stvoreni s ljubavlju prema ma\u010dkama. Zakora\u010dite u svet ma\u010dje magije!<\/p>\n<p>Obradujte nekog sebi dragog ko voli ma\u010dke, garantujemo odu\u0161evljenje!<\/p>","protected":false},"excerpt":{"rendered":"<p><span style=\"font-weight: 400;\">Unesite umetni\u010dku \u010daroliju u svaki gutljaj uz \u0161olju <\/span><i><span style=\"font-weight: 400;\">Ma\u010dija simfonija<\/span><\/i><span style=\"font-weight: 400;\">! Izra\u0111ena od najfinije keramike, sa jedinstvenim Ma\u010dketina dizajnom, ova \u0161olja je savr\u0161en poklon za ljubitelje ma\u010daka i muzike. Idealna za Dan zaljubljenih!<\/span><\/p>","protected":false},"featured_media":9959,"comment_status":"open","ping_status":"closed","template":"","meta":{"_kad_post_transparent":"default","_kad_post_title":"","_kad_post_layout":"default","_kad_post_sidebar_id":"","_kad_post_content_style":"default","_kad_post_vertical_padding":"default","_kad_post_feature":"","_kad_post_feature_position":"","_kad_post_header":false,"_kad_post_footer":false,"_kad_post_classname":""},"product_brand":[],"product_cat":[192,83],"product_tag":[98,88,96,203,199,197,85,91,109],"class_list":{"0":"post-7158","1":"product","2":"type-product","3":"status-publish","4":"has-post-thumbnail","6":"product_cat-solje-sa-dizajnom","7":"product_cat-solje-sa-mackama","8":"product_tag-mace-i-solje","9":"product_tag-macka-na-solji","10":"product_tag-macka-solja","11":"product_tag-poklon-solja","12":"product_tag-poklon-za-dan-zaljubljenih","13":"product_tag-poklon-za-valentinovo","14":"product_tag-solja-sa-mackama","15":"product_tag-solja-sa-mackom","16":"product_tag-solja-sa-motivom-macka","18":"first","19":"instock","20":"taxable","21":"shipping-taxable","22":"purchasable","23":"product-type-simple","24":"entry","25":"content-bg","26":"loop-entry"},"yoast_head":"<!-- This site is optimized with the Yoast SEO plugin v27.3 - https:\/\/yoast.com\/product\/yoast-seo-wordpress\/ -->\n<title>\u0160olja ma\u010dija simfonija - Ma\u010dketina<\/title>\n<meta name=\"description\" content=\"\u0160olja Ma\u010dija simfonija je savr\u0161en izbor za sve ljubitelje ma\u010daka i umetnosti! Izra\u0111ena od najfinije keramike, ova \u0161olja pru\u017ea ose\u0107aj luksuza i estetike\" \/>\n<meta name=\"robots\" content=\"index, follow, max-snippet:-1, max-image-preview:large, max-video-preview:-1\" \/>\n<link rel=\"canonical\" href=\"https:\/\/macketina.com\/en\/product\/solja-macija-simfonija\/\" \/>\n<meta property=\"og:locale\" content=\"en_US\" \/>\n<meta property=\"og:type\" content=\"article\" \/>\n<meta property=\"og:title\" content=\"\u0160olja ma\u010dija simfonija - Ma\u010dketina\" \/>\n<meta property=\"og:description\" content=\"\u0160olja Ma\u010dija simfonija je savr\u0161en izbor za sve ljubitelje ma\u010daka i umetnosti! Izra\u0111ena od najfinije keramike, ova \u0161olja pru\u017ea ose\u0107aj luksuza i estetike\" \/>\n<meta property=\"og:url\" content=\"https:\/\/macketina.com\/en\/product\/solja-macija-simfonija\/\" \/>\n<meta property=\"og:site_name\" content=\"Ma\u010dketina\" \/>\n<meta property=\"article:publisher\" content=\"https:\/\/www.facebook.com\/p\/macketinashop-100089621804815\/\" \/>\n<meta property=\"article:modified_time\" content=\"2026-01-23T10:53:39+00:00\" \/>\n<meta property=\"og:image\" content=\"https:\/\/macketina.com\/wp-content\/uploads\/2025\/01\/solja-macija-simfonija-1.jpg\" \/>\n\t<meta property=\"og:image:width\" content=\"1600\" \/>\n\t<meta property=\"og:image:height\" content=\"1600\" \/>\n\t<meta property=\"og:image:type\" content=\"image\/jpeg\" \/>\n<meta name=\"twitter:card\" content=\"summary_large_image\" \/>\n<meta name=\"twitter:label1\" content=\"Est. reading time\" \/>\n\t<meta name=\"twitter:data1\" content=\"2 minutes\" \/>\n<script type=\"application\/ld+json\" class=\"yoast-schema-graph\">{\"@context\":\"https:\\\/\\\/schema.org\",\"@graph\":[{\"@type\":\"WebPage\",\"@id\":\"https:\\\/\\\/macketina.com\\\/product\\\/solja-macija-simfonija\\\/\",\"url\":\"https:\\\/\\\/macketina.com\\\/product\\\/solja-macija-simfonija\\\/\",\"name\":\"\u0160olja ma\u010dija simfonija - Ma\u010dketina\",\"isPartOf\":{\"@id\":\"https:\\\/\\\/macketina.com\\\/#website\"},\"primaryImageOfPage\":{\"@id\":\"https:\\\/\\\/macketina.com\\\/product\\\/solja-macija-simfonija\\\/#primaryimage\"},\"image\":{\"@id\":\"https:\\\/\\\/macketina.com\\\/product\\\/solja-macija-simfonija\\\/#primaryimage\"},\"thumbnailUrl\":\"https:\\\/\\\/macketina.com\\\/wp-content\\\/uploads\\\/2025\\\/01\\\/solja-macija-simfonija-1.jpg\",\"datePublished\":\"2025-01-27T12:07:31+00:00\",\"dateModified\":\"2026-01-23T10:53:39+00:00\",\"description\":\"\u0160olja Ma\u010dija simfonija je savr\u0161en izbor za sve ljubitelje ma\u010daka i umetnosti! Izra\u0111ena od najfinije keramike, ova \u0161olja pru\u017ea ose\u0107aj luksuza i estetike\",\"breadcrumb\":{\"@id\":\"https:\\\/\\\/macketina.com\\\/product\\\/solja-macija-simfonija\\\/#breadcrumb\"},\"inLanguage\":\"en-US\",\"potentialAction\":[{\"@type\":\"ReadAction\",\"target\":[\"https:\\\/\\\/macketina.com\\\/product\\\/solja-macija-simfonija\\\/\"]}]},{\"@type\":\"ImageObject\",\"inLanguage\":\"en-US\",\"@id\":\"https:\\\/\\\/macketina.com\\\/product\\\/solja-macija-simfonija\\\/#primaryimage\",\"url\":\"https:\\\/\\\/macketina.com\\\/wp-content\\\/uploads\\\/2025\\\/01\\\/solja-macija-simfonija-1.jpg\",\"contentUrl\":\"https:\\\/\\\/macketina.com\\\/wp-content\\\/uploads\\\/2025\\\/01\\\/solja-macija-simfonija-1.jpg\",\"width\":1600,\"height\":1600,\"caption\":\"\u0161olja ma\u010dija simfonija\"},{\"@type\":\"BreadcrumbList\",\"@id\":\"https:\\\/\\\/macketina.com\\\/product\\\/solja-macija-simfonija\\\/#breadcrumb\",\"itemListElement\":[{\"@type\":\"ListItem\",\"position\":1,\"name\":\"Home\",\"item\":\"https:\\\/\\\/macketina.com\\\/\"},{\"@type\":\"ListItem\",\"position\":2,\"name\":\"Proizvodi\",\"item\":\"https:\\\/\\\/macketina.com\\\/shop\\\/\"},{\"@type\":\"ListItem\",\"position\":3,\"name\":\"\u0160olja ma\u010dija simfonija\"}]},{\"@type\":\"WebSite\",\"@id\":\"https:\\\/\\\/macketina.com\\\/#website\",\"url\":\"https:\\\/\\\/macketina.com\\\/\",\"name\":\"Ma\u010dketina\",\"description\":\"Online prodavnica\",\"publisher\":{\"@id\":\"https:\\\/\\\/macketina.com\\\/#organization\"},\"alternateName\":\"Ma\u010dketina Shop\",\"potentialAction\":[{\"@type\":\"SearchAction\",\"target\":{\"@type\":\"EntryPoint\",\"urlTemplate\":\"https:\\\/\\\/macketina.com\\\/?s={search_term_string}\"},\"query-input\":{\"@type\":\"PropertyValueSpecification\",\"valueRequired\":true,\"valueName\":\"search_term_string\"}}],\"inLanguage\":\"en-US\"},{\"@type\":\"Organization\",\"@id\":\"https:\\\/\\\/macketina.com\\\/#organization\",\"name\":\"Ma\u010dketina\",\"url\":\"https:\\\/\\\/macketina.com\\\/\",\"logo\":{\"@type\":\"ImageObject\",\"inLanguage\":\"en-US\",\"@id\":\"https:\\\/\\\/macketina.com\\\/#\\\/schema\\\/logo\\\/image\\\/\",\"url\":\"https:\\\/\\\/macketina.com\\\/wp-content\\\/uploads\\\/2022\\\/11\\\/cropped-Clean-Typography-Circle-Badge-Logo.png\",\"contentUrl\":\"https:\\\/\\\/macketina.com\\\/wp-content\\\/uploads\\\/2022\\\/11\\\/cropped-Clean-Typography-Circle-Badge-Logo.png\",\"width\":512,\"height\":512,\"caption\":\"Ma\u010dketina\"},\"image\":{\"@id\":\"https:\\\/\\\/macketina.com\\\/#\\\/schema\\\/logo\\\/image\\\/\"},\"sameAs\":[\"https:\\\/\\\/www.facebook.com\\\/p\\\/macketinashop-100089621804815\\\/\",\"https:\\\/\\\/www.instagram.com\\\/macketinashop\\\/\",\"https:\\\/\\\/tiktok.com\\\/@macketinashop\",\"https:\\\/\\\/www.youtube.com\\\/@macketinashop\\\/\",\"https:\\\/\\\/www.pinterest.com\\\/macketinashop\\\/\"]}]}<\/script>\n<!-- \/ Yoast SEO plugin. -->","yoast_head_json":{"title":"\u0160olja ma\u010dija simfonija - Ma\u010dketina","description":"\u0160olja Ma\u010dija simfonija je savr\u0161en izbor za sve ljubitelje ma\u010daka i umetnosti! Izra\u0111ena od najfinije keramike, ova \u0161olja pru\u017ea ose\u0107aj luksuza i estetike","robots":{"index":"index","follow":"follow","max-snippet":"max-snippet:-1","max-image-preview":"max-image-preview:large","max-video-preview":"max-video-preview:-1"},"canonical":"https:\/\/macketina.com\/en\/product\/solja-macija-simfonija\/","og_locale":"en_US","og_type":"article","og_title":"\u0160olja ma\u010dija simfonija - Ma\u010dketina","og_description":"\u0160olja Ma\u010dija simfonija je savr\u0161en izbor za sve ljubitelje ma\u010daka i umetnosti! Izra\u0111ena od najfinije keramike, ova \u0161olja pru\u017ea ose\u0107aj luksuza i estetike","og_url":"https:\/\/macketina.com\/en\/product\/solja-macija-simfonija\/","og_site_name":"Ma\u010dketina","article_publisher":"https:\/\/www.facebook.com\/p\/macketinashop-100089621804815\/","article_modified_time":"2026-01-23T10:53:39+00:00","og_image":[{"width":1600,"height":1600,"url":"https:\/\/macketina.com\/wp-content\/uploads\/2025\/01\/solja-macija-simfonija-1.jpg","type":"image\/jpeg"}],"twitter_card":"summary_large_image","twitter_misc":{"Est. reading time":"2 minutes"},"schema":{"@context":"https:\/\/schema.org","@graph":[{"@type":"WebPage","@id":"https:\/\/macketina.com\/product\/solja-macija-simfonija\/","url":"https:\/\/macketina.com\/product\/solja-macija-simfonija\/","name":"\u0160olja ma\u010dija simfonija - Ma\u010dketina","isPartOf":{"@id":"https:\/\/macketina.com\/#website"},"primaryImageOfPage":{"@id":"https:\/\/macketina.com\/product\/solja-macija-simfonija\/#primaryimage"},"image":{"@id":"https:\/\/macketina.com\/product\/solja-macija-simfonija\/#primaryimage"},"thumbnailUrl":"https:\/\/macketina.com\/wp-content\/uploads\/2025\/01\/solja-macija-simfonija-1.jpg","datePublished":"2025-01-27T12:07:31+00:00","dateModified":"2026-01-23T10:53:39+00:00","description":"\u0160olja Ma\u010dija simfonija je savr\u0161en izbor za sve ljubitelje ma\u010daka i umetnosti! Izra\u0111ena od najfinije keramike, ova \u0161olja pru\u017ea ose\u0107aj luksuza i estetike","breadcrumb":{"@id":"https:\/\/macketina.com\/product\/solja-macija-simfonija\/#breadcrumb"},"inLanguage":"en-US","potentialAction":[{"@type":"ReadAction","target":["https:\/\/macketina.com\/product\/solja-macija-simfonija\/"]}]},{"@type":"ImageObject","inLanguage":"en-US","@id":"https:\/\/macketina.com\/product\/solja-macija-simfonija\/#primaryimage","url":"https:\/\/macketina.com\/wp-content\/uploads\/2025\/01\/solja-macija-simfonija-1.jpg","contentUrl":"https:\/\/macketina.com\/wp-content\/uploads\/2025\/01\/solja-macija-simfonija-1.jpg","width":1600,"height":1600,"caption":"\u0161olja ma\u010dija simfonija"},{"@type":"BreadcrumbList","@id":"https:\/\/macketina.com\/product\/solja-macija-simfonija\/#breadcrumb","itemListElement":[{"@type":"ListItem","position":1,"name":"Home","item":"https:\/\/macketina.com\/"},{"@type":"ListItem","position":2,"name":"Proizvodi","item":"https:\/\/macketina.com\/shop\/"},{"@type":"ListItem","position":3,"name":"\u0160olja ma\u010dija simfonija"}]},{"@type":"WebSite","@id":"https:\/\/macketina.com\/#website","url":"https:\/\/macketina.com\/","name":"Ma\u010dketina","description":"Online prodavnica","publisher":{"@id":"https:\/\/macketina.com\/#organization"},"alternateName":"Ma\u010dketina Shop","potentialAction":[{"@type":"SearchAction","target":{"@type":"EntryPoint","urlTemplate":"https:\/\/macketina.com\/?s={search_term_string}"},"query-input":{"@type":"PropertyValueSpecification","valueRequired":true,"valueName":"search_term_string"}}],"inLanguage":"en-US"},{"@type":"Organization","@id":"https:\/\/macketina.com\/#organization","name":"Ma\u010dketina","url":"https:\/\/macketina.com\/","logo":{"@type":"ImageObject","inLanguage":"en-US","@id":"https:\/\/macketina.com\/#\/schema\/logo\/image\/","url":"https:\/\/macketina.com\/wp-content\/uploads\/2022\/11\/cropped-Clean-Typography-Circle-Badge-Logo.png","contentUrl":"https:\/\/macketina.com\/wp-content\/uploads\/2022\/11\/cropped-Clean-Typography-Circle-Badge-Logo.png","width":512,"height":512,"caption":"Ma\u010dketina"},"image":{"@id":"https:\/\/macketina.com\/#\/schema\/logo\/image\/"},"sameAs":["https:\/\/www.facebook.com\/p\/macketinashop-100089621804815\/","https:\/\/www.instagram.com\/macketinashop\/","https:\/\/tiktok.com\/@macketinashop","https:\/\/www.youtube.com\/@macketinashop\/","https:\/\/www.pinterest.com\/macketinashop\/"]}]}},"_links":{"self":[{"href":"https:\/\/macketina.com\/en\/wp-json\/wp\/v2\/product\/7158","targetHints":{"allow":["GET"]}}],"collection":[{"href":"https:\/\/macketina.com\/en\/wp-json\/wp\/v2\/product"}],"about":[{"href":"https:\/\/macketina.com\/en\/wp-json\/wp\/v2\/types\/product"}],"replies":[{"embeddable":true,"href":"https:\/\/macketina.com\/en\/wp-json\/wp\/v2\/comments?post=7158"}],"wp:featuredmedia":[{"embeddable":true,"href":"https:\/\/macketina.com\/en\/wp-json\/wp\/v2\/media\/9959"}],"wp:attachment":[{"href":"https:\/\/macketina.com\/en\/wp-json\/wp\/v2\/media?parent=7158"}],"wp:term":[{"taxonomy":"product_brand","embeddable":true,"href":"https:\/\/macketina.com\/en\/wp-json\/wp\/v2\/product_brand?post=7158"},{"taxonomy":"product_cat","embeddable":true,"href":"https:\/\/macketina.com\/en\/wp-json\/wp\/v2\/product_cat?post=7158"},{"taxonomy":"product_tag","embeddable":true,"href":"https:\/\/macketina.com\/en\/wp-json\/wp\/v2\/product_tag?post=7158"}],"curies":[{"name":"wp","href":"https:\/\/api.w.org\/{rel}","templated":true}]}}