{"id":7495,"date":"2025-04-14T17:25:26","date_gmt":"2025-04-14T17:25:26","guid":{"rendered":"http:\/\/staging.macketina.com\/blog\/?post_type=product&#038;p=7495"},"modified":"2025-10-24T15:57:18","modified_gmt":"2025-10-24T15:57:18","slug":"solja-macka-sam-u-dusi","status":"publish","type":"product","link":"https:\/\/macketina.com\/en\/product\/solja-macka-sam-u-dusi\/","title":{"rendered":"\u0160olja ma\u010dka sam u du\u0161i"},"content":{"rendered":"<p><b>\u0160olja ma\u010dka sam u du\u0161i &#8211; <\/b><span style=\"font-weight: 400;\">Ako ose\u0107ate da u vama \u010du\u010di jedna prava, samostalna, dostojanstvena i neodoljiva ma\u010dka \u2013 ova \u0161olja <\/span><b>ma\u010dka sam u du\u0161i <\/b><span style=\"font-weight: 400;\">je kao stvorena za Vas! Dizajnirana za sve one \u017eene koje znaju ko su, \u0161ta \u017eele i koje svoj dan zapo\u010dinju uz kafu, osmeh i \u2013 naravno \u2013 uz jedno mjau u du\u0161i.<\/span><\/p>\n<h2>\u0160olja ma\u010dka sam u du\u0161i<\/h2>\n<p><b>Ma\u010dka sam u du\u0161i<\/b><span style=\"font-weight: 400;\"> je \u0161olja iz ekskluzivne kolekcije <\/span><i><span style=\"font-weight: 400;\">Ma\u010dketina dizajn<\/span><\/i><span style=\"font-weight: 400;\">, ru\u010dno pripremljena sa posebnom pa\u017enjom za stil, poruku i kvalitet. Napravljena je od <\/span><b>najfinije keramike<\/b><span style=\"font-weight: 400;\">, izuzetno prijatne na dodir i idealne za svakodnevnu upotrebu. Njena glatka bela povr\u0161ina savr\u0161eno isti\u010de moderan print..<\/span><\/p>\n<p><span style=\"font-weight: 400;\">\u0160tampa je izra\u0111ena <\/span><b>vrhunskom tehnikom<\/b><span style=\"font-weight: 400;\">, otporna na pranje, habanje i svakodnevno kori\u0161\u0107enje, zadr\u017eavaju\u0107i \u017eivopisne boje i preciznost detalja. Kombinacija <\/span><b>retro ilustracije ma\u010dke sa nao\u010darima<\/b><span style=\"font-weight: 400;\"> i upe\u010datljivog natpisa u brush-font stilu \u010dini ovu \u0161olju pravim statement komadom.<\/span><\/p>\n<p><span style=\"font-weight: 400;\">Ova \u0161olja nije samo komad posu\u0111a \u2013 to je stav. Namenjena je \u017eenama koje se bude sa stilom, smeju sarkasti\u010dno, i ponekad ignori\u0161u svet&#8230; ba\u0161 kao prava ma\u010dka. Savr\u0161ena je i kao <a href=\"https:\/\/macketina.com\/en\/macke\/sta-pokloniti-osobi-koja-voli-macke\/\">poklon za prijateljicu<\/a>, sestru, koleginicu ili sebe samu.<\/span><\/p>\n<p><span style=\"font-weight: 400;\">Bilo da volite ma\u010dke, \u017eivotinje, minimalisti\u010dki dizajn ili jednostavno tra\u017eite unikatnu \u0161olju koja govori umesto Vas \u2013 <\/span><b>\u0161olja Ma\u010dka sam u du\u0161i<\/b><span style=\"font-weight: 400;\"> je pravi izbor.<\/span><\/p>\n<h3><b>Zahvalnost<\/b><\/h3>\n<p>Hvala vam \u0161to podr\u017eavate Ma\u010dketinaShop i \u0161to zajedno \u0161irimo ljubav prema ma\u010dkama! Va\u0161a podr\u0161ka nam omogu\u0107ava da nastavimo da stvaramo jedinstvene proizvode koji spajaju kvalitet, humor i ljubav prema na\u0161im \u010detvorono\u017enim prijateljima. Pozivamo vas da zapratite na\u0161\u00a0<a href=\"https:\/\/www.instagram.com\/macketinashop\/\"><b>Instagram profil @macketinashop<\/b><\/a>, gde delimo jo\u0161 mnogo simpati\u010dnih i inspirativnih sadr\u017eaja, kao i na\u0161\u00a0<b>YouTube kanal Macketinashop<\/b>, gde mo\u017eete prona\u0107i edukativne video klipove o ma\u010dkama. Pridru\u017eite nam se i postanite deo na\u0161e ma\u010dkoljubive zajednice!<\/p>\n<p>Ma\u010dkoljupci, posetite na\u0161u online prodavnicu i otkrijte proizvode inspirisane ma\u010dkama! Prona\u0111ite majice sa ma\u010dkama, \u0161olje, cegere, postere, puzzle, podmeta\u010de\u00a0 sa jedinstvenim Ma\u010dketina dizajnom. Idealno za poklon ili u\u017eivanje, svi proizvodi su vrhunskog kvaliteta i stvoreni s ljubavlju prema ma\u010dkama. Zakora\u010dite u svet ma\u010dje magije!<\/p>\n<p>Obradujte nekog sebi dragog ko voli ma\u010dke, garantujemo odu\u0161evljenje!<\/p>","protected":false},"excerpt":{"rendered":"<p><span style=\"font-weight: 400;\">\u0160olja Ma\u010dka sam u du\u0161i \u2013 \u0161olja od najfinije keramike sa jedinstvenim Ma\u010dketina dizajnom i vrhunskom \u0161tampom. Za sve \u017eene koje predu sa stilom.<\/span><\/p>","protected":false},"featured_media":9945,"comment_status":"open","ping_status":"closed","template":"","meta":{"_kad_post_transparent":"default","_kad_post_title":"","_kad_post_layout":"default","_kad_post_sidebar_id":"","_kad_post_content_style":"default","_kad_post_vertical_padding":"default","_kad_post_feature":"","_kad_post_feature_position":"","_kad_post_header":false,"_kad_post_footer":false,"_kad_post_classname":""},"product_brand":[],"product_cat":[192,83],"product_tag":[98,88,96,203,204,175,93,85,91],"class_list":{"0":"post-7495","1":"product","2":"type-product","3":"status-publish","4":"has-post-thumbnail","6":"product_cat-solje-sa-dizajnom","7":"product_cat-solje-sa-mackama","8":"product_tag-mace-i-solje","9":"product_tag-macka-na-solji","10":"product_tag-macka-solja","11":"product_tag-poklon-solja","12":"product_tag-solja","13":"product_tag-solja-aj-ti-macak","14":"product_tag-solja-i-macka","15":"product_tag-solja-sa-mackama","16":"product_tag-solja-sa-mackom","18":"first","19":"instock","20":"taxable","21":"shipping-taxable","22":"purchasable","23":"product-type-simple","24":"entry","25":"content-bg","26":"loop-entry"},"yoast_head":"<!-- This site is optimized with the Yoast SEO plugin v27.3 - https:\/\/yoast.com\/product\/yoast-seo-wordpress\/ -->\n<title>\u0160olja ma\u010dka sam u du\u0161i - Ma\u010dketina<\/title>\n<meta name=\"description\" content=\"\u0160olja ma\u010dka sam u du\u0161i - Ako ose\u0107ate da u vama \u010du\u010di jedna prava, samostalna, dostojanstvena i neodoljiva ma\u010dka \u2013 ova \u0161olja ma\u010dka sam u du\u0161i je kao stvorena\" \/>\n<meta name=\"robots\" content=\"index, follow, max-snippet:-1, max-image-preview:large, max-video-preview:-1\" \/>\n<link rel=\"canonical\" href=\"https:\/\/macketina.com\/en\/product\/solja-macka-sam-u-dusi\/\" \/>\n<meta property=\"og:locale\" content=\"en_US\" \/>\n<meta property=\"og:type\" content=\"article\" \/>\n<meta property=\"og:title\" content=\"\u0160olja ma\u010dka sam u du\u0161i - Ma\u010dketina\" \/>\n<meta property=\"og:description\" content=\"\u0160olja ma\u010dka sam u du\u0161i - Ako ose\u0107ate da u vama \u010du\u010di jedna prava, samostalna, dostojanstvena i neodoljiva ma\u010dka \u2013 ova \u0161olja ma\u010dka sam u du\u0161i je kao stvorena\" \/>\n<meta property=\"og:url\" content=\"https:\/\/macketina.com\/en\/product\/solja-macka-sam-u-dusi\/\" \/>\n<meta property=\"og:site_name\" content=\"Ma\u010dketina\" \/>\n<meta property=\"article:publisher\" content=\"https:\/\/www.facebook.com\/p\/macketinashop-100089621804815\/\" \/>\n<meta property=\"article:modified_time\" content=\"2025-10-24T15:57:18+00:00\" \/>\n<meta property=\"og:image\" content=\"https:\/\/macketina.com\/wp-content\/uploads\/2025\/04\/solja-macka-sam-u-dusi.jpg\" \/>\n\t<meta property=\"og:image:width\" content=\"1600\" \/>\n\t<meta property=\"og:image:height\" content=\"1600\" \/>\n\t<meta property=\"og:image:type\" content=\"image\/jpeg\" \/>\n<meta name=\"twitter:card\" content=\"summary_large_image\" \/>\n<meta name=\"twitter:label1\" content=\"Est. reading time\" \/>\n\t<meta name=\"twitter:data1\" content=\"2 minutes\" \/>\n<script type=\"application\/ld+json\" class=\"yoast-schema-graph\">{\"@context\":\"https:\\\/\\\/schema.org\",\"@graph\":[{\"@type\":\"WebPage\",\"@id\":\"https:\\\/\\\/macketina.com\\\/product\\\/solja-macka-sam-u-dusi\\\/\",\"url\":\"https:\\\/\\\/macketina.com\\\/product\\\/solja-macka-sam-u-dusi\\\/\",\"name\":\"\u0160olja ma\u010dka sam u du\u0161i - Ma\u010dketina\",\"isPartOf\":{\"@id\":\"https:\\\/\\\/macketina.com\\\/#website\"},\"primaryImageOfPage\":{\"@id\":\"https:\\\/\\\/macketina.com\\\/product\\\/solja-macka-sam-u-dusi\\\/#primaryimage\"},\"image\":{\"@id\":\"https:\\\/\\\/macketina.com\\\/product\\\/solja-macka-sam-u-dusi\\\/#primaryimage\"},\"thumbnailUrl\":\"https:\\\/\\\/macketina.com\\\/wp-content\\\/uploads\\\/2025\\\/04\\\/solja-macka-sam-u-dusi.jpg\",\"datePublished\":\"2025-04-14T17:25:26+00:00\",\"dateModified\":\"2025-10-24T15:57:18+00:00\",\"description\":\"\u0160olja ma\u010dka sam u du\u0161i - Ako ose\u0107ate da u vama \u010du\u010di jedna prava, samostalna, dostojanstvena i neodoljiva ma\u010dka \u2013 ova \u0161olja ma\u010dka sam u du\u0161i je kao stvorena\",\"breadcrumb\":{\"@id\":\"https:\\\/\\\/macketina.com\\\/product\\\/solja-macka-sam-u-dusi\\\/#breadcrumb\"},\"inLanguage\":\"en-US\",\"potentialAction\":[{\"@type\":\"ReadAction\",\"target\":[\"https:\\\/\\\/macketina.com\\\/product\\\/solja-macka-sam-u-dusi\\\/\"]}]},{\"@type\":\"ImageObject\",\"inLanguage\":\"en-US\",\"@id\":\"https:\\\/\\\/macketina.com\\\/product\\\/solja-macka-sam-u-dusi\\\/#primaryimage\",\"url\":\"https:\\\/\\\/macketina.com\\\/wp-content\\\/uploads\\\/2025\\\/04\\\/solja-macka-sam-u-dusi.jpg\",\"contentUrl\":\"https:\\\/\\\/macketina.com\\\/wp-content\\\/uploads\\\/2025\\\/04\\\/solja-macka-sam-u-dusi.jpg\",\"width\":1600,\"height\":1600},{\"@type\":\"BreadcrumbList\",\"@id\":\"https:\\\/\\\/macketina.com\\\/product\\\/solja-macka-sam-u-dusi\\\/#breadcrumb\",\"itemListElement\":[{\"@type\":\"ListItem\",\"position\":1,\"name\":\"Home\",\"item\":\"https:\\\/\\\/macketina.com\\\/\"},{\"@type\":\"ListItem\",\"position\":2,\"name\":\"Proizvodi\",\"item\":\"https:\\\/\\\/macketina.com\\\/shop\\\/\"},{\"@type\":\"ListItem\",\"position\":3,\"name\":\"\u0160olja ma\u010dka sam u du\u0161i\"}]},{\"@type\":\"WebSite\",\"@id\":\"https:\\\/\\\/macketina.com\\\/#website\",\"url\":\"https:\\\/\\\/macketina.com\\\/\",\"name\":\"Ma\u010dketina\",\"description\":\"Online prodavnica\",\"publisher\":{\"@id\":\"https:\\\/\\\/macketina.com\\\/#organization\"},\"alternateName\":\"Ma\u010dketina Shop\",\"potentialAction\":[{\"@type\":\"SearchAction\",\"target\":{\"@type\":\"EntryPoint\",\"urlTemplate\":\"https:\\\/\\\/macketina.com\\\/?s={search_term_string}\"},\"query-input\":{\"@type\":\"PropertyValueSpecification\",\"valueRequired\":true,\"valueName\":\"search_term_string\"}}],\"inLanguage\":\"en-US\"},{\"@type\":\"Organization\",\"@id\":\"https:\\\/\\\/macketina.com\\\/#organization\",\"name\":\"Ma\u010dketina\",\"url\":\"https:\\\/\\\/macketina.com\\\/\",\"logo\":{\"@type\":\"ImageObject\",\"inLanguage\":\"en-US\",\"@id\":\"https:\\\/\\\/macketina.com\\\/#\\\/schema\\\/logo\\\/image\\\/\",\"url\":\"https:\\\/\\\/macketina.com\\\/wp-content\\\/uploads\\\/2022\\\/11\\\/cropped-Clean-Typography-Circle-Badge-Logo.png\",\"contentUrl\":\"https:\\\/\\\/macketina.com\\\/wp-content\\\/uploads\\\/2022\\\/11\\\/cropped-Clean-Typography-Circle-Badge-Logo.png\",\"width\":512,\"height\":512,\"caption\":\"Ma\u010dketina\"},\"image\":{\"@id\":\"https:\\\/\\\/macketina.com\\\/#\\\/schema\\\/logo\\\/image\\\/\"},\"sameAs\":[\"https:\\\/\\\/www.facebook.com\\\/p\\\/macketinashop-100089621804815\\\/\",\"https:\\\/\\\/www.instagram.com\\\/macketinashop\\\/\",\"https:\\\/\\\/tiktok.com\\\/@macketinashop\",\"https:\\\/\\\/www.youtube.com\\\/@macketinashop\\\/\",\"https:\\\/\\\/www.pinterest.com\\\/macketinashop\\\/\"]}]}<\/script>\n<!-- \/ Yoast SEO plugin. -->","yoast_head_json":{"title":"\u0160olja ma\u010dka sam u du\u0161i - Ma\u010dketina","description":"\u0160olja ma\u010dka sam u du\u0161i - Ako ose\u0107ate da u vama \u010du\u010di jedna prava, samostalna, dostojanstvena i neodoljiva ma\u010dka \u2013 ova \u0161olja ma\u010dka sam u du\u0161i je kao stvorena","robots":{"index":"index","follow":"follow","max-snippet":"max-snippet:-1","max-image-preview":"max-image-preview:large","max-video-preview":"max-video-preview:-1"},"canonical":"https:\/\/macketina.com\/en\/product\/solja-macka-sam-u-dusi\/","og_locale":"en_US","og_type":"article","og_title":"\u0160olja ma\u010dka sam u du\u0161i - Ma\u010dketina","og_description":"\u0160olja ma\u010dka sam u du\u0161i - Ako ose\u0107ate da u vama \u010du\u010di jedna prava, samostalna, dostojanstvena i neodoljiva ma\u010dka \u2013 ova \u0161olja ma\u010dka sam u du\u0161i je kao stvorena","og_url":"https:\/\/macketina.com\/en\/product\/solja-macka-sam-u-dusi\/","og_site_name":"Ma\u010dketina","article_publisher":"https:\/\/www.facebook.com\/p\/macketinashop-100089621804815\/","article_modified_time":"2025-10-24T15:57:18+00:00","og_image":[{"width":1600,"height":1600,"url":"https:\/\/macketina.com\/wp-content\/uploads\/2025\/04\/solja-macka-sam-u-dusi.jpg","type":"image\/jpeg"}],"twitter_card":"summary_large_image","twitter_misc":{"Est. reading time":"2 minutes"},"schema":{"@context":"https:\/\/schema.org","@graph":[{"@type":"WebPage","@id":"https:\/\/macketina.com\/product\/solja-macka-sam-u-dusi\/","url":"https:\/\/macketina.com\/product\/solja-macka-sam-u-dusi\/","name":"\u0160olja ma\u010dka sam u du\u0161i - Ma\u010dketina","isPartOf":{"@id":"https:\/\/macketina.com\/#website"},"primaryImageOfPage":{"@id":"https:\/\/macketina.com\/product\/solja-macka-sam-u-dusi\/#primaryimage"},"image":{"@id":"https:\/\/macketina.com\/product\/solja-macka-sam-u-dusi\/#primaryimage"},"thumbnailUrl":"https:\/\/macketina.com\/wp-content\/uploads\/2025\/04\/solja-macka-sam-u-dusi.jpg","datePublished":"2025-04-14T17:25:26+00:00","dateModified":"2025-10-24T15:57:18+00:00","description":"\u0160olja ma\u010dka sam u du\u0161i - Ako ose\u0107ate da u vama \u010du\u010di jedna prava, samostalna, dostojanstvena i neodoljiva ma\u010dka \u2013 ova \u0161olja ma\u010dka sam u du\u0161i je kao stvorena","breadcrumb":{"@id":"https:\/\/macketina.com\/product\/solja-macka-sam-u-dusi\/#breadcrumb"},"inLanguage":"en-US","potentialAction":[{"@type":"ReadAction","target":["https:\/\/macketina.com\/product\/solja-macka-sam-u-dusi\/"]}]},{"@type":"ImageObject","inLanguage":"en-US","@id":"https:\/\/macketina.com\/product\/solja-macka-sam-u-dusi\/#primaryimage","url":"https:\/\/macketina.com\/wp-content\/uploads\/2025\/04\/solja-macka-sam-u-dusi.jpg","contentUrl":"https:\/\/macketina.com\/wp-content\/uploads\/2025\/04\/solja-macka-sam-u-dusi.jpg","width":1600,"height":1600},{"@type":"BreadcrumbList","@id":"https:\/\/macketina.com\/product\/solja-macka-sam-u-dusi\/#breadcrumb","itemListElement":[{"@type":"ListItem","position":1,"name":"Home","item":"https:\/\/macketina.com\/"},{"@type":"ListItem","position":2,"name":"Proizvodi","item":"https:\/\/macketina.com\/shop\/"},{"@type":"ListItem","position":3,"name":"\u0160olja ma\u010dka sam u du\u0161i"}]},{"@type":"WebSite","@id":"https:\/\/macketina.com\/#website","url":"https:\/\/macketina.com\/","name":"Ma\u010dketina","description":"Online prodavnica","publisher":{"@id":"https:\/\/macketina.com\/#organization"},"alternateName":"Ma\u010dketina Shop","potentialAction":[{"@type":"SearchAction","target":{"@type":"EntryPoint","urlTemplate":"https:\/\/macketina.com\/?s={search_term_string}"},"query-input":{"@type":"PropertyValueSpecification","valueRequired":true,"valueName":"search_term_string"}}],"inLanguage":"en-US"},{"@type":"Organization","@id":"https:\/\/macketina.com\/#organization","name":"Ma\u010dketina","url":"https:\/\/macketina.com\/","logo":{"@type":"ImageObject","inLanguage":"en-US","@id":"https:\/\/macketina.com\/#\/schema\/logo\/image\/","url":"https:\/\/macketina.com\/wp-content\/uploads\/2022\/11\/cropped-Clean-Typography-Circle-Badge-Logo.png","contentUrl":"https:\/\/macketina.com\/wp-content\/uploads\/2022\/11\/cropped-Clean-Typography-Circle-Badge-Logo.png","width":512,"height":512,"caption":"Ma\u010dketina"},"image":{"@id":"https:\/\/macketina.com\/#\/schema\/logo\/image\/"},"sameAs":["https:\/\/www.facebook.com\/p\/macketinashop-100089621804815\/","https:\/\/www.instagram.com\/macketinashop\/","https:\/\/tiktok.com\/@macketinashop","https:\/\/www.youtube.com\/@macketinashop\/","https:\/\/www.pinterest.com\/macketinashop\/"]}]}},"_links":{"self":[{"href":"https:\/\/macketina.com\/en\/wp-json\/wp\/v2\/product\/7495","targetHints":{"allow":["GET"]}}],"collection":[{"href":"https:\/\/macketina.com\/en\/wp-json\/wp\/v2\/product"}],"about":[{"href":"https:\/\/macketina.com\/en\/wp-json\/wp\/v2\/types\/product"}],"replies":[{"embeddable":true,"href":"https:\/\/macketina.com\/en\/wp-json\/wp\/v2\/comments?post=7495"}],"wp:featuredmedia":[{"embeddable":true,"href":"https:\/\/macketina.com\/en\/wp-json\/wp\/v2\/media\/9945"}],"wp:attachment":[{"href":"https:\/\/macketina.com\/en\/wp-json\/wp\/v2\/media?parent=7495"}],"wp:term":[{"taxonomy":"product_brand","embeddable":true,"href":"https:\/\/macketina.com\/en\/wp-json\/wp\/v2\/product_brand?post=7495"},{"taxonomy":"product_cat","embeddable":true,"href":"https:\/\/macketina.com\/en\/wp-json\/wp\/v2\/product_cat?post=7495"},{"taxonomy":"product_tag","embeddable":true,"href":"https:\/\/macketina.com\/en\/wp-json\/wp\/v2\/product_tag?post=7495"}],"curies":[{"name":"wp","href":"https:\/\/api.w.org\/{rel}","templated":true}]}}