{"id":7591,"date":"2025-05-03T16:47:06","date_gmt":"2025-05-03T16:47:06","guid":{"rendered":"http:\/\/staging.macketina.com\/blog\/?post_type=product&#038;p=7591"},"modified":"2026-03-26T13:46:23","modified_gmt":"2026-03-26T13:46:23","slug":"zenska-majica-letnji-mjau","status":"publish","type":"product","link":"https:\/\/macketina.com\/en\/product\/zenska-majica-letnji-mjau\/","title":{"rendered":"\u017denska majica Letnji mjau"},"content":{"rendered":"<p><b>\u017denska majica Letnji mjau &#8211; <\/b><span style=\"font-weight: 400;\">Ako vam je leto omiljeno godi\u0161nje doba, ako volite da odmarate, sun\u010date se, \u0161etate i mazite svog krznenog prijatelja \u2013 onda je ova majica kao stvorena za vas. Letnji mjau nije samo odevni komad, ve\u0107 raspolo\u017eenje u obliku pamu\u010dne savr\u0161enosti.<\/span><\/p>\n<h2>\u017denska majica Letnji mjau<\/h2>\n<p><span style=\"font-weight: 400;\">Majica je izra\u0111ena od <\/span><b>100% \u010distog pamuka vrhunskog kvaliteta<\/b><span style=\"font-weight: 400;\">, prijatna za no\u0161enje, meka na dodir i savr\u0161eno di\u0161e tokom toplijih dana. Materijal je dovoljno lagan da vas rashladi, ali i dovoljno postojan da traje i izgleda odli\u010dno i posle brojnih pranja.<\/span><\/p>\n<p><span style=\"font-weight: 400;\">Ono \u0161to je \u010dini posebnom je <\/span><b>jedinstven Ma\u010dketina dizajn<\/b><span style=\"font-weight: 400;\"> \u2013 simpati\u010dna ma\u010dka sa nao\u010darima u obliku srca, opu\u0161teno zavaljena na \u0161arenom pe\u0161kiru i spremna za pla\u017eu, bazen ili jednostavno u\u017eivanje u sopstvenom dvori\u0161tu. Ova ilustracija odi\u0161e letnjom energijom, pozitivom i humorom \u2013 ma\u010dkasti oma\u017e bezbri\u017enosti.<\/span><\/p>\n<p><b>\u0160tampa je izuzetno kvalitetna<\/b><span style=\"font-weight: 400;\">, postojana, otporna na habanje i zadr\u017eava intenzitet boja \u010dak i nakon vi\u0161estrukih pranja. Tehnika \u0161tampe omogu\u0107ava da se svaki pastelni ton i tekstura zadr\u017ee ba\u0161 kako treba \u2013 ne\u017eno i veselo, bez bledila.<\/span><\/p>\n<p><span style=\"font-weight: 400;\">\u017denska Majica Letnji mjau idealan je izbor za \u017eene koje vole leto, ma\u010dke i malo dobre zezancije. Pogodna je za \u0161etnju, odmor, letovanje, <\/span><a href=\"https:\/\/macketina.com\/en\/macke\/najbolji-pokloni-za-mackoljupce\/\"><b>poklon dragoj osobi <\/b><\/a><span style=\"font-weight: 400;\">ili kao dodatak va\u0161oj garderobi koja pri\u010da pri\u010du o tome ko ste \u2013 osoba sa stilom, srcem i zdravom dozom \u0161arma.<\/span><\/p>\n<p><span style=\"font-weight: 400;\">Ukoliko volite da nosite ne\u0161to \u0161to vas opisuje, \u0161to izaziva osmeh i pokazuje va\u0161u ljubav prema \u017eivotinjama i u\u017eivanju u \u017eivotu \u2013 <\/span><b>ova majica \u0107e vas osvojiti ve\u0107 pri prvom obla\u010denju.<\/b><\/p>\n<h3><b>Zahvalnost<\/b><\/h3>\n<p>Hvala vam \u0161to podr\u017eavate Ma\u010dketinaShop i \u0161to zajedno \u0161irimo ljubav prema ma\u010dkama! Va\u0161a podr\u0161ka nam omogu\u0107ava da nastavimo da stvaramo jedinstvene proizvode koji spajaju kvalitet, humor i ljubav prema na\u0161im \u010detvorono\u017enim prijateljima. Pozivamo vas da zapratite na\u0161\u00a0<a href=\"https:\/\/www.instagram.com\/macketinashop\/\"><b>Instagram profil @macketinashop<\/b><\/a>, gde delimo jo\u0161 mnogo simpati\u010dnih i inspirativnih sadr\u017eaja. Kao i na\u0161 <b>YouTube kanal Macketinashop<\/b>, gde mo\u017eete prona\u0107i edukativne video klipove o ma\u010dkama. Pridru\u017eite nam se i postanite deo na\u0161e ma\u010dkoljubive zajednice!<\/p>\n<p>Ma\u010dkoljupci, posetite na\u0161u online prodavnicu i otkrijte proizvode inspirisane ma\u010dkama! Prona\u0111ite majice sa ma\u010dkama, \u0161olje, cegere, postere, puzzle, podmeta\u010de\u00a0 sa jedinstvenim Ma\u010dketina dizajnom. Idealno za poklon ili u\u017eivanje, svi proizvodi su vrhunskog kvaliteta i stvoreni s ljubavlju prema ma\u010dkama. Zakora\u010dite u svet ma\u010dje magije!<\/p>\n<p>Obradujte nekog sebi dragog ko voli ma\u010dke, garantujemo odu\u0161evljenje!<\/p>","protected":false},"excerpt":{"rendered":"<p><span style=\"font-weight: 400;\">\u017denska Majica Letnji mjau \u2013 100% pamuk, lagana i udobna, sa originalnim Ma\u010dketina dizajnom ma\u010dke na odmoru. Idealna za leto i sve koje vole sunce, \u0161alu i \u0161apice!<\/span><\/p>","protected":false},"featured_media":10340,"comment_status":"open","ping_status":"closed","template":"","meta":{"_kad_post_transparent":"default","_kad_post_title":"","_kad_post_layout":"default","_kad_post_sidebar_id":"","_kad_post_content_style":"default","_kad_post_vertical_padding":"default","_kad_post_feature":"","_kad_post_feature_position":"","_kad_post_header":false,"_kad_post_footer":false,"_kad_post_classname":""},"product_brand":[],"product_cat":[140,16],"product_tag":[161,137,155,116,117,156,146,122],"class_list":{"0":"post-7591","1":"product","2":"type-product","3":"status-publish","4":"has-post-thumbnail","6":"product_cat-majica-sa-mackama","7":"product_cat-zenske-majice","8":"product_tag-bela-majica","9":"product_tag-letnja-majica","10":"product_tag-maca-na-majici","11":"product_tag-majica","12":"product_tag-majica-sa-mackom","13":"product_tag-majica-sa-slikom-macke","14":"product_tag-majica-zenska","15":"product_tag-majice-sa-mackama","17":"first","18":"instock","19":"taxable","20":"shipping-taxable","21":"purchasable","22":"product-type-variable","23":"has-default-attributes","24":"entry","25":"content-bg","26":"loop-entry"},"yoast_head":"<!-- This site is optimized with the Yoast SEO plugin v27.3 - https:\/\/yoast.com\/product\/yoast-seo-wordpress\/ -->\n<title>\u017denska majica Letnji mjau - Ma\u010dketina<\/title>\n<meta name=\"description\" content=\"\u017denska majica Letnji mjau - Ako vam je leto omiljeno godi\u0161nje doba, ako volite da odmarate, sun\u010date se, \u0161etate i mazite svog krznenog prijatelja\" \/>\n<meta name=\"robots\" content=\"index, follow, max-snippet:-1, max-image-preview:large, max-video-preview:-1\" \/>\n<link rel=\"canonical\" href=\"https:\/\/macketina.com\/en\/product\/zenska-majica-letnji-mjau\/\" \/>\n<meta property=\"og:locale\" content=\"en_US\" \/>\n<meta property=\"og:type\" content=\"article\" \/>\n<meta property=\"og:title\" content=\"\u017denska majica Letnji mjau - Ma\u010dketina\" \/>\n<meta property=\"og:description\" content=\"\u017denska majica Letnji mjau - Ako vam je leto omiljeno godi\u0161nje doba, ako volite da odmarate, sun\u010date se, \u0161etate i mazite svog krznenog prijatelja\" \/>\n<meta property=\"og:url\" content=\"https:\/\/macketina.com\/en\/product\/zenska-majica-letnji-mjau\/\" \/>\n<meta property=\"og:site_name\" content=\"Ma\u010dketina\" \/>\n<meta property=\"article:publisher\" content=\"https:\/\/www.facebook.com\/p\/macketinashop-100089621804815\/\" \/>\n<meta property=\"article:modified_time\" content=\"2026-03-26T13:46:23+00:00\" \/>\n<meta property=\"og:image\" content=\"https:\/\/macketina.com\/wp-content\/uploads\/2025\/05\/plava-zenska-majica-letnji-mjau.jpg\" \/>\n\t<meta property=\"og:image:width\" content=\"1600\" \/>\n\t<meta property=\"og:image:height\" content=\"1600\" \/>\n\t<meta property=\"og:image:type\" content=\"image\/jpeg\" \/>\n<meta name=\"twitter:card\" content=\"summary_large_image\" \/>\n<meta name=\"twitter:label1\" content=\"Est. reading time\" \/>\n\t<meta name=\"twitter:data1\" content=\"2 minutes\" \/>\n<script type=\"application\/ld+json\" class=\"yoast-schema-graph\">{\"@context\":\"https:\\\/\\\/schema.org\",\"@graph\":[{\"@type\":\"WebPage\",\"@id\":\"https:\\\/\\\/macketina.com\\\/product\\\/zenska-majica-letnji-mjau\\\/\",\"url\":\"https:\\\/\\\/macketina.com\\\/product\\\/zenska-majica-letnji-mjau\\\/\",\"name\":\"\u017denska majica Letnji mjau - Ma\u010dketina\",\"isPartOf\":{\"@id\":\"https:\\\/\\\/macketina.com\\\/#website\"},\"primaryImageOfPage\":{\"@id\":\"https:\\\/\\\/macketina.com\\\/product\\\/zenska-majica-letnji-mjau\\\/#primaryimage\"},\"image\":{\"@id\":\"https:\\\/\\\/macketina.com\\\/product\\\/zenska-majica-letnji-mjau\\\/#primaryimage\"},\"thumbnailUrl\":\"https:\\\/\\\/macketina.com\\\/wp-content\\\/uploads\\\/2025\\\/05\\\/plava-zenska-majica-letnji-mjau.jpg\",\"datePublished\":\"2025-05-03T16:47:06+00:00\",\"dateModified\":\"2026-03-26T13:46:23+00:00\",\"description\":\"\u017denska majica Letnji mjau - Ako vam je leto omiljeno godi\u0161nje doba, ako volite da odmarate, sun\u010date se, \u0161etate i mazite svog krznenog prijatelja\",\"breadcrumb\":{\"@id\":\"https:\\\/\\\/macketina.com\\\/product\\\/zenska-majica-letnji-mjau\\\/#breadcrumb\"},\"inLanguage\":\"en-US\",\"potentialAction\":[{\"@type\":\"ReadAction\",\"target\":[\"https:\\\/\\\/macketina.com\\\/product\\\/zenska-majica-letnji-mjau\\\/\"]}]},{\"@type\":\"ImageObject\",\"inLanguage\":\"en-US\",\"@id\":\"https:\\\/\\\/macketina.com\\\/product\\\/zenska-majica-letnji-mjau\\\/#primaryimage\",\"url\":\"https:\\\/\\\/macketina.com\\\/wp-content\\\/uploads\\\/2025\\\/05\\\/plava-zenska-majica-letnji-mjau.jpg\",\"contentUrl\":\"https:\\\/\\\/macketina.com\\\/wp-content\\\/uploads\\\/2025\\\/05\\\/plava-zenska-majica-letnji-mjau.jpg\",\"width\":1600,\"height\":1600,\"caption\":\"plava-\u017eenska-majica-letnji-mjau\"},{\"@type\":\"BreadcrumbList\",\"@id\":\"https:\\\/\\\/macketina.com\\\/product\\\/zenska-majica-letnji-mjau\\\/#breadcrumb\",\"itemListElement\":[{\"@type\":\"ListItem\",\"position\":1,\"name\":\"Home\",\"item\":\"https:\\\/\\\/macketina.com\\\/\"},{\"@type\":\"ListItem\",\"position\":2,\"name\":\"Proizvodi\",\"item\":\"https:\\\/\\\/macketina.com\\\/shop\\\/\"},{\"@type\":\"ListItem\",\"position\":3,\"name\":\"\u017denska majica Letnji mjau\"}]},{\"@type\":\"WebSite\",\"@id\":\"https:\\\/\\\/macketina.com\\\/#website\",\"url\":\"https:\\\/\\\/macketina.com\\\/\",\"name\":\"Ma\u010dketina\",\"description\":\"Online prodavnica\",\"publisher\":{\"@id\":\"https:\\\/\\\/macketina.com\\\/#organization\"},\"alternateName\":\"Ma\u010dketina Shop\",\"potentialAction\":[{\"@type\":\"SearchAction\",\"target\":{\"@type\":\"EntryPoint\",\"urlTemplate\":\"https:\\\/\\\/macketina.com\\\/?s={search_term_string}\"},\"query-input\":{\"@type\":\"PropertyValueSpecification\",\"valueRequired\":true,\"valueName\":\"search_term_string\"}}],\"inLanguage\":\"en-US\"},{\"@type\":\"Organization\",\"@id\":\"https:\\\/\\\/macketina.com\\\/#organization\",\"name\":\"Ma\u010dketina\",\"url\":\"https:\\\/\\\/macketina.com\\\/\",\"logo\":{\"@type\":\"ImageObject\",\"inLanguage\":\"en-US\",\"@id\":\"https:\\\/\\\/macketina.com\\\/#\\\/schema\\\/logo\\\/image\\\/\",\"url\":\"https:\\\/\\\/macketina.com\\\/wp-content\\\/uploads\\\/2022\\\/11\\\/cropped-Clean-Typography-Circle-Badge-Logo.png\",\"contentUrl\":\"https:\\\/\\\/macketina.com\\\/wp-content\\\/uploads\\\/2022\\\/11\\\/cropped-Clean-Typography-Circle-Badge-Logo.png\",\"width\":512,\"height\":512,\"caption\":\"Ma\u010dketina\"},\"image\":{\"@id\":\"https:\\\/\\\/macketina.com\\\/#\\\/schema\\\/logo\\\/image\\\/\"},\"sameAs\":[\"https:\\\/\\\/www.facebook.com\\\/p\\\/macketinashop-100089621804815\\\/\",\"https:\\\/\\\/www.instagram.com\\\/macketinashop\\\/\",\"https:\\\/\\\/tiktok.com\\\/@macketinashop\",\"https:\\\/\\\/www.youtube.com\\\/@macketinashop\\\/\",\"https:\\\/\\\/www.pinterest.com\\\/macketinashop\\\/\"]}]}<\/script>\n<!-- \/ Yoast SEO plugin. -->","yoast_head_json":{"title":"\u017denska majica Letnji mjau - Ma\u010dketina","description":"\u017denska majica Letnji mjau - Ako vam je leto omiljeno godi\u0161nje doba, ako volite da odmarate, sun\u010date se, \u0161etate i mazite svog krznenog prijatelja","robots":{"index":"index","follow":"follow","max-snippet":"max-snippet:-1","max-image-preview":"max-image-preview:large","max-video-preview":"max-video-preview:-1"},"canonical":"https:\/\/macketina.com\/en\/product\/zenska-majica-letnji-mjau\/","og_locale":"en_US","og_type":"article","og_title":"\u017denska majica Letnji mjau - Ma\u010dketina","og_description":"\u017denska majica Letnji mjau - Ako vam je leto omiljeno godi\u0161nje doba, ako volite da odmarate, sun\u010date se, \u0161etate i mazite svog krznenog prijatelja","og_url":"https:\/\/macketina.com\/en\/product\/zenska-majica-letnji-mjau\/","og_site_name":"Ma\u010dketina","article_publisher":"https:\/\/www.facebook.com\/p\/macketinashop-100089621804815\/","article_modified_time":"2026-03-26T13:46:23+00:00","og_image":[{"width":1600,"height":1600,"url":"https:\/\/macketina.com\/wp-content\/uploads\/2025\/05\/plava-zenska-majica-letnji-mjau.jpg","type":"image\/jpeg"}],"twitter_card":"summary_large_image","twitter_misc":{"Est. reading time":"2 minutes"},"schema":{"@context":"https:\/\/schema.org","@graph":[{"@type":"WebPage","@id":"https:\/\/macketina.com\/product\/zenska-majica-letnji-mjau\/","url":"https:\/\/macketina.com\/product\/zenska-majica-letnji-mjau\/","name":"\u017denska majica Letnji mjau - Ma\u010dketina","isPartOf":{"@id":"https:\/\/macketina.com\/#website"},"primaryImageOfPage":{"@id":"https:\/\/macketina.com\/product\/zenska-majica-letnji-mjau\/#primaryimage"},"image":{"@id":"https:\/\/macketina.com\/product\/zenska-majica-letnji-mjau\/#primaryimage"},"thumbnailUrl":"https:\/\/macketina.com\/wp-content\/uploads\/2025\/05\/plava-zenska-majica-letnji-mjau.jpg","datePublished":"2025-05-03T16:47:06+00:00","dateModified":"2026-03-26T13:46:23+00:00","description":"\u017denska majica Letnji mjau - Ako vam je leto omiljeno godi\u0161nje doba, ako volite da odmarate, sun\u010date se, \u0161etate i mazite svog krznenog prijatelja","breadcrumb":{"@id":"https:\/\/macketina.com\/product\/zenska-majica-letnji-mjau\/#breadcrumb"},"inLanguage":"en-US","potentialAction":[{"@type":"ReadAction","target":["https:\/\/macketina.com\/product\/zenska-majica-letnji-mjau\/"]}]},{"@type":"ImageObject","inLanguage":"en-US","@id":"https:\/\/macketina.com\/product\/zenska-majica-letnji-mjau\/#primaryimage","url":"https:\/\/macketina.com\/wp-content\/uploads\/2025\/05\/plava-zenska-majica-letnji-mjau.jpg","contentUrl":"https:\/\/macketina.com\/wp-content\/uploads\/2025\/05\/plava-zenska-majica-letnji-mjau.jpg","width":1600,"height":1600,"caption":"plava-\u017eenska-majica-letnji-mjau"},{"@type":"BreadcrumbList","@id":"https:\/\/macketina.com\/product\/zenska-majica-letnji-mjau\/#breadcrumb","itemListElement":[{"@type":"ListItem","position":1,"name":"Home","item":"https:\/\/macketina.com\/"},{"@type":"ListItem","position":2,"name":"Proizvodi","item":"https:\/\/macketina.com\/shop\/"},{"@type":"ListItem","position":3,"name":"\u017denska majica Letnji mjau"}]},{"@type":"WebSite","@id":"https:\/\/macketina.com\/#website","url":"https:\/\/macketina.com\/","name":"Ma\u010dketina","description":"Online prodavnica","publisher":{"@id":"https:\/\/macketina.com\/#organization"},"alternateName":"Ma\u010dketina Shop","potentialAction":[{"@type":"SearchAction","target":{"@type":"EntryPoint","urlTemplate":"https:\/\/macketina.com\/?s={search_term_string}"},"query-input":{"@type":"PropertyValueSpecification","valueRequired":true,"valueName":"search_term_string"}}],"inLanguage":"en-US"},{"@type":"Organization","@id":"https:\/\/macketina.com\/#organization","name":"Ma\u010dketina","url":"https:\/\/macketina.com\/","logo":{"@type":"ImageObject","inLanguage":"en-US","@id":"https:\/\/macketina.com\/#\/schema\/logo\/image\/","url":"https:\/\/macketina.com\/wp-content\/uploads\/2022\/11\/cropped-Clean-Typography-Circle-Badge-Logo.png","contentUrl":"https:\/\/macketina.com\/wp-content\/uploads\/2022\/11\/cropped-Clean-Typography-Circle-Badge-Logo.png","width":512,"height":512,"caption":"Ma\u010dketina"},"image":{"@id":"https:\/\/macketina.com\/#\/schema\/logo\/image\/"},"sameAs":["https:\/\/www.facebook.com\/p\/macketinashop-100089621804815\/","https:\/\/www.instagram.com\/macketinashop\/","https:\/\/tiktok.com\/@macketinashop","https:\/\/www.youtube.com\/@macketinashop\/","https:\/\/www.pinterest.com\/macketinashop\/"]}]}},"_links":{"self":[{"href":"https:\/\/macketina.com\/en\/wp-json\/wp\/v2\/product\/7591","targetHints":{"allow":["GET"]}}],"collection":[{"href":"https:\/\/macketina.com\/en\/wp-json\/wp\/v2\/product"}],"about":[{"href":"https:\/\/macketina.com\/en\/wp-json\/wp\/v2\/types\/product"}],"replies":[{"embeddable":true,"href":"https:\/\/macketina.com\/en\/wp-json\/wp\/v2\/comments?post=7591"}],"wp:featuredmedia":[{"embeddable":true,"href":"https:\/\/macketina.com\/en\/wp-json\/wp\/v2\/media\/10340"}],"wp:attachment":[{"href":"https:\/\/macketina.com\/en\/wp-json\/wp\/v2\/media?parent=7591"}],"wp:term":[{"taxonomy":"product_brand","embeddable":true,"href":"https:\/\/macketina.com\/en\/wp-json\/wp\/v2\/product_brand?post=7591"},{"taxonomy":"product_cat","embeddable":true,"href":"https:\/\/macketina.com\/en\/wp-json\/wp\/v2\/product_cat?post=7591"},{"taxonomy":"product_tag","embeddable":true,"href":"https:\/\/macketina.com\/en\/wp-json\/wp\/v2\/product_tag?post=7591"}],"curies":[{"name":"wp","href":"https:\/\/api.w.org\/{rel}","templated":true}]}}