{"id":7612,"date":"2025-05-03T17:10:24","date_gmt":"2025-05-03T17:10:24","guid":{"rendered":"http:\/\/staging.macketina.com\/blog\/?post_type=product&#038;p=7612"},"modified":"2026-03-26T13:45:19","modified_gmt":"2026-03-26T13:45:19","slug":"esi-mi-mjau","status":"publish","type":"product","link":"https:\/\/macketina.com\/en\/product\/esi-mi-mjau\/","title":{"rendered":"Esi mi mjau &#8211; \u017denska Majica"},"content":{"rendered":"<p><span style=\"font-weight: 400;\">Ako tra\u017eite savr\u0161en spoj udobnosti, kvaliteta i karaktera, esi mi mjau majica je pravi izbor za vas. Dizajnirana sa ljubavlju za sve koji obo\u017eavaju ma\u010dke i u\u017eivaju u mjau porukama.<\/span><\/p>\n<h2>Esi mi mjau &#8211; \u017denska Majica<\/h2>\n<p><span style=\"font-weight: 400;\">Izra\u0111ena od 100% \u010distog pamuka premium kvaliteta, ova majica je ne\u017ena prema ko\u017ei, prijatna za no\u0161enje tokom celog dana i zadr\u017eava oblik i boju \u010dak i nakon vi\u0161e pranja. Savr\u0161eno pristaje svakoj figuri zahvaljuju\u0107i pa\u017eljivo krojenom \u017eenskom kroju koji isti\u010de siluetu, a opet ostavlja dovoljno prostora za udobnost.<\/span><\/p>\n<p><span style=\"font-weight: 400;\">\u0160tampa je vrhunskog kvaliteta, otporna na pranje i habanje, izra\u0111ena uz posebnu pa\u017enju kako bi ilustracija zadr\u017eala svoju izra\u017eajnost i humor. Dizajn prikazuje opu\u0161tenu ma\u010dku sa nao\u010darima i natpisom <\/span><i><span style=\"font-weight: 400;\">\u201eEsi mi mjau\u201c<\/span><\/i><span style=\"font-weight: 400;\"> \u2013 \u0161armantan i zabavan na\u010din da poka\u017eete svoju ljubav prema ma\u010dkama, ali i smisao za humor.<\/span><\/p>\n<p><span style=\"font-weight: 400;\">Ovo je originalni Ma\u010dketina dizajn, koji ne\u0107ete prona\u0107i nigde drugde. Svaka majica nosi da\u0161ak unikatnosti i zabave, kreirana da izmami osmeh i vama i svima koji vas sretnu.<\/span><\/p>\n<p><span style=\"font-weight: 400;\">Majica je savr\u0161en <\/span><a href=\"https:\/\/macketina.com\/en\/macke\/najbolji-pokloni-za-mackoljupce\/\"><b>poklon za sve ljubiteljke ma\u010daka<\/b><\/a><span style=\"font-weight: 400;\"> \u2013 bilo da je to drugarica, sestra, koleginica ili vi sami. Prikladna je za no\u0161enje u svakodnevnim prilikama, \u0161etnji, kafi sa prijateljicama ili lenjom vikend varijantom uz knjigu i ma\u010dku u krilu.<\/span><\/p>\n<p><span style=\"font-weight: 400;\">Ako volite da budete prime\u0107eni i da kroz garderobu poka\u017eete ko ste \u2013 ova majica \u0107e vam savr\u0161eno \u201ele\u0107i\u201c<\/span><b>.<\/b><span style=\"font-weight: 400;\"> Jer ponekad jedno <\/span><i><span style=\"font-weight: 400;\">\u201emjau\u201c<\/span><\/i><span style=\"font-weight: 400;\"> ka\u017ee vi\u0161e od hiljadu re\u010di.<\/span><\/p>\n<h3><b>Zahvalnost<\/b><\/h3>\n<p>Hvala vam \u0161to podr\u017eavate Ma\u010dketinaShop i \u0161to zajedno \u0161irimo ljubav prema ma\u010dkama! Va\u0161a podr\u0161ka nam omogu\u0107ava da nastavimo da stvaramo jedinstvene proizvode koji spajaju kvalitet, humor i ljubav prema na\u0161im \u010detvorono\u017enim prijateljima. Pozivamo vas da zapratite na\u0161\u00a0<a href=\"https:\/\/www.instagram.com\/macketinashop\/\"><b>Instagram profil @macketinashop<\/b><\/a>, gde delimo jo\u0161 mnogo simpati\u010dnih i inspirativnih sadr\u017eaja. Kao i na\u0161\u00a0<b>YouTube kanal Macketinashop<\/b>, gde mo\u017eete prona\u0107i edukativne video klipove o ma\u010dkama. Pridru\u017eite nam se i postanite deo na\u0161e ma\u010dkoljubive zajednice!<\/p>\n<p>Ma\u010dkoljupci, posetite na\u0161u online prodavnicu i otkrijte proizvode inspirisane ma\u010dkama! Prona\u0111ite majice sa ma\u010dkama, \u0161olje, cegere, postere, puzzle, podmeta\u010de\u00a0 sa jedinstvenim Ma\u010dketina dizajnom. Idealno za poklon ili u\u017eivanje, svi proizvodi su vrhunskog kvaliteta i stvoreni s ljubavlju prema ma\u010dkama. Zakora\u010dite u svet ma\u010dje magije!<\/p>\n<p>Obradujte nekog sebi dragog ko voli ma\u010dke, garantujemo odu\u0161evljenje!<\/p>","protected":false},"excerpt":{"rendered":"<p><span style=\"font-weight: 400;\">Majica \u201eEsi mi mjau\u201c \u2013 100% pamuk, vrhunskog kvaliteta, udobna i duhovita! Originalni Ma\u010dketina dizajn za sve \u017eene koje vole ma\u010dke i opu\u0161ten stil.<\/span><\/p>","protected":false},"featured_media":10352,"comment_status":"open","ping_status":"closed","template":"","meta":{"_kad_post_transparent":"default","_kad_post_title":"","_kad_post_layout":"default","_kad_post_sidebar_id":"","_kad_post_content_style":"default","_kad_post_vertical_padding":"default","_kad_post_feature":"","_kad_post_feature_position":"","_kad_post_header":false,"_kad_post_footer":false,"_kad_post_classname":""},"product_brand":[],"product_cat":[140,16],"product_tag":[161,137,155,116,117,156,146,122],"class_list":{"0":"post-7612","1":"product","2":"type-product","3":"status-publish","4":"has-post-thumbnail","6":"product_cat-majica-sa-mackama","7":"product_cat-zenske-majice","8":"product_tag-bela-majica","9":"product_tag-letnja-majica","10":"product_tag-maca-na-majici","11":"product_tag-majica","12":"product_tag-majica-sa-mackom","13":"product_tag-majica-sa-slikom-macke","14":"product_tag-majica-zenska","15":"product_tag-majice-sa-mackama","17":"first","18":"instock","19":"taxable","20":"shipping-taxable","21":"purchasable","22":"product-type-variable","23":"has-default-attributes","24":"entry","25":"content-bg","26":"loop-entry"},"yoast_head":"<!-- This site is optimized with the Yoast SEO plugin v27.3 - https:\/\/yoast.com\/product\/yoast-seo-wordpress\/ -->\n<title>Esi mi mjau - \u017denska Majica - Ma\u010dketina<\/title>\n<meta name=\"description\" content=\"ko tra\u017eite savr\u0161en spoj udobnosti, kvaliteta i karaktera, esi mi mjau majica je pravi izbor za vas. Dizajnirana sa ljubavlju za sve koji obo\u017eavaju ma\u010dke\" \/>\n<meta name=\"robots\" content=\"index, follow, max-snippet:-1, max-image-preview:large, max-video-preview:-1\" \/>\n<link rel=\"canonical\" href=\"https:\/\/macketina.com\/en\/product\/esi-mi-mjau\/\" \/>\n<meta property=\"og:locale\" content=\"en_US\" \/>\n<meta property=\"og:type\" content=\"article\" \/>\n<meta property=\"og:title\" content=\"Esi mi mjau - \u017denska Majica - Ma\u010dketina\" \/>\n<meta property=\"og:description\" content=\"ko tra\u017eite savr\u0161en spoj udobnosti, kvaliteta i karaktera, esi mi mjau majica je pravi izbor za vas. Dizajnirana sa ljubavlju za sve koji obo\u017eavaju ma\u010dke\" \/>\n<meta property=\"og:url\" content=\"https:\/\/macketina.com\/en\/product\/esi-mi-mjau\/\" \/>\n<meta property=\"og:site_name\" content=\"Ma\u010dketina\" \/>\n<meta property=\"article:publisher\" content=\"https:\/\/www.facebook.com\/p\/macketinashop-100089621804815\/\" \/>\n<meta property=\"article:modified_time\" content=\"2026-03-26T13:45:19+00:00\" \/>\n<meta property=\"og:image\" content=\"https:\/\/macketina.com\/wp-content\/uploads\/2025\/05\/siva-zenska-majica-esi-mi-mjau.jpg\" \/>\n\t<meta property=\"og:image:width\" content=\"1600\" \/>\n\t<meta property=\"og:image:height\" content=\"1600\" \/>\n\t<meta property=\"og:image:type\" content=\"image\/jpeg\" \/>\n<meta name=\"twitter:card\" content=\"summary_large_image\" \/>\n<meta name=\"twitter:label1\" content=\"Est. reading time\" \/>\n\t<meta name=\"twitter:data1\" content=\"2 minutes\" \/>\n<script type=\"application\/ld+json\" class=\"yoast-schema-graph\">{\"@context\":\"https:\\\/\\\/schema.org\",\"@graph\":[{\"@type\":\"WebPage\",\"@id\":\"https:\\\/\\\/macketina.com\\\/product\\\/esi-mi-mjau\\\/\",\"url\":\"https:\\\/\\\/macketina.com\\\/product\\\/esi-mi-mjau\\\/\",\"name\":\"Esi mi mjau - \u017denska Majica - Ma\u010dketina\",\"isPartOf\":{\"@id\":\"https:\\\/\\\/macketina.com\\\/#website\"},\"primaryImageOfPage\":{\"@id\":\"https:\\\/\\\/macketina.com\\\/product\\\/esi-mi-mjau\\\/#primaryimage\"},\"image\":{\"@id\":\"https:\\\/\\\/macketina.com\\\/product\\\/esi-mi-mjau\\\/#primaryimage\"},\"thumbnailUrl\":\"https:\\\/\\\/macketina.com\\\/wp-content\\\/uploads\\\/2025\\\/05\\\/siva-zenska-majica-esi-mi-mjau.jpg\",\"datePublished\":\"2025-05-03T17:10:24+00:00\",\"dateModified\":\"2026-03-26T13:45:19+00:00\",\"description\":\"ko tra\u017eite savr\u0161en spoj udobnosti, kvaliteta i karaktera, esi mi mjau majica je pravi izbor za vas. Dizajnirana sa ljubavlju za sve koji obo\u017eavaju ma\u010dke\",\"breadcrumb\":{\"@id\":\"https:\\\/\\\/macketina.com\\\/product\\\/esi-mi-mjau\\\/#breadcrumb\"},\"inLanguage\":\"en-US\",\"potentialAction\":[{\"@type\":\"ReadAction\",\"target\":[\"https:\\\/\\\/macketina.com\\\/product\\\/esi-mi-mjau\\\/\"]}]},{\"@type\":\"ImageObject\",\"inLanguage\":\"en-US\",\"@id\":\"https:\\\/\\\/macketina.com\\\/product\\\/esi-mi-mjau\\\/#primaryimage\",\"url\":\"https:\\\/\\\/macketina.com\\\/wp-content\\\/uploads\\\/2025\\\/05\\\/siva-zenska-majica-esi-mi-mjau.jpg\",\"contentUrl\":\"https:\\\/\\\/macketina.com\\\/wp-content\\\/uploads\\\/2025\\\/05\\\/siva-zenska-majica-esi-mi-mjau.jpg\",\"width\":1600,\"height\":1600,\"caption\":\"siva \u017eenska majica esi mi mjau\"},{\"@type\":\"BreadcrumbList\",\"@id\":\"https:\\\/\\\/macketina.com\\\/product\\\/esi-mi-mjau\\\/#breadcrumb\",\"itemListElement\":[{\"@type\":\"ListItem\",\"position\":1,\"name\":\"Home\",\"item\":\"https:\\\/\\\/macketina.com\\\/\"},{\"@type\":\"ListItem\",\"position\":2,\"name\":\"Proizvodi\",\"item\":\"https:\\\/\\\/macketina.com\\\/shop\\\/\"},{\"@type\":\"ListItem\",\"position\":3,\"name\":\"Esi mi mjau &#8211; \u017denska Majica\"}]},{\"@type\":\"WebSite\",\"@id\":\"https:\\\/\\\/macketina.com\\\/#website\",\"url\":\"https:\\\/\\\/macketina.com\\\/\",\"name\":\"Ma\u010dketina\",\"description\":\"Online prodavnica\",\"publisher\":{\"@id\":\"https:\\\/\\\/macketina.com\\\/#organization\"},\"alternateName\":\"Ma\u010dketina Shop\",\"potentialAction\":[{\"@type\":\"SearchAction\",\"target\":{\"@type\":\"EntryPoint\",\"urlTemplate\":\"https:\\\/\\\/macketina.com\\\/?s={search_term_string}\"},\"query-input\":{\"@type\":\"PropertyValueSpecification\",\"valueRequired\":true,\"valueName\":\"search_term_string\"}}],\"inLanguage\":\"en-US\"},{\"@type\":\"Organization\",\"@id\":\"https:\\\/\\\/macketina.com\\\/#organization\",\"name\":\"Ma\u010dketina\",\"url\":\"https:\\\/\\\/macketina.com\\\/\",\"logo\":{\"@type\":\"ImageObject\",\"inLanguage\":\"en-US\",\"@id\":\"https:\\\/\\\/macketina.com\\\/#\\\/schema\\\/logo\\\/image\\\/\",\"url\":\"https:\\\/\\\/macketina.com\\\/wp-content\\\/uploads\\\/2022\\\/11\\\/cropped-Clean-Typography-Circle-Badge-Logo.png\",\"contentUrl\":\"https:\\\/\\\/macketina.com\\\/wp-content\\\/uploads\\\/2022\\\/11\\\/cropped-Clean-Typography-Circle-Badge-Logo.png\",\"width\":512,\"height\":512,\"caption\":\"Ma\u010dketina\"},\"image\":{\"@id\":\"https:\\\/\\\/macketina.com\\\/#\\\/schema\\\/logo\\\/image\\\/\"},\"sameAs\":[\"https:\\\/\\\/www.facebook.com\\\/p\\\/macketinashop-100089621804815\\\/\",\"https:\\\/\\\/www.instagram.com\\\/macketinashop\\\/\",\"https:\\\/\\\/tiktok.com\\\/@macketinashop\",\"https:\\\/\\\/www.youtube.com\\\/@macketinashop\\\/\",\"https:\\\/\\\/www.pinterest.com\\\/macketinashop\\\/\"]}]}<\/script>\n<!-- \/ Yoast SEO plugin. -->","yoast_head_json":{"title":"Esi mi mjau - \u017denska Majica - Ma\u010dketina","description":"ko tra\u017eite savr\u0161en spoj udobnosti, kvaliteta i karaktera, esi mi mjau majica je pravi izbor za vas. Dizajnirana sa ljubavlju za sve koji obo\u017eavaju ma\u010dke","robots":{"index":"index","follow":"follow","max-snippet":"max-snippet:-1","max-image-preview":"max-image-preview:large","max-video-preview":"max-video-preview:-1"},"canonical":"https:\/\/macketina.com\/en\/product\/esi-mi-mjau\/","og_locale":"en_US","og_type":"article","og_title":"Esi mi mjau - \u017denska Majica - Ma\u010dketina","og_description":"ko tra\u017eite savr\u0161en spoj udobnosti, kvaliteta i karaktera, esi mi mjau majica je pravi izbor za vas. Dizajnirana sa ljubavlju za sve koji obo\u017eavaju ma\u010dke","og_url":"https:\/\/macketina.com\/en\/product\/esi-mi-mjau\/","og_site_name":"Ma\u010dketina","article_publisher":"https:\/\/www.facebook.com\/p\/macketinashop-100089621804815\/","article_modified_time":"2026-03-26T13:45:19+00:00","og_image":[{"width":1600,"height":1600,"url":"https:\/\/macketina.com\/wp-content\/uploads\/2025\/05\/siva-zenska-majica-esi-mi-mjau.jpg","type":"image\/jpeg"}],"twitter_card":"summary_large_image","twitter_misc":{"Est. reading time":"2 minutes"},"schema":{"@context":"https:\/\/schema.org","@graph":[{"@type":"WebPage","@id":"https:\/\/macketina.com\/product\/esi-mi-mjau\/","url":"https:\/\/macketina.com\/product\/esi-mi-mjau\/","name":"Esi mi mjau - \u017denska Majica - Ma\u010dketina","isPartOf":{"@id":"https:\/\/macketina.com\/#website"},"primaryImageOfPage":{"@id":"https:\/\/macketina.com\/product\/esi-mi-mjau\/#primaryimage"},"image":{"@id":"https:\/\/macketina.com\/product\/esi-mi-mjau\/#primaryimage"},"thumbnailUrl":"https:\/\/macketina.com\/wp-content\/uploads\/2025\/05\/siva-zenska-majica-esi-mi-mjau.jpg","datePublished":"2025-05-03T17:10:24+00:00","dateModified":"2026-03-26T13:45:19+00:00","description":"ko tra\u017eite savr\u0161en spoj udobnosti, kvaliteta i karaktera, esi mi mjau majica je pravi izbor za vas. Dizajnirana sa ljubavlju za sve koji obo\u017eavaju ma\u010dke","breadcrumb":{"@id":"https:\/\/macketina.com\/product\/esi-mi-mjau\/#breadcrumb"},"inLanguage":"en-US","potentialAction":[{"@type":"ReadAction","target":["https:\/\/macketina.com\/product\/esi-mi-mjau\/"]}]},{"@type":"ImageObject","inLanguage":"en-US","@id":"https:\/\/macketina.com\/product\/esi-mi-mjau\/#primaryimage","url":"https:\/\/macketina.com\/wp-content\/uploads\/2025\/05\/siva-zenska-majica-esi-mi-mjau.jpg","contentUrl":"https:\/\/macketina.com\/wp-content\/uploads\/2025\/05\/siva-zenska-majica-esi-mi-mjau.jpg","width":1600,"height":1600,"caption":"siva \u017eenska majica esi mi mjau"},{"@type":"BreadcrumbList","@id":"https:\/\/macketina.com\/product\/esi-mi-mjau\/#breadcrumb","itemListElement":[{"@type":"ListItem","position":1,"name":"Home","item":"https:\/\/macketina.com\/"},{"@type":"ListItem","position":2,"name":"Proizvodi","item":"https:\/\/macketina.com\/shop\/"},{"@type":"ListItem","position":3,"name":"Esi mi mjau &#8211; \u017denska Majica"}]},{"@type":"WebSite","@id":"https:\/\/macketina.com\/#website","url":"https:\/\/macketina.com\/","name":"Ma\u010dketina","description":"Online prodavnica","publisher":{"@id":"https:\/\/macketina.com\/#organization"},"alternateName":"Ma\u010dketina Shop","potentialAction":[{"@type":"SearchAction","target":{"@type":"EntryPoint","urlTemplate":"https:\/\/macketina.com\/?s={search_term_string}"},"query-input":{"@type":"PropertyValueSpecification","valueRequired":true,"valueName":"search_term_string"}}],"inLanguage":"en-US"},{"@type":"Organization","@id":"https:\/\/macketina.com\/#organization","name":"Ma\u010dketina","url":"https:\/\/macketina.com\/","logo":{"@type":"ImageObject","inLanguage":"en-US","@id":"https:\/\/macketina.com\/#\/schema\/logo\/image\/","url":"https:\/\/macketina.com\/wp-content\/uploads\/2022\/11\/cropped-Clean-Typography-Circle-Badge-Logo.png","contentUrl":"https:\/\/macketina.com\/wp-content\/uploads\/2022\/11\/cropped-Clean-Typography-Circle-Badge-Logo.png","width":512,"height":512,"caption":"Ma\u010dketina"},"image":{"@id":"https:\/\/macketina.com\/#\/schema\/logo\/image\/"},"sameAs":["https:\/\/www.facebook.com\/p\/macketinashop-100089621804815\/","https:\/\/www.instagram.com\/macketinashop\/","https:\/\/tiktok.com\/@macketinashop","https:\/\/www.youtube.com\/@macketinashop\/","https:\/\/www.pinterest.com\/macketinashop\/"]}]}},"_links":{"self":[{"href":"https:\/\/macketina.com\/en\/wp-json\/wp\/v2\/product\/7612","targetHints":{"allow":["GET"]}}],"collection":[{"href":"https:\/\/macketina.com\/en\/wp-json\/wp\/v2\/product"}],"about":[{"href":"https:\/\/macketina.com\/en\/wp-json\/wp\/v2\/types\/product"}],"replies":[{"embeddable":true,"href":"https:\/\/macketina.com\/en\/wp-json\/wp\/v2\/comments?post=7612"}],"wp:featuredmedia":[{"embeddable":true,"href":"https:\/\/macketina.com\/en\/wp-json\/wp\/v2\/media\/10352"}],"wp:attachment":[{"href":"https:\/\/macketina.com\/en\/wp-json\/wp\/v2\/media?parent=7612"}],"wp:term":[{"taxonomy":"product_brand","embeddable":true,"href":"https:\/\/macketina.com\/en\/wp-json\/wp\/v2\/product_brand?post=7612"},{"taxonomy":"product_cat","embeddable":true,"href":"https:\/\/macketina.com\/en\/wp-json\/wp\/v2\/product_cat?post=7612"},{"taxonomy":"product_tag","embeddable":true,"href":"https:\/\/macketina.com\/en\/wp-json\/wp\/v2\/product_tag?post=7612"}],"curies":[{"name":"wp","href":"https:\/\/api.w.org\/{rel}","templated":true}]}}