{"id":7880,"date":"2025-06-01T09:40:17","date_gmt":"2025-06-01T09:40:17","guid":{"rendered":"http:\/\/staging.macketina.com\/blog\/?post_type=product&#038;p=7880"},"modified":"2026-03-26T13:34:49","modified_gmt":"2026-03-26T13:34:49","slug":"majica-ac-dc-mjau","status":"publish","type":"product","link":"https:\/\/macketina.com\/en\/product\/majica-ac-dc-mjau\/","title":{"rendered":"Majica AC\/DC MJAU"},"content":{"rendered":"<p><span style=\"font-weight: 400;\">Majica AC\/DC MJAU iz <\/span><i><span style=\"font-weight: 400;\">Ma\u010dketina dizajn<\/span><\/i><span style=\"font-weight: 400;\"> kolekcije je pravi modni udar groma za sve ljubitelje rokenrola i ma\u010daka! Ovaj unikatni print spaja mo\u0107nu energiju benda AC\/DC sa simpati\u010dnom drsko\u0161\u0107u ma\u010djeg karaktera \u2013 u jednoj savr\u0161eno balansiranoj kombinaciji stava, humora i stila.<\/span><\/p>\n<h2>Majica AC\/DC MJAU<\/h2>\n<p><span style=\"font-weight: 400;\">Na centralnom delu majice nalazi se ilustracija koja nikoga ne ostavlja ravnodu\u0161nim \u2013 ma\u010dka u prepoznatljivoj \u0161kolskoj uniformi, sa gitarom u rukama, pozira u stilu legendarnog Angusa Younga. Podi\u017ee \u0161apu u znak pobede, a iza nje se nalazi strujni trougao sa munjama, u vintage rokerskom stilu. Iznad nje, stoji naziv benda u originalnom AC\/DC fontu, koji dodatno poja\u010dava vizuelni do\u017eivljaj.<\/span><\/p>\n<p><span style=\"font-weight: 400;\">Ova majica je izra\u0111ena od <\/span><b>100% pamuka vrhunskog kvaliteta<\/b><span style=\"font-weight: 400;\">, prijatna je za no\u0161enje, meka na dodir i savr\u0161eno prijanja uz telo. Pogodna je za sve prilike \u2013 od festivala, svirki i izlazaka, do le\u017eernih dana u gradu ili kod ku\u0107e. Materijal je otporan i izdr\u017eljiv, a \u0161tampa je ura\u0111ena savremenom tehnikom koja garantuje dugotrajnost boja i detalja, \u010dak i nakon brojnih pranja.<\/span><\/p>\n<p><span style=\"font-weight: 400;\">Print je deo autenti\u010dne <\/span><i><span style=\"font-weight: 400;\">Ma\u010dketina<\/span><\/i><span style=\"font-weight: 400;\"> kolekcije i dizajniran je sa posebnom pa\u017enjom kako bi spojio ljubav prema muzici i ma\u010dkama. Namenjen je onima koji \u017eele da poka\u017eu svoju individualnost, uz dozu duhovitosti i bunta. <\/span><a href=\"https:\/\/macketina.com\/en\/macke\/sta-pokloniti-osobi-koja-voli-macke\/\"><b>Savr\u0161en je kao poklon<\/b><\/a><span style=\"font-weight: 400;\"> \u2013 bilo da \u017eelite da obradujete sebe ili nekog ko voli AC\/DC i obo\u017eava mace koje \u201epredu na najja\u010de\u201c.<\/span><\/p>\n<p><span style=\"font-weight: 400;\">Majica je dostupna u vi\u0161e veli\u010dina i mo\u017ee se poru\u010diti isklju\u010divo putem <\/span><i><span style=\"font-weight: 400;\">Ma\u010dketina<\/span><\/i><span style=\"font-weight: 400;\"> online prodavnice.<\/span><\/p>\n<h3><b>Zahvalnost<\/b><\/h3>\n<p><span style=\"font-weight: 400;\">Hvala vam \u0161to podr\u017eavate Ma\u010dketinaShop i \u0161to zajedno \u0161irimo ljubav prema ma\u010dkama! Va\u0161a podr\u0161ka nam omogu\u0107ava da nastavimo da stvaramo jedinstvene proizvode koji spajaju kvalitet, humor i ljubav prema na\u0161im \u010detvorono\u017enim prijateljima. Pozivamo vas da zapratite na\u0161 <\/span><a href=\"https:\/\/www.instagram.com\/macketinashop\/\"><b>Instagram profil @macketinashop<\/b><\/a><span style=\"font-weight: 400;\">, gde delimo jo\u0161 mnogo simpati\u010dnih i inspirativnih sadr\u017eaja. Kao i na\u0161 <\/span><b>YouTube kanal Macketinashop<\/b><span style=\"font-weight: 400;\">, gde mo\u017eete prona\u0107i edukativne video klipove o ma\u010dkama. Pridru\u017eite nam se i postanite deo na\u0161e ma\u010dkoljubive zajednice!<\/span><\/p>\n<p><span style=\"font-weight: 400;\">Ma\u010dkoljupci, posetite na\u0161u online prodavnicu i otkrijte proizvode inspirisane ma\u010dkama! Prona\u0111ite majice sa ma\u010dkama, \u0161olje, cegere, postere, puzzle, podmeta\u010de\u00a0 sa jedinstvenim Ma\u010dketina dizajnom. Idealno za poklon ili u\u017eivanje, svi proizvodi su vrhunskog kvaliteta i stvoreni s ljubavlju prema ma\u010dkama. Zakora\u010dite u svet ma\u010dje magije!<\/span><\/p>\n<p><span style=\"font-weight: 400;\">Obradujte nekog sebi dragog ko voli ma\u010dke, garantujemo odu\u0161evljenje!<\/span><\/p>","protected":false},"excerpt":{"rendered":"<p>Majica \u201eAC\/DC MJAU\u201c \u2013 100% pamuk, original Ma\u010dketina dizajn i prava ma\u010dja energija u rokenrol izdanju! Savr\u0161ena za ljubitelje muzike i ma\u010daka sa stavom.<\/p>","protected":false},"featured_media":10280,"comment_status":"open","ping_status":"closed","template":"","meta":{"_kad_post_transparent":"default","_kad_post_title":"","_kad_post_layout":"default","_kad_post_sidebar_id":"","_kad_post_content_style":"default","_kad_post_vertical_padding":"default","_kad_post_feature":"","_kad_post_feature_position":"","_kad_post_header":false,"_kad_post_footer":false,"_kad_post_classname":""},"product_brand":[],"product_cat":[140,16],"product_tag":[282,161,137,155,121,116,117,156,146,122],"class_list":{"0":"post-7880","1":"product","2":"type-product","3":"status-publish","4":"has-post-thumbnail","6":"product_cat-majica-sa-mackama","7":"product_cat-zenske-majice","8":"product_tag-ac-dc-mjau","9":"product_tag-bela-majica","10":"product_tag-letnja-majica","11":"product_tag-maca-na-majici","12":"product_tag-macke-na-majici","13":"product_tag-majica","14":"product_tag-majica-sa-mackom","15":"product_tag-majica-sa-slikom-macke","16":"product_tag-majica-zenska","17":"product_tag-majice-sa-mackama","19":"first","20":"instock","21":"taxable","22":"shipping-taxable","23":"purchasable","24":"product-type-variable","25":"has-default-attributes","26":"entry","27":"content-bg","28":"loop-entry"},"yoast_head":"<!-- This site is optimized with the Yoast SEO plugin v27.3 - https:\/\/yoast.com\/product\/yoast-seo-wordpress\/ -->\n<title>Majica AC\/DC MJAU - Ma\u010dketina<\/title>\n<meta name=\"description\" content=\"Majica AC\/DC MJAU iz Ma\u010dketina dizajn kolekcije je pravi modni udar groma za sve ljubitelje rokenrola i ma\u010daka! Ovaj unikatni print spaja\" \/>\n<meta name=\"robots\" content=\"index, follow, max-snippet:-1, max-image-preview:large, max-video-preview:-1\" \/>\n<link rel=\"canonical\" href=\"https:\/\/macketina.com\/en\/product\/majica-ac-dc-mjau\/\" \/>\n<meta property=\"og:locale\" content=\"en_US\" \/>\n<meta property=\"og:type\" content=\"article\" \/>\n<meta property=\"og:title\" content=\"Majica AC\/DC MJAU - Ma\u010dketina\" \/>\n<meta property=\"og:description\" content=\"Majica AC\/DC MJAU iz Ma\u010dketina dizajn kolekcije je pravi modni udar groma za sve ljubitelje rokenrola i ma\u010daka! Ovaj unikatni print spaja\" \/>\n<meta property=\"og:url\" content=\"https:\/\/macketina.com\/en\/product\/majica-ac-dc-mjau\/\" \/>\n<meta property=\"og:site_name\" content=\"Ma\u010dketina\" \/>\n<meta property=\"article:publisher\" content=\"https:\/\/www.facebook.com\/p\/macketinashop-100089621804815\/\" \/>\n<meta property=\"article:modified_time\" content=\"2026-03-26T13:34:49+00:00\" \/>\n<meta property=\"og:image\" content=\"https:\/\/macketina.com\/wp-content\/uploads\/2025\/06\/bez-zenska-majica-acdc-mjau.jpg\" \/>\n\t<meta property=\"og:image:width\" content=\"1600\" \/>\n\t<meta property=\"og:image:height\" content=\"1600\" \/>\n\t<meta property=\"og:image:type\" content=\"image\/jpeg\" \/>\n<meta name=\"twitter:card\" content=\"summary_large_image\" \/>\n<meta name=\"twitter:label1\" content=\"Est. reading time\" \/>\n\t<meta name=\"twitter:data1\" content=\"2 minutes\" \/>\n<script type=\"application\/ld+json\" class=\"yoast-schema-graph\">{\"@context\":\"https:\\\/\\\/schema.org\",\"@graph\":[{\"@type\":\"WebPage\",\"@id\":\"https:\\\/\\\/macketina.com\\\/product\\\/majica-ac-dc-mjau\\\/\",\"url\":\"https:\\\/\\\/macketina.com\\\/product\\\/majica-ac-dc-mjau\\\/\",\"name\":\"Majica AC\\\/DC MJAU - Ma\u010dketina\",\"isPartOf\":{\"@id\":\"https:\\\/\\\/macketina.com\\\/#website\"},\"primaryImageOfPage\":{\"@id\":\"https:\\\/\\\/macketina.com\\\/product\\\/majica-ac-dc-mjau\\\/#primaryimage\"},\"image\":{\"@id\":\"https:\\\/\\\/macketina.com\\\/product\\\/majica-ac-dc-mjau\\\/#primaryimage\"},\"thumbnailUrl\":\"https:\\\/\\\/macketina.com\\\/wp-content\\\/uploads\\\/2025\\\/06\\\/bez-zenska-majica-acdc-mjau.jpg\",\"datePublished\":\"2025-06-01T09:40:17+00:00\",\"dateModified\":\"2026-03-26T13:34:49+00:00\",\"description\":\"Majica AC\\\/DC MJAU iz Ma\u010dketina dizajn kolekcije je pravi modni udar groma za sve ljubitelje rokenrola i ma\u010daka! Ovaj unikatni print spaja\",\"breadcrumb\":{\"@id\":\"https:\\\/\\\/macketina.com\\\/product\\\/majica-ac-dc-mjau\\\/#breadcrumb\"},\"inLanguage\":\"en-US\",\"potentialAction\":[{\"@type\":\"ReadAction\",\"target\":[\"https:\\\/\\\/macketina.com\\\/product\\\/majica-ac-dc-mjau\\\/\"]}]},{\"@type\":\"ImageObject\",\"inLanguage\":\"en-US\",\"@id\":\"https:\\\/\\\/macketina.com\\\/product\\\/majica-ac-dc-mjau\\\/#primaryimage\",\"url\":\"https:\\\/\\\/macketina.com\\\/wp-content\\\/uploads\\\/2025\\\/06\\\/bez-zenska-majica-acdc-mjau.jpg\",\"contentUrl\":\"https:\\\/\\\/macketina.com\\\/wp-content\\\/uploads\\\/2025\\\/06\\\/bez-zenska-majica-acdc-mjau.jpg\",\"width\":1600,\"height\":1600,\"caption\":\"be\u017e \u017eenska majica ac-dc mjau\"},{\"@type\":\"BreadcrumbList\",\"@id\":\"https:\\\/\\\/macketina.com\\\/product\\\/majica-ac-dc-mjau\\\/#breadcrumb\",\"itemListElement\":[{\"@type\":\"ListItem\",\"position\":1,\"name\":\"Home\",\"item\":\"https:\\\/\\\/macketina.com\\\/\"},{\"@type\":\"ListItem\",\"position\":2,\"name\":\"Proizvodi\",\"item\":\"https:\\\/\\\/macketina.com\\\/shop\\\/\"},{\"@type\":\"ListItem\",\"position\":3,\"name\":\"Majica AC\\\/DC MJAU\"}]},{\"@type\":\"WebSite\",\"@id\":\"https:\\\/\\\/macketina.com\\\/#website\",\"url\":\"https:\\\/\\\/macketina.com\\\/\",\"name\":\"Ma\u010dketina\",\"description\":\"Online prodavnica\",\"publisher\":{\"@id\":\"https:\\\/\\\/macketina.com\\\/#organization\"},\"alternateName\":\"Ma\u010dketina Shop\",\"potentialAction\":[{\"@type\":\"SearchAction\",\"target\":{\"@type\":\"EntryPoint\",\"urlTemplate\":\"https:\\\/\\\/macketina.com\\\/?s={search_term_string}\"},\"query-input\":{\"@type\":\"PropertyValueSpecification\",\"valueRequired\":true,\"valueName\":\"search_term_string\"}}],\"inLanguage\":\"en-US\"},{\"@type\":\"Organization\",\"@id\":\"https:\\\/\\\/macketina.com\\\/#organization\",\"name\":\"Ma\u010dketina\",\"url\":\"https:\\\/\\\/macketina.com\\\/\",\"logo\":{\"@type\":\"ImageObject\",\"inLanguage\":\"en-US\",\"@id\":\"https:\\\/\\\/macketina.com\\\/#\\\/schema\\\/logo\\\/image\\\/\",\"url\":\"https:\\\/\\\/macketina.com\\\/wp-content\\\/uploads\\\/2022\\\/11\\\/cropped-Clean-Typography-Circle-Badge-Logo.png\",\"contentUrl\":\"https:\\\/\\\/macketina.com\\\/wp-content\\\/uploads\\\/2022\\\/11\\\/cropped-Clean-Typography-Circle-Badge-Logo.png\",\"width\":512,\"height\":512,\"caption\":\"Ma\u010dketina\"},\"image\":{\"@id\":\"https:\\\/\\\/macketina.com\\\/#\\\/schema\\\/logo\\\/image\\\/\"},\"sameAs\":[\"https:\\\/\\\/www.facebook.com\\\/p\\\/macketinashop-100089621804815\\\/\",\"https:\\\/\\\/www.instagram.com\\\/macketinashop\\\/\",\"https:\\\/\\\/tiktok.com\\\/@macketinashop\",\"https:\\\/\\\/www.youtube.com\\\/@macketinashop\\\/\",\"https:\\\/\\\/www.pinterest.com\\\/macketinashop\\\/\"]}]}<\/script>\n<!-- \/ Yoast SEO plugin. -->","yoast_head_json":{"title":"Majica AC\/DC MJAU - Ma\u010dketina","description":"Majica AC\/DC MJAU iz Ma\u010dketina dizajn kolekcije je pravi modni udar groma za sve ljubitelje rokenrola i ma\u010daka! Ovaj unikatni print spaja","robots":{"index":"index","follow":"follow","max-snippet":"max-snippet:-1","max-image-preview":"max-image-preview:large","max-video-preview":"max-video-preview:-1"},"canonical":"https:\/\/macketina.com\/en\/product\/majica-ac-dc-mjau\/","og_locale":"en_US","og_type":"article","og_title":"Majica AC\/DC MJAU - Ma\u010dketina","og_description":"Majica AC\/DC MJAU iz Ma\u010dketina dizajn kolekcije je pravi modni udar groma za sve ljubitelje rokenrola i ma\u010daka! Ovaj unikatni print spaja","og_url":"https:\/\/macketina.com\/en\/product\/majica-ac-dc-mjau\/","og_site_name":"Ma\u010dketina","article_publisher":"https:\/\/www.facebook.com\/p\/macketinashop-100089621804815\/","article_modified_time":"2026-03-26T13:34:49+00:00","og_image":[{"width":1600,"height":1600,"url":"https:\/\/macketina.com\/wp-content\/uploads\/2025\/06\/bez-zenska-majica-acdc-mjau.jpg","type":"image\/jpeg"}],"twitter_card":"summary_large_image","twitter_misc":{"Est. reading time":"2 minutes"},"schema":{"@context":"https:\/\/schema.org","@graph":[{"@type":"WebPage","@id":"https:\/\/macketina.com\/product\/majica-ac-dc-mjau\/","url":"https:\/\/macketina.com\/product\/majica-ac-dc-mjau\/","name":"Majica AC\/DC MJAU - Ma\u010dketina","isPartOf":{"@id":"https:\/\/macketina.com\/#website"},"primaryImageOfPage":{"@id":"https:\/\/macketina.com\/product\/majica-ac-dc-mjau\/#primaryimage"},"image":{"@id":"https:\/\/macketina.com\/product\/majica-ac-dc-mjau\/#primaryimage"},"thumbnailUrl":"https:\/\/macketina.com\/wp-content\/uploads\/2025\/06\/bez-zenska-majica-acdc-mjau.jpg","datePublished":"2025-06-01T09:40:17+00:00","dateModified":"2026-03-26T13:34:49+00:00","description":"Majica AC\/DC MJAU iz Ma\u010dketina dizajn kolekcije je pravi modni udar groma za sve ljubitelje rokenrola i ma\u010daka! Ovaj unikatni print spaja","breadcrumb":{"@id":"https:\/\/macketina.com\/product\/majica-ac-dc-mjau\/#breadcrumb"},"inLanguage":"en-US","potentialAction":[{"@type":"ReadAction","target":["https:\/\/macketina.com\/product\/majica-ac-dc-mjau\/"]}]},{"@type":"ImageObject","inLanguage":"en-US","@id":"https:\/\/macketina.com\/product\/majica-ac-dc-mjau\/#primaryimage","url":"https:\/\/macketina.com\/wp-content\/uploads\/2025\/06\/bez-zenska-majica-acdc-mjau.jpg","contentUrl":"https:\/\/macketina.com\/wp-content\/uploads\/2025\/06\/bez-zenska-majica-acdc-mjau.jpg","width":1600,"height":1600,"caption":"be\u017e \u017eenska majica ac-dc mjau"},{"@type":"BreadcrumbList","@id":"https:\/\/macketina.com\/product\/majica-ac-dc-mjau\/#breadcrumb","itemListElement":[{"@type":"ListItem","position":1,"name":"Home","item":"https:\/\/macketina.com\/"},{"@type":"ListItem","position":2,"name":"Proizvodi","item":"https:\/\/macketina.com\/shop\/"},{"@type":"ListItem","position":3,"name":"Majica AC\/DC MJAU"}]},{"@type":"WebSite","@id":"https:\/\/macketina.com\/#website","url":"https:\/\/macketina.com\/","name":"Ma\u010dketina","description":"Online prodavnica","publisher":{"@id":"https:\/\/macketina.com\/#organization"},"alternateName":"Ma\u010dketina Shop","potentialAction":[{"@type":"SearchAction","target":{"@type":"EntryPoint","urlTemplate":"https:\/\/macketina.com\/?s={search_term_string}"},"query-input":{"@type":"PropertyValueSpecification","valueRequired":true,"valueName":"search_term_string"}}],"inLanguage":"en-US"},{"@type":"Organization","@id":"https:\/\/macketina.com\/#organization","name":"Ma\u010dketina","url":"https:\/\/macketina.com\/","logo":{"@type":"ImageObject","inLanguage":"en-US","@id":"https:\/\/macketina.com\/#\/schema\/logo\/image\/","url":"https:\/\/macketina.com\/wp-content\/uploads\/2022\/11\/cropped-Clean-Typography-Circle-Badge-Logo.png","contentUrl":"https:\/\/macketina.com\/wp-content\/uploads\/2022\/11\/cropped-Clean-Typography-Circle-Badge-Logo.png","width":512,"height":512,"caption":"Ma\u010dketina"},"image":{"@id":"https:\/\/macketina.com\/#\/schema\/logo\/image\/"},"sameAs":["https:\/\/www.facebook.com\/p\/macketinashop-100089621804815\/","https:\/\/www.instagram.com\/macketinashop\/","https:\/\/tiktok.com\/@macketinashop","https:\/\/www.youtube.com\/@macketinashop\/","https:\/\/www.pinterest.com\/macketinashop\/"]}]}},"_links":{"self":[{"href":"https:\/\/macketina.com\/en\/wp-json\/wp\/v2\/product\/7880","targetHints":{"allow":["GET"]}}],"collection":[{"href":"https:\/\/macketina.com\/en\/wp-json\/wp\/v2\/product"}],"about":[{"href":"https:\/\/macketina.com\/en\/wp-json\/wp\/v2\/types\/product"}],"replies":[{"embeddable":true,"href":"https:\/\/macketina.com\/en\/wp-json\/wp\/v2\/comments?post=7880"}],"wp:featuredmedia":[{"embeddable":true,"href":"https:\/\/macketina.com\/en\/wp-json\/wp\/v2\/media\/10280"}],"wp:attachment":[{"href":"https:\/\/macketina.com\/en\/wp-json\/wp\/v2\/media?parent=7880"}],"wp:term":[{"taxonomy":"product_brand","embeddable":true,"href":"https:\/\/macketina.com\/en\/wp-json\/wp\/v2\/product_brand?post=7880"},{"taxonomy":"product_cat","embeddable":true,"href":"https:\/\/macketina.com\/en\/wp-json\/wp\/v2\/product_cat?post=7880"},{"taxonomy":"product_tag","embeddable":true,"href":"https:\/\/macketina.com\/en\/wp-json\/wp\/v2\/product_tag?post=7880"}],"curies":[{"name":"wp","href":"https:\/\/api.w.org\/{rel}","templated":true}]}}