{"id":7957,"date":"2025-06-02T15:35:23","date_gmt":"2025-06-02T15:35:23","guid":{"rendered":"http:\/\/staging.macketina.com\/blog\/?post_type=product&#038;p=7957"},"modified":"2026-03-04T08:50:02","modified_gmt":"2026-03-04T08:50:02","slug":"ceger-be-mjau","status":"publish","type":"product","link":"https:\/\/macketina.com\/en\/product\/ceger-be-mjau\/","title":{"rendered":"Ceger Be Mjau &#8211; Ne\u017ean poklon za sve koji vole mace"},"content":{"rendered":"<p><span style=\"font-weight: 400;\">Kada stil i ljubav prema ma\u010dkama do\u0111u u savr\u0161en spoj \u2013 nastaje ceger Be Mjau, pravi izbor za sve koji \u017eele da budu prime\u0107eni i ostanu verni svom mjau identitetu! Ovaj prepoznatljiv <\/span><b>Ma\u010dketina dizajn<\/b><span style=\"font-weight: 400;\"> prikazuje \u0161ik damu i njenu jo\u0161 vi\u0161e \u0161ik ma\u010dku \u2013 obe sa crnim nao\u010darima i stilskim maramama. Poruka \u201eBe Cool \u2013 Be Mjau\u201c jasno govori sve: elegancija, karakter i ljubav prema ma\u010dkama idu ruku pod ruku.<\/span><\/p>\n<h2><span style=\"font-weight: 400;\">Ceger Be Mjau &#8211; Ne\u017ean poklon za sve koji vole mace<\/span><\/h2>\n<p><span style=\"font-weight: 400;\">Ceger je izra\u0111en od ekolo\u0161ki prihvatljivog materijala, pogodan za svakodnevnu upotrebu i istovremeno prijateljski nastrojen prema planeti. Bilo da ga koristite za \u0161oping, posao, odlazak u biblioteku ili kao modni dodatak uz le\u017eernu kombinaciju, \u201eBe Mjau\u201c \u0107e uvek biti prime\u0107en i pohvaljen.<\/span><\/p>\n<p><span style=\"font-weight: 400;\">\u0160tampa na cegeru je vrhunskog kvaliteta \u2013 postojana, \u017eivih boja i otporna na pranje. Ilustracija je autorski rad iz Ma\u010dketina studija, sa akcentom na minimalizam, humor i prepoznatljiv stil.<\/span><\/p>\n<p><span style=\"font-weight: 400;\">Ceger \u201eBe Mjau\u201c je odli\u010dan izbor za sve koji vole ma\u010dke, retro stil, humor i upe\u010datljive modne komade. On nije samo prakti\u010dan \u2013 on je stav. Poruka. Deklaracija ljubavi prema ma\u010dkama i slobodnog duha.<\/span><\/p>\n<p><span style=\"font-weight: 400;\">Ako tra\u017eite <\/span><a href=\"https:\/\/macketina.com\/en\/macke\/najbolji-pokloni-za-mackoljupce\/\"><b>savr\u0161en poklon<\/b><\/a><span style=\"font-weight: 400;\"> za nekoga ko voli da bude prime\u0107en, ko zna \u0161ta zna\u010di imati ma\u010dku za najboljeg prijatelja \u2013 ili ako \u017eelite sami sebe da obradujete, ovaj ceger je pun pogodak. Jer biti kul&#8230; zna\u010di biti mjau.<\/span><\/p>\n<h3><b>Zahvalnost<\/b><\/h3>\n<p><span style=\"font-weight: 400;\">Hvala vam \u0161to podr\u017eavate Ma\u010dketinaShop i \u0161to zajedno \u0161irimo ljubav prema ma\u010dkama! Va\u0161a podr\u0161ka nam omogu\u0107ava da nastavimo da stvaramo jedinstvene proizvode koji spajaju kvalitet, humor i ljubav prema na\u0161im \u010detvorono\u017enim prijateljima. Pozivamo vas da zapratite na\u0161 <\/span><a href=\"https:\/\/www.instagram.com\/macketinashop\/\"><b>Instagram profil @macketinashop<\/b><\/a><span style=\"font-weight: 400;\">, gde delimo jo\u0161 mnogo simpati\u010dnih i inspirativnih sadr\u017eaja. Kao i na\u0161 <\/span><b>YouTube kanal Macketinashop<\/b><span style=\"font-weight: 400;\">, gde mo\u017eete prona\u0107i edukativne video klipove o ma\u010dkama. Pridru\u017eite nam se i postanite deo na\u0161e ma\u010dkoljubive zajednice!<\/span><\/p>\n<p><span style=\"font-weight: 400;\">Ma\u010dkoljupci, posetite na\u0161u online prodavnicu i otkrijte proizvode inspirisane ma\u010dkama! Prona\u0111ite majice sa ma\u010dkama, \u0161olje, cegere, postere, puzzle, podmeta\u010de\u00a0 sa jedinstvenim Ma\u010dketina dizajnom. Idealno za poklon ili u\u017eivanje, svi proizvodi su vrhunskog kvaliteta i stvoreni s ljubavlju prema ma\u010dkama. Zakora\u010dite u svet ma\u010dje magije!<\/span><\/p>\n<p><span style=\"font-weight: 400;\">Obradujte nekog sebi dragog ko voli ma\u010dke, garantujemo odu\u0161evljenje!<\/span><\/p>","protected":false},"excerpt":{"rendered":"<p><span style=\"font-weight: 400;\">Ceger \u201eBe Mjau\u201c \u2013 moderni Ma\u010dketina dizajn sa stilskom damom i ma\u010dkom u nao\u010darima, izra\u0111en od eko materijala. Za sve koji \u017eele da budu cool \u2013 i mjau!<\/span><\/p>\n<p>&nbsp;<\/p>","protected":false},"featured_media":10024,"comment_status":"open","ping_status":"closed","template":"","meta":{"_kad_post_transparent":"default","_kad_post_title":"","_kad_post_layout":"default","_kad_post_sidebar_id":"","_kad_post_content_style":"default","_kad_post_vertical_padding":"default","_kad_post_feature":"","_kad_post_feature_position":"","_kad_post_header":false,"_kad_post_footer":false,"_kad_post_classname":""},"product_brand":[],"product_cat":[483,46],"product_tag":[289,110,143,111,113,205,112,115,114],"class_list":{"0":"post-7957","1":"product","2":"type-product","3":"status-publish","4":"has-post-thumbnail","6":"product_cat-cat-lady","7":"product_cat-cegeri","8":"product_tag-be-mjau","9":"product_tag-ceger","10":"product_tag-ceger-klasicni","11":"product_tag-ceger-sa-mackom","12":"product_tag-cegeri","13":"product_tag-cegeri-beli","14":"product_tag-macka-ceger","15":"product_tag-macka-na-cegeru","16":"product_tag-macke-sa-cegeom","18":"first","19":"instock","20":"featured","21":"taxable","22":"shipping-taxable","23":"purchasable","24":"product-type-simple","25":"entry","26":"content-bg","27":"loop-entry"},"yoast_head":"<!-- This site is optimized with the Yoast SEO plugin v27.4 - https:\/\/yoast.com\/product\/yoast-seo-wordpress\/ -->\n<title>Ceger Be Mjau - Ne\u017ean poklon za sve koji vole mace - Ma\u010dketina<\/title>\n<meta name=\"description\" content=\"Kada stil i ljubav prema ma\u010dkama do\u0111u u savr\u0161en spoj \u2013 nastaje ceger Be Mjau, pravi izbor za sve koji \u017eele da budu prime\u0107eni i ostanu verni svom mjau\" \/>\n<meta name=\"robots\" content=\"index, follow, max-snippet:-1, max-image-preview:large, max-video-preview:-1\" \/>\n<link rel=\"canonical\" href=\"https:\/\/macketina.com\/en\/product\/ceger-be-mjau\/\" \/>\n<meta property=\"og:locale\" content=\"en_US\" \/>\n<meta property=\"og:type\" content=\"article\" \/>\n<meta property=\"og:title\" content=\"Ceger Be Mjau - Ne\u017ean poklon za sve koji vole mace - Ma\u010dketina\" \/>\n<meta property=\"og:description\" content=\"Kada stil i ljubav prema ma\u010dkama do\u0111u u savr\u0161en spoj \u2013 nastaje ceger Be Mjau, pravi izbor za sve koji \u017eele da budu prime\u0107eni i ostanu verni svom mjau\" \/>\n<meta property=\"og:url\" content=\"https:\/\/macketina.com\/en\/product\/ceger-be-mjau\/\" \/>\n<meta property=\"og:site_name\" content=\"Ma\u010dketina\" \/>\n<meta property=\"article:publisher\" content=\"https:\/\/www.facebook.com\/p\/macketinashop-100089621804815\/\" \/>\n<meta property=\"article:modified_time\" content=\"2026-03-04T08:50:02+00:00\" \/>\n<meta property=\"og:image\" content=\"https:\/\/macketina.com\/wp-content\/uploads\/2025\/06\/ceger-be-cool-be-mjau.jpg\" \/>\n\t<meta property=\"og:image:width\" content=\"1600\" \/>\n\t<meta property=\"og:image:height\" content=\"1600\" \/>\n\t<meta property=\"og:image:type\" content=\"image\/jpeg\" \/>\n<meta name=\"twitter:card\" content=\"summary_large_image\" \/>\n<meta name=\"twitter:label1\" content=\"Est. reading time\" \/>\n\t<meta name=\"twitter:data1\" content=\"2 minutes\" \/>\n<script type=\"application\/ld+json\" class=\"yoast-schema-graph\">{\"@context\":\"https:\\\/\\\/schema.org\",\"@graph\":[{\"@type\":\"WebPage\",\"@id\":\"https:\\\/\\\/macketina.com\\\/product\\\/ceger-be-mjau\\\/\",\"url\":\"https:\\\/\\\/macketina.com\\\/product\\\/ceger-be-mjau\\\/\",\"name\":\"Ceger Be Mjau - Ne\u017ean poklon za sve koji vole mace - Ma\u010dketina\",\"isPartOf\":{\"@id\":\"https:\\\/\\\/macketina.com\\\/#website\"},\"primaryImageOfPage\":{\"@id\":\"https:\\\/\\\/macketina.com\\\/product\\\/ceger-be-mjau\\\/#primaryimage\"},\"image\":{\"@id\":\"https:\\\/\\\/macketina.com\\\/product\\\/ceger-be-mjau\\\/#primaryimage\"},\"thumbnailUrl\":\"https:\\\/\\\/macketina.com\\\/wp-content\\\/uploads\\\/2025\\\/06\\\/ceger-be-cool-be-mjau.jpg\",\"datePublished\":\"2025-06-02T15:35:23+00:00\",\"dateModified\":\"2026-03-04T08:50:02+00:00\",\"description\":\"Kada stil i ljubav prema ma\u010dkama do\u0111u u savr\u0161en spoj \u2013 nastaje ceger Be Mjau, pravi izbor za sve koji \u017eele da budu prime\u0107eni i ostanu verni svom mjau\",\"breadcrumb\":{\"@id\":\"https:\\\/\\\/macketina.com\\\/product\\\/ceger-be-mjau\\\/#breadcrumb\"},\"inLanguage\":\"en-US\",\"potentialAction\":[{\"@type\":\"ReadAction\",\"target\":[\"https:\\\/\\\/macketina.com\\\/product\\\/ceger-be-mjau\\\/\"]}]},{\"@type\":\"ImageObject\",\"inLanguage\":\"en-US\",\"@id\":\"https:\\\/\\\/macketina.com\\\/product\\\/ceger-be-mjau\\\/#primaryimage\",\"url\":\"https:\\\/\\\/macketina.com\\\/wp-content\\\/uploads\\\/2025\\\/06\\\/ceger-be-cool-be-mjau.jpg\",\"contentUrl\":\"https:\\\/\\\/macketina.com\\\/wp-content\\\/uploads\\\/2025\\\/06\\\/ceger-be-cool-be-mjau.jpg\",\"width\":1600,\"height\":1600,\"caption\":\"Be cool, be mjau \u2013 jer stil i ma\u010dji stav uvek idu zajedno.\"},{\"@type\":\"BreadcrumbList\",\"@id\":\"https:\\\/\\\/macketina.com\\\/product\\\/ceger-be-mjau\\\/#breadcrumb\",\"itemListElement\":[{\"@type\":\"ListItem\",\"position\":1,\"name\":\"Home\",\"item\":\"https:\\\/\\\/macketina.com\\\/\"},{\"@type\":\"ListItem\",\"position\":2,\"name\":\"Proizvodi\",\"item\":\"https:\\\/\\\/macketina.com\\\/shop\\\/\"},{\"@type\":\"ListItem\",\"position\":3,\"name\":\"Ceger Be Mjau &#8211; Ne\u017ean poklon za sve koji vole mace\"}]},{\"@type\":\"WebSite\",\"@id\":\"https:\\\/\\\/macketina.com\\\/#website\",\"url\":\"https:\\\/\\\/macketina.com\\\/\",\"name\":\"Ma\u010dketina\",\"description\":\"Online prodavnica\",\"publisher\":{\"@id\":\"https:\\\/\\\/macketina.com\\\/#organization\"},\"alternateName\":\"Ma\u010dketina Shop\",\"potentialAction\":[{\"@type\":\"SearchAction\",\"target\":{\"@type\":\"EntryPoint\",\"urlTemplate\":\"https:\\\/\\\/macketina.com\\\/?s={search_term_string}\"},\"query-input\":{\"@type\":\"PropertyValueSpecification\",\"valueRequired\":true,\"valueName\":\"search_term_string\"}}],\"inLanguage\":\"en-US\"},{\"@type\":\"Organization\",\"@id\":\"https:\\\/\\\/macketina.com\\\/#organization\",\"name\":\"Ma\u010dketina\",\"url\":\"https:\\\/\\\/macketina.com\\\/\",\"logo\":{\"@type\":\"ImageObject\",\"inLanguage\":\"en-US\",\"@id\":\"https:\\\/\\\/macketina.com\\\/#\\\/schema\\\/logo\\\/image\\\/\",\"url\":\"https:\\\/\\\/macketina.com\\\/wp-content\\\/uploads\\\/2022\\\/11\\\/cropped-Clean-Typography-Circle-Badge-Logo.png\",\"contentUrl\":\"https:\\\/\\\/macketina.com\\\/wp-content\\\/uploads\\\/2022\\\/11\\\/cropped-Clean-Typography-Circle-Badge-Logo.png\",\"width\":512,\"height\":512,\"caption\":\"Ma\u010dketina\"},\"image\":{\"@id\":\"https:\\\/\\\/macketina.com\\\/#\\\/schema\\\/logo\\\/image\\\/\"},\"sameAs\":[\"https:\\\/\\\/www.facebook.com\\\/p\\\/macketinashop-100089621804815\\\/\",\"https:\\\/\\\/www.instagram.com\\\/macketinashop\\\/\",\"https:\\\/\\\/tiktok.com\\\/@macketinashop\",\"https:\\\/\\\/www.youtube.com\\\/@macketinashop\\\/\",\"https:\\\/\\\/www.pinterest.com\\\/macketinashop\\\/\"]}]}<\/script>\n<!-- \/ Yoast SEO plugin. -->","yoast_head_json":{"title":"Ceger Be Mjau - Ne\u017ean poklon za sve koji vole mace - Ma\u010dketina","description":"Kada stil i ljubav prema ma\u010dkama do\u0111u u savr\u0161en spoj \u2013 nastaje ceger Be Mjau, pravi izbor za sve koji \u017eele da budu prime\u0107eni i ostanu verni svom mjau","robots":{"index":"index","follow":"follow","max-snippet":"max-snippet:-1","max-image-preview":"max-image-preview:large","max-video-preview":"max-video-preview:-1"},"canonical":"https:\/\/macketina.com\/en\/product\/ceger-be-mjau\/","og_locale":"en_US","og_type":"article","og_title":"Ceger Be Mjau - Ne\u017ean poklon za sve koji vole mace - Ma\u010dketina","og_description":"Kada stil i ljubav prema ma\u010dkama do\u0111u u savr\u0161en spoj \u2013 nastaje ceger Be Mjau, pravi izbor za sve koji \u017eele da budu prime\u0107eni i ostanu verni svom mjau","og_url":"https:\/\/macketina.com\/en\/product\/ceger-be-mjau\/","og_site_name":"Ma\u010dketina","article_publisher":"https:\/\/www.facebook.com\/p\/macketinashop-100089621804815\/","article_modified_time":"2026-03-04T08:50:02+00:00","og_image":[{"width":1600,"height":1600,"url":"https:\/\/macketina.com\/wp-content\/uploads\/2025\/06\/ceger-be-cool-be-mjau.jpg","type":"image\/jpeg"}],"twitter_card":"summary_large_image","twitter_misc":{"Est. reading time":"2 minutes"},"schema":{"@context":"https:\/\/schema.org","@graph":[{"@type":"WebPage","@id":"https:\/\/macketina.com\/product\/ceger-be-mjau\/","url":"https:\/\/macketina.com\/product\/ceger-be-mjau\/","name":"Ceger Be Mjau - Ne\u017ean poklon za sve koji vole mace - Ma\u010dketina","isPartOf":{"@id":"https:\/\/macketina.com\/#website"},"primaryImageOfPage":{"@id":"https:\/\/macketina.com\/product\/ceger-be-mjau\/#primaryimage"},"image":{"@id":"https:\/\/macketina.com\/product\/ceger-be-mjau\/#primaryimage"},"thumbnailUrl":"https:\/\/macketina.com\/wp-content\/uploads\/2025\/06\/ceger-be-cool-be-mjau.jpg","datePublished":"2025-06-02T15:35:23+00:00","dateModified":"2026-03-04T08:50:02+00:00","description":"Kada stil i ljubav prema ma\u010dkama do\u0111u u savr\u0161en spoj \u2013 nastaje ceger Be Mjau, pravi izbor za sve koji \u017eele da budu prime\u0107eni i ostanu verni svom mjau","breadcrumb":{"@id":"https:\/\/macketina.com\/product\/ceger-be-mjau\/#breadcrumb"},"inLanguage":"en-US","potentialAction":[{"@type":"ReadAction","target":["https:\/\/macketina.com\/product\/ceger-be-mjau\/"]}]},{"@type":"ImageObject","inLanguage":"en-US","@id":"https:\/\/macketina.com\/product\/ceger-be-mjau\/#primaryimage","url":"https:\/\/macketina.com\/wp-content\/uploads\/2025\/06\/ceger-be-cool-be-mjau.jpg","contentUrl":"https:\/\/macketina.com\/wp-content\/uploads\/2025\/06\/ceger-be-cool-be-mjau.jpg","width":1600,"height":1600,"caption":"Be cool, be mjau \u2013 jer stil i ma\u010dji stav uvek idu zajedno."},{"@type":"BreadcrumbList","@id":"https:\/\/macketina.com\/product\/ceger-be-mjau\/#breadcrumb","itemListElement":[{"@type":"ListItem","position":1,"name":"Home","item":"https:\/\/macketina.com\/"},{"@type":"ListItem","position":2,"name":"Proizvodi","item":"https:\/\/macketina.com\/shop\/"},{"@type":"ListItem","position":3,"name":"Ceger Be Mjau &#8211; Ne\u017ean poklon za sve koji vole mace"}]},{"@type":"WebSite","@id":"https:\/\/macketina.com\/#website","url":"https:\/\/macketina.com\/","name":"Ma\u010dketina","description":"Online prodavnica","publisher":{"@id":"https:\/\/macketina.com\/#organization"},"alternateName":"Ma\u010dketina Shop","potentialAction":[{"@type":"SearchAction","target":{"@type":"EntryPoint","urlTemplate":"https:\/\/macketina.com\/?s={search_term_string}"},"query-input":{"@type":"PropertyValueSpecification","valueRequired":true,"valueName":"search_term_string"}}],"inLanguage":"en-US"},{"@type":"Organization","@id":"https:\/\/macketina.com\/#organization","name":"Ma\u010dketina","url":"https:\/\/macketina.com\/","logo":{"@type":"ImageObject","inLanguage":"en-US","@id":"https:\/\/macketina.com\/#\/schema\/logo\/image\/","url":"https:\/\/macketina.com\/wp-content\/uploads\/2022\/11\/cropped-Clean-Typography-Circle-Badge-Logo.png","contentUrl":"https:\/\/macketina.com\/wp-content\/uploads\/2022\/11\/cropped-Clean-Typography-Circle-Badge-Logo.png","width":512,"height":512,"caption":"Ma\u010dketina"},"image":{"@id":"https:\/\/macketina.com\/#\/schema\/logo\/image\/"},"sameAs":["https:\/\/www.facebook.com\/p\/macketinashop-100089621804815\/","https:\/\/www.instagram.com\/macketinashop\/","https:\/\/tiktok.com\/@macketinashop","https:\/\/www.youtube.com\/@macketinashop\/","https:\/\/www.pinterest.com\/macketinashop\/"]}]}},"_links":{"self":[{"href":"https:\/\/macketina.com\/en\/wp-json\/wp\/v2\/product\/7957","targetHints":{"allow":["GET"]}}],"collection":[{"href":"https:\/\/macketina.com\/en\/wp-json\/wp\/v2\/product"}],"about":[{"href":"https:\/\/macketina.com\/en\/wp-json\/wp\/v2\/types\/product"}],"replies":[{"embeddable":true,"href":"https:\/\/macketina.com\/en\/wp-json\/wp\/v2\/comments?post=7957"}],"wp:featuredmedia":[{"embeddable":true,"href":"https:\/\/macketina.com\/en\/wp-json\/wp\/v2\/media\/10024"}],"wp:attachment":[{"href":"https:\/\/macketina.com\/en\/wp-json\/wp\/v2\/media?parent=7957"}],"wp:term":[{"taxonomy":"product_brand","embeddable":true,"href":"https:\/\/macketina.com\/en\/wp-json\/wp\/v2\/product_brand?post=7957"},{"taxonomy":"product_cat","embeddable":true,"href":"https:\/\/macketina.com\/en\/wp-json\/wp\/v2\/product_cat?post=7957"},{"taxonomy":"product_tag","embeddable":true,"href":"https:\/\/macketina.com\/en\/wp-json\/wp\/v2\/product_tag?post=7957"}],"curies":[{"name":"wp","href":"https:\/\/api.w.org\/{rel}","templated":true}]}}