{"id":8034,"date":"2025-06-05T13:42:06","date_gmt":"2025-06-05T13:42:06","guid":{"rendered":"http:\/\/staging.macketina.com\/blog\/?post_type=product&#038;p=8034"},"modified":"2026-03-26T13:14:49","modified_gmt":"2026-03-26T13:14:49","slug":"muska-majica-mjautalica","status":"publish","type":"product","link":"https:\/\/macketina.com\/en\/product\/muska-majica-mjautalica\/","title":{"rendered":"Mu\u0161ka Majica Mjautalica"},"content":{"rendered":"<p><span style=\"font-weight: 400;\">Ako volite ma\u010dke, dobar rock i majice koje govore vi\u0161e od hiljadu re\u010di \u2013 Mu\u0161ka majica Mjautalica je prava stvar za vas. Ova mu\u0161ka majica spaja dve strasti: ljubav prema muzici i obo\u017eavanje ma\u010daka, i to na jedan originalan, zabavan i beskompromisno mjau na\u010din.<\/span><\/p>\n<h2><b>Mu\u0161ka majica mjautalica<\/b><\/h2>\n<p><span style=\"font-weight: 400;\">Majica je izra\u0111ena od 100 % pamuka vrhunskog kvaliteta, \u0161to zna\u010di da je izuzetno prijatna za no\u0161enje, prozra\u010dna i izdr\u017eljiva. Bilo da je nosite svakog dana, na koncert, motorijadu ili jednostavno da upotpunite svoj autenti\u010dni stil \u2013 ose\u0107a\u0107ete se lagodno i prime\u0107eno.<\/span><\/p>\n<p><span style=\"font-weight: 400;\">Na grudima dominira <\/span><b>originalni Ma\u010dketina dizajn<\/b><span style=\"font-weight: 400;\">: opaka ma\u010dka u ko\u017enoj jakni, sa gitarom u \u0161apama i nezaobilaznim \u201erock-on\u201c znakom. Nao\u010dare, stav i energija ovog printa jasno poru\u010duju: \u201eOvo nije obi\u010dna ma\u010dka \u2013 ovo je MJAAAU-talica!\u201c<\/span><\/p>\n<p><span style=\"font-weight: 400;\">\u0160tampa na majici je <\/span><b>vrhunskog kvaliteta<\/b><span style=\"font-weight: 400;\">, otporna na pranje i habanje, sa izra\u017eenim detaljima i precizno\u0161\u0107u koja \u010dini svaki element ilustracije \u017eivopisnim. Boje su postojane, dok crno-bele nijanse u kombinaciji sa crvenim akcentima daju dizajnu sna\u017ean i upe\u010datljiv karakter.<\/span><\/p>\n<p><span style=\"font-weight: 400;\">Majica je pogodna za sve mu\u0161karce koji vole kreativne i duhovite printeve \u2013<\/span><a href=\"https:\/\/macketina.com\/en\/macke\/najbolji-pokloni-za-mackoljupce\/\"><b> idealna je i za poklon<\/b><\/a><span style=\"font-weight: 400;\"> nekome ko voli ma\u010dke i bend Metallica, ili jednostavno ima smisla za dobar humor i ne be\u017ei od autenti\u010dnog izra\u017eavanja stava kroz garderobu.<\/span><\/p>\n<p><span style=\"font-weight: 400;\">Bez obzira da li ste muzi\u010dar, ljubitelj rokenrola ili jednostavno ma\u010dkoljubac sa stilom \u2013 ova majica je stvorena da se nosi sa ponosom. Jer, kada obu\u010de\u0161 \u201eMjautalicu\u201c, ne nosi\u0161 samo majicu. <\/span><b>Nosite stav. Nosite poruku. Nosite Ma\u010dketinu.<\/b><\/p>\n<h3><b>Zahvalnost<\/b><\/h3>\n<p><span style=\"font-weight: 400;\">Hvala vam \u0161to podr\u017eavate Ma\u010dketinaShop i \u0161to zajedno \u0161irimo ljubav prema ma\u010dkama! Va\u0161a podr\u0161ka nam omogu\u0107ava da nastavimo da stvaramo jedinstvene proizvode koji spajaju kvalitet, humor i ljubav prema na\u0161im \u010detvorono\u017enim prijateljima. Pozivamo vas da zapratite na\u0161 <\/span><a href=\"https:\/\/www.instagram.com\/macketinashop\/\"><b>Instagram profil @macketinashop<\/b><\/a><span style=\"font-weight: 400;\">, gde delimo jo\u0161 mnogo simpati\u010dnih i inspirativnih sadr\u017eaja. Kao i na\u0161 <\/span><b>YouTube kanal Macketinashop<\/b><span style=\"font-weight: 400;\">, gde mo\u017eete prona\u0107i edukativne video klipove o ma\u010dkama. Pridru\u017eite nam se i postanite deo na\u0161e ma\u010dkoljubive zajednice!<\/span><\/p>\n<p><span style=\"font-weight: 400;\">Ma\u010dkoljupci, posetite na\u0161u online prodavnicu i otkrijte proizvode inspirisane ma\u010dkama! Prona\u0111ite majice sa ma\u010dkama, \u0161olje, cegere, postere, puzzle, podmeta\u010de\u00a0 sa jedinstvenim Ma\u010dketina dizajnom. Idealno za poklon ili u\u017eivanje, svi proizvodi su vrhunskog kvaliteta i stvoreni s ljubavlju prema ma\u010dkama. Zakora\u010dite u svet ma\u010dje magije!<\/span><\/p>\n<p><span style=\"font-weight: 400;\">Obradujte nekog sebi dragog ko voli ma\u010dke, garantujemo odu\u0161evljenje!<\/span><\/p>","protected":false},"excerpt":{"rendered":"<p><span style=\"font-weight: 400;\">Mu\u0161ka majica \u201eMjautalica\u201c \u2013 100 % pamuk, originalni Ma\u010dketina dizajn, vrhunska \u0161tampa. Savr\u0161ena za sve rokenrol ma\u010dkoljupce.<\/span><\/p>","protected":false},"featured_media":11604,"comment_status":"open","ping_status":"closed","template":"","meta":{"_kad_post_transparent":"default","_kad_post_title":"","_kad_post_layout":"default","_kad_post_sidebar_id":"","_kad_post_content_style":"default","_kad_post_vertical_padding":"default","_kad_post_feature":"","_kad_post_feature_position":"","_kad_post_header":false,"_kad_post_footer":false,"_kad_post_classname":""},"product_brand":[],"product_cat":[65],"product_tag":[161,137,155,116,117,295,233,294],"class_list":{"0":"post-8034","1":"product","2":"type-product","3":"status-publish","4":"has-post-thumbnail","6":"product_cat-muske-majice","7":"product_tag-bela-majica","8":"product_tag-letnja-majica","9":"product_tag-maca-na-majici","10":"product_tag-majica","11":"product_tag-majica-sa-mackom","12":"product_tag-matelica-bend","13":"product_tag-metalica","14":"product_tag-muska-majica-mjautalica","16":"first","17":"instock","18":"taxable","19":"shipping-taxable","20":"purchasable","21":"product-type-variable","22":"has-default-attributes","23":"entry","24":"content-bg","25":"loop-entry"},"yoast_head":"<!-- This site is optimized with the Yoast SEO plugin v27.3 - https:\/\/yoast.com\/product\/yoast-seo-wordpress\/ -->\n<title>Mu\u0161ka Majica Mjautalica - Ma\u010dketina<\/title>\n<meta name=\"description\" content=\"Ako volite ma\u010dke, dobar rock i majice koje govore vi\u0161e od hiljadu re\u010di \u2013 Mu\u0161ka majica Mjautalica je prava stvar za vas. Ova mu\u0161ka majica spaja dve strasti\" \/>\n<meta name=\"robots\" content=\"index, follow, max-snippet:-1, max-image-preview:large, max-video-preview:-1\" \/>\n<link rel=\"canonical\" href=\"https:\/\/macketina.com\/en\/product\/muska-majica-mjautalica\/\" \/>\n<meta property=\"og:locale\" content=\"en_US\" \/>\n<meta property=\"og:type\" content=\"article\" \/>\n<meta property=\"og:title\" content=\"Mu\u0161ka Majica Mjautalica - Ma\u010dketina\" \/>\n<meta property=\"og:description\" content=\"Ako volite ma\u010dke, dobar rock i majice koje govore vi\u0161e od hiljadu re\u010di \u2013 Mu\u0161ka majica Mjautalica je prava stvar za vas. Ova mu\u0161ka majica spaja dve strasti\" \/>\n<meta property=\"og:url\" content=\"https:\/\/macketina.com\/en\/product\/muska-majica-mjautalica\/\" \/>\n<meta property=\"og:site_name\" content=\"Ma\u010dketina\" \/>\n<meta property=\"article:publisher\" content=\"https:\/\/www.facebook.com\/p\/macketinashop-100089621804815\/\" \/>\n<meta property=\"article:modified_time\" content=\"2026-03-26T13:14:49+00:00\" \/>\n<meta property=\"og:image\" content=\"https:\/\/macketina.com\/wp-content\/uploads\/2025\/06\/muska-majica-mjautalica.jpg\" \/>\n\t<meta property=\"og:image:width\" content=\"1600\" \/>\n\t<meta property=\"og:image:height\" content=\"1600\" \/>\n\t<meta property=\"og:image:type\" content=\"image\/jpeg\" \/>\n<meta name=\"twitter:card\" content=\"summary_large_image\" \/>\n<meta name=\"twitter:label1\" content=\"Est. reading time\" \/>\n\t<meta name=\"twitter:data1\" content=\"2 minutes\" \/>\n<script type=\"application\/ld+json\" class=\"yoast-schema-graph\">{\"@context\":\"https:\\\/\\\/schema.org\",\"@graph\":[{\"@type\":\"WebPage\",\"@id\":\"https:\\\/\\\/macketina.com\\\/product\\\/muska-majica-mjautalica\\\/\",\"url\":\"https:\\\/\\\/macketina.com\\\/product\\\/muska-majica-mjautalica\\\/\",\"name\":\"Mu\u0161ka Majica Mjautalica - Ma\u010dketina\",\"isPartOf\":{\"@id\":\"https:\\\/\\\/macketina.com\\\/#website\"},\"primaryImageOfPage\":{\"@id\":\"https:\\\/\\\/macketina.com\\\/product\\\/muska-majica-mjautalica\\\/#primaryimage\"},\"image\":{\"@id\":\"https:\\\/\\\/macketina.com\\\/product\\\/muska-majica-mjautalica\\\/#primaryimage\"},\"thumbnailUrl\":\"https:\\\/\\\/macketina.com\\\/wp-content\\\/uploads\\\/2025\\\/06\\\/muska-majica-mjautalica.jpg\",\"datePublished\":\"2025-06-05T13:42:06+00:00\",\"dateModified\":\"2026-03-26T13:14:49+00:00\",\"description\":\"Ako volite ma\u010dke, dobar rock i majice koje govore vi\u0161e od hiljadu re\u010di \u2013 Mu\u0161ka majica Mjautalica je prava stvar za vas. Ova mu\u0161ka majica spaja dve strasti\",\"breadcrumb\":{\"@id\":\"https:\\\/\\\/macketina.com\\\/product\\\/muska-majica-mjautalica\\\/#breadcrumb\"},\"inLanguage\":\"en-US\",\"potentialAction\":[{\"@type\":\"ReadAction\",\"target\":[\"https:\\\/\\\/macketina.com\\\/product\\\/muska-majica-mjautalica\\\/\"]}]},{\"@type\":\"ImageObject\",\"inLanguage\":\"en-US\",\"@id\":\"https:\\\/\\\/macketina.com\\\/product\\\/muska-majica-mjautalica\\\/#primaryimage\",\"url\":\"https:\\\/\\\/macketina.com\\\/wp-content\\\/uploads\\\/2025\\\/06\\\/muska-majica-mjautalica.jpg\",\"contentUrl\":\"https:\\\/\\\/macketina.com\\\/wp-content\\\/uploads\\\/2025\\\/06\\\/muska-majica-mjautalica.jpg\",\"width\":1600,\"height\":1600,\"caption\":\"mu\u0161ka majica mjautalica\"},{\"@type\":\"BreadcrumbList\",\"@id\":\"https:\\\/\\\/macketina.com\\\/product\\\/muska-majica-mjautalica\\\/#breadcrumb\",\"itemListElement\":[{\"@type\":\"ListItem\",\"position\":1,\"name\":\"Home\",\"item\":\"https:\\\/\\\/macketina.com\\\/\"},{\"@type\":\"ListItem\",\"position\":2,\"name\":\"Proizvodi\",\"item\":\"https:\\\/\\\/macketina.com\\\/shop\\\/\"},{\"@type\":\"ListItem\",\"position\":3,\"name\":\"Mu\u0161ka Majica Mjautalica\"}]},{\"@type\":\"WebSite\",\"@id\":\"https:\\\/\\\/macketina.com\\\/#website\",\"url\":\"https:\\\/\\\/macketina.com\\\/\",\"name\":\"Ma\u010dketina\",\"description\":\"Online prodavnica\",\"publisher\":{\"@id\":\"https:\\\/\\\/macketina.com\\\/#organization\"},\"alternateName\":\"Ma\u010dketina Shop\",\"potentialAction\":[{\"@type\":\"SearchAction\",\"target\":{\"@type\":\"EntryPoint\",\"urlTemplate\":\"https:\\\/\\\/macketina.com\\\/?s={search_term_string}\"},\"query-input\":{\"@type\":\"PropertyValueSpecification\",\"valueRequired\":true,\"valueName\":\"search_term_string\"}}],\"inLanguage\":\"en-US\"},{\"@type\":\"Organization\",\"@id\":\"https:\\\/\\\/macketina.com\\\/#organization\",\"name\":\"Ma\u010dketina\",\"url\":\"https:\\\/\\\/macketina.com\\\/\",\"logo\":{\"@type\":\"ImageObject\",\"inLanguage\":\"en-US\",\"@id\":\"https:\\\/\\\/macketina.com\\\/#\\\/schema\\\/logo\\\/image\\\/\",\"url\":\"https:\\\/\\\/macketina.com\\\/wp-content\\\/uploads\\\/2022\\\/11\\\/cropped-Clean-Typography-Circle-Badge-Logo.png\",\"contentUrl\":\"https:\\\/\\\/macketina.com\\\/wp-content\\\/uploads\\\/2022\\\/11\\\/cropped-Clean-Typography-Circle-Badge-Logo.png\",\"width\":512,\"height\":512,\"caption\":\"Ma\u010dketina\"},\"image\":{\"@id\":\"https:\\\/\\\/macketina.com\\\/#\\\/schema\\\/logo\\\/image\\\/\"},\"sameAs\":[\"https:\\\/\\\/www.facebook.com\\\/p\\\/macketinashop-100089621804815\\\/\",\"https:\\\/\\\/www.instagram.com\\\/macketinashop\\\/\",\"https:\\\/\\\/tiktok.com\\\/@macketinashop\",\"https:\\\/\\\/www.youtube.com\\\/@macketinashop\\\/\",\"https:\\\/\\\/www.pinterest.com\\\/macketinashop\\\/\"]}]}<\/script>\n<!-- \/ Yoast SEO plugin. -->","yoast_head_json":{"title":"Mu\u0161ka Majica Mjautalica - Ma\u010dketina","description":"Ako volite ma\u010dke, dobar rock i majice koje govore vi\u0161e od hiljadu re\u010di \u2013 Mu\u0161ka majica Mjautalica je prava stvar za vas. Ova mu\u0161ka majica spaja dve strasti","robots":{"index":"index","follow":"follow","max-snippet":"max-snippet:-1","max-image-preview":"max-image-preview:large","max-video-preview":"max-video-preview:-1"},"canonical":"https:\/\/macketina.com\/en\/product\/muska-majica-mjautalica\/","og_locale":"en_US","og_type":"article","og_title":"Mu\u0161ka Majica Mjautalica - Ma\u010dketina","og_description":"Ako volite ma\u010dke, dobar rock i majice koje govore vi\u0161e od hiljadu re\u010di \u2013 Mu\u0161ka majica Mjautalica je prava stvar za vas. Ova mu\u0161ka majica spaja dve strasti","og_url":"https:\/\/macketina.com\/en\/product\/muska-majica-mjautalica\/","og_site_name":"Ma\u010dketina","article_publisher":"https:\/\/www.facebook.com\/p\/macketinashop-100089621804815\/","article_modified_time":"2026-03-26T13:14:49+00:00","og_image":[{"width":1600,"height":1600,"url":"https:\/\/macketina.com\/wp-content\/uploads\/2025\/06\/muska-majica-mjautalica.jpg","type":"image\/jpeg"}],"twitter_card":"summary_large_image","twitter_misc":{"Est. reading time":"2 minutes"},"schema":{"@context":"https:\/\/schema.org","@graph":[{"@type":"WebPage","@id":"https:\/\/macketina.com\/product\/muska-majica-mjautalica\/","url":"https:\/\/macketina.com\/product\/muska-majica-mjautalica\/","name":"Mu\u0161ka Majica Mjautalica - Ma\u010dketina","isPartOf":{"@id":"https:\/\/macketina.com\/#website"},"primaryImageOfPage":{"@id":"https:\/\/macketina.com\/product\/muska-majica-mjautalica\/#primaryimage"},"image":{"@id":"https:\/\/macketina.com\/product\/muska-majica-mjautalica\/#primaryimage"},"thumbnailUrl":"https:\/\/macketina.com\/wp-content\/uploads\/2025\/06\/muska-majica-mjautalica.jpg","datePublished":"2025-06-05T13:42:06+00:00","dateModified":"2026-03-26T13:14:49+00:00","description":"Ako volite ma\u010dke, dobar rock i majice koje govore vi\u0161e od hiljadu re\u010di \u2013 Mu\u0161ka majica Mjautalica je prava stvar za vas. Ova mu\u0161ka majica spaja dve strasti","breadcrumb":{"@id":"https:\/\/macketina.com\/product\/muska-majica-mjautalica\/#breadcrumb"},"inLanguage":"en-US","potentialAction":[{"@type":"ReadAction","target":["https:\/\/macketina.com\/product\/muska-majica-mjautalica\/"]}]},{"@type":"ImageObject","inLanguage":"en-US","@id":"https:\/\/macketina.com\/product\/muska-majica-mjautalica\/#primaryimage","url":"https:\/\/macketina.com\/wp-content\/uploads\/2025\/06\/muska-majica-mjautalica.jpg","contentUrl":"https:\/\/macketina.com\/wp-content\/uploads\/2025\/06\/muska-majica-mjautalica.jpg","width":1600,"height":1600,"caption":"mu\u0161ka majica mjautalica"},{"@type":"BreadcrumbList","@id":"https:\/\/macketina.com\/product\/muska-majica-mjautalica\/#breadcrumb","itemListElement":[{"@type":"ListItem","position":1,"name":"Home","item":"https:\/\/macketina.com\/"},{"@type":"ListItem","position":2,"name":"Proizvodi","item":"https:\/\/macketina.com\/shop\/"},{"@type":"ListItem","position":3,"name":"Mu\u0161ka Majica Mjautalica"}]},{"@type":"WebSite","@id":"https:\/\/macketina.com\/#website","url":"https:\/\/macketina.com\/","name":"Ma\u010dketina","description":"Online prodavnica","publisher":{"@id":"https:\/\/macketina.com\/#organization"},"alternateName":"Ma\u010dketina Shop","potentialAction":[{"@type":"SearchAction","target":{"@type":"EntryPoint","urlTemplate":"https:\/\/macketina.com\/?s={search_term_string}"},"query-input":{"@type":"PropertyValueSpecification","valueRequired":true,"valueName":"search_term_string"}}],"inLanguage":"en-US"},{"@type":"Organization","@id":"https:\/\/macketina.com\/#organization","name":"Ma\u010dketina","url":"https:\/\/macketina.com\/","logo":{"@type":"ImageObject","inLanguage":"en-US","@id":"https:\/\/macketina.com\/#\/schema\/logo\/image\/","url":"https:\/\/macketina.com\/wp-content\/uploads\/2022\/11\/cropped-Clean-Typography-Circle-Badge-Logo.png","contentUrl":"https:\/\/macketina.com\/wp-content\/uploads\/2022\/11\/cropped-Clean-Typography-Circle-Badge-Logo.png","width":512,"height":512,"caption":"Ma\u010dketina"},"image":{"@id":"https:\/\/macketina.com\/#\/schema\/logo\/image\/"},"sameAs":["https:\/\/www.facebook.com\/p\/macketinashop-100089621804815\/","https:\/\/www.instagram.com\/macketinashop\/","https:\/\/tiktok.com\/@macketinashop","https:\/\/www.youtube.com\/@macketinashop\/","https:\/\/www.pinterest.com\/macketinashop\/"]}]}},"_links":{"self":[{"href":"https:\/\/macketina.com\/en\/wp-json\/wp\/v2\/product\/8034","targetHints":{"allow":["GET"]}}],"collection":[{"href":"https:\/\/macketina.com\/en\/wp-json\/wp\/v2\/product"}],"about":[{"href":"https:\/\/macketina.com\/en\/wp-json\/wp\/v2\/types\/product"}],"replies":[{"embeddable":true,"href":"https:\/\/macketina.com\/en\/wp-json\/wp\/v2\/comments?post=8034"}],"wp:featuredmedia":[{"embeddable":true,"href":"https:\/\/macketina.com\/en\/wp-json\/wp\/v2\/media\/11604"}],"wp:attachment":[{"href":"https:\/\/macketina.com\/en\/wp-json\/wp\/v2\/media?parent=8034"}],"wp:term":[{"taxonomy":"product_brand","embeddable":true,"href":"https:\/\/macketina.com\/en\/wp-json\/wp\/v2\/product_brand?post=8034"},{"taxonomy":"product_cat","embeddable":true,"href":"https:\/\/macketina.com\/en\/wp-json\/wp\/v2\/product_cat?post=8034"},{"taxonomy":"product_tag","embeddable":true,"href":"https:\/\/macketina.com\/en\/wp-json\/wp\/v2\/product_tag?post=8034"}],"curies":[{"name":"wp","href":"https:\/\/api.w.org\/{rel}","templated":true}]}}