{"id":8138,"date":"2025-06-16T15:40:08","date_gmt":"2025-06-16T15:40:08","guid":{"rendered":"http:\/\/staging.macketina.com\/blog\/?post_type=product&#038;p=8138"},"modified":"2026-03-26T13:10:29","modified_gmt":"2026-03-26T13:10:29","slug":"majica-cuvari-umetnosti","status":"publish","type":"product","link":"https:\/\/macketina.com\/en\/product\/majica-cuvari-umetnosti\/","title":{"rendered":"Majica \u010duvari umetnosti"},"content":{"rendered":"<p><span style=\"font-weight: 400;\">Majica <\/span><i><span style=\"font-weight: 400;\">\u010duvari umetnosti<\/span><\/i><span style=\"font-weight: 400;\"> \u2013 spoj umetnosti, stava i ljubavi prema ma\u010dkama. Ova jedinstvena pamu\u010dna majica iz Ma\u010dketina kolekcije donosi ilustraciju inspirisanu stilom Fride Kalo, \u017eene sna\u017enog izraza i slobodnog duha, ali sa neizostavnom dozom ma\u010dije mistike. Na majici dominira motiv umetnice okru\u017eene cve\u0107em, dok u naru\u010dju dr\u017ei elegantnu crnu ma\u010dku \u010diji pogled jasno govori: &#8222;Ovde se \u010duva inspiracija.&#8220;<\/span><\/p>\n<h2><b>Majica <\/b><b><i>\u010duvari umetnosti<\/i><\/b><b>\u00a0<\/b><\/h2>\n<p><span style=\"font-weight: 400;\">Majica je izra\u0111ena od 100% \u010distog pamuka, vrhunskog kvaliteta, lagana i prijatna za no\u0161enje tokom cele godine. Njena be\u017e i bela varijanta savr\u0161eno isti\u010du bogate tonove crvene, crne i zelene u dizajnu, daju\u0107i toplinu i izra\u017eajnost celokupnom izgledu. Idealna je za sve koji se ose\u0107aju blisko umetnosti, slobodnom izra\u017eavanju i naravno \u2013 ma\u010dkama.<\/span><\/p>\n<p><span style=\"font-weight: 400;\">Dizajn je pa\u017eljivo osmi\u0161ljen i \u0161tampan uz pomo\u0107 moderne tehnologije \u0161tampe visokog kvaliteta, koja osigurava da boje ostanu postojane i nakon vi\u0161e pranja. <\/span><i><span style=\"font-weight: 400;\">Ma\u010dketina dizajn<\/span><\/i><span style=\"font-weight: 400;\"> garantuje originalnost i ose\u0107aj povezanosti sa svetom umetnosti i \u017eivotinjama, posebno namenjen svima koji u svom svakodnevnom stilu \u017eele da nose poruku \u2013 ne\u017enu, sna\u017enu i autenti\u010dnu.<\/span><\/p>\n<p><b><a href=\"https:\/\/macketina.com\/en\/macke\/poklon-za-dan-zaljubljenih\/\">Majica je savr\u0161en poklon za ljubitelje ma\u010daka<\/a>,<\/b><span style=\"font-weight: 400;\"> obo\u017eavaoce umetnosti i sve one koji \u017eele da na sebi nose ne\u0161to posebno \u2013 ne\u0161to \u0161to pokre\u0107e pri\u010du. Bilo da je nosite u \u0161etnji, na kafi sa prijateljima, u muzeju ili kod ku\u0107e uz knjigu i svog ljubimca \u2013 ova majica \u0107e se savr\u0161eno uklopiti u va\u0161 stil.<\/span><\/p>\n<p><span style=\"font-weight: 400;\">Naru\u010divanjem ove majice podr\u017eavate spoj umetnosti i ljubavi prema \u017eivotinjama. Budite deo pokreta u kojem se kreativnost ne nosi samo na platnu, ve\u0107 i na grudima.<\/span><\/p>\n<h3><b>Zahvalnost<\/b><\/h3>\n<p><span style=\"font-weight: 400;\">Hvala vam \u0161to podr\u017eavate Ma\u010dketinaShop i \u0161to zajedno \u0161irimo ljubav prema ma\u010dkama! Va\u0161a podr\u0161ka nam omogu\u0107ava da nastavimo da stvaramo jedinstvene proizvode koji spajaju kvalitet, humor i ljubav prema na\u0161im \u010detvorono\u017enim prijateljima. Pozivamo vas da zapratite na\u0161 <\/span><a href=\"https:\/\/www.instagram.com\/macketinashop\/\"><b>Instagram profil @macketinashop<\/b><\/a><span style=\"font-weight: 400;\">, gde delimo jo\u0161 mnogo simpati\u010dnih i inspirativnih sadr\u017eaja. Kao i na\u0161 <\/span><b>YouTube kanal Macketinashop<\/b><span style=\"font-weight: 400;\">, gde mo\u017eete prona\u0107i edukativne video klipove o ma\u010dkama. Pridru\u017eite nam se i postanite deo na\u0161e ma\u010dkoljubive zajednice!<\/span><\/p>\n<p><span style=\"font-weight: 400;\">Ma\u010dkoljupci, posetite na\u0161u online prodavnicu i otkrijte proizvode inspirisane ma\u010dkama! Prona\u0111ite majice sa ma\u010dkama, \u0161olje, cegere, postere, puzzle, podmeta\u010de\u00a0 sa jedinstvenim Ma\u010dketina dizajnom. Idealno za poklon ili u\u017eivanje, svi proizvodi su vrhunskog kvaliteta i stvoreni s ljubavlju prema ma\u010dkama. Zakora\u010dite u svet ma\u010dje magije!<\/span><\/p>\n<p><span style=\"font-weight: 400;\">Obradujte nekog sebi dragog ko voli ma\u010dke, garantujemo odu\u0161evljenje!<\/span><\/p>","protected":false},"excerpt":{"rendered":"<p><span style=\"font-weight: 400;\">Majica <\/span><i><span style=\"font-weight: 400;\">\u201e\u010cuvari umetnosti\u201c<\/span><\/i><span style=\"font-weight: 400;\"> \u2013 spoj Fridine energije i ma\u010dije elegancije. 100% pamuk, vrhunski kvalitet, jedinstven Ma\u010dketina dizajn. Za sve ljubitelje umetnosti i ma\u010daka<\/span><\/p>","protected":false},"featured_media":10205,"comment_status":"open","ping_status":"closed","template":"","meta":{"_kad_post_transparent":"default","_kad_post_title":"","_kad_post_layout":"default","_kad_post_sidebar_id":"","_kad_post_content_style":"default","_kad_post_vertical_padding":"default","_kad_post_feature":"","_kad_post_feature_position":"","_kad_post_header":false,"_kad_post_footer":false,"_kad_post_classname":""},"product_brand":[],"product_cat":[140,16],"product_tag":[161,274,300,137,155,118,116,152,301,117,156],"class_list":{"0":"post-8138","1":"product","2":"type-product","3":"status-publish","4":"has-post-thumbnail","6":"product_cat-majica-sa-mackama","7":"product_cat-zenske-majice","8":"product_tag-bela-majica","9":"product_tag-frida-kalo","10":"product_tag-frida-majica","11":"product_tag-letnja-majica","12":"product_tag-maca-na-majici","13":"product_tag-macka-na-majici","14":"product_tag-majica","15":"product_tag-majica-poklon","16":"product_tag-majica-sa-fridom-kalo","17":"product_tag-majica-sa-mackom","18":"product_tag-majica-sa-slikom-macke","20":"first","21":"instock","22":"taxable","23":"shipping-taxable","24":"purchasable","25":"product-type-variable","26":"has-default-attributes","27":"entry","28":"content-bg","29":"loop-entry"},"yoast_head":"<!-- This site is optimized with the Yoast SEO plugin v27.6 - https:\/\/yoast.com\/product\/yoast-seo-wordpress\/ -->\n<title>Majica \u010duvari umetnosti - Ma\u010dketina<\/title>\n<meta name=\"description\" content=\"Majica \u010duvari umetnosti \u2013 spoj umetnosti, stava i ljubavi prema ma\u010dkama. Ova jedinstvena pamu\u010dna majica iz Ma\u010dketina kolekcije donosi ilustraciju...\" \/>\n<meta name=\"robots\" content=\"index, follow, max-snippet:-1, max-image-preview:large, max-video-preview:-1\" \/>\n<link rel=\"canonical\" href=\"https:\/\/macketina.com\/en\/product\/majica-cuvari-umetnosti\/\" \/>\n<meta property=\"og:locale\" content=\"en_US\" \/>\n<meta property=\"og:type\" content=\"article\" \/>\n<meta property=\"og:title\" content=\"Majica \u010duvari umetnosti - Ma\u010dketina\" \/>\n<meta property=\"og:description\" content=\"Majica \u010duvari umetnosti \u2013 spoj umetnosti, stava i ljubavi prema ma\u010dkama. Ova jedinstvena pamu\u010dna majica iz Ma\u010dketina kolekcije donosi ilustraciju...\" \/>\n<meta property=\"og:url\" content=\"https:\/\/macketina.com\/en\/product\/majica-cuvari-umetnosti\/\" \/>\n<meta property=\"og:site_name\" content=\"Ma\u010dketina\" \/>\n<meta property=\"article:publisher\" content=\"https:\/\/www.facebook.com\/p\/macketinashop-100089621804815\/\" \/>\n<meta property=\"article:modified_time\" content=\"2026-03-26T13:10:29+00:00\" \/>\n<meta property=\"og:image\" content=\"https:\/\/macketina.com\/wp-content\/uploads\/2025\/06\/bez-zenska-majica-cuvari-umetnosti.jpg\" \/>\n\t<meta property=\"og:image:width\" content=\"1600\" \/>\n\t<meta property=\"og:image:height\" content=\"1600\" \/>\n\t<meta property=\"og:image:type\" content=\"image\/jpeg\" \/>\n<meta name=\"twitter:card\" content=\"summary_large_image\" \/>\n<meta name=\"twitter:label1\" content=\"Est. reading time\" \/>\n\t<meta name=\"twitter:data1\" content=\"2 minutes\" \/>\n<script type=\"application\/ld+json\" class=\"yoast-schema-graph\">{\"@context\":\"https:\\\/\\\/schema.org\",\"@graph\":[{\"@type\":\"WebPage\",\"@id\":\"https:\\\/\\\/macketina.com\\\/product\\\/majica-cuvari-umetnosti\\\/\",\"url\":\"https:\\\/\\\/macketina.com\\\/product\\\/majica-cuvari-umetnosti\\\/\",\"name\":\"Majica \u010duvari umetnosti - Ma\u010dketina\",\"isPartOf\":{\"@id\":\"https:\\\/\\\/macketina.com\\\/#website\"},\"primaryImageOfPage\":{\"@id\":\"https:\\\/\\\/macketina.com\\\/product\\\/majica-cuvari-umetnosti\\\/#primaryimage\"},\"image\":{\"@id\":\"https:\\\/\\\/macketina.com\\\/product\\\/majica-cuvari-umetnosti\\\/#primaryimage\"},\"thumbnailUrl\":\"https:\\\/\\\/macketina.com\\\/wp-content\\\/uploads\\\/2025\\\/06\\\/bez-zenska-majica-cuvari-umetnosti.jpg\",\"datePublished\":\"2025-06-16T15:40:08+00:00\",\"dateModified\":\"2026-03-26T13:10:29+00:00\",\"description\":\"Majica \u010duvari umetnosti \u2013 spoj umetnosti, stava i ljubavi prema ma\u010dkama. Ova jedinstvena pamu\u010dna majica iz Ma\u010dketina kolekcije donosi ilustraciju...\",\"breadcrumb\":{\"@id\":\"https:\\\/\\\/macketina.com\\\/product\\\/majica-cuvari-umetnosti\\\/#breadcrumb\"},\"inLanguage\":\"en-US\",\"potentialAction\":[{\"@type\":\"ReadAction\",\"target\":[\"https:\\\/\\\/macketina.com\\\/product\\\/majica-cuvari-umetnosti\\\/\"]}]},{\"@type\":\"ImageObject\",\"inLanguage\":\"en-US\",\"@id\":\"https:\\\/\\\/macketina.com\\\/product\\\/majica-cuvari-umetnosti\\\/#primaryimage\",\"url\":\"https:\\\/\\\/macketina.com\\\/wp-content\\\/uploads\\\/2025\\\/06\\\/bez-zenska-majica-cuvari-umetnosti.jpg\",\"contentUrl\":\"https:\\\/\\\/macketina.com\\\/wp-content\\\/uploads\\\/2025\\\/06\\\/bez-zenska-majica-cuvari-umetnosti.jpg\",\"width\":1600,\"height\":1600,\"caption\":\"be\u017e \u017eenska majica \u010duvari umetnosti\"},{\"@type\":\"BreadcrumbList\",\"@id\":\"https:\\\/\\\/macketina.com\\\/product\\\/majica-cuvari-umetnosti\\\/#breadcrumb\",\"itemListElement\":[{\"@type\":\"ListItem\",\"position\":1,\"name\":\"Home\",\"item\":\"https:\\\/\\\/macketina.com\\\/\"},{\"@type\":\"ListItem\",\"position\":2,\"name\":\"Proizvodi\",\"item\":\"https:\\\/\\\/macketina.com\\\/shop\\\/\"},{\"@type\":\"ListItem\",\"position\":3,\"name\":\"Majica \u010duvari umetnosti\"}]},{\"@type\":\"WebSite\",\"@id\":\"https:\\\/\\\/macketina.com\\\/#website\",\"url\":\"https:\\\/\\\/macketina.com\\\/\",\"name\":\"Ma\u010dketina\",\"description\":\"Online prodavnica\",\"publisher\":{\"@id\":\"https:\\\/\\\/macketina.com\\\/#organization\"},\"alternateName\":\"Ma\u010dketina Shop\",\"potentialAction\":[{\"@type\":\"SearchAction\",\"target\":{\"@type\":\"EntryPoint\",\"urlTemplate\":\"https:\\\/\\\/macketina.com\\\/?s={search_term_string}\"},\"query-input\":{\"@type\":\"PropertyValueSpecification\",\"valueRequired\":true,\"valueName\":\"search_term_string\"}}],\"inLanguage\":\"en-US\"},{\"@type\":\"Organization\",\"@id\":\"https:\\\/\\\/macketina.com\\\/#organization\",\"name\":\"Ma\u010dketina\",\"url\":\"https:\\\/\\\/macketina.com\\\/\",\"logo\":{\"@type\":\"ImageObject\",\"inLanguage\":\"en-US\",\"@id\":\"https:\\\/\\\/macketina.com\\\/#\\\/schema\\\/logo\\\/image\\\/\",\"url\":\"https:\\\/\\\/macketina.com\\\/wp-content\\\/uploads\\\/2022\\\/11\\\/cropped-Clean-Typography-Circle-Badge-Logo.png\",\"contentUrl\":\"https:\\\/\\\/macketina.com\\\/wp-content\\\/uploads\\\/2022\\\/11\\\/cropped-Clean-Typography-Circle-Badge-Logo.png\",\"width\":512,\"height\":512,\"caption\":\"Ma\u010dketina\"},\"image\":{\"@id\":\"https:\\\/\\\/macketina.com\\\/#\\\/schema\\\/logo\\\/image\\\/\"},\"sameAs\":[\"https:\\\/\\\/www.facebook.com\\\/p\\\/macketinashop-100089621804815\\\/\",\"https:\\\/\\\/www.instagram.com\\\/macketinashop\\\/\",\"https:\\\/\\\/tiktok.com\\\/@macketinashop\",\"https:\\\/\\\/www.youtube.com\\\/@macketinashop\\\/\",\"https:\\\/\\\/www.pinterest.com\\\/macketinashop\\\/\"]}]}<\/script>\n<!-- \/ Yoast SEO plugin. -->","yoast_head_json":{"title":"Majica \u010duvari umetnosti - Ma\u010dketina","description":"Majica \u010duvari umetnosti \u2013 spoj umetnosti, stava i ljubavi prema ma\u010dkama. Ova jedinstvena pamu\u010dna majica iz Ma\u010dketina kolekcije donosi ilustraciju...","robots":{"index":"index","follow":"follow","max-snippet":"max-snippet:-1","max-image-preview":"max-image-preview:large","max-video-preview":"max-video-preview:-1"},"canonical":"https:\/\/macketina.com\/en\/product\/majica-cuvari-umetnosti\/","og_locale":"en_US","og_type":"article","og_title":"Majica \u010duvari umetnosti - Ma\u010dketina","og_description":"Majica \u010duvari umetnosti \u2013 spoj umetnosti, stava i ljubavi prema ma\u010dkama. Ova jedinstvena pamu\u010dna majica iz Ma\u010dketina kolekcije donosi ilustraciju...","og_url":"https:\/\/macketina.com\/en\/product\/majica-cuvari-umetnosti\/","og_site_name":"Ma\u010dketina","article_publisher":"https:\/\/www.facebook.com\/p\/macketinashop-100089621804815\/","article_modified_time":"2026-03-26T13:10:29+00:00","og_image":[{"width":1600,"height":1600,"url":"https:\/\/macketina.com\/wp-content\/uploads\/2025\/06\/bez-zenska-majica-cuvari-umetnosti.jpg","type":"image\/jpeg"}],"twitter_card":"summary_large_image","twitter_misc":{"Est. reading time":"2 minutes"},"schema":{"@context":"https:\/\/schema.org","@graph":[{"@type":"WebPage","@id":"https:\/\/macketina.com\/product\/majica-cuvari-umetnosti\/","url":"https:\/\/macketina.com\/product\/majica-cuvari-umetnosti\/","name":"Majica \u010duvari umetnosti - Ma\u010dketina","isPartOf":{"@id":"https:\/\/macketina.com\/#website"},"primaryImageOfPage":{"@id":"https:\/\/macketina.com\/product\/majica-cuvari-umetnosti\/#primaryimage"},"image":{"@id":"https:\/\/macketina.com\/product\/majica-cuvari-umetnosti\/#primaryimage"},"thumbnailUrl":"https:\/\/macketina.com\/wp-content\/uploads\/2025\/06\/bez-zenska-majica-cuvari-umetnosti.jpg","datePublished":"2025-06-16T15:40:08+00:00","dateModified":"2026-03-26T13:10:29+00:00","description":"Majica \u010duvari umetnosti \u2013 spoj umetnosti, stava i ljubavi prema ma\u010dkama. Ova jedinstvena pamu\u010dna majica iz Ma\u010dketina kolekcije donosi ilustraciju...","breadcrumb":{"@id":"https:\/\/macketina.com\/product\/majica-cuvari-umetnosti\/#breadcrumb"},"inLanguage":"en-US","potentialAction":[{"@type":"ReadAction","target":["https:\/\/macketina.com\/product\/majica-cuvari-umetnosti\/"]}]},{"@type":"ImageObject","inLanguage":"en-US","@id":"https:\/\/macketina.com\/product\/majica-cuvari-umetnosti\/#primaryimage","url":"https:\/\/macketina.com\/wp-content\/uploads\/2025\/06\/bez-zenska-majica-cuvari-umetnosti.jpg","contentUrl":"https:\/\/macketina.com\/wp-content\/uploads\/2025\/06\/bez-zenska-majica-cuvari-umetnosti.jpg","width":1600,"height":1600,"caption":"be\u017e \u017eenska majica \u010duvari umetnosti"},{"@type":"BreadcrumbList","@id":"https:\/\/macketina.com\/product\/majica-cuvari-umetnosti\/#breadcrumb","itemListElement":[{"@type":"ListItem","position":1,"name":"Home","item":"https:\/\/macketina.com\/"},{"@type":"ListItem","position":2,"name":"Proizvodi","item":"https:\/\/macketina.com\/shop\/"},{"@type":"ListItem","position":3,"name":"Majica \u010duvari umetnosti"}]},{"@type":"WebSite","@id":"https:\/\/macketina.com\/#website","url":"https:\/\/macketina.com\/","name":"Ma\u010dketina","description":"Online prodavnica","publisher":{"@id":"https:\/\/macketina.com\/#organization"},"alternateName":"Ma\u010dketina Shop","potentialAction":[{"@type":"SearchAction","target":{"@type":"EntryPoint","urlTemplate":"https:\/\/macketina.com\/?s={search_term_string}"},"query-input":{"@type":"PropertyValueSpecification","valueRequired":true,"valueName":"search_term_string"}}],"inLanguage":"en-US"},{"@type":"Organization","@id":"https:\/\/macketina.com\/#organization","name":"Ma\u010dketina","url":"https:\/\/macketina.com\/","logo":{"@type":"ImageObject","inLanguage":"en-US","@id":"https:\/\/macketina.com\/#\/schema\/logo\/image\/","url":"https:\/\/macketina.com\/wp-content\/uploads\/2022\/11\/cropped-Clean-Typography-Circle-Badge-Logo.png","contentUrl":"https:\/\/macketina.com\/wp-content\/uploads\/2022\/11\/cropped-Clean-Typography-Circle-Badge-Logo.png","width":512,"height":512,"caption":"Ma\u010dketina"},"image":{"@id":"https:\/\/macketina.com\/#\/schema\/logo\/image\/"},"sameAs":["https:\/\/www.facebook.com\/p\/macketinashop-100089621804815\/","https:\/\/www.instagram.com\/macketinashop\/","https:\/\/tiktok.com\/@macketinashop","https:\/\/www.youtube.com\/@macketinashop\/","https:\/\/www.pinterest.com\/macketinashop\/"]}]}},"_links":{"self":[{"href":"https:\/\/macketina.com\/en\/wp-json\/wp\/v2\/product\/8138","targetHints":{"allow":["GET"]}}],"collection":[{"href":"https:\/\/macketina.com\/en\/wp-json\/wp\/v2\/product"}],"about":[{"href":"https:\/\/macketina.com\/en\/wp-json\/wp\/v2\/types\/product"}],"replies":[{"embeddable":true,"href":"https:\/\/macketina.com\/en\/wp-json\/wp\/v2\/comments?post=8138"}],"wp:featuredmedia":[{"embeddable":true,"href":"https:\/\/macketina.com\/en\/wp-json\/wp\/v2\/media\/10205"}],"wp:attachment":[{"href":"https:\/\/macketina.com\/en\/wp-json\/wp\/v2\/media?parent=8138"}],"wp:term":[{"taxonomy":"product_brand","embeddable":true,"href":"https:\/\/macketina.com\/en\/wp-json\/wp\/v2\/product_brand?post=8138"},{"taxonomy":"product_cat","embeddable":true,"href":"https:\/\/macketina.com\/en\/wp-json\/wp\/v2\/product_cat?post=8138"},{"taxonomy":"product_tag","embeddable":true,"href":"https:\/\/macketina.com\/en\/wp-json\/wp\/v2\/product_tag?post=8138"}],"curies":[{"name":"wp","href":"https:\/\/api.w.org\/{rel}","templated":true}]}}