{"id":8719,"date":"2025-07-18T11:47:01","date_gmt":"2025-07-18T11:47:01","guid":{"rendered":"http:\/\/staging.macketina.com\/blog\/?post_type=product&#038;p=8719"},"modified":"2026-03-26T12:25:08","modified_gmt":"2026-03-26T12:25:08","slug":"majica-cvetna-frida","status":"publish","type":"product","link":"https:\/\/macketina.com\/en\/product\/majica-cvetna-frida\/","title":{"rendered":"Majica Cvetna Frida"},"content":{"rendered":"<p><i><span style=\"font-weight: 400;\">Majica Cvetna Frida<\/span><\/i><span style=\"font-weight: 400;\"> \u2013 simbol stila, umetnosti i slobode. Ova \u017eenska pamu\u010dna majica, izra\u0111ena od <\/span><b>100% pamuka<\/b><span style=\"font-weight: 400;\">, pru\u017ea savr\u0161en spoj udobnosti i originalnog dizajna. Njen prijatan, prirodni materijal \u010dini je laganom i prozra\u010dnom, idealnom za svakodnevno no\u0161enje, tokom cele godine.<\/span><\/p>\n<h2><b>Majica Cvetna Frida<\/b><\/h2>\n<p><span style=\"font-weight: 400;\">Srce ovog modela jeste prepoznatljiva ilustracija inspirisana umetnicom <\/span><a href=\"https:\/\/macketina.com\/en\/macke\/frida-kali-i-macke\/\"><b>Fridom Kalo<\/b><\/a><span style=\"font-weight: 400;\">, prikazana kroz jedinstven Ma\u010dketina dizajn. Frida, oboga\u0107ena <\/span><b>cvetnom krunom<\/b><span style=\"font-weight: 400;\">, simbolizuje snagu, kreativnost i autenti\u010dnost svake \u017eene. Poseban detalj je natpis &#8222;FRIDA&#8220;, ura\u0111en stilizovanim slovima ukra\u0161enim cvetovima, \u0161to dodatno doprinosi unikatnosti printa.<\/span><\/p>\n<p><span style=\"font-weight: 400;\">\u0160tampa na majici je <\/span><b>vrhunskog kvaliteta<\/b><span style=\"font-weight: 400;\">, postojana i otporna na pranje, pa \u0107e dizajn ostati \u017eivopisan dugo nakon kupovine. Svaki print se pa\u017eljivo aplicira na pamuk vrhunskog kvaliteta, garantuju\u0107i dugotrajnost bez gubitka oblika ili boje.<\/span><\/p>\n<p><i><span style=\"font-weight: 400;\">Majica Cvetna Frida<\/span><\/i><span style=\"font-weight: 400;\"> je pogodna za sve ljubitelje umetnosti, slobodnog izra\u017eavanja, ali i za sve one koji \u017eele da svom stilu dodaju da\u0161ak kreativnosti. Namenjena je <\/span><b>\u017eenama koje se ne boje da budu ono \u0161to jesu<\/b><span style=\"font-weight: 400;\"> \u2013 autenti\u010dne i hrabre.<\/span><\/p>\n<p><span style=\"font-weight: 400;\">Bilo da je kombinujete uz farmerke, suknju ili jaknu, ova majica postaje va\u0161 za\u0161titni znak. <a href=\"https:\/\/macketina.com\/en\/macke\/najbolji-pokloni-za-mackoljupce\/\"><strong>Savr\u0161ena je kao <\/strong><\/a><\/span><strong>poklon<\/strong><span style=\"font-weight: 400;\"><strong> za sve dame koje vole originalne modne detalje<\/strong> i ne\u017ene cvetne motive.<\/span><\/p>\n<p><span style=\"font-weight: 400;\">Ukoliko tra\u017eite <\/span><b>majicu koja govori bez re\u010di<\/b><span style=\"font-weight: 400;\"> \u2013 Cvetna Frida je pravi izbor. Jer umetnost nije samo na platnu, ona mo\u017ee postati deo Va\u0161e svakodnevne odevne kombinacije.<\/span><\/p>\n<h3><b>Zahvalnost<\/b><\/h3>\n<p><span style=\"font-weight: 400;\">Hvala vam \u0161to podr\u017eavate Ma\u010dketinaShop i \u0161to zajedno \u0161irimo ljubav prema ma\u010dkama! Va\u0161a podr\u0161ka nam omogu\u0107ava da nastavimo da stvaramo jedinstvene proizvode koji spajaju kvalitet, humor i ljubav prema na\u0161im \u010detvorono\u017enim prijateljima. Pozivamo vas da zapratite na\u0161 <\/span><a href=\"https:\/\/www.instagram.com\/macketinashop\/\"><b>Instagram profil @macketinashop<\/b><\/a><span style=\"font-weight: 400;\">, gde delimo jo\u0161 mnogo simpati\u010dnih i inspirativnih sadr\u017eaja. Kao i na\u0161 <\/span><b>YouTube kanal Macketinashop<\/b><span style=\"font-weight: 400;\">, gde mo\u017eete prona\u0107i edukativne video klipove o ma\u010dkama. Pridru\u017eite nam se i postanite deo na\u0161e ma\u010dkoljubive zajednice!<\/span><\/p>\n<p><span style=\"font-weight: 400;\">Ma\u010dkoljupci, posetite na\u0161u online prodavnicu i otkrijte proizvode inspirisane ma\u010dkama! Prona\u0111ite majice sa ma\u010dkama, \u0161olje, cegere, postere, puzzle, podmeta\u010de\u00a0 sa jedinstvenim Ma\u010dketina dizajnom. Idealno za poklon ili u\u017eivanje, svi proizvodi su vrhunskog kvaliteta i stvoreni s ljubavlju prema ma\u010dkama. Zakora\u010dite u svet ma\u010dje magije!<\/span><\/p>\n<p><span style=\"font-weight: 400;\">Obradujte nekog sebi dragog ko voli ma\u010dke, garantujemo odu\u0161evljenje!<\/span><\/p>","protected":false},"excerpt":{"rendered":"<p><span style=\"font-weight: 400;\">Majica Cvetna Frida \u2013 100% pamuk, vrhunska \u0161tampa i jedinstven Ma\u010dketina dizajn. Frida sa cvetnom krunom \u2013 za umetni\u010dki stil koji se pamti.<\/span><\/p>","protected":false},"featured_media":10260,"comment_status":"open","ping_status":"closed","template":"","meta":{"_kad_post_transparent":"default","_kad_post_title":"","_kad_post_layout":"default","_kad_post_sidebar_id":"","_kad_post_content_style":"default","_kad_post_vertical_padding":"default","_kad_post_feature":"","_kad_post_feature_position":"","_kad_post_header":false,"_kad_post_footer":false,"_kad_post_classname":""},"product_brand":[],"product_cat":[140,16],"product_tag":[274,356,300,137,155,303,117],"class_list":{"0":"post-8719","1":"product","2":"type-product","3":"status-publish","4":"has-post-thumbnail","6":"product_cat-majica-sa-mackama","7":"product_cat-zenske-majice","8":"product_tag-frida-kalo","9":"product_tag-frida-khalo","10":"product_tag-frida-majica","11":"product_tag-letnja-majica","12":"product_tag-maca-na-majici","13":"product_tag-majica-sa-fridom","14":"product_tag-majica-sa-mackom","16":"first","17":"instock","18":"taxable","19":"shipping-taxable","20":"purchasable","21":"product-type-variable","22":"has-default-attributes","23":"entry","24":"content-bg","25":"loop-entry"},"yoast_head":"<!-- This site is optimized with the Yoast SEO plugin v27.6 - https:\/\/yoast.com\/product\/yoast-seo-wordpress\/ -->\n<title>Majica Cvetna Frida - Ma\u010dketina<\/title>\n<meta name=\"description\" content=\"Majica Cvetna Frida \u2013 simbol stila, umetnosti i slobode. Ova \u017eenska pamu\u010dna majica, izra\u0111ena od 100% pamuka, pru\u017ea savr\u0161en spoj udobnosti i originalnog...\" \/>\n<meta name=\"robots\" content=\"index, follow, max-snippet:-1, max-image-preview:large, max-video-preview:-1\" \/>\n<link rel=\"canonical\" href=\"https:\/\/macketina.com\/en\/product\/majica-cvetna-frida\/\" \/>\n<meta property=\"og:locale\" content=\"en_US\" \/>\n<meta property=\"og:type\" content=\"article\" \/>\n<meta property=\"og:title\" content=\"Majica Cvetna Frida - Ma\u010dketina\" \/>\n<meta property=\"og:description\" content=\"Majica Cvetna Frida \u2013 simbol stila, umetnosti i slobode. Ova \u017eenska pamu\u010dna majica, izra\u0111ena od 100% pamuka, pru\u017ea savr\u0161en spoj udobnosti i originalnog...\" \/>\n<meta property=\"og:url\" content=\"https:\/\/macketina.com\/en\/product\/majica-cvetna-frida\/\" \/>\n<meta property=\"og:site_name\" content=\"Ma\u010dketina\" \/>\n<meta property=\"article:publisher\" content=\"https:\/\/www.facebook.com\/p\/macketinashop-100089621804815\/\" \/>\n<meta property=\"article:modified_time\" content=\"2026-03-26T12:25:08+00:00\" \/>\n<meta property=\"og:image\" content=\"https:\/\/macketina.com\/wp-content\/uploads\/2025\/07\/bela-zenska-majica-cvetna-frida.jpg\" \/>\n\t<meta property=\"og:image:width\" content=\"1600\" \/>\n\t<meta property=\"og:image:height\" content=\"1600\" \/>\n\t<meta property=\"og:image:type\" content=\"image\/jpeg\" \/>\n<meta name=\"twitter:card\" content=\"summary_large_image\" \/>\n<meta name=\"twitter:label1\" content=\"Est. reading time\" \/>\n\t<meta name=\"twitter:data1\" content=\"2 minutes\" \/>\n<script type=\"application\/ld+json\" class=\"yoast-schema-graph\">{\"@context\":\"https:\\\/\\\/schema.org\",\"@graph\":[{\"@type\":\"WebPage\",\"@id\":\"https:\\\/\\\/macketina.com\\\/product\\\/majica-cvetna-frida\\\/\",\"url\":\"https:\\\/\\\/macketina.com\\\/product\\\/majica-cvetna-frida\\\/\",\"name\":\"Majica Cvetna Frida - Ma\u010dketina\",\"isPartOf\":{\"@id\":\"https:\\\/\\\/macketina.com\\\/#website\"},\"primaryImageOfPage\":{\"@id\":\"https:\\\/\\\/macketina.com\\\/product\\\/majica-cvetna-frida\\\/#primaryimage\"},\"image\":{\"@id\":\"https:\\\/\\\/macketina.com\\\/product\\\/majica-cvetna-frida\\\/#primaryimage\"},\"thumbnailUrl\":\"https:\\\/\\\/macketina.com\\\/wp-content\\\/uploads\\\/2025\\\/07\\\/bela-zenska-majica-cvetna-frida.jpg\",\"datePublished\":\"2025-07-18T11:47:01+00:00\",\"dateModified\":\"2026-03-26T12:25:08+00:00\",\"description\":\"Majica Cvetna Frida \u2013 simbol stila, umetnosti i slobode. Ova \u017eenska pamu\u010dna majica, izra\u0111ena od 100% pamuka, pru\u017ea savr\u0161en spoj udobnosti i originalnog...\",\"breadcrumb\":{\"@id\":\"https:\\\/\\\/macketina.com\\\/product\\\/majica-cvetna-frida\\\/#breadcrumb\"},\"inLanguage\":\"en-US\",\"potentialAction\":[{\"@type\":\"ReadAction\",\"target\":[\"https:\\\/\\\/macketina.com\\\/product\\\/majica-cvetna-frida\\\/\"]}]},{\"@type\":\"ImageObject\",\"inLanguage\":\"en-US\",\"@id\":\"https:\\\/\\\/macketina.com\\\/product\\\/majica-cvetna-frida\\\/#primaryimage\",\"url\":\"https:\\\/\\\/macketina.com\\\/wp-content\\\/uploads\\\/2025\\\/07\\\/bela-zenska-majica-cvetna-frida.jpg\",\"contentUrl\":\"https:\\\/\\\/macketina.com\\\/wp-content\\\/uploads\\\/2025\\\/07\\\/bela-zenska-majica-cvetna-frida.jpg\",\"width\":1600,\"height\":1600,\"caption\":\"bela \u017eenska majica cvetna frida\"},{\"@type\":\"BreadcrumbList\",\"@id\":\"https:\\\/\\\/macketina.com\\\/product\\\/majica-cvetna-frida\\\/#breadcrumb\",\"itemListElement\":[{\"@type\":\"ListItem\",\"position\":1,\"name\":\"Home\",\"item\":\"https:\\\/\\\/macketina.com\\\/\"},{\"@type\":\"ListItem\",\"position\":2,\"name\":\"Proizvodi\",\"item\":\"https:\\\/\\\/macketina.com\\\/shop\\\/\"},{\"@type\":\"ListItem\",\"position\":3,\"name\":\"Majica Cvetna Frida\"}]},{\"@type\":\"WebSite\",\"@id\":\"https:\\\/\\\/macketina.com\\\/#website\",\"url\":\"https:\\\/\\\/macketina.com\\\/\",\"name\":\"Ma\u010dketina\",\"description\":\"Online prodavnica\",\"publisher\":{\"@id\":\"https:\\\/\\\/macketina.com\\\/#organization\"},\"alternateName\":\"Ma\u010dketina Shop\",\"potentialAction\":[{\"@type\":\"SearchAction\",\"target\":{\"@type\":\"EntryPoint\",\"urlTemplate\":\"https:\\\/\\\/macketina.com\\\/?s={search_term_string}\"},\"query-input\":{\"@type\":\"PropertyValueSpecification\",\"valueRequired\":true,\"valueName\":\"search_term_string\"}}],\"inLanguage\":\"en-US\"},{\"@type\":\"Organization\",\"@id\":\"https:\\\/\\\/macketina.com\\\/#organization\",\"name\":\"Ma\u010dketina\",\"url\":\"https:\\\/\\\/macketina.com\\\/\",\"logo\":{\"@type\":\"ImageObject\",\"inLanguage\":\"en-US\",\"@id\":\"https:\\\/\\\/macketina.com\\\/#\\\/schema\\\/logo\\\/image\\\/\",\"url\":\"https:\\\/\\\/macketina.com\\\/wp-content\\\/uploads\\\/2022\\\/11\\\/cropped-Clean-Typography-Circle-Badge-Logo.png\",\"contentUrl\":\"https:\\\/\\\/macketina.com\\\/wp-content\\\/uploads\\\/2022\\\/11\\\/cropped-Clean-Typography-Circle-Badge-Logo.png\",\"width\":512,\"height\":512,\"caption\":\"Ma\u010dketina\"},\"image\":{\"@id\":\"https:\\\/\\\/macketina.com\\\/#\\\/schema\\\/logo\\\/image\\\/\"},\"sameAs\":[\"https:\\\/\\\/www.facebook.com\\\/p\\\/macketinashop-100089621804815\\\/\",\"https:\\\/\\\/www.instagram.com\\\/macketinashop\\\/\",\"https:\\\/\\\/tiktok.com\\\/@macketinashop\",\"https:\\\/\\\/www.youtube.com\\\/@macketinashop\\\/\",\"https:\\\/\\\/www.pinterest.com\\\/macketinashop\\\/\"]}]}<\/script>\n<!-- \/ Yoast SEO plugin. -->","yoast_head_json":{"title":"Majica Cvetna Frida - Ma\u010dketina","description":"Majica Cvetna Frida \u2013 simbol stila, umetnosti i slobode. Ova \u017eenska pamu\u010dna majica, izra\u0111ena od 100% pamuka, pru\u017ea savr\u0161en spoj udobnosti i originalnog...","robots":{"index":"index","follow":"follow","max-snippet":"max-snippet:-1","max-image-preview":"max-image-preview:large","max-video-preview":"max-video-preview:-1"},"canonical":"https:\/\/macketina.com\/en\/product\/majica-cvetna-frida\/","og_locale":"en_US","og_type":"article","og_title":"Majica Cvetna Frida - Ma\u010dketina","og_description":"Majica Cvetna Frida \u2013 simbol stila, umetnosti i slobode. Ova \u017eenska pamu\u010dna majica, izra\u0111ena od 100% pamuka, pru\u017ea savr\u0161en spoj udobnosti i originalnog...","og_url":"https:\/\/macketina.com\/en\/product\/majica-cvetna-frida\/","og_site_name":"Ma\u010dketina","article_publisher":"https:\/\/www.facebook.com\/p\/macketinashop-100089621804815\/","article_modified_time":"2026-03-26T12:25:08+00:00","og_image":[{"width":1600,"height":1600,"url":"https:\/\/macketina.com\/wp-content\/uploads\/2025\/07\/bela-zenska-majica-cvetna-frida.jpg","type":"image\/jpeg"}],"twitter_card":"summary_large_image","twitter_misc":{"Est. reading time":"2 minutes"},"schema":{"@context":"https:\/\/schema.org","@graph":[{"@type":"WebPage","@id":"https:\/\/macketina.com\/product\/majica-cvetna-frida\/","url":"https:\/\/macketina.com\/product\/majica-cvetna-frida\/","name":"Majica Cvetna Frida - Ma\u010dketina","isPartOf":{"@id":"https:\/\/macketina.com\/#website"},"primaryImageOfPage":{"@id":"https:\/\/macketina.com\/product\/majica-cvetna-frida\/#primaryimage"},"image":{"@id":"https:\/\/macketina.com\/product\/majica-cvetna-frida\/#primaryimage"},"thumbnailUrl":"https:\/\/macketina.com\/wp-content\/uploads\/2025\/07\/bela-zenska-majica-cvetna-frida.jpg","datePublished":"2025-07-18T11:47:01+00:00","dateModified":"2026-03-26T12:25:08+00:00","description":"Majica Cvetna Frida \u2013 simbol stila, umetnosti i slobode. Ova \u017eenska pamu\u010dna majica, izra\u0111ena od 100% pamuka, pru\u017ea savr\u0161en spoj udobnosti i originalnog...","breadcrumb":{"@id":"https:\/\/macketina.com\/product\/majica-cvetna-frida\/#breadcrumb"},"inLanguage":"en-US","potentialAction":[{"@type":"ReadAction","target":["https:\/\/macketina.com\/product\/majica-cvetna-frida\/"]}]},{"@type":"ImageObject","inLanguage":"en-US","@id":"https:\/\/macketina.com\/product\/majica-cvetna-frida\/#primaryimage","url":"https:\/\/macketina.com\/wp-content\/uploads\/2025\/07\/bela-zenska-majica-cvetna-frida.jpg","contentUrl":"https:\/\/macketina.com\/wp-content\/uploads\/2025\/07\/bela-zenska-majica-cvetna-frida.jpg","width":1600,"height":1600,"caption":"bela \u017eenska majica cvetna frida"},{"@type":"BreadcrumbList","@id":"https:\/\/macketina.com\/product\/majica-cvetna-frida\/#breadcrumb","itemListElement":[{"@type":"ListItem","position":1,"name":"Home","item":"https:\/\/macketina.com\/"},{"@type":"ListItem","position":2,"name":"Proizvodi","item":"https:\/\/macketina.com\/shop\/"},{"@type":"ListItem","position":3,"name":"Majica Cvetna Frida"}]},{"@type":"WebSite","@id":"https:\/\/macketina.com\/#website","url":"https:\/\/macketina.com\/","name":"Ma\u010dketina","description":"Online prodavnica","publisher":{"@id":"https:\/\/macketina.com\/#organization"},"alternateName":"Ma\u010dketina Shop","potentialAction":[{"@type":"SearchAction","target":{"@type":"EntryPoint","urlTemplate":"https:\/\/macketina.com\/?s={search_term_string}"},"query-input":{"@type":"PropertyValueSpecification","valueRequired":true,"valueName":"search_term_string"}}],"inLanguage":"en-US"},{"@type":"Organization","@id":"https:\/\/macketina.com\/#organization","name":"Ma\u010dketina","url":"https:\/\/macketina.com\/","logo":{"@type":"ImageObject","inLanguage":"en-US","@id":"https:\/\/macketina.com\/#\/schema\/logo\/image\/","url":"https:\/\/macketina.com\/wp-content\/uploads\/2022\/11\/cropped-Clean-Typography-Circle-Badge-Logo.png","contentUrl":"https:\/\/macketina.com\/wp-content\/uploads\/2022\/11\/cropped-Clean-Typography-Circle-Badge-Logo.png","width":512,"height":512,"caption":"Ma\u010dketina"},"image":{"@id":"https:\/\/macketina.com\/#\/schema\/logo\/image\/"},"sameAs":["https:\/\/www.facebook.com\/p\/macketinashop-100089621804815\/","https:\/\/www.instagram.com\/macketinashop\/","https:\/\/tiktok.com\/@macketinashop","https:\/\/www.youtube.com\/@macketinashop\/","https:\/\/www.pinterest.com\/macketinashop\/"]}]}},"_links":{"self":[{"href":"https:\/\/macketina.com\/en\/wp-json\/wp\/v2\/product\/8719","targetHints":{"allow":["GET"]}}],"collection":[{"href":"https:\/\/macketina.com\/en\/wp-json\/wp\/v2\/product"}],"about":[{"href":"https:\/\/macketina.com\/en\/wp-json\/wp\/v2\/types\/product"}],"replies":[{"embeddable":true,"href":"https:\/\/macketina.com\/en\/wp-json\/wp\/v2\/comments?post=8719"}],"wp:featuredmedia":[{"embeddable":true,"href":"https:\/\/macketina.com\/en\/wp-json\/wp\/v2\/media\/10260"}],"wp:attachment":[{"href":"https:\/\/macketina.com\/en\/wp-json\/wp\/v2\/media?parent=8719"}],"wp:term":[{"taxonomy":"product_brand","embeddable":true,"href":"https:\/\/macketina.com\/en\/wp-json\/wp\/v2\/product_brand?post=8719"},{"taxonomy":"product_cat","embeddable":true,"href":"https:\/\/macketina.com\/en\/wp-json\/wp\/v2\/product_cat?post=8719"},{"taxonomy":"product_tag","embeddable":true,"href":"https:\/\/macketina.com\/en\/wp-json\/wp\/v2\/product_tag?post=8719"}],"curies":[{"name":"wp","href":"https:\/\/api.w.org\/{rel}","templated":true}]}}