{"id":8727,"date":"2025-07-18T11:57:10","date_gmt":"2025-07-18T11:57:10","guid":{"rendered":"http:\/\/staging.macketina.com\/blog\/?post_type=product&#038;p=8727"},"modified":"2026-03-26T12:24:29","modified_gmt":"2026-03-26T12:24:29","slug":"majica-frida-mjau-kraljica","status":"publish","type":"product","link":"https:\/\/macketina.com\/en\/product\/majica-frida-mjau-kraljica\/","title":{"rendered":"Majica Frida Mjau Kraljica &#8211; \u017denska majica sa ma\u010dkom i cve\u0107em"},"content":{"rendered":"<p><b>Majica Frida Mjau Kraljica &#8211; <\/b><span style=\"font-weight: 400;\">Ukoliko tra\u017eite spoj umetnosti, ljubavi prema ma\u010dkama i prepoznatljivog stila \u2013 <\/span><i><span style=\"font-weight: 400;\">Majica Frida Mjau Kraljica<\/span><\/i><span style=\"font-weight: 400;\"> bi\u0107e Va\u0161 idealan izbor. Ova \u017eenska majica izra\u0111ena je od 100% pamuka, \u0161to zna\u010di da Vam pru\u017ea maksimalnu udobnost i prijatan ose\u0107aj na ko\u017ei, bez kompromisa po pitanju kvaliteta.<\/span><\/p>\n<h2><b>Majica Frida Mjau Kraljica &#8211; \u017denska majica sa ma\u010dkom i cve\u0107em<\/b><\/h2>\n<p><span style=\"font-weight: 400;\">U srcu ovog modela nalazi se <\/span><b>originalni Ma\u010dketina dizajn<\/b><span style=\"font-weight: 400;\"> \u2013 simpati\u010dna plava ma\u010dka sa cvetnom krunom, inspirisana <\/span><a href=\"https:\/\/macketina.com\/en\/macke\/frida-kali-i-macke\/\"><b>Fridom Kalo<\/b><\/a><span style=\"font-weight: 400;\">. Osmeh ove ma\u010dje kraljice ukra\u0161en je veselim bojama, dok natpis \u201eFrida\u201c u cvetnim slovima dodatno nagla\u0161ava umetni\u010dku notu samog printa. Kombinacija ne\u017enih tonova i cvetnih detalja \u010dini ovu majicu ne\u017enom, ali istovremeno upe\u010datljivom.<\/span><\/p>\n<p><span style=\"font-weight: 400;\">Majica se odlikuje <\/span><b>vrhunskom \u0161tampom<\/b><span style=\"font-weight: 400;\">, otpornom na \u010desto pranje, pa \u0107e boje i dizajn ostati postojani i nakon brojnih no\u0161enja. Print je pa\u017eljivo apliciran na pamuk najvi\u0161eg kvaliteta, \u010dime se obezbe\u0111uje dugotrajnost, ali i lako odr\u017eavanje.<\/span><\/p>\n<p><span style=\"font-weight: 400;\">Ovaj model je savr\u0161en za sve ljubitelje ma\u010daka, umetnosti i kreativnih detalja. Bilo da se opu\u0161tate kod ku\u0107e ili u\u017eivate u \u0161etnji gradom, <\/span><i><span style=\"font-weight: 400;\">Frida Mjau Kraljica<\/span><\/i><span style=\"font-weight: 400;\"> unosi dozu vedrine u svaku kombinaciju. <\/span><a href=\"https:\/\/macketina.com\/en\/macke\/najbolji-pokloni-za-mackoljupce\/\"><b>Savr\u0161ena je i kao poklon za sve ma\u010dkoljupce<\/b><\/a><span style=\"font-weight: 400;\"> i dame koje \u017eele da svoj stil obogate ne\u010dim posebnim.<\/span><\/p>\n<p><span style=\"font-weight: 400;\">Nosite umetnost. Nosite osmeh. Nosite Fridu.<\/span><\/p>\n<h3><b>Zahvalnost<\/b><\/h3>\n<p><span style=\"font-weight: 400;\">Hvala vam \u0161to podr\u017eavate Ma\u010dketinaShop i \u0161to zajedno \u0161irimo ljubav prema ma\u010dkama! Va\u0161a podr\u0161ka nam omogu\u0107ava da nastavimo da stvaramo jedinstvene proizvode koji spajaju kvalitet, humor i ljubav prema na\u0161im \u010detvorono\u017enim prijateljima. Pozivamo vas da zapratite na\u0161 <\/span><a href=\"https:\/\/www.instagram.com\/macketinashop\/\"><b>Instagram profil @macketinashop<\/b><\/a><span style=\"font-weight: 400;\">, gde delimo jo\u0161 mnogo simpati\u010dnih i inspirativnih sadr\u017eaja. Kao i na\u0161 <\/span><b>YouTube kanal Macketinashop<\/b><span style=\"font-weight: 400;\">, gde mo\u017eete prona\u0107i edukativne video klipove o ma\u010dkama. Pridru\u017eite nam se i postanite deo na\u0161e ma\u010dkoljubive zajednice!<\/span><\/p>\n<p><span style=\"font-weight: 400;\">Ma\u010dkoljupci, posetite na\u0161u online prodavnicu i otkrijte proizvode inspirisane ma\u010dkama! Prona\u0111ite majice sa ma\u010dkama, \u0161olje, cegere, postere, puzzle, podmeta\u010de\u00a0 sa jedinstvenim Ma\u010dketina dizajnom. Idealno za poklon ili u\u017eivanje, svi proizvodi su vrhunskog kvaliteta i stvoreni s ljubavlju prema ma\u010dkama. Zakora\u010dite u svet ma\u010dje magije!<\/span><\/p>\n<p><span style=\"font-weight: 400;\">Obradujte nekog sebi dragog ko voli ma\u010dke, garantujemo odu\u0161evljenje!<\/span><\/p>","protected":false},"excerpt":{"rendered":"<p><span style=\"font-weight: 400;\">Majica Frida Mjau Kraljica \u2013 100% pamuk, premium kvalitet i jedinstven Ma\u010dketina dizajn. Savr\u0161ena za ljubitelje ma\u010daka i umetnosti.<\/span><\/p>","protected":false},"featured_media":10210,"comment_status":"open","ping_status":"closed","template":"","meta":{"_kad_post_transparent":"default","_kad_post_title":"","_kad_post_layout":"default","_kad_post_sidebar_id":"","_kad_post_content_style":"default","_kad_post_vertical_padding":"default","_kad_post_feature":"","_kad_post_feature_position":"","_kad_post_header":false,"_kad_post_footer":false,"_kad_post_classname":""},"product_brand":[],"product_cat":[140,16],"product_tag":[161,274,356,300,137,155,116,152,303,117,156,146],"class_list":{"0":"post-8727","1":"product","2":"type-product","3":"status-publish","4":"has-post-thumbnail","6":"product_cat-majica-sa-mackama","7":"product_cat-zenske-majice","8":"product_tag-bela-majica","9":"product_tag-frida-kalo","10":"product_tag-frida-khalo","11":"product_tag-frida-majica","12":"product_tag-letnja-majica","13":"product_tag-maca-na-majici","14":"product_tag-majica","15":"product_tag-majica-poklon","16":"product_tag-majica-sa-fridom","17":"product_tag-majica-sa-mackom","18":"product_tag-majica-sa-slikom-macke","19":"product_tag-majica-zenska","21":"first","22":"instock","23":"taxable","24":"shipping-taxable","25":"purchasable","26":"product-type-variable","27":"has-default-attributes","28":"entry","29":"content-bg","30":"loop-entry"},"yoast_head":"<!-- This site is optimized with the Yoast SEO plugin v27.5 - https:\/\/yoast.com\/product\/yoast-seo-wordpress\/ -->\n<title>Majica Frida Mjau Kraljica - \u017denska majica sa ma\u010dkom i cve\u0107em - Ma\u010dketina<\/title>\n<meta name=\"description\" content=\"Majica Frida Mjau Kraljica - Ukoliko tra\u017eite spoj umetnosti, ljubavi prema ma\u010dkama i prepoznatljivog stila \u2013 Majica Frida Mjau Kraljica bi\u0107e Va\u0161 idealan\" \/>\n<meta name=\"robots\" content=\"index, follow, max-snippet:-1, max-image-preview:large, max-video-preview:-1\" \/>\n<link rel=\"canonical\" href=\"https:\/\/macketina.com\/en\/product\/majica-frida-mjau-kraljica\/\" \/>\n<meta property=\"og:locale\" content=\"en_US\" \/>\n<meta property=\"og:type\" content=\"article\" \/>\n<meta property=\"og:title\" content=\"Majica Frida Mjau Kraljica - \u017denska majica sa ma\u010dkom i cve\u0107em - Ma\u010dketina\" \/>\n<meta property=\"og:description\" content=\"Majica Frida Mjau Kraljica - Ukoliko tra\u017eite spoj umetnosti, ljubavi prema ma\u010dkama i prepoznatljivog stila \u2013 Majica Frida Mjau Kraljica bi\u0107e Va\u0161 idealan\" \/>\n<meta property=\"og:url\" content=\"https:\/\/macketina.com\/en\/product\/majica-frida-mjau-kraljica\/\" \/>\n<meta property=\"og:site_name\" content=\"Ma\u010dketina\" \/>\n<meta property=\"article:publisher\" content=\"https:\/\/www.facebook.com\/p\/macketinashop-100089621804815\/\" \/>\n<meta property=\"article:modified_time\" content=\"2026-03-26T12:24:29+00:00\" \/>\n<meta property=\"og:image\" content=\"https:\/\/macketina.com\/wp-content\/uploads\/2025\/07\/bela-zenska-majica-frida-mjau-kraljica1.jpg\" \/>\n\t<meta property=\"og:image:width\" content=\"1600\" \/>\n\t<meta property=\"og:image:height\" content=\"1600\" \/>\n\t<meta property=\"og:image:type\" content=\"image\/jpeg\" \/>\n<meta name=\"twitter:card\" content=\"summary_large_image\" \/>\n<meta name=\"twitter:label1\" content=\"Est. reading time\" \/>\n\t<meta name=\"twitter:data1\" content=\"2 minutes\" \/>\n<script type=\"application\/ld+json\" class=\"yoast-schema-graph\">{\"@context\":\"https:\\\/\\\/schema.org\",\"@graph\":[{\"@type\":\"WebPage\",\"@id\":\"https:\\\/\\\/macketina.com\\\/product\\\/majica-frida-mjau-kraljica\\\/\",\"url\":\"https:\\\/\\\/macketina.com\\\/product\\\/majica-frida-mjau-kraljica\\\/\",\"name\":\"Majica Frida Mjau Kraljica - \u017denska majica sa ma\u010dkom i cve\u0107em - Ma\u010dketina\",\"isPartOf\":{\"@id\":\"https:\\\/\\\/macketina.com\\\/#website\"},\"primaryImageOfPage\":{\"@id\":\"https:\\\/\\\/macketina.com\\\/product\\\/majica-frida-mjau-kraljica\\\/#primaryimage\"},\"image\":{\"@id\":\"https:\\\/\\\/macketina.com\\\/product\\\/majica-frida-mjau-kraljica\\\/#primaryimage\"},\"thumbnailUrl\":\"https:\\\/\\\/macketina.com\\\/wp-content\\\/uploads\\\/2025\\\/07\\\/bela-zenska-majica-frida-mjau-kraljica1.jpg\",\"datePublished\":\"2025-07-18T11:57:10+00:00\",\"dateModified\":\"2026-03-26T12:24:29+00:00\",\"description\":\"Majica Frida Mjau Kraljica - Ukoliko tra\u017eite spoj umetnosti, ljubavi prema ma\u010dkama i prepoznatljivog stila \u2013 Majica Frida Mjau Kraljica bi\u0107e Va\u0161 idealan\",\"breadcrumb\":{\"@id\":\"https:\\\/\\\/macketina.com\\\/product\\\/majica-frida-mjau-kraljica\\\/#breadcrumb\"},\"inLanguage\":\"en-US\",\"potentialAction\":[{\"@type\":\"ReadAction\",\"target\":[\"https:\\\/\\\/macketina.com\\\/product\\\/majica-frida-mjau-kraljica\\\/\"]}]},{\"@type\":\"ImageObject\",\"inLanguage\":\"en-US\",\"@id\":\"https:\\\/\\\/macketina.com\\\/product\\\/majica-frida-mjau-kraljica\\\/#primaryimage\",\"url\":\"https:\\\/\\\/macketina.com\\\/wp-content\\\/uploads\\\/2025\\\/07\\\/bela-zenska-majica-frida-mjau-kraljica1.jpg\",\"contentUrl\":\"https:\\\/\\\/macketina.com\\\/wp-content\\\/uploads\\\/2025\\\/07\\\/bela-zenska-majica-frida-mjau-kraljica1.jpg\",\"width\":1600,\"height\":1600,\"caption\":\"Majica Frida Mjau Kraljica spaja umetnost, eleganciju i ma\u010dju harizmu! Inspirisana Fridom Kalo, ova majica donosi osmeh, boje i ljubav prema ma\u010dkama. Napravljena od 100% pamuka \u2013 udobna, kvalitetna i stvorena za ma\u010dkoljubice sa stilom.\"},{\"@type\":\"BreadcrumbList\",\"@id\":\"https:\\\/\\\/macketina.com\\\/product\\\/majica-frida-mjau-kraljica\\\/#breadcrumb\",\"itemListElement\":[{\"@type\":\"ListItem\",\"position\":1,\"name\":\"Home\",\"item\":\"https:\\\/\\\/macketina.com\\\/\"},{\"@type\":\"ListItem\",\"position\":2,\"name\":\"Proizvodi\",\"item\":\"https:\\\/\\\/macketina.com\\\/shop\\\/\"},{\"@type\":\"ListItem\",\"position\":3,\"name\":\"Majica Frida Mjau Kraljica &#8211; \u017denska majica sa ma\u010dkom i cve\u0107em\"}]},{\"@type\":\"WebSite\",\"@id\":\"https:\\\/\\\/macketina.com\\\/#website\",\"url\":\"https:\\\/\\\/macketina.com\\\/\",\"name\":\"Ma\u010dketina\",\"description\":\"Online prodavnica\",\"publisher\":{\"@id\":\"https:\\\/\\\/macketina.com\\\/#organization\"},\"alternateName\":\"Ma\u010dketina Shop\",\"potentialAction\":[{\"@type\":\"SearchAction\",\"target\":{\"@type\":\"EntryPoint\",\"urlTemplate\":\"https:\\\/\\\/macketina.com\\\/?s={search_term_string}\"},\"query-input\":{\"@type\":\"PropertyValueSpecification\",\"valueRequired\":true,\"valueName\":\"search_term_string\"}}],\"inLanguage\":\"en-US\"},{\"@type\":\"Organization\",\"@id\":\"https:\\\/\\\/macketina.com\\\/#organization\",\"name\":\"Ma\u010dketina\",\"url\":\"https:\\\/\\\/macketina.com\\\/\",\"logo\":{\"@type\":\"ImageObject\",\"inLanguage\":\"en-US\",\"@id\":\"https:\\\/\\\/macketina.com\\\/#\\\/schema\\\/logo\\\/image\\\/\",\"url\":\"https:\\\/\\\/macketina.com\\\/wp-content\\\/uploads\\\/2022\\\/11\\\/cropped-Clean-Typography-Circle-Badge-Logo.png\",\"contentUrl\":\"https:\\\/\\\/macketina.com\\\/wp-content\\\/uploads\\\/2022\\\/11\\\/cropped-Clean-Typography-Circle-Badge-Logo.png\",\"width\":512,\"height\":512,\"caption\":\"Ma\u010dketina\"},\"image\":{\"@id\":\"https:\\\/\\\/macketina.com\\\/#\\\/schema\\\/logo\\\/image\\\/\"},\"sameAs\":[\"https:\\\/\\\/www.facebook.com\\\/p\\\/macketinashop-100089621804815\\\/\",\"https:\\\/\\\/www.instagram.com\\\/macketinashop\\\/\",\"https:\\\/\\\/tiktok.com\\\/@macketinashop\",\"https:\\\/\\\/www.youtube.com\\\/@macketinashop\\\/\",\"https:\\\/\\\/www.pinterest.com\\\/macketinashop\\\/\"]}]}<\/script>\n<!-- \/ Yoast SEO plugin. -->","yoast_head_json":{"title":"Majica Frida Mjau Kraljica - \u017denska majica sa ma\u010dkom i cve\u0107em - Ma\u010dketina","description":"Majica Frida Mjau Kraljica - Ukoliko tra\u017eite spoj umetnosti, ljubavi prema ma\u010dkama i prepoznatljivog stila \u2013 Majica Frida Mjau Kraljica bi\u0107e Va\u0161 idealan","robots":{"index":"index","follow":"follow","max-snippet":"max-snippet:-1","max-image-preview":"max-image-preview:large","max-video-preview":"max-video-preview:-1"},"canonical":"https:\/\/macketina.com\/en\/product\/majica-frida-mjau-kraljica\/","og_locale":"en_US","og_type":"article","og_title":"Majica Frida Mjau Kraljica - \u017denska majica sa ma\u010dkom i cve\u0107em - Ma\u010dketina","og_description":"Majica Frida Mjau Kraljica - Ukoliko tra\u017eite spoj umetnosti, ljubavi prema ma\u010dkama i prepoznatljivog stila \u2013 Majica Frida Mjau Kraljica bi\u0107e Va\u0161 idealan","og_url":"https:\/\/macketina.com\/en\/product\/majica-frida-mjau-kraljica\/","og_site_name":"Ma\u010dketina","article_publisher":"https:\/\/www.facebook.com\/p\/macketinashop-100089621804815\/","article_modified_time":"2026-03-26T12:24:29+00:00","og_image":[{"width":1600,"height":1600,"url":"https:\/\/macketina.com\/wp-content\/uploads\/2025\/07\/bela-zenska-majica-frida-mjau-kraljica1.jpg","type":"image\/jpeg"}],"twitter_card":"summary_large_image","twitter_misc":{"Est. reading time":"2 minutes"},"schema":{"@context":"https:\/\/schema.org","@graph":[{"@type":"WebPage","@id":"https:\/\/macketina.com\/product\/majica-frida-mjau-kraljica\/","url":"https:\/\/macketina.com\/product\/majica-frida-mjau-kraljica\/","name":"Majica Frida Mjau Kraljica - \u017denska majica sa ma\u010dkom i cve\u0107em - Ma\u010dketina","isPartOf":{"@id":"https:\/\/macketina.com\/#website"},"primaryImageOfPage":{"@id":"https:\/\/macketina.com\/product\/majica-frida-mjau-kraljica\/#primaryimage"},"image":{"@id":"https:\/\/macketina.com\/product\/majica-frida-mjau-kraljica\/#primaryimage"},"thumbnailUrl":"https:\/\/macketina.com\/wp-content\/uploads\/2025\/07\/bela-zenska-majica-frida-mjau-kraljica1.jpg","datePublished":"2025-07-18T11:57:10+00:00","dateModified":"2026-03-26T12:24:29+00:00","description":"Majica Frida Mjau Kraljica - Ukoliko tra\u017eite spoj umetnosti, ljubavi prema ma\u010dkama i prepoznatljivog stila \u2013 Majica Frida Mjau Kraljica bi\u0107e Va\u0161 idealan","breadcrumb":{"@id":"https:\/\/macketina.com\/product\/majica-frida-mjau-kraljica\/#breadcrumb"},"inLanguage":"en-US","potentialAction":[{"@type":"ReadAction","target":["https:\/\/macketina.com\/product\/majica-frida-mjau-kraljica\/"]}]},{"@type":"ImageObject","inLanguage":"en-US","@id":"https:\/\/macketina.com\/product\/majica-frida-mjau-kraljica\/#primaryimage","url":"https:\/\/macketina.com\/wp-content\/uploads\/2025\/07\/bela-zenska-majica-frida-mjau-kraljica1.jpg","contentUrl":"https:\/\/macketina.com\/wp-content\/uploads\/2025\/07\/bela-zenska-majica-frida-mjau-kraljica1.jpg","width":1600,"height":1600,"caption":"Majica Frida Mjau Kraljica spaja umetnost, eleganciju i ma\u010dju harizmu! Inspirisana Fridom Kalo, ova majica donosi osmeh, boje i ljubav prema ma\u010dkama. Napravljena od 100% pamuka \u2013 udobna, kvalitetna i stvorena za ma\u010dkoljubice sa stilom."},{"@type":"BreadcrumbList","@id":"https:\/\/macketina.com\/product\/majica-frida-mjau-kraljica\/#breadcrumb","itemListElement":[{"@type":"ListItem","position":1,"name":"Home","item":"https:\/\/macketina.com\/"},{"@type":"ListItem","position":2,"name":"Proizvodi","item":"https:\/\/macketina.com\/shop\/"},{"@type":"ListItem","position":3,"name":"Majica Frida Mjau Kraljica &#8211; \u017denska majica sa ma\u010dkom i cve\u0107em"}]},{"@type":"WebSite","@id":"https:\/\/macketina.com\/#website","url":"https:\/\/macketina.com\/","name":"Ma\u010dketina","description":"Online prodavnica","publisher":{"@id":"https:\/\/macketina.com\/#organization"},"alternateName":"Ma\u010dketina Shop","potentialAction":[{"@type":"SearchAction","target":{"@type":"EntryPoint","urlTemplate":"https:\/\/macketina.com\/?s={search_term_string}"},"query-input":{"@type":"PropertyValueSpecification","valueRequired":true,"valueName":"search_term_string"}}],"inLanguage":"en-US"},{"@type":"Organization","@id":"https:\/\/macketina.com\/#organization","name":"Ma\u010dketina","url":"https:\/\/macketina.com\/","logo":{"@type":"ImageObject","inLanguage":"en-US","@id":"https:\/\/macketina.com\/#\/schema\/logo\/image\/","url":"https:\/\/macketina.com\/wp-content\/uploads\/2022\/11\/cropped-Clean-Typography-Circle-Badge-Logo.png","contentUrl":"https:\/\/macketina.com\/wp-content\/uploads\/2022\/11\/cropped-Clean-Typography-Circle-Badge-Logo.png","width":512,"height":512,"caption":"Ma\u010dketina"},"image":{"@id":"https:\/\/macketina.com\/#\/schema\/logo\/image\/"},"sameAs":["https:\/\/www.facebook.com\/p\/macketinashop-100089621804815\/","https:\/\/www.instagram.com\/macketinashop\/","https:\/\/tiktok.com\/@macketinashop","https:\/\/www.youtube.com\/@macketinashop\/","https:\/\/www.pinterest.com\/macketinashop\/"]}]}},"_links":{"self":[{"href":"https:\/\/macketina.com\/en\/wp-json\/wp\/v2\/product\/8727","targetHints":{"allow":["GET"]}}],"collection":[{"href":"https:\/\/macketina.com\/en\/wp-json\/wp\/v2\/product"}],"about":[{"href":"https:\/\/macketina.com\/en\/wp-json\/wp\/v2\/types\/product"}],"replies":[{"embeddable":true,"href":"https:\/\/macketina.com\/en\/wp-json\/wp\/v2\/comments?post=8727"}],"wp:featuredmedia":[{"embeddable":true,"href":"https:\/\/macketina.com\/en\/wp-json\/wp\/v2\/media\/10210"}],"wp:attachment":[{"href":"https:\/\/macketina.com\/en\/wp-json\/wp\/v2\/media?parent=8727"}],"wp:term":[{"taxonomy":"product_brand","embeddable":true,"href":"https:\/\/macketina.com\/en\/wp-json\/wp\/v2\/product_brand?post=8727"},{"taxonomy":"product_cat","embeddable":true,"href":"https:\/\/macketina.com\/en\/wp-json\/wp\/v2\/product_cat?post=8727"},{"taxonomy":"product_tag","embeddable":true,"href":"https:\/\/macketina.com\/en\/wp-json\/wp\/v2\/product_tag?post=8727"}],"curies":[{"name":"wp","href":"https:\/\/api.w.org\/{rel}","templated":true}]}}