{"id":8993,"date":"2025-08-12T21:10:11","date_gmt":"2025-08-12T21:10:11","guid":{"rendered":"https:\/\/macketina.com\/?post_type=product&#038;p=8993"},"modified":"2026-02-24T12:00:57","modified_gmt":"2026-02-24T12:00:57","slug":"solja-mackomanka","status":"publish","type":"product","link":"https:\/\/macketina.com\/en\/product\/solja-mackomanka\/","title":{"rendered":"\u0160olja Ma\u010dkomanka &#8211; Idealan poklon za ljubitelje ma\u010daka"},"content":{"rendered":"<p>\u0160olja Ma\u010dkomanka &#8211; Upoznajte \u0161olju koja nije samo prakti\u010dna ve\u0107 i govori mnogo o va\u0161em karakteru. Ma\u010dkomanka je \u0161olja za sve one koji sebe sa ponosom nazivaju pravim ljubiteljima ma\u010daka. Izra\u0111ena od najfinije keramike, ova \u0161olja odi\u0161e kvalitetom i pa\u017enjom posve\u0107enom svakom detalju. Njena savr\u0161eno glatka povr\u0161ina, prijatan ose\u0107aj u ruci i dugotrajnost \u010dine je idealnom za svakodnevnu upotrebu \u2013 bilo kod ku\u0107e, na poslu ili kao omiljeni jutarnji ritual.<\/p>\n<h2>\u0160olja Ma\u010dkomanka &#8211; Idealan poklon za ljubitelje ma\u010daka<\/h2>\n<p dir=\"ltr\">Na \u0161olji dominira ilustracija \u0161armantne ma\u010dke odevene u topli d\u017eemper, sa vencem od cve\u0107a na glavi i sre\u0107nim pogledom \u2013 tipi\u010dno Ma\u010dketina dizajn prepoznatljiv po svojoj toplini i originalnosti. Uz ma\u010dku stoji i re\u010d koja oslikava svaki deo va\u0161e du\u0161e \u2013 ma\u010dkomanka. To nije samo re\u010d, to je identitet. Dizajn prati i nekoliko ne\u017enih pastelnih srda\u0161aca i balona koji dodatno nagla\u0161avaju emociju i ljubav koju ova \u0161olja nosi.<\/p>\n<p dir=\"ltr\">\u0160tampa je vrhunskog kvaliteta, otporna na grebanje, habanje i \u010desto pranje. Boje ostaju postojane \u010dak i nakon du\u017ee upotrebe, \u0161to ovu \u0161olju \u010dini savr\u0161enim spojem umetnosti i funkcionalnosti.<\/p>\n<p dir=\"ltr\">Idealna je kao poklon za sve koji vole ma\u010dke, kao i za one koji \u017eele ne\u0161to unikatno i druga\u010dije \u2013 \u0161olju koja ne samo da dr\u017ei napitak, ve\u0107 i pri\u010da pri\u010du. Bilo da poklanjate sebi ili dragoj osobi, Ma\u010dkomanka \u0161olja bi\u0107e dnevna doza radosti i topline.<\/p>\n<p dir=\"ltr\">Za sve istinske zaljubljenike u \u017eivotinje, prirodu i umetni\u010dki izra\u017eaj \u2013 ova \u0161olja je stvorena ba\u0161 za vas.<\/p>\n<h3 dir=\"ltr\">Zahvalnost<\/h3>\n<p>Hvala vam \u0161to podr\u017eavate Ma\u010dketinaShop i \u0161to zajedno \u0161irimo ljubav prema ma\u010dkama! Va\u0161a podr\u0161ka nam omogu\u0107ava da nastavimo da stvaramo jedinstvene proizvode koji spajaju kvalitet, humor i ljubav prema na\u0161im \u010detvorono\u017enim prijateljima. Pozivamo vas da zapratite na\u0161 <a href=\"https:\/\/www.instagram.com\/macketinashop\/\">Instagram profil @macketinashop<\/a>, gde delimo jo\u0161 mnogo simpati\u010dnih i inspirativnih sadr\u017eaja, kao i na\u0161 YouTube kanal Macketinashop, gde mo\u017eete prona\u0107i edukativne video klipove o ma\u010dkama. Pridru\u017eite nam se i postanite deo na\u0161e ma\u010dkoljubive zajednice!<\/p>\n<p dir=\"ltr\">Ma\u010dkoljupci, posetite na\u0161u online prodavnicu i otkrijte proizvode inspirisane ma\u010dkama! Prona\u0111ite <a href=\"https:\/\/macketina.com\/en\/product\/majica-maca-na-poklon\/\">majice sa ma\u010dkama<\/a>, \u0161olje, <a href=\"https:\/\/macketina.com\/en\/pscw-size-chart\/size-chart-untitled-4\/\">cegere,<\/a> postere, puzzle, podmeta\u010de\u00a0 sa jedinstvenim Ma\u010dketina dizajnom. Idealno za poklon ili u\u017eivanje, svi proizvodi su vrhunskog kvaliteta i stvoreni s ljubavlju prema ma\u010dkama. Zakora\u010dite u svet ma\u010dje magije!<\/p>\n<p dir=\"ltr\">Obradujte nekog sebi dragog ko voli ma\u010dke, garantujemo odu\u0161evljenje!<\/p>","protected":false},"excerpt":{"rendered":"<p>Ma\u010dkomanka \u0161olja \u2013 jedinstveni Ma\u010dketina dizajn, najfinija keramika i vrhunska \u0161tampa. Idealna za sve koji ponosno nose titulu pravih ma\u010dkomanki. \ud83d\udc31\ud83d\udc95<\/p>","protected":false},"featured_media":9938,"comment_status":"open","ping_status":"closed","template":"","meta":{"_kad_post_transparent":"default","_kad_post_title":"","_kad_post_layout":"default","_kad_post_sidebar_id":"","_kad_post_content_style":"default","_kad_post_vertical_padding":"default","_kad_post_feature":"","_kad_post_feature_position":"","_kad_post_header":false,"_kad_post_footer":false,"_kad_post_classname":""},"product_brand":[],"product_cat":[483,189,192,83],"product_tag":[],"class_list":{"0":"post-8993","1":"product","2":"type-product","3":"status-publish","4":"has-post-thumbnail","6":"product_cat-cat-lady","7":"product_cat-pokloni-za-dan-zaljubljenih","8":"product_cat-solje-sa-dizajnom","9":"product_cat-solje-sa-mackama","11":"first","12":"instock","13":"taxable","14":"shipping-taxable","15":"purchasable","16":"product-type-simple","17":"entry","18":"content-bg","19":"loop-entry"},"yoast_head":"<!-- This site is optimized with the Yoast SEO plugin v27.4 - https:\/\/yoast.com\/product\/yoast-seo-wordpress\/ -->\n<title>\u0160olja Ma\u010dkomanka - Idealan poklon za ljubitelje ma\u010daka - Ma\u010dketina<\/title>\n<meta name=\"robots\" content=\"index, follow, max-snippet:-1, max-image-preview:large, max-video-preview:-1\" \/>\n<link rel=\"canonical\" href=\"https:\/\/macketina.com\/en\/product\/solja-mackomanka\/\" \/>\n<meta property=\"og:locale\" content=\"en_US\" \/>\n<meta property=\"og:type\" content=\"article\" \/>\n<meta property=\"og:title\" content=\"\u0160olja Ma\u010dkomanka - Idealan poklon za ljubitelje ma\u010daka - Ma\u010dketina\" \/>\n<meta property=\"og:description\" content=\"Ma\u010dkomanka \u0161olja \u2013 jedinstveni Ma\u010dketina dizajn, najfinija keramika i vrhunska \u0161tampa. Idealna za sve koji ponosno nose titulu pravih ma\u010dkomanki. \ud83d\udc31\ud83d\udc95\" \/>\n<meta property=\"og:url\" content=\"https:\/\/macketina.com\/en\/product\/solja-mackomanka\/\" \/>\n<meta property=\"og:site_name\" content=\"Ma\u010dketina\" \/>\n<meta property=\"article:publisher\" content=\"https:\/\/www.facebook.com\/p\/macketinashop-100089621804815\/\" \/>\n<meta property=\"article:modified_time\" content=\"2026-02-24T12:00:57+00:00\" \/>\n<meta property=\"og:image\" content=\"https:\/\/macketina.com\/wp-content\/uploads\/2025\/08\/solja-mackomanka.jpg\" \/>\n\t<meta property=\"og:image:width\" content=\"1600\" \/>\n\t<meta property=\"og:image:height\" content=\"1600\" \/>\n\t<meta property=\"og:image:type\" content=\"image\/jpeg\" \/>\n<meta name=\"twitter:card\" content=\"summary_large_image\" \/>\n<meta name=\"twitter:label1\" content=\"Est. reading time\" \/>\n\t<meta name=\"twitter:data1\" content=\"2 minutes\" \/>\n<script type=\"application\/ld+json\" class=\"yoast-schema-graph\">{\"@context\":\"https:\\\/\\\/schema.org\",\"@graph\":[{\"@type\":\"WebPage\",\"@id\":\"https:\\\/\\\/macketina.com\\\/product\\\/solja-mackomanka\\\/\",\"url\":\"https:\\\/\\\/macketina.com\\\/product\\\/solja-mackomanka\\\/\",\"name\":\"\u0160olja Ma\u010dkomanka - Idealan poklon za ljubitelje ma\u010daka - Ma\u010dketina\",\"isPartOf\":{\"@id\":\"https:\\\/\\\/macketina.com\\\/#website\"},\"primaryImageOfPage\":{\"@id\":\"https:\\\/\\\/macketina.com\\\/product\\\/solja-mackomanka\\\/#primaryimage\"},\"image\":{\"@id\":\"https:\\\/\\\/macketina.com\\\/product\\\/solja-mackomanka\\\/#primaryimage\"},\"thumbnailUrl\":\"https:\\\/\\\/macketina.com\\\/wp-content\\\/uploads\\\/2025\\\/08\\\/solja-mackomanka.jpg\",\"datePublished\":\"2025-08-12T21:10:11+00:00\",\"dateModified\":\"2026-02-24T12:00:57+00:00\",\"breadcrumb\":{\"@id\":\"https:\\\/\\\/macketina.com\\\/product\\\/solja-mackomanka\\\/#breadcrumb\"},\"inLanguage\":\"en-US\",\"potentialAction\":[{\"@type\":\"ReadAction\",\"target\":[\"https:\\\/\\\/macketina.com\\\/product\\\/solja-mackomanka\\\/\"]}]},{\"@type\":\"ImageObject\",\"inLanguage\":\"en-US\",\"@id\":\"https:\\\/\\\/macketina.com\\\/product\\\/solja-mackomanka\\\/#primaryimage\",\"url\":\"https:\\\/\\\/macketina.com\\\/wp-content\\\/uploads\\\/2025\\\/08\\\/solja-mackomanka.jpg\",\"contentUrl\":\"https:\\\/\\\/macketina.com\\\/wp-content\\\/uploads\\\/2025\\\/08\\\/solja-mackomanka.jpg\",\"width\":1600,\"height\":1600,\"caption\":\"\u0160olja Ma\u010dkomanka \u2013 \u0161olja sa karakterom! Savr\u0161ena za sve koji vole ma\u010dke, humor i jutarnju dozu stila.\"},{\"@type\":\"BreadcrumbList\",\"@id\":\"https:\\\/\\\/macketina.com\\\/product\\\/solja-mackomanka\\\/#breadcrumb\",\"itemListElement\":[{\"@type\":\"ListItem\",\"position\":1,\"name\":\"Home\",\"item\":\"https:\\\/\\\/macketina.com\\\/\"},{\"@type\":\"ListItem\",\"position\":2,\"name\":\"Proizvodi\",\"item\":\"https:\\\/\\\/macketina.com\\\/shop\\\/\"},{\"@type\":\"ListItem\",\"position\":3,\"name\":\"\u0160olja Ma\u010dkomanka &#8211; Idealan poklon za ljubitelje ma\u010daka\"}]},{\"@type\":\"WebSite\",\"@id\":\"https:\\\/\\\/macketina.com\\\/#website\",\"url\":\"https:\\\/\\\/macketina.com\\\/\",\"name\":\"Ma\u010dketina\",\"description\":\"Online prodavnica\",\"publisher\":{\"@id\":\"https:\\\/\\\/macketina.com\\\/#organization\"},\"alternateName\":\"Ma\u010dketina Shop\",\"potentialAction\":[{\"@type\":\"SearchAction\",\"target\":{\"@type\":\"EntryPoint\",\"urlTemplate\":\"https:\\\/\\\/macketina.com\\\/?s={search_term_string}\"},\"query-input\":{\"@type\":\"PropertyValueSpecification\",\"valueRequired\":true,\"valueName\":\"search_term_string\"}}],\"inLanguage\":\"en-US\"},{\"@type\":\"Organization\",\"@id\":\"https:\\\/\\\/macketina.com\\\/#organization\",\"name\":\"Ma\u010dketina\",\"url\":\"https:\\\/\\\/macketina.com\\\/\",\"logo\":{\"@type\":\"ImageObject\",\"inLanguage\":\"en-US\",\"@id\":\"https:\\\/\\\/macketina.com\\\/#\\\/schema\\\/logo\\\/image\\\/\",\"url\":\"https:\\\/\\\/macketina.com\\\/wp-content\\\/uploads\\\/2022\\\/11\\\/cropped-Clean-Typography-Circle-Badge-Logo.png\",\"contentUrl\":\"https:\\\/\\\/macketina.com\\\/wp-content\\\/uploads\\\/2022\\\/11\\\/cropped-Clean-Typography-Circle-Badge-Logo.png\",\"width\":512,\"height\":512,\"caption\":\"Ma\u010dketina\"},\"image\":{\"@id\":\"https:\\\/\\\/macketina.com\\\/#\\\/schema\\\/logo\\\/image\\\/\"},\"sameAs\":[\"https:\\\/\\\/www.facebook.com\\\/p\\\/macketinashop-100089621804815\\\/\",\"https:\\\/\\\/www.instagram.com\\\/macketinashop\\\/\",\"https:\\\/\\\/tiktok.com\\\/@macketinashop\",\"https:\\\/\\\/www.youtube.com\\\/@macketinashop\\\/\",\"https:\\\/\\\/www.pinterest.com\\\/macketinashop\\\/\"]}]}<\/script>\n<!-- \/ Yoast SEO plugin. -->","yoast_head_json":{"title":"\u0160olja Ma\u010dkomanka - Idealan poklon za ljubitelje ma\u010daka - Ma\u010dketina","robots":{"index":"index","follow":"follow","max-snippet":"max-snippet:-1","max-image-preview":"max-image-preview:large","max-video-preview":"max-video-preview:-1"},"canonical":"https:\/\/macketina.com\/en\/product\/solja-mackomanka\/","og_locale":"en_US","og_type":"article","og_title":"\u0160olja Ma\u010dkomanka - Idealan poklon za ljubitelje ma\u010daka - Ma\u010dketina","og_description":"Ma\u010dkomanka \u0161olja \u2013 jedinstveni Ma\u010dketina dizajn, najfinija keramika i vrhunska \u0161tampa. Idealna za sve koji ponosno nose titulu pravih ma\u010dkomanki. \ud83d\udc31\ud83d\udc95","og_url":"https:\/\/macketina.com\/en\/product\/solja-mackomanka\/","og_site_name":"Ma\u010dketina","article_publisher":"https:\/\/www.facebook.com\/p\/macketinashop-100089621804815\/","article_modified_time":"2026-02-24T12:00:57+00:00","og_image":[{"width":1600,"height":1600,"url":"https:\/\/macketina.com\/wp-content\/uploads\/2025\/08\/solja-mackomanka.jpg","type":"image\/jpeg"}],"twitter_card":"summary_large_image","twitter_misc":{"Est. reading time":"2 minutes"},"schema":{"@context":"https:\/\/schema.org","@graph":[{"@type":"WebPage","@id":"https:\/\/macketina.com\/product\/solja-mackomanka\/","url":"https:\/\/macketina.com\/product\/solja-mackomanka\/","name":"\u0160olja Ma\u010dkomanka - Idealan poklon za ljubitelje ma\u010daka - Ma\u010dketina","isPartOf":{"@id":"https:\/\/macketina.com\/#website"},"primaryImageOfPage":{"@id":"https:\/\/macketina.com\/product\/solja-mackomanka\/#primaryimage"},"image":{"@id":"https:\/\/macketina.com\/product\/solja-mackomanka\/#primaryimage"},"thumbnailUrl":"https:\/\/macketina.com\/wp-content\/uploads\/2025\/08\/solja-mackomanka.jpg","datePublished":"2025-08-12T21:10:11+00:00","dateModified":"2026-02-24T12:00:57+00:00","breadcrumb":{"@id":"https:\/\/macketina.com\/product\/solja-mackomanka\/#breadcrumb"},"inLanguage":"en-US","potentialAction":[{"@type":"ReadAction","target":["https:\/\/macketina.com\/product\/solja-mackomanka\/"]}]},{"@type":"ImageObject","inLanguage":"en-US","@id":"https:\/\/macketina.com\/product\/solja-mackomanka\/#primaryimage","url":"https:\/\/macketina.com\/wp-content\/uploads\/2025\/08\/solja-mackomanka.jpg","contentUrl":"https:\/\/macketina.com\/wp-content\/uploads\/2025\/08\/solja-mackomanka.jpg","width":1600,"height":1600,"caption":"\u0160olja Ma\u010dkomanka \u2013 \u0161olja sa karakterom! Savr\u0161ena za sve koji vole ma\u010dke, humor i jutarnju dozu stila."},{"@type":"BreadcrumbList","@id":"https:\/\/macketina.com\/product\/solja-mackomanka\/#breadcrumb","itemListElement":[{"@type":"ListItem","position":1,"name":"Home","item":"https:\/\/macketina.com\/"},{"@type":"ListItem","position":2,"name":"Proizvodi","item":"https:\/\/macketina.com\/shop\/"},{"@type":"ListItem","position":3,"name":"\u0160olja Ma\u010dkomanka &#8211; Idealan poklon za ljubitelje ma\u010daka"}]},{"@type":"WebSite","@id":"https:\/\/macketina.com\/#website","url":"https:\/\/macketina.com\/","name":"Ma\u010dketina","description":"Online prodavnica","publisher":{"@id":"https:\/\/macketina.com\/#organization"},"alternateName":"Ma\u010dketina Shop","potentialAction":[{"@type":"SearchAction","target":{"@type":"EntryPoint","urlTemplate":"https:\/\/macketina.com\/?s={search_term_string}"},"query-input":{"@type":"PropertyValueSpecification","valueRequired":true,"valueName":"search_term_string"}}],"inLanguage":"en-US"},{"@type":"Organization","@id":"https:\/\/macketina.com\/#organization","name":"Ma\u010dketina","url":"https:\/\/macketina.com\/","logo":{"@type":"ImageObject","inLanguage":"en-US","@id":"https:\/\/macketina.com\/#\/schema\/logo\/image\/","url":"https:\/\/macketina.com\/wp-content\/uploads\/2022\/11\/cropped-Clean-Typography-Circle-Badge-Logo.png","contentUrl":"https:\/\/macketina.com\/wp-content\/uploads\/2022\/11\/cropped-Clean-Typography-Circle-Badge-Logo.png","width":512,"height":512,"caption":"Ma\u010dketina"},"image":{"@id":"https:\/\/macketina.com\/#\/schema\/logo\/image\/"},"sameAs":["https:\/\/www.facebook.com\/p\/macketinashop-100089621804815\/","https:\/\/www.instagram.com\/macketinashop\/","https:\/\/tiktok.com\/@macketinashop","https:\/\/www.youtube.com\/@macketinashop\/","https:\/\/www.pinterest.com\/macketinashop\/"]}]}},"_links":{"self":[{"href":"https:\/\/macketina.com\/en\/wp-json\/wp\/v2\/product\/8993","targetHints":{"allow":["GET"]}}],"collection":[{"href":"https:\/\/macketina.com\/en\/wp-json\/wp\/v2\/product"}],"about":[{"href":"https:\/\/macketina.com\/en\/wp-json\/wp\/v2\/types\/product"}],"replies":[{"embeddable":true,"href":"https:\/\/macketina.com\/en\/wp-json\/wp\/v2\/comments?post=8993"}],"wp:featuredmedia":[{"embeddable":true,"href":"https:\/\/macketina.com\/en\/wp-json\/wp\/v2\/media\/9938"}],"wp:attachment":[{"href":"https:\/\/macketina.com\/en\/wp-json\/wp\/v2\/media?parent=8993"}],"wp:term":[{"taxonomy":"product_brand","embeddable":true,"href":"https:\/\/macketina.com\/en\/wp-json\/wp\/v2\/product_brand?post=8993"},{"taxonomy":"product_cat","embeddable":true,"href":"https:\/\/macketina.com\/en\/wp-json\/wp\/v2\/product_cat?post=8993"},{"taxonomy":"product_tag","embeddable":true,"href":"https:\/\/macketina.com\/en\/wp-json\/wp\/v2\/product_tag?post=8993"}],"curies":[{"name":"wp","href":"https:\/\/api.w.org\/{rel}","templated":true}]}}